{"id":2078,"date":"2015-05-04T14:38:04","date_gmt":"2015-05-04T14:38:04","guid":{"rendered":"http:\/\/www.valadascoriel.com\/?page_id=2078"},"modified":"2015-05-04T15:27:20","modified_gmt":"2015-05-04T15:27:20","slug":"sofia-quental-4","status":"publish","type":"page","link":"https:\/\/vca2022.valadascoriel.com\/fr\/sofia-quental-4\/","title":{"rendered":"Sofia Quental"},"content":{"rendered":"<div class=\"one_third\"><a href=\"http:\/\/www.valadascoriel.com\/wp-content\/uploads\/2013\/04\/default-woman.jpg\"><img decoding=\"async\" loading=\"lazy\" class=\"alignleft size-full wp-image-378\" src=\"http:\/\/www.valadascoriel.com\/wp-content\/uploads\/2013\/04\/default-woman.jpg\" alt=\"Valadas Coriel &amp; Associados\" width=\"300\" height=\"300\" srcset=\"https:\/\/vca2022.valadascoriel.com\/wp-content\/uploads\/2013\/04\/default-woman.jpg 300w, https:\/\/vca2022.valadascoriel.com\/wp-content\/uploads\/2013\/04\/default-woman-150x150.jpg 150w\" sizes=\"(max-width: 300px) 100vw, 300px\" \/><\/a><\/div>\n<div class=\"two_third last\">\n<h1>Sofia Quental<\/h1>\n<p>Sofia Quental colabora com a VCA desde Janeiro de 2015 no Departamento de Direito Fiscal.<\/p>\n<p>Entre 1999 e 2009 foi consultora fiscal na PricewaterhouseCoopers (PwC) onde adquiriu compet\u00eancias espec\u00edficas nas \u00e1reas de contencioso e procedimento tribut\u00e1rio, planeamento fiscal, diagn\u00f3sticos de conting\u00eancias e oportunidades, nomeadamente em sede de IVA e IEC\u2019s para clientes nacionais e internacionais. Entre 2001 e 2002 foi consultora fiscal na PwC em Dublin, onde desenvolveu produtos para assessoria fiscal a grupos internacionais, e entre 2002 e 2003 foi consultora fiscal na PwC em Madrid, onde efectuou planeamento e consultoria fiscal em sede de IVA e IRC para grupos internacionais. Em 2010 fundou a Associa\u00e7\u00e3o de Defesa das Crian\u00e7as e Jovens em Risco \u2013 ADCJR, onde exerce as fun\u00e7\u00f5es de Presidente. Entre 2012 e 2014 foi advogada na \u201cSilva e Sousa &amp; Associados\u201d, na \u00e1rea de Direito Fiscal e Direito da Fam\u00edlia e Menores.<\/p>\n<h3>Domaines d&rsquo;activit\u00e9<\/h3>\n<p>Contencioso e Arbitragem tribut\u00e1ria. Assessoria fiscal nacional e internacional, diagn\u00f3sticos de conting\u00eancias e oportunidades.<\/p>\n<h3>Formation universitaire<\/h3>\n<p>Licenciatura em Direito pela Universidade Lus\u00edada de Lisboa (1999). P\u00f3s gradua\u00e7\u00e3o em Fiscalidade pelo Instituto Superior de Gest\u00e3o em Lisboa (2000).<\/p>\n<h3>Associations professionnelles<\/h3>\n<p>Ordem dos Advogados (inscrita desde 2005). Associa\u00e7\u00e3o Fiscal Portuguesa.<\/p>\n<h3>Langues<\/h3>\n<p>Portugu\u00eas, Ingl\u00eas e Espanhol<\/p>\n<h3>Contacts<\/h3>\n<p><a href=\"mailto:sofia.quental@valadascoriel.com\">sofia.quental@valadascoriel.com<\/a><\/p>\n<\/div>\n","protected":false},"excerpt":{"rendered":"<p>Sofia Quental Sofia Quental colabora com a VCA desde Janeiro de 2015 no Departamento de Direito Fiscal. Entre 1999 e 2009 foi consultora fiscal na PricewaterhouseCoopers (PwC) onde adquiriu compet\u00eancias espec\u00edficas nas \u00e1reas de contencioso e procedimento tribut\u00e1rio, planeamento fiscal, diagn\u00f3sticos de conting\u00eancias e oportunidades, nomeadamente em sede de IVA e IEC\u2019s para clientes nacionais [&hellip;]<\/p>\n","protected":false},"author":6,"featured_media":0,"parent":0,"menu_order":0,"comment_status":"closed","ping_status":"closed","template":"","meta":[],"yoast_head":"<!-- This site is optimized with the Yoast SEO plugin v20.10 - https:\/\/yoast.com\/wordpress\/plugins\/seo\/ -->\n<title>Sofia Quental - Valadas Coriel &amp; Associados<\/title>\n<meta name=\"robots\" content=\"index, follow, max-snippet:-1, max-image-preview:large, max-video-preview:-1\" \/>\n<link rel=\"canonical\" href=\"https:\/\/vca2022.valadascoriel.com\/fr\/sofia-quental-4\/\" \/>\n<meta property=\"og:locale\" content=\"fr_FR\" \/>\n<meta property=\"og:type\" content=\"article\" \/>\n<meta property=\"og:title\" content=\"Sofia Quental - Valadas Coriel &amp; Associados\" \/>\n<meta property=\"og:description\" content=\"Sofia Quental Sofia Quental colabora com a VCA desde Janeiro de 2015 no Departamento de Direito Fiscal. Entre 1999 e 2009 foi consultora fiscal na PricewaterhouseCoopers (PwC) onde adquiriu compet\u00eancias espec\u00edficas nas \u00e1reas de contencioso e procedimento tribut\u00e1rio, planeamento fiscal, diagn\u00f3sticos de conting\u00eancias e oportunidades, nomeadamente em sede de IVA e IEC\u2019s para clientes nacionais [&hellip;]\" \/>\n<meta property=\"og:url\" content=\"https:\/\/vca2022.valadascoriel.com\/fr\/sofia-quental-4\/\" \/>\n<meta property=\"og:site_name\" content=\"Valadas Coriel &amp; Associados\" \/>\n<meta property=\"article:modified_time\" content=\"2015-05-04T15:27:20+00:00\" \/>\n<meta property=\"og:image\" content=\"http:\/\/www.valadascoriel.com\/wp-content\/uploads\/2013\/04\/default-woman.jpg\" \/>\n<meta name=\"twitter:label1\" content=\"Dur\u00e9e de lecture estim\u00e9e\" \/>\n\t<meta name=\"twitter:data1\" content=\"1 minute\" \/>\n<script type=\"application\/ld+json\" class=\"yoast-schema-graph\">{\"@context\":\"https:\/\/schema.org\",\"@graph\":[{\"@type\":\"WebPage\",\"@id\":\"https:\/\/vca2022.valadascoriel.com\/fr\/sofia-quental-4\/\",\"url\":\"https:\/\/vca2022.valadascoriel.com\/fr\/sofia-quental-4\/\",\"name\":\"Sofia Quental - Valadas Coriel &amp; Associados\",\"isPartOf\":{\"@id\":\"https:\/\/vca2022.valadascoriel.com\/#website\"},\"datePublished\":\"2015-05-04T14:38:04+00:00\",\"dateModified\":\"2015-05-04T15:27:20+00:00\",\"breadcrumb\":{\"@id\":\"https:\/\/vca2022.valadascoriel.com\/fr\/sofia-quental-4\/#breadcrumb\"},\"inLanguage\":\"fr-FR\",\"potentialAction\":[{\"@type\":\"ReadAction\",\"target\":[\"https:\/\/vca2022.valadascoriel.com\/fr\/sofia-quental-4\/\"]}]},{\"@type\":\"BreadcrumbList\",\"@id\":\"https:\/\/vca2022.valadascoriel.com\/fr\/sofia-quental-4\/#breadcrumb\",\"itemListElement\":[{\"@type\":\"ListItem\",\"position\":1,\"name\":\"Home\",\"item\":\"https:\/\/vca2022.valadascoriel.com\/fr\/\"},{\"@type\":\"ListItem\",\"position\":2,\"name\":\"Sofia Quental\"}]},{\"@type\":\"WebSite\",\"@id\":\"https:\/\/vca2022.valadascoriel.com\/#website\",\"url\":\"https:\/\/vca2022.valadascoriel.com\/\",\"name\":\"Valadas Coriel &amp; Associados\",\"description\":\"Sociedade de Advogados RL\",\"potentialAction\":[{\"@type\":\"SearchAction\",\"target\":{\"@type\":\"EntryPoint\",\"urlTemplate\":\"https:\/\/vca2022.valadascoriel.com\/?s={search_term_string}\"},\"query-input\":\"required name=search_term_string\"}],\"inLanguage\":\"fr-FR\"}]}<\/script>\n<!-- \/ Yoast SEO plugin. -->","yoast_head_json":{"title":"Sofia Quental - Valadas Coriel &amp; Associados","robots":{"index":"index","follow":"follow","max-snippet":"max-snippet:-1","max-image-preview":"max-image-preview:large","max-video-preview":"max-video-preview:-1"},"canonical":"https:\/\/vca2022.valadascoriel.com\/fr\/sofia-quental-4\/","og_locale":"fr_FR","og_type":"article","og_title":"Sofia Quental - Valadas Coriel &amp; Associados","og_description":"Sofia Quental Sofia Quental colabora com a VCA desde Janeiro de 2015 no Departamento de Direito Fiscal. Entre 1999 e 2009 foi consultora fiscal na PricewaterhouseCoopers (PwC) onde adquiriu compet\u00eancias espec\u00edficas nas \u00e1reas de contencioso e procedimento tribut\u00e1rio, planeamento fiscal, diagn\u00f3sticos de conting\u00eancias e oportunidades, nomeadamente em sede de IVA e IEC\u2019s para clientes nacionais [&hellip;]","og_url":"https:\/\/vca2022.valadascoriel.com\/fr\/sofia-quental-4\/","og_site_name":"Valadas Coriel &amp; Associados","article_modified_time":"2015-05-04T15:27:20+00:00","og_image":[{"url":"http:\/\/www.valadascoriel.com\/wp-content\/uploads\/2013\/04\/default-woman.jpg"}],"twitter_misc":{"Dur\u00e9e de lecture estim\u00e9e":"1 minute"},"schema":{"@context":"https:\/\/schema.org","@graph":[{"@type":"WebPage","@id":"https:\/\/vca2022.valadascoriel.com\/fr\/sofia-quental-4\/","url":"https:\/\/vca2022.valadascoriel.com\/fr\/sofia-quental-4\/","name":"Sofia Quental - Valadas Coriel &amp; Associados","isPartOf":{"@id":"https:\/\/vca2022.valadascoriel.com\/#website"},"datePublished":"2015-05-04T14:38:04+00:00","dateModified":"2015-05-04T15:27:20+00:00","breadcrumb":{"@id":"https:\/\/vca2022.valadascoriel.com\/fr\/sofia-quental-4\/#breadcrumb"},"inLanguage":"fr-FR","potentialAction":[{"@type":"ReadAction","target":["https:\/\/vca2022.valadascoriel.com\/fr\/sofia-quental-4\/"]}]},{"@type":"BreadcrumbList","@id":"https:\/\/vca2022.valadascoriel.com\/fr\/sofia-quental-4\/#breadcrumb","itemListElement":[{"@type":"ListItem","position":1,"name":"Home","item":"https:\/\/vca2022.valadascoriel.com\/fr\/"},{"@type":"ListItem","position":2,"name":"Sofia Quental"}]},{"@type":"WebSite","@id":"https:\/\/vca2022.valadascoriel.com\/#website","url":"https:\/\/vca2022.valadascoriel.com\/","name":"Valadas Coriel &amp; Associados","description":"Sociedade de Advogados RL","potentialAction":[{"@type":"SearchAction","target":{"@type":"EntryPoint","urlTemplate":"https:\/\/vca2022.valadascoriel.com\/?s={search_term_string}"},"query-input":"required name=search_term_string"}],"inLanguage":"fr-FR"}]}},"_links":{"self":[{"href":"https:\/\/vca2022.valadascoriel.com\/fr\/wp-json\/wp\/v2\/pages\/2078"}],"collection":[{"href":"https:\/\/vca2022.valadascoriel.com\/fr\/wp-json\/wp\/v2\/pages"}],"about":[{"href":"https:\/\/vca2022.valadascoriel.com\/fr\/wp-json\/wp\/v2\/types\/page"}],"author":[{"embeddable":true,"href":"https:\/\/vca2022.valadascoriel.com\/fr\/wp-json\/wp\/v2\/users\/6"}],"replies":[{"embeddable":true,"href":"https:\/\/vca2022.valadascoriel.com\/fr\/wp-json\/wp\/v2\/comments?post=2078"}],"version-history":[{"count":3,"href":"https:\/\/vca2022.valadascoriel.com\/fr\/wp-json\/wp\/v2\/pages\/2078\/revisions"}],"predecessor-version":[{"id":2084,"href":"https:\/\/vca2022.valadascoriel.com\/fr\/wp-json\/wp\/v2\/pages\/2078\/revisions\/2084"}],"wp:attachment":[{"href":"https:\/\/vca2022.valadascoriel.com\/fr\/wp-json\/wp\/v2\/media?parent=2078"}],"curies":[{"name":"wp","href":"https:\/\/api.w.org\/{rel}","templated":true}]}}