{"id":1813,"date":"2014-11-06T12:50:28","date_gmt":"2014-11-06T12:50:28","guid":{"rendered":"http:\/\/www.valadascoriel.com\/?page_id=1813"},"modified":"2014-11-06T12:50:28","modified_gmt":"2014-11-06T12:50:28","slug":"filipa-pimentel","status":"publish","type":"page","link":"https:\/\/vca2022.valadascoriel.com\/fr\/equipe\/gestion-et-administration\/filipa-pimentel\/","title":{"rendered":"Filipa Pimentel"},"content":{"rendered":"<p>[one_third]<a href=\"http:\/\/www.valadascoriel.com\/wp-content\/uploads\/2013\/04\/17-FP_EDIT.jpg\"><img decoding=\"async\" loading=\"lazy\" class=\"alignnone size-medium wp-image-354\" src=\"http:\/\/www.valadascoriel.com\/wp-content\/uploads\/2013\/04\/17-FP_EDIT-300x300.jpg\" alt=\"Filipa Barata Cortez Pimentel\" width=\"300\" height=\"300\" srcset=\"https:\/\/vca2022.valadascoriel.com\/wp-content\/uploads\/2013\/04\/17-FP_EDIT-300x300.jpg 300w, https:\/\/vca2022.valadascoriel.com\/wp-content\/uploads\/2013\/04\/17-FP_EDIT-150x150.jpg 150w, https:\/\/vca2022.valadascoriel.com\/wp-content\/uploads\/2013\/04\/17-FP_EDIT-520x520.jpg 520w\" sizes=\"(max-width: 300px) 100vw, 300px\" \/><\/a>[\/one_third]<\/p>\n<p>[two_third_last]<\/p>\n<h1>Filipa Pimentel<\/h1>\n<p>Filipa Barata Cortez Pimentel collabore avec VCA depuis 2011.Elle y exerce les fonctions de directrice financi\u00e8re.<\/p>\n<p>Elle a r\u00e9alis\u00e9 sa carri\u00e8re professionnelle dans les secteurs de la gestion, de l&rsquo;analyse financi\u00e8re, de la comptabilit\u00e9 et de la fiscalit\u00e9. Elle a assum\u00e9 progressivement des fonctions de la plus haute responsabilit\u00e9 en termes de gestion. Elle a \u00e9t\u00e9 gestionnaire des comptes d&rsquo;entreprises pour BPI, S.A. et a fait partie de l&rsquo;\u00e9quipe de gestion de la soci\u00e9t\u00e9 de garantie et de gestion d&rsquo;assurance-cr\u00e9dit, Lisgarante \u2013 Sociedade de Garantia M\u00fatua, S.A., o\u00f9 elle \u00e9tait responsable du portefeuille d&rsquo;assurance-cr\u00e9dit et des garanties de certaines des plus grandes banques et groupes d&rsquo;entreprises portugais et multinationaux.<\/p>\n<p>Elle est aussi interm\u00e9diaire en assurances, certifi\u00e9e par l&rsquo;acad\u00e9mie portugaise des assurances.<\/p>\n<h3>Formation universitaire<\/h3>\n<p>Licence en \u00e9conomie (universit\u00e9 Lus\u00edada de Lisbonne, 2006). Formation du troisi\u00e8me cycle en fiscalit\u00e9 (ISEG- Institut sup\u00e9rieur d&rsquo;\u00e9conomie et de gestion, 2007).<\/p>\n<h3>Langues<\/h3>\n<p>Portugais et anglais.<\/p>\n<h3>Contacts<\/h3>\n<p><a href=\"mailto:filipa.pimentel@valadascoriel.com\">filipa.pimentel@valadascoriel.com<\/a><\/p>\n<p>[\/two_third_last]<\/p>\n","protected":false},"excerpt":{"rendered":"<p>[one_third][\/one_third] [two_third_last] Filipa Pimentel Filipa Barata Cortez Pimentel collabore avec VCA depuis 2011.Elle y exerce les fonctions de directrice financi\u00e8re. Elle a r\u00e9alis\u00e9 sa carri\u00e8re professionnelle dans les secteurs de la gestion, de l&rsquo;analyse financi\u00e8re, de la comptabilit\u00e9 et de la fiscalit\u00e9. Elle a assum\u00e9 progressivement des fonctions de la plus haute responsabilit\u00e9 en termes [&hellip;]<\/p>\n","protected":false},"author":1,"featured_media":0,"parent":1805,"menu_order":0,"comment_status":"closed","ping_status":"closed","template":"","meta":[],"yoast_head":"<!-- This site is optimized with the Yoast SEO plugin v20.10 - https:\/\/yoast.com\/wordpress\/plugins\/seo\/ -->\n<title>Filipa Pimentel - Valadas Coriel &amp; Associados<\/title>\n<meta name=\"robots\" content=\"index, follow, max-snippet:-1, max-image-preview:large, max-video-preview:-1\" \/>\n<link rel=\"canonical\" href=\"https:\/\/vca2022.valadascoriel.com\/fr\/equipe\/gestion-et-administration\/filipa-pimentel\/\" \/>\n<meta property=\"og:locale\" content=\"fr_FR\" \/>\n<meta property=\"og:type\" content=\"article\" \/>\n<meta property=\"og:title\" content=\"Filipa Pimentel - Valadas Coriel &amp; Associados\" \/>\n<meta property=\"og:description\" content=\"[one_third][\/one_third] [two_third_last] Filipa Pimentel Filipa Barata Cortez Pimentel collabore avec VCA depuis 2011.Elle y exerce les fonctions de directrice financi\u00e8re. Elle a r\u00e9alis\u00e9 sa carri\u00e8re professionnelle dans les secteurs de la gestion, de l&rsquo;analyse financi\u00e8re, de la comptabilit\u00e9 et de la fiscalit\u00e9. Elle a assum\u00e9 progressivement des fonctions de la plus haute responsabilit\u00e9 en termes [&hellip;]\" \/>\n<meta property=\"og:url\" content=\"https:\/\/vca2022.valadascoriel.com\/fr\/equipe\/gestion-et-administration\/filipa-pimentel\/\" \/>\n<meta property=\"og:site_name\" content=\"Valadas Coriel &amp; Associados\" \/>\n<meta property=\"og:image\" content=\"http:\/\/www.valadascoriel.com\/wp-content\/uploads\/2013\/04\/17-FP_EDIT-300x300.jpg\" \/>\n<meta name=\"twitter:label1\" content=\"Dur\u00e9e de lecture estim\u00e9e\" \/>\n\t<meta name=\"twitter:data1\" content=\"1 minute\" \/>\n<script type=\"application\/ld+json\" class=\"yoast-schema-graph\">{\"@context\":\"https:\/\/schema.org\",\"@graph\":[{\"@type\":\"WebPage\",\"@id\":\"https:\/\/vca2022.valadascoriel.com\/fr\/equipe\/gestion-et-administration\/filipa-pimentel\/\",\"url\":\"https:\/\/vca2022.valadascoriel.com\/fr\/equipe\/gestion-et-administration\/filipa-pimentel\/\",\"name\":\"Filipa Pimentel - Valadas Coriel &amp; Associados\",\"isPartOf\":{\"@id\":\"https:\/\/vca2022.valadascoriel.com\/#website\"},\"datePublished\":\"2014-11-06T12:50:28+00:00\",\"dateModified\":\"2014-11-06T12:50:28+00:00\",\"breadcrumb\":{\"@id\":\"https:\/\/vca2022.valadascoriel.com\/fr\/equipe\/gestion-et-administration\/filipa-pimentel\/#breadcrumb\"},\"inLanguage\":\"fr-FR\",\"potentialAction\":[{\"@type\":\"ReadAction\",\"target\":[\"https:\/\/vca2022.valadascoriel.com\/fr\/equipe\/gestion-et-administration\/filipa-pimentel\/\"]}]},{\"@type\":\"BreadcrumbList\",\"@id\":\"https:\/\/vca2022.valadascoriel.com\/fr\/equipe\/gestion-et-administration\/filipa-pimentel\/#breadcrumb\",\"itemListElement\":[{\"@type\":\"ListItem\",\"position\":1,\"name\":\"Home\",\"item\":\"https:\/\/vca2022.valadascoriel.com\/fr\/\"},{\"@type\":\"ListItem\",\"position\":2,\"name\":\"\u00c9quipe\",\"item\":\"https:\/\/vca2022.valadascoriel.com\/fr\/equipe\/\"},{\"@type\":\"ListItem\",\"position\":3,\"name\":\"Gestion et administration\",\"item\":\"https:\/\/vca2022.valadascoriel.com\/fr\/equipe\/gestion-et-administration\/\"},{\"@type\":\"ListItem\",\"position\":4,\"name\":\"Filipa Pimentel\"}]},{\"@type\":\"WebSite\",\"@id\":\"https:\/\/vca2022.valadascoriel.com\/#website\",\"url\":\"https:\/\/vca2022.valadascoriel.com\/\",\"name\":\"Valadas Coriel &amp; Associados\",\"description\":\"Sociedade de Advogados RL\",\"potentialAction\":[{\"@type\":\"SearchAction\",\"target\":{\"@type\":\"EntryPoint\",\"urlTemplate\":\"https:\/\/vca2022.valadascoriel.com\/?s={search_term_string}\"},\"query-input\":\"required name=search_term_string\"}],\"inLanguage\":\"fr-FR\"}]}<\/script>\n<!-- \/ Yoast SEO plugin. -->","yoast_head_json":{"title":"Filipa Pimentel - Valadas Coriel &amp; Associados","robots":{"index":"index","follow":"follow","max-snippet":"max-snippet:-1","max-image-preview":"max-image-preview:large","max-video-preview":"max-video-preview:-1"},"canonical":"https:\/\/vca2022.valadascoriel.com\/fr\/equipe\/gestion-et-administration\/filipa-pimentel\/","og_locale":"fr_FR","og_type":"article","og_title":"Filipa Pimentel - Valadas Coriel &amp; Associados","og_description":"[one_third][\/one_third] [two_third_last] Filipa Pimentel Filipa Barata Cortez Pimentel collabore avec VCA depuis 2011.Elle y exerce les fonctions de directrice financi\u00e8re. Elle a r\u00e9alis\u00e9 sa carri\u00e8re professionnelle dans les secteurs de la gestion, de l&rsquo;analyse financi\u00e8re, de la comptabilit\u00e9 et de la fiscalit\u00e9. Elle a assum\u00e9 progressivement des fonctions de la plus haute responsabilit\u00e9 en termes [&hellip;]","og_url":"https:\/\/vca2022.valadascoriel.com\/fr\/equipe\/gestion-et-administration\/filipa-pimentel\/","og_site_name":"Valadas Coriel &amp; Associados","og_image":[{"url":"http:\/\/www.valadascoriel.com\/wp-content\/uploads\/2013\/04\/17-FP_EDIT-300x300.jpg"}],"twitter_misc":{"Dur\u00e9e de lecture estim\u00e9e":"1 minute"},"schema":{"@context":"https:\/\/schema.org","@graph":[{"@type":"WebPage","@id":"https:\/\/vca2022.valadascoriel.com\/fr\/equipe\/gestion-et-administration\/filipa-pimentel\/","url":"https:\/\/vca2022.valadascoriel.com\/fr\/equipe\/gestion-et-administration\/filipa-pimentel\/","name":"Filipa Pimentel - Valadas Coriel &amp; Associados","isPartOf":{"@id":"https:\/\/vca2022.valadascoriel.com\/#website"},"datePublished":"2014-11-06T12:50:28+00:00","dateModified":"2014-11-06T12:50:28+00:00","breadcrumb":{"@id":"https:\/\/vca2022.valadascoriel.com\/fr\/equipe\/gestion-et-administration\/filipa-pimentel\/#breadcrumb"},"inLanguage":"fr-FR","potentialAction":[{"@type":"ReadAction","target":["https:\/\/vca2022.valadascoriel.com\/fr\/equipe\/gestion-et-administration\/filipa-pimentel\/"]}]},{"@type":"BreadcrumbList","@id":"https:\/\/vca2022.valadascoriel.com\/fr\/equipe\/gestion-et-administration\/filipa-pimentel\/#breadcrumb","itemListElement":[{"@type":"ListItem","position":1,"name":"Home","item":"https:\/\/vca2022.valadascoriel.com\/fr\/"},{"@type":"ListItem","position":2,"name":"\u00c9quipe","item":"https:\/\/vca2022.valadascoriel.com\/fr\/equipe\/"},{"@type":"ListItem","position":3,"name":"Gestion et administration","item":"https:\/\/vca2022.valadascoriel.com\/fr\/equipe\/gestion-et-administration\/"},{"@type":"ListItem","position":4,"name":"Filipa Pimentel"}]},{"@type":"WebSite","@id":"https:\/\/vca2022.valadascoriel.com\/#website","url":"https:\/\/vca2022.valadascoriel.com\/","name":"Valadas Coriel &amp; Associados","description":"Sociedade de Advogados RL","potentialAction":[{"@type":"SearchAction","target":{"@type":"EntryPoint","urlTemplate":"https:\/\/vca2022.valadascoriel.com\/?s={search_term_string}"},"query-input":"required name=search_term_string"}],"inLanguage":"fr-FR"}]}},"_links":{"self":[{"href":"https:\/\/vca2022.valadascoriel.com\/fr\/wp-json\/wp\/v2\/pages\/1813"}],"collection":[{"href":"https:\/\/vca2022.valadascoriel.com\/fr\/wp-json\/wp\/v2\/pages"}],"about":[{"href":"https:\/\/vca2022.valadascoriel.com\/fr\/wp-json\/wp\/v2\/types\/page"}],"author":[{"embeddable":true,"href":"https:\/\/vca2022.valadascoriel.com\/fr\/wp-json\/wp\/v2\/users\/1"}],"replies":[{"embeddable":true,"href":"https:\/\/vca2022.valadascoriel.com\/fr\/wp-json\/wp\/v2\/comments?post=1813"}],"version-history":[{"count":1,"href":"https:\/\/vca2022.valadascoriel.com\/fr\/wp-json\/wp\/v2\/pages\/1813\/revisions"}],"predecessor-version":[{"id":1814,"href":"https:\/\/vca2022.valadascoriel.com\/fr\/wp-json\/wp\/v2\/pages\/1813\/revisions\/1814"}],"up":[{"embeddable":true,"href":"https:\/\/vca2022.valadascoriel.com\/fr\/wp-json\/wp\/v2\/pages\/1805"}],"wp:attachment":[{"href":"https:\/\/vca2022.valadascoriel.com\/fr\/wp-json\/wp\/v2\/media?parent=1813"}],"curies":[{"name":"wp","href":"https:\/\/api.w.org\/{rel}","templated":true}]}}