{"id":1811,"date":"2014-11-06T12:47:05","date_gmt":"2014-11-06T12:47:05","guid":{"rendered":"http:\/\/www.valadascoriel.com\/?page_id=1811"},"modified":"2014-11-06T15:12:34","modified_gmt":"2014-11-06T15:12:34","slug":"alexandra-lima","status":"publish","type":"page","link":"https:\/\/vca2022.valadascoriel.com\/fr\/equipe\/gestion-et-administration\/alexandra-lima\/","title":{"rendered":"Alexandra Lima"},"content":{"rendered":"<p>[one_third]<a href=\"http:\/\/www.valadascoriel.com\/wp-content\/uploads\/2013\/04\/Alex.jpg\"><img decoding=\"async\" loading=\"lazy\" src=\"http:\/\/www.valadascoriel.com\/wp-content\/uploads\/2013\/04\/Alex-300x300.jpg\" alt=\"Alex\" width=\"300\" height=\"300\" \/><\/a>[\/one_third]<\/p>\n<p>[two_third_last]<\/p>\n<h1>Alexandra Lima<\/h1>\n<p>Alexandra Jos\u00e9 Martins Lima collabore avec VCA depuis 2011. Elle y exerce les fonctions d&rsquo;assistante administrative.<\/p>\n<p>Assistante administrative du cabinet d&rsquo;avocats Dr. Jos\u00e9 Preto et Dra. Carolina Amado de 1995 \u00e0 1998, et de la soci\u00e9t\u00e9 Vaz Serra &amp; Associados, RL de<\/p>\n<p>1998 jusqu&rsquo;\u00e0 l&rsquo;ann\u00e9e o\u00f9 elle est entr\u00e9e chez VCA. Elle a acquis une vaste exp\u00e9rience dans le contexte administratif d&rsquo;une soci\u00e9t\u00e9 d&rsquo;avocats, ainsi qu&rsquo;une ma\u00eetrise du programme CITIUS.<\/p>\n<h3>Formation universitaire<\/h3>\n<p>Cours de secr\u00e9tariat intensif certifi\u00e9.<\/p>\n<h3>Langues<\/h3>\n<p>Portugais, anglais et fran\u00e7ais.<\/p>\n<h3>Contacts<\/h3>\n<p><a href=\"mailto:alexandra.lima@valadascoriel.com\">alexandra.lima@valadascoriel.com<\/a><\/p>\n<p>[\/two_third_last]<\/p>\n","protected":false},"excerpt":{"rendered":"<p>[one_third][\/one_third] [two_third_last] Alexandra Lima Alexandra Jos\u00e9 Martins Lima collabore avec VCA depuis 2011. Elle y exerce les fonctions d&rsquo;assistante administrative. Assistante administrative du cabinet d&rsquo;avocats Dr. Jos\u00e9 Preto et Dra. Carolina Amado de 1995 \u00e0 1998, et de la soci\u00e9t\u00e9 Vaz Serra &amp; Associados, RL de 1998 jusqu&rsquo;\u00e0 l&rsquo;ann\u00e9e o\u00f9 elle est entr\u00e9e chez VCA. [&hellip;]<\/p>\n","protected":false},"author":1,"featured_media":0,"parent":1805,"menu_order":0,"comment_status":"closed","ping_status":"closed","template":"","meta":[],"yoast_head":"<!-- This site is optimized with the Yoast SEO plugin v20.10 - https:\/\/yoast.com\/wordpress\/plugins\/seo\/ -->\n<title>Alexandra Lima - Valadas Coriel &amp; Associados<\/title>\n<meta name=\"robots\" content=\"index, follow, max-snippet:-1, max-image-preview:large, max-video-preview:-1\" \/>\n<link rel=\"canonical\" href=\"https:\/\/vca2022.valadascoriel.com\/fr\/equipe\/gestion-et-administration\/alexandra-lima\/\" \/>\n<meta property=\"og:locale\" content=\"fr_FR\" \/>\n<meta property=\"og:type\" content=\"article\" \/>\n<meta property=\"og:title\" content=\"Alexandra Lima - Valadas Coriel &amp; Associados\" \/>\n<meta property=\"og:description\" content=\"[one_third][\/one_third] [two_third_last] Alexandra Lima Alexandra Jos\u00e9 Martins Lima collabore avec VCA depuis 2011. Elle y exerce les fonctions d&rsquo;assistante administrative. Assistante administrative du cabinet d&rsquo;avocats Dr. Jos\u00e9 Preto et Dra. Carolina Amado de 1995 \u00e0 1998, et de la soci\u00e9t\u00e9 Vaz Serra &amp; Associados, RL de 1998 jusqu&rsquo;\u00e0 l&rsquo;ann\u00e9e o\u00f9 elle est entr\u00e9e chez VCA. [&hellip;]\" \/>\n<meta property=\"og:url\" content=\"https:\/\/vca2022.valadascoriel.com\/fr\/equipe\/gestion-et-administration\/alexandra-lima\/\" \/>\n<meta property=\"og:site_name\" content=\"Valadas Coriel &amp; Associados\" \/>\n<meta property=\"article:modified_time\" content=\"2014-11-06T15:12:34+00:00\" \/>\n<meta property=\"og:image\" content=\"http:\/\/www.valadascoriel.com\/wp-content\/uploads\/2013\/04\/Alex-300x300.jpg\" \/>\n<meta name=\"twitter:label1\" content=\"Dur\u00e9e de lecture estim\u00e9e\" \/>\n\t<meta name=\"twitter:data1\" content=\"1 minute\" \/>\n<script type=\"application\/ld+json\" class=\"yoast-schema-graph\">{\"@context\":\"https:\/\/schema.org\",\"@graph\":[{\"@type\":\"WebPage\",\"@id\":\"https:\/\/vca2022.valadascoriel.com\/fr\/equipe\/gestion-et-administration\/alexandra-lima\/\",\"url\":\"https:\/\/vca2022.valadascoriel.com\/fr\/equipe\/gestion-et-administration\/alexandra-lima\/\",\"name\":\"Alexandra Lima - Valadas Coriel &amp; Associados\",\"isPartOf\":{\"@id\":\"https:\/\/vca2022.valadascoriel.com\/#website\"},\"datePublished\":\"2014-11-06T12:47:05+00:00\",\"dateModified\":\"2014-11-06T15:12:34+00:00\",\"breadcrumb\":{\"@id\":\"https:\/\/vca2022.valadascoriel.com\/fr\/equipe\/gestion-et-administration\/alexandra-lima\/#breadcrumb\"},\"inLanguage\":\"fr-FR\",\"potentialAction\":[{\"@type\":\"ReadAction\",\"target\":[\"https:\/\/vca2022.valadascoriel.com\/fr\/equipe\/gestion-et-administration\/alexandra-lima\/\"]}]},{\"@type\":\"BreadcrumbList\",\"@id\":\"https:\/\/vca2022.valadascoriel.com\/fr\/equipe\/gestion-et-administration\/alexandra-lima\/#breadcrumb\",\"itemListElement\":[{\"@type\":\"ListItem\",\"position\":1,\"name\":\"Home\",\"item\":\"https:\/\/vca2022.valadascoriel.com\/fr\/\"},{\"@type\":\"ListItem\",\"position\":2,\"name\":\"\u00c9quipe\",\"item\":\"https:\/\/vca2022.valadascoriel.com\/fr\/equipe\/\"},{\"@type\":\"ListItem\",\"position\":3,\"name\":\"Gestion et administration\",\"item\":\"https:\/\/vca2022.valadascoriel.com\/fr\/equipe\/gestion-et-administration\/\"},{\"@type\":\"ListItem\",\"position\":4,\"name\":\"Alexandra Lima\"}]},{\"@type\":\"WebSite\",\"@id\":\"https:\/\/vca2022.valadascoriel.com\/#website\",\"url\":\"https:\/\/vca2022.valadascoriel.com\/\",\"name\":\"Valadas Coriel &amp; Associados\",\"description\":\"Sociedade de Advogados RL\",\"potentialAction\":[{\"@type\":\"SearchAction\",\"target\":{\"@type\":\"EntryPoint\",\"urlTemplate\":\"https:\/\/vca2022.valadascoriel.com\/?s={search_term_string}\"},\"query-input\":\"required name=search_term_string\"}],\"inLanguage\":\"fr-FR\"}]}<\/script>\n<!-- \/ Yoast SEO plugin. -->","yoast_head_json":{"title":"Alexandra Lima - Valadas Coriel &amp; Associados","robots":{"index":"index","follow":"follow","max-snippet":"max-snippet:-1","max-image-preview":"max-image-preview:large","max-video-preview":"max-video-preview:-1"},"canonical":"https:\/\/vca2022.valadascoriel.com\/fr\/equipe\/gestion-et-administration\/alexandra-lima\/","og_locale":"fr_FR","og_type":"article","og_title":"Alexandra Lima - Valadas Coriel &amp; Associados","og_description":"[one_third][\/one_third] [two_third_last] Alexandra Lima Alexandra Jos\u00e9 Martins Lima collabore avec VCA depuis 2011. Elle y exerce les fonctions d&rsquo;assistante administrative. Assistante administrative du cabinet d&rsquo;avocats Dr. Jos\u00e9 Preto et Dra. Carolina Amado de 1995 \u00e0 1998, et de la soci\u00e9t\u00e9 Vaz Serra &amp; Associados, RL de 1998 jusqu&rsquo;\u00e0 l&rsquo;ann\u00e9e o\u00f9 elle est entr\u00e9e chez VCA. [&hellip;]","og_url":"https:\/\/vca2022.valadascoriel.com\/fr\/equipe\/gestion-et-administration\/alexandra-lima\/","og_site_name":"Valadas Coriel &amp; Associados","article_modified_time":"2014-11-06T15:12:34+00:00","og_image":[{"url":"http:\/\/www.valadascoriel.com\/wp-content\/uploads\/2013\/04\/Alex-300x300.jpg"}],"twitter_misc":{"Dur\u00e9e de lecture estim\u00e9e":"1 minute"},"schema":{"@context":"https:\/\/schema.org","@graph":[{"@type":"WebPage","@id":"https:\/\/vca2022.valadascoriel.com\/fr\/equipe\/gestion-et-administration\/alexandra-lima\/","url":"https:\/\/vca2022.valadascoriel.com\/fr\/equipe\/gestion-et-administration\/alexandra-lima\/","name":"Alexandra Lima - Valadas Coriel &amp; Associados","isPartOf":{"@id":"https:\/\/vca2022.valadascoriel.com\/#website"},"datePublished":"2014-11-06T12:47:05+00:00","dateModified":"2014-11-06T15:12:34+00:00","breadcrumb":{"@id":"https:\/\/vca2022.valadascoriel.com\/fr\/equipe\/gestion-et-administration\/alexandra-lima\/#breadcrumb"},"inLanguage":"fr-FR","potentialAction":[{"@type":"ReadAction","target":["https:\/\/vca2022.valadascoriel.com\/fr\/equipe\/gestion-et-administration\/alexandra-lima\/"]}]},{"@type":"BreadcrumbList","@id":"https:\/\/vca2022.valadascoriel.com\/fr\/equipe\/gestion-et-administration\/alexandra-lima\/#breadcrumb","itemListElement":[{"@type":"ListItem","position":1,"name":"Home","item":"https:\/\/vca2022.valadascoriel.com\/fr\/"},{"@type":"ListItem","position":2,"name":"\u00c9quipe","item":"https:\/\/vca2022.valadascoriel.com\/fr\/equipe\/"},{"@type":"ListItem","position":3,"name":"Gestion et administration","item":"https:\/\/vca2022.valadascoriel.com\/fr\/equipe\/gestion-et-administration\/"},{"@type":"ListItem","position":4,"name":"Alexandra Lima"}]},{"@type":"WebSite","@id":"https:\/\/vca2022.valadascoriel.com\/#website","url":"https:\/\/vca2022.valadascoriel.com\/","name":"Valadas Coriel &amp; Associados","description":"Sociedade de Advogados RL","potentialAction":[{"@type":"SearchAction","target":{"@type":"EntryPoint","urlTemplate":"https:\/\/vca2022.valadascoriel.com\/?s={search_term_string}"},"query-input":"required name=search_term_string"}],"inLanguage":"fr-FR"}]}},"_links":{"self":[{"href":"https:\/\/vca2022.valadascoriel.com\/fr\/wp-json\/wp\/v2\/pages\/1811"}],"collection":[{"href":"https:\/\/vca2022.valadascoriel.com\/fr\/wp-json\/wp\/v2\/pages"}],"about":[{"href":"https:\/\/vca2022.valadascoriel.com\/fr\/wp-json\/wp\/v2\/types\/page"}],"author":[{"embeddable":true,"href":"https:\/\/vca2022.valadascoriel.com\/fr\/wp-json\/wp\/v2\/users\/1"}],"replies":[{"embeddable":true,"href":"https:\/\/vca2022.valadascoriel.com\/fr\/wp-json\/wp\/v2\/comments?post=1811"}],"version-history":[{"count":2,"href":"https:\/\/vca2022.valadascoriel.com\/fr\/wp-json\/wp\/v2\/pages\/1811\/revisions"}],"predecessor-version":[{"id":1875,"href":"https:\/\/vca2022.valadascoriel.com\/fr\/wp-json\/wp\/v2\/pages\/1811\/revisions\/1875"}],"up":[{"embeddable":true,"href":"https:\/\/vca2022.valadascoriel.com\/fr\/wp-json\/wp\/v2\/pages\/1805"}],"wp:attachment":[{"href":"https:\/\/vca2022.valadascoriel.com\/fr\/wp-json\/wp\/v2\/media?parent=1811"}],"curies":[{"name":"wp","href":"https:\/\/api.w.org\/{rel}","templated":true}]}}