{"id":1809,"date":"2014-11-06T12:45:24","date_gmt":"2014-11-06T12:45:24","guid":{"rendered":"http:\/\/www.valadascoriel.com\/?page_id=1809"},"modified":"2014-11-06T15:10:44","modified_gmt":"2014-11-06T15:10:44","slug":"lucia-mittermeyer-saraiva","status":"publish","type":"page","link":"https:\/\/vca2022.valadascoriel.com\/fr\/equipe\/consultants\/lucia-mittermeyer-saraiva\/","title":{"rendered":"L\u00facia Mittermeyer Saraiva"},"content":{"rendered":"<p>[one_third]<a href=\"http:\/\/www.valadascoriel.com\/wp-content\/uploads\/2013\/04\/16-LMS.jpg\"><img decoding=\"async\" loading=\"lazy\" class=\"alignnone size-medium wp-image-345\" src=\"http:\/\/www.valadascoriel.com\/wp-content\/uploads\/2013\/04\/16-LMS-300x300.jpg\" alt=\"L\u00facia Mittermeyer Saraiva\" width=\"300\" height=\"300\" srcset=\"https:\/\/vca2022.valadascoriel.com\/wp-content\/uploads\/2013\/04\/16-LMS-300x300.jpg 300w, https:\/\/vca2022.valadascoriel.com\/wp-content\/uploads\/2013\/04\/16-LMS-150x150.jpg 150w, https:\/\/vca2022.valadascoriel.com\/wp-content\/uploads\/2013\/04\/16-LMS-520x520.jpg 520w\" sizes=\"(max-width: 300px) 100vw, 300px\" \/><\/a>[\/one_third]<\/p>\n<p>[two_third_last]<\/p>\n<h1>L\u00facia Mittermeyer Saraiva<\/h1>\n<p>L\u00facia Mittermeyer Saraiva collabore avec VCA depuis 2010. Elle a la responsabilit\u00e9 du conseil technique de l&rsquo;exercice du droit social, des institutions non gouvernementales et de la solidarit\u00e9 sociale et du d\u00e9nomm\u00e9 \u00ab troisi\u00e8me secteur \u00bb, ainsi que du droit de la famille.<\/p>\n<p>Support et protection des enfants et des jeunes \u00e0 risque, restructuration et nouveaux projets de vie viables pour les jeunes m\u00e8res et couples, familles d&rsquo;accueil pour les enfants et les jeunes, conseil dans les proc\u00e9dures d&rsquo;adoption d&rsquo;enfants, formation en droit des enfants, conseil juridique national et international sur l&rsquo;application de techniques de grossesse assist\u00e9e et de protection des droits de maternit\u00e9 et de paternit\u00e9, y compris sur des questions complexes de nationalit\u00e9 et de conflits de lois.<\/p>\n<p>Conseil juridique de la direction de plusieurs institutions priv\u00e9es de solidarit\u00e9 sociale li\u00e9es \u00e0 la CNIS \u2013 conf\u00e9d\u00e9ration nationale des institutions de solidarit\u00e9 -, en tant que repr\u00e9sentant de cette conf\u00e9d\u00e9ration aux r\u00e9unions du Conseil de l&rsquo;Europe, \u00e0 Strasbourg.<\/p>\n<h3>Domaines d&rsquo;activit\u00e9<\/h3>\n<p>Droit de la famille, droit des enfants, droit social, droit de l&rsquo;adoption, droit du travail et r\u00e9gime juridique des institutions priv\u00e9es de solidarit\u00e9 sociale (IPSS), droit social europ\u00e9en, droit des organisations non gouvernementales, droits de l&rsquo;homme.<\/p>\n<h3>Formation universitaire<\/h3>\n<p>Master 1 en droit (universit\u00e9 autonome de Lisbonne, 1992) ; Formation du troisi\u00e8me cycle dans le domaine du droit de la famille avec un accent sp\u00e9cial sur le droit des enfants et de la jeunesse ; Cours avanc\u00e9 en droit des enfants par l&rsquo;universit\u00e9 catholique, 2001). Cours sur le r\u00e9gime juridique de l&rsquo;adoption (Ordre des avocats portugais, 2004).<\/p>\n<h3>Associations professionnelles<\/h3>\n<p>Ordre des avocats (inscrit depuis 1993),<\/p>\n<h3>Langues<\/h3>\n<p>Portugais, anglais et espagnol.<\/p>\n<h3>Contacts<\/h3>\n<p><a href=\"mailto:lucia.saraiva@netcabo.pt\">lucia.saraiva@netcabo.pt<\/a><\/p>\n<p>[\/two_third_last]<\/p>\n","protected":false},"excerpt":{"rendered":"<p>[one_third][\/one_third] [two_third_last] L\u00facia Mittermeyer Saraiva L\u00facia Mittermeyer Saraiva collabore avec VCA depuis 2010. Elle a la responsabilit\u00e9 du conseil technique de l&rsquo;exercice du droit social, des institutions non gouvernementales et de la solidarit\u00e9 sociale et du d\u00e9nomm\u00e9 \u00ab troisi\u00e8me secteur \u00bb, ainsi que du droit de la famille. Support et protection des enfants et des [&hellip;]<\/p>\n","protected":false},"author":1,"featured_media":0,"parent":1800,"menu_order":0,"comment_status":"closed","ping_status":"closed","template":"","meta":[],"yoast_head":"<!-- This site is optimized with the Yoast SEO plugin v20.10 - https:\/\/yoast.com\/wordpress\/plugins\/seo\/ -->\n<title>L\u00facia Mittermeyer Saraiva - Valadas Coriel &amp; Associados<\/title>\n<meta name=\"robots\" content=\"index, follow, max-snippet:-1, max-image-preview:large, max-video-preview:-1\" \/>\n<link rel=\"canonical\" href=\"https:\/\/vca2022.valadascoriel.com\/fr\/equipe\/consultants\/lucia-mittermeyer-saraiva\/\" \/>\n<meta property=\"og:locale\" content=\"fr_FR\" \/>\n<meta property=\"og:type\" content=\"article\" \/>\n<meta property=\"og:title\" content=\"L\u00facia Mittermeyer Saraiva - Valadas Coriel &amp; Associados\" \/>\n<meta property=\"og:description\" content=\"[one_third][\/one_third] [two_third_last] L\u00facia Mittermeyer Saraiva L\u00facia Mittermeyer Saraiva collabore avec VCA depuis 2010. Elle a la responsabilit\u00e9 du conseil technique de l&rsquo;exercice du droit social, des institutions non gouvernementales et de la solidarit\u00e9 sociale et du d\u00e9nomm\u00e9 \u00ab troisi\u00e8me secteur \u00bb, ainsi que du droit de la famille. Support et protection des enfants et des [&hellip;]\" \/>\n<meta property=\"og:url\" content=\"https:\/\/vca2022.valadascoriel.com\/fr\/equipe\/consultants\/lucia-mittermeyer-saraiva\/\" \/>\n<meta property=\"og:site_name\" content=\"Valadas Coriel &amp; Associados\" \/>\n<meta property=\"article:modified_time\" content=\"2014-11-06T15:10:44+00:00\" \/>\n<meta property=\"og:image\" content=\"http:\/\/www.valadascoriel.com\/wp-content\/uploads\/2013\/04\/16-LMS-300x300.jpg\" \/>\n<meta name=\"twitter:label1\" content=\"Dur\u00e9e de lecture estim\u00e9e\" \/>\n\t<meta name=\"twitter:data1\" content=\"1 minute\" \/>\n<script type=\"application\/ld+json\" class=\"yoast-schema-graph\">{\"@context\":\"https:\/\/schema.org\",\"@graph\":[{\"@type\":\"WebPage\",\"@id\":\"https:\/\/vca2022.valadascoriel.com\/fr\/equipe\/consultants\/lucia-mittermeyer-saraiva\/\",\"url\":\"https:\/\/vca2022.valadascoriel.com\/fr\/equipe\/consultants\/lucia-mittermeyer-saraiva\/\",\"name\":\"L\u00facia Mittermeyer Saraiva - Valadas Coriel &amp; Associados\",\"isPartOf\":{\"@id\":\"https:\/\/vca2022.valadascoriel.com\/#website\"},\"datePublished\":\"2014-11-06T12:45:24+00:00\",\"dateModified\":\"2014-11-06T15:10:44+00:00\",\"breadcrumb\":{\"@id\":\"https:\/\/vca2022.valadascoriel.com\/fr\/equipe\/consultants\/lucia-mittermeyer-saraiva\/#breadcrumb\"},\"inLanguage\":\"fr-FR\",\"potentialAction\":[{\"@type\":\"ReadAction\",\"target\":[\"https:\/\/vca2022.valadascoriel.com\/fr\/equipe\/consultants\/lucia-mittermeyer-saraiva\/\"]}]},{\"@type\":\"BreadcrumbList\",\"@id\":\"https:\/\/vca2022.valadascoriel.com\/fr\/equipe\/consultants\/lucia-mittermeyer-saraiva\/#breadcrumb\",\"itemListElement\":[{\"@type\":\"ListItem\",\"position\":1,\"name\":\"Home\",\"item\":\"https:\/\/vca2022.valadascoriel.com\/fr\/\"},{\"@type\":\"ListItem\",\"position\":2,\"name\":\"\u00c9quipe\",\"item\":\"https:\/\/vca2022.valadascoriel.com\/fr\/equipe\/\"},{\"@type\":\"ListItem\",\"position\":3,\"name\":\"Consultants\",\"item\":\"https:\/\/vca2022.valadascoriel.com\/fr\/equipe\/consultants\/\"},{\"@type\":\"ListItem\",\"position\":4,\"name\":\"L\u00facia Mittermeyer Saraiva\"}]},{\"@type\":\"WebSite\",\"@id\":\"https:\/\/vca2022.valadascoriel.com\/#website\",\"url\":\"https:\/\/vca2022.valadascoriel.com\/\",\"name\":\"Valadas Coriel &amp; Associados\",\"description\":\"Sociedade de Advogados RL\",\"potentialAction\":[{\"@type\":\"SearchAction\",\"target\":{\"@type\":\"EntryPoint\",\"urlTemplate\":\"https:\/\/vca2022.valadascoriel.com\/?s={search_term_string}\"},\"query-input\":\"required name=search_term_string\"}],\"inLanguage\":\"fr-FR\"}]}<\/script>\n<!-- \/ Yoast SEO plugin. -->","yoast_head_json":{"title":"L\u00facia Mittermeyer Saraiva - Valadas Coriel &amp; Associados","robots":{"index":"index","follow":"follow","max-snippet":"max-snippet:-1","max-image-preview":"max-image-preview:large","max-video-preview":"max-video-preview:-1"},"canonical":"https:\/\/vca2022.valadascoriel.com\/fr\/equipe\/consultants\/lucia-mittermeyer-saraiva\/","og_locale":"fr_FR","og_type":"article","og_title":"L\u00facia Mittermeyer Saraiva - Valadas Coriel &amp; Associados","og_description":"[one_third][\/one_third] [two_third_last] L\u00facia Mittermeyer Saraiva L\u00facia Mittermeyer Saraiva collabore avec VCA depuis 2010. Elle a la responsabilit\u00e9 du conseil technique de l&rsquo;exercice du droit social, des institutions non gouvernementales et de la solidarit\u00e9 sociale et du d\u00e9nomm\u00e9 \u00ab troisi\u00e8me secteur \u00bb, ainsi que du droit de la famille. Support et protection des enfants et des [&hellip;]","og_url":"https:\/\/vca2022.valadascoriel.com\/fr\/equipe\/consultants\/lucia-mittermeyer-saraiva\/","og_site_name":"Valadas Coriel &amp; Associados","article_modified_time":"2014-11-06T15:10:44+00:00","og_image":[{"url":"http:\/\/www.valadascoriel.com\/wp-content\/uploads\/2013\/04\/16-LMS-300x300.jpg"}],"twitter_misc":{"Dur\u00e9e de lecture estim\u00e9e":"1 minute"},"schema":{"@context":"https:\/\/schema.org","@graph":[{"@type":"WebPage","@id":"https:\/\/vca2022.valadascoriel.com\/fr\/equipe\/consultants\/lucia-mittermeyer-saraiva\/","url":"https:\/\/vca2022.valadascoriel.com\/fr\/equipe\/consultants\/lucia-mittermeyer-saraiva\/","name":"L\u00facia Mittermeyer Saraiva - Valadas Coriel &amp; Associados","isPartOf":{"@id":"https:\/\/vca2022.valadascoriel.com\/#website"},"datePublished":"2014-11-06T12:45:24+00:00","dateModified":"2014-11-06T15:10:44+00:00","breadcrumb":{"@id":"https:\/\/vca2022.valadascoriel.com\/fr\/equipe\/consultants\/lucia-mittermeyer-saraiva\/#breadcrumb"},"inLanguage":"fr-FR","potentialAction":[{"@type":"ReadAction","target":["https:\/\/vca2022.valadascoriel.com\/fr\/equipe\/consultants\/lucia-mittermeyer-saraiva\/"]}]},{"@type":"BreadcrumbList","@id":"https:\/\/vca2022.valadascoriel.com\/fr\/equipe\/consultants\/lucia-mittermeyer-saraiva\/#breadcrumb","itemListElement":[{"@type":"ListItem","position":1,"name":"Home","item":"https:\/\/vca2022.valadascoriel.com\/fr\/"},{"@type":"ListItem","position":2,"name":"\u00c9quipe","item":"https:\/\/vca2022.valadascoriel.com\/fr\/equipe\/"},{"@type":"ListItem","position":3,"name":"Consultants","item":"https:\/\/vca2022.valadascoriel.com\/fr\/equipe\/consultants\/"},{"@type":"ListItem","position":4,"name":"L\u00facia Mittermeyer Saraiva"}]},{"@type":"WebSite","@id":"https:\/\/vca2022.valadascoriel.com\/#website","url":"https:\/\/vca2022.valadascoriel.com\/","name":"Valadas Coriel &amp; Associados","description":"Sociedade de Advogados RL","potentialAction":[{"@type":"SearchAction","target":{"@type":"EntryPoint","urlTemplate":"https:\/\/vca2022.valadascoriel.com\/?s={search_term_string}"},"query-input":"required name=search_term_string"}],"inLanguage":"fr-FR"}]}},"_links":{"self":[{"href":"https:\/\/vca2022.valadascoriel.com\/fr\/wp-json\/wp\/v2\/pages\/1809"}],"collection":[{"href":"https:\/\/vca2022.valadascoriel.com\/fr\/wp-json\/wp\/v2\/pages"}],"about":[{"href":"https:\/\/vca2022.valadascoriel.com\/fr\/wp-json\/wp\/v2\/types\/page"}],"author":[{"embeddable":true,"href":"https:\/\/vca2022.valadascoriel.com\/fr\/wp-json\/wp\/v2\/users\/1"}],"replies":[{"embeddable":true,"href":"https:\/\/vca2022.valadascoriel.com\/fr\/wp-json\/wp\/v2\/comments?post=1809"}],"version-history":[{"count":3,"href":"https:\/\/vca2022.valadascoriel.com\/fr\/wp-json\/wp\/v2\/pages\/1809\/revisions"}],"predecessor-version":[{"id":1874,"href":"https:\/\/vca2022.valadascoriel.com\/fr\/wp-json\/wp\/v2\/pages\/1809\/revisions\/1874"}],"up":[{"embeddable":true,"href":"https:\/\/vca2022.valadascoriel.com\/fr\/wp-json\/wp\/v2\/pages\/1800"}],"wp:attachment":[{"href":"https:\/\/vca2022.valadascoriel.com\/fr\/wp-json\/wp\/v2\/media?parent=1809"}],"curies":[{"name":"wp","href":"https:\/\/api.w.org\/{rel}","templated":true}]}}