{"id":1807,"date":"2014-11-06T12:44:17","date_gmt":"2014-11-06T12:44:17","guid":{"rendered":"http:\/\/www.valadascoriel.com\/?page_id=1807"},"modified":"2014-11-06T15:05:43","modified_gmt":"2014-11-06T15:05:43","slug":"antonio-cayolla","status":"publish","type":"page","link":"https:\/\/vca2022.valadascoriel.com\/fr\/equipe\/consultants\/antonio-cayolla\/","title":{"rendered":"Ant\u00f3nio Cayolla"},"content":{"rendered":"<p>[one_third]<a href=\"http:\/\/www.valadascoriel.com\/wp-content\/uploads\/2013\/04\/15-AC.jpg\"><img decoding=\"async\" loading=\"lazy\" class=\"alignnone size-medium wp-image-451\" src=\"http:\/\/www.valadascoriel.com\/wp-content\/uploads\/2013\/04\/15-AC-300x300.jpg\" alt=\"Ant\u00f3nio Cayolla\" width=\"300\" height=\"300\" srcset=\"https:\/\/vca2022.valadascoriel.com\/wp-content\/uploads\/2013\/04\/15-AC-300x300.jpg 300w, https:\/\/vca2022.valadascoriel.com\/wp-content\/uploads\/2013\/04\/15-AC-150x150.jpg 150w, https:\/\/vca2022.valadascoriel.com\/wp-content\/uploads\/2013\/04\/15-AC-520x520.jpg 520w, https:\/\/vca2022.valadascoriel.com\/wp-content\/uploads\/2013\/04\/15-AC.jpg 980w\" sizes=\"(max-width: 300px) 100vw, 300px\" \/><\/a>[\/one_third]<\/p>\n<p>[two_third_last]<\/p>\n<h1>Ant\u00f3nio Cayolla<\/h1>\n<p>Ant\u00f3nio Cayolla collabore avec VC&amp;A depuis 2006. C&rsquo;est un avocat membre du d\u00e9partement du contentieux.<\/p>\n<p>Contentieux de travail \u00e0 haut volume et complexit\u00e9 sp\u00e9cifique, destin\u00e9 en particulier pour des entreprises du secteur de la s\u00e9curit\u00e9 priv\u00e9e. Contentieux administratif dans le domaine des r\u00e8glements applicables au secteur de la s\u00e9curit\u00e9 priv\u00e9e. Conseil juridique pour diverses entreprises du secteur de la s\u00e9curit\u00e9 priv\u00e9e et de la construction civile, comprenant l&rsquo;impl\u00e9mentation et la gestion du syst\u00e8me de qualit\u00e9 dans les termes des normes ISO 9001\/2000 et ISO 9001\/2008. Responsable du suivi des proc\u00e9dures de nature civile et du travail, en intervenant aux audiences des parties, pr\u00e9liminaires et de jugement. Intervention dans les audiences de d\u00e9bat et de jugement des processus de nature p\u00e9nale. Suivi juridique des proc\u00e9dures d&rsquo;inventaire et partage. Conseils juridiques concernant l&rsquo;application des modifications les plus r\u00e9centes du nouveau r\u00e9gime du bail urbain.<\/p>\n<h3>Domaines d&rsquo;activit\u00e9<\/h3>\n<p>Contentieux civil, du travail, p\u00e9nal, droit international (maritime) et administratif.<\/p>\n<h3>Formation universitaire<\/h3>\n<p>Master 1 en droit (universit\u00e9 Lus\u00edada de Lisbonne, 1996) ; Formation du troisi\u00e8me cycle en direction et gestion de la s\u00e9curit\u00e9 (universit\u00e9 Lus\u00edada, en collaboration avec l&rsquo;Institut de la s\u00e9curit\u00e9 et de la d\u00e9fense, 2010)<\/p>\n<h3>Associations professionnelles<\/h3>\n<p>Ordre des avocats (inscrit depuis 1998),<\/p>\n<h3>Langues<\/h3>\n<p>Portugais, anglais et fran\u00e7ais.<\/p>\n<h3>Publications<\/h3>\n<p><em>\u00ab Contribution \u00e0 la probl\u00e9matique de la s\u00e9curit\u00e9 priv\u00e9e au Portugal : directeur de la s\u00e9curit\u00e9 \u00bb, publi\u00e9e dans la revue \u00ab Politique internationale et s\u00e9curit\u00e9 \u00bb, s\u00e9rie I, n\u00ba 6\/7 (2012) de l&rsquo;universit\u00e9 Lus\u00edada<\/em><\/p>\n<h3>Contacts<\/h3>\n<p><a href=\"mailto:antonio.cayolla@valadascoriel.com\">antonio.cayolla@valadascoriel.com<\/a><\/p>\n<p>[\/two_third_last]<\/p>\n","protected":false},"excerpt":{"rendered":"<p>[one_third][\/one_third] [two_third_last] Ant\u00f3nio Cayolla Ant\u00f3nio Cayolla collabore avec VC&amp;A depuis 2006. C&rsquo;est un avocat membre du d\u00e9partement du contentieux. Contentieux de travail \u00e0 haut volume et complexit\u00e9 sp\u00e9cifique, destin\u00e9 en particulier pour des entreprises du secteur de la s\u00e9curit\u00e9 priv\u00e9e. Contentieux administratif dans le domaine des r\u00e8glements applicables au secteur de la s\u00e9curit\u00e9 priv\u00e9e. Conseil [&hellip;]<\/p>\n","protected":false},"author":1,"featured_media":0,"parent":1800,"menu_order":0,"comment_status":"closed","ping_status":"closed","template":"","meta":[],"yoast_head":"<!-- This site is optimized with the Yoast SEO plugin v20.10 - https:\/\/yoast.com\/wordpress\/plugins\/seo\/ -->\n<title>Ant\u00f3nio Cayolla - Valadas Coriel &amp; Associados<\/title>\n<meta name=\"robots\" content=\"index, follow, max-snippet:-1, max-image-preview:large, max-video-preview:-1\" \/>\n<link rel=\"canonical\" href=\"https:\/\/vca2022.valadascoriel.com\/fr\/equipe\/consultants\/antonio-cayolla\/\" \/>\n<meta property=\"og:locale\" content=\"fr_FR\" \/>\n<meta property=\"og:type\" content=\"article\" \/>\n<meta property=\"og:title\" content=\"Ant\u00f3nio Cayolla - Valadas Coriel &amp; Associados\" \/>\n<meta property=\"og:description\" content=\"[one_third][\/one_third] [two_third_last] Ant\u00f3nio Cayolla Ant\u00f3nio Cayolla collabore avec VC&amp;A depuis 2006. C&rsquo;est un avocat membre du d\u00e9partement du contentieux. Contentieux de travail \u00e0 haut volume et complexit\u00e9 sp\u00e9cifique, destin\u00e9 en particulier pour des entreprises du secteur de la s\u00e9curit\u00e9 priv\u00e9e. Contentieux administratif dans le domaine des r\u00e8glements applicables au secteur de la s\u00e9curit\u00e9 priv\u00e9e. Conseil [&hellip;]\" \/>\n<meta property=\"og:url\" content=\"https:\/\/vca2022.valadascoriel.com\/fr\/equipe\/consultants\/antonio-cayolla\/\" \/>\n<meta property=\"og:site_name\" content=\"Valadas Coriel &amp; Associados\" \/>\n<meta property=\"article:modified_time\" content=\"2014-11-06T15:05:43+00:00\" \/>\n<meta property=\"og:image\" content=\"http:\/\/www.valadascoriel.com\/wp-content\/uploads\/2013\/04\/15-AC-300x300.jpg\" \/>\n<meta name=\"twitter:label1\" content=\"Dur\u00e9e de lecture estim\u00e9e\" \/>\n\t<meta name=\"twitter:data1\" content=\"1 minute\" \/>\n<script type=\"application\/ld+json\" class=\"yoast-schema-graph\">{\"@context\":\"https:\/\/schema.org\",\"@graph\":[{\"@type\":\"WebPage\",\"@id\":\"https:\/\/vca2022.valadascoriel.com\/fr\/equipe\/consultants\/antonio-cayolla\/\",\"url\":\"https:\/\/vca2022.valadascoriel.com\/fr\/equipe\/consultants\/antonio-cayolla\/\",\"name\":\"Ant\u00f3nio Cayolla - Valadas Coriel &amp; Associados\",\"isPartOf\":{\"@id\":\"https:\/\/vca2022.valadascoriel.com\/#website\"},\"datePublished\":\"2014-11-06T12:44:17+00:00\",\"dateModified\":\"2014-11-06T15:05:43+00:00\",\"breadcrumb\":{\"@id\":\"https:\/\/vca2022.valadascoriel.com\/fr\/equipe\/consultants\/antonio-cayolla\/#breadcrumb\"},\"inLanguage\":\"fr-FR\",\"potentialAction\":[{\"@type\":\"ReadAction\",\"target\":[\"https:\/\/vca2022.valadascoriel.com\/fr\/equipe\/consultants\/antonio-cayolla\/\"]}]},{\"@type\":\"BreadcrumbList\",\"@id\":\"https:\/\/vca2022.valadascoriel.com\/fr\/equipe\/consultants\/antonio-cayolla\/#breadcrumb\",\"itemListElement\":[{\"@type\":\"ListItem\",\"position\":1,\"name\":\"Home\",\"item\":\"https:\/\/vca2022.valadascoriel.com\/fr\/\"},{\"@type\":\"ListItem\",\"position\":2,\"name\":\"\u00c9quipe\",\"item\":\"https:\/\/vca2022.valadascoriel.com\/fr\/equipe\/\"},{\"@type\":\"ListItem\",\"position\":3,\"name\":\"Consultants\",\"item\":\"https:\/\/vca2022.valadascoriel.com\/fr\/equipe\/consultants\/\"},{\"@type\":\"ListItem\",\"position\":4,\"name\":\"Ant\u00f3nio Cayolla\"}]},{\"@type\":\"WebSite\",\"@id\":\"https:\/\/vca2022.valadascoriel.com\/#website\",\"url\":\"https:\/\/vca2022.valadascoriel.com\/\",\"name\":\"Valadas Coriel &amp; Associados\",\"description\":\"Sociedade de Advogados RL\",\"potentialAction\":[{\"@type\":\"SearchAction\",\"target\":{\"@type\":\"EntryPoint\",\"urlTemplate\":\"https:\/\/vca2022.valadascoriel.com\/?s={search_term_string}\"},\"query-input\":\"required name=search_term_string\"}],\"inLanguage\":\"fr-FR\"}]}<\/script>\n<!-- \/ Yoast SEO plugin. -->","yoast_head_json":{"title":"Ant\u00f3nio Cayolla - Valadas Coriel &amp; Associados","robots":{"index":"index","follow":"follow","max-snippet":"max-snippet:-1","max-image-preview":"max-image-preview:large","max-video-preview":"max-video-preview:-1"},"canonical":"https:\/\/vca2022.valadascoriel.com\/fr\/equipe\/consultants\/antonio-cayolla\/","og_locale":"fr_FR","og_type":"article","og_title":"Ant\u00f3nio Cayolla - Valadas Coriel &amp; Associados","og_description":"[one_third][\/one_third] [two_third_last] Ant\u00f3nio Cayolla Ant\u00f3nio Cayolla collabore avec VC&amp;A depuis 2006. C&rsquo;est un avocat membre du d\u00e9partement du contentieux. Contentieux de travail \u00e0 haut volume et complexit\u00e9 sp\u00e9cifique, destin\u00e9 en particulier pour des entreprises du secteur de la s\u00e9curit\u00e9 priv\u00e9e. Contentieux administratif dans le domaine des r\u00e8glements applicables au secteur de la s\u00e9curit\u00e9 priv\u00e9e. Conseil [&hellip;]","og_url":"https:\/\/vca2022.valadascoriel.com\/fr\/equipe\/consultants\/antonio-cayolla\/","og_site_name":"Valadas Coriel &amp; Associados","article_modified_time":"2014-11-06T15:05:43+00:00","og_image":[{"url":"http:\/\/www.valadascoriel.com\/wp-content\/uploads\/2013\/04\/15-AC-300x300.jpg"}],"twitter_misc":{"Dur\u00e9e de lecture estim\u00e9e":"1 minute"},"schema":{"@context":"https:\/\/schema.org","@graph":[{"@type":"WebPage","@id":"https:\/\/vca2022.valadascoriel.com\/fr\/equipe\/consultants\/antonio-cayolla\/","url":"https:\/\/vca2022.valadascoriel.com\/fr\/equipe\/consultants\/antonio-cayolla\/","name":"Ant\u00f3nio Cayolla - Valadas Coriel &amp; Associados","isPartOf":{"@id":"https:\/\/vca2022.valadascoriel.com\/#website"},"datePublished":"2014-11-06T12:44:17+00:00","dateModified":"2014-11-06T15:05:43+00:00","breadcrumb":{"@id":"https:\/\/vca2022.valadascoriel.com\/fr\/equipe\/consultants\/antonio-cayolla\/#breadcrumb"},"inLanguage":"fr-FR","potentialAction":[{"@type":"ReadAction","target":["https:\/\/vca2022.valadascoriel.com\/fr\/equipe\/consultants\/antonio-cayolla\/"]}]},{"@type":"BreadcrumbList","@id":"https:\/\/vca2022.valadascoriel.com\/fr\/equipe\/consultants\/antonio-cayolla\/#breadcrumb","itemListElement":[{"@type":"ListItem","position":1,"name":"Home","item":"https:\/\/vca2022.valadascoriel.com\/fr\/"},{"@type":"ListItem","position":2,"name":"\u00c9quipe","item":"https:\/\/vca2022.valadascoriel.com\/fr\/equipe\/"},{"@type":"ListItem","position":3,"name":"Consultants","item":"https:\/\/vca2022.valadascoriel.com\/fr\/equipe\/consultants\/"},{"@type":"ListItem","position":4,"name":"Ant\u00f3nio Cayolla"}]},{"@type":"WebSite","@id":"https:\/\/vca2022.valadascoriel.com\/#website","url":"https:\/\/vca2022.valadascoriel.com\/","name":"Valadas Coriel &amp; Associados","description":"Sociedade de Advogados RL","potentialAction":[{"@type":"SearchAction","target":{"@type":"EntryPoint","urlTemplate":"https:\/\/vca2022.valadascoriel.com\/?s={search_term_string}"},"query-input":"required name=search_term_string"}],"inLanguage":"fr-FR"}]}},"_links":{"self":[{"href":"https:\/\/vca2022.valadascoriel.com\/fr\/wp-json\/wp\/v2\/pages\/1807"}],"collection":[{"href":"https:\/\/vca2022.valadascoriel.com\/fr\/wp-json\/wp\/v2\/pages"}],"about":[{"href":"https:\/\/vca2022.valadascoriel.com\/fr\/wp-json\/wp\/v2\/types\/page"}],"author":[{"embeddable":true,"href":"https:\/\/vca2022.valadascoriel.com\/fr\/wp-json\/wp\/v2\/users\/1"}],"replies":[{"embeddable":true,"href":"https:\/\/vca2022.valadascoriel.com\/fr\/wp-json\/wp\/v2\/comments?post=1807"}],"version-history":[{"count":3,"href":"https:\/\/vca2022.valadascoriel.com\/fr\/wp-json\/wp\/v2\/pages\/1807\/revisions"}],"predecessor-version":[{"id":1872,"href":"https:\/\/vca2022.valadascoriel.com\/fr\/wp-json\/wp\/v2\/pages\/1807\/revisions\/1872"}],"up":[{"embeddable":true,"href":"https:\/\/vca2022.valadascoriel.com\/fr\/wp-json\/wp\/v2\/pages\/1800"}],"wp:attachment":[{"href":"https:\/\/vca2022.valadascoriel.com\/fr\/wp-json\/wp\/v2\/media?parent=1807"}],"curies":[{"name":"wp","href":"https:\/\/api.w.org\/{rel}","templated":true}]}}