{"id":1768,"date":"2014-11-06T12:00:16","date_gmt":"2014-11-06T12:00:16","guid":{"rendered":"http:\/\/www.valadascoriel.com\/?page_id=1768"},"modified":"2014-11-19T16:28:41","modified_gmt":"2014-11-19T16:28:41","slug":"ana-catarina-monteiro","status":"publish","type":"page","link":"https:\/\/vca2022.valadascoriel.com\/fr\/equipe\/gestion-et-administration\/ana-catarina-monteiro\/","title":{"rendered":"Ana Catarina Monteiro"},"content":{"rendered":"<p>[one_third]<img decoding=\"async\" loading=\"lazy\" class=\"alignnone wp-image-1512 size-medium\" src=\"http:\/\/www.valadascoriel.com\/wp-content\/uploads\/2013\/04\/Cat-2-300x300.jpg\" alt=\"\" width=\"300\" height=\"300\" srcset=\"https:\/\/vca2022.valadascoriel.com\/wp-content\/uploads\/2013\/04\/Cat-2-300x300.jpg 300w, https:\/\/vca2022.valadascoriel.com\/wp-content\/uploads\/2013\/04\/Cat-2-150x150.jpg 150w, https:\/\/vca2022.valadascoriel.com\/wp-content\/uploads\/2013\/04\/Cat-2-520x520.jpg 520w, https:\/\/vca2022.valadascoriel.com\/wp-content\/uploads\/2013\/04\/Cat-2.jpg 2000w\" sizes=\"(max-width: 300px) 100vw, 300px\" \/>[\/one_third]<\/p>\n<p>[two_third_last]<\/p>\n<h1>Ana Catarina Monteiro<\/h1>\n<p>Ana Catarina Monteiro travaille \u00e0 VCA depuis 2013 o\u00f9 elle a des fonctions d&rsquo;assistante administrative de la Direction Financi\u00e8re.<\/p>\n<p>Office Manager et PA dans le bureau d` Avocats Cameira Law \u00e0 Londres depuis 2001-2008; Adjointe ex\u00e9cutive et PA \u00e0 Farinhas Branca de Neve\/Raul Cesar Ferreira Herd. SA depuis 2008 \u00e0 2010;\u00a0entre 2010 et 2011, direction financi\u00e8re \u00e0 Newage Consulting<\/p>\n<p><strong>Formation Acad\u00e9mique<\/strong><\/p>\n<p>Licence en traduction et interpr\u00e9tation variante anglaise allemande, dans l`Universit\u00e9 Autonome de Lisbonne, UAL.<\/p>\n<p><strong>Langues<\/strong><\/p>\n<p>Portugais, anglais, fran\u00e7ais et allemand.<\/p>\n<h3>Contacts<\/h3>\n<p><a href=\"mailto:catarina.monteiro@valadascoriel.com\">catarina.monteiro@valadascoriel.com<\/a><\/p>\n<p>[\/two_third_last]<\/p>\n","protected":false},"excerpt":{"rendered":"<p>[one_third][\/one_third] [two_third_last] Ana Catarina Monteiro Ana Catarina Monteiro travaille \u00e0 VCA depuis 2013 o\u00f9 elle a des fonctions d&rsquo;assistante administrative de la Direction Financi\u00e8re. Office Manager et PA dans le bureau d` Avocats Cameira Law \u00e0 Londres depuis 2001-2008; Adjointe ex\u00e9cutive et PA \u00e0 Farinhas Branca de Neve\/Raul Cesar Ferreira Herd. SA depuis 2008 \u00e0 [&hellip;]<\/p>\n","protected":false},"author":1,"featured_media":0,"parent":1805,"menu_order":0,"comment_status":"closed","ping_status":"closed","template":"","meta":[],"yoast_head":"<!-- This site is optimized with the Yoast SEO plugin v20.10 - https:\/\/yoast.com\/wordpress\/plugins\/seo\/ -->\n<title>Ana Catarina Monteiro - Valadas Coriel &amp; Associados<\/title>\n<meta name=\"robots\" content=\"index, follow, max-snippet:-1, max-image-preview:large, max-video-preview:-1\" \/>\n<link rel=\"canonical\" href=\"https:\/\/vca2022.valadascoriel.com\/fr\/equipe\/gestion-et-administration\/ana-catarina-monteiro\/\" \/>\n<meta property=\"og:locale\" content=\"fr_FR\" \/>\n<meta property=\"og:type\" content=\"article\" \/>\n<meta property=\"og:title\" content=\"Ana Catarina Monteiro - Valadas Coriel &amp; Associados\" \/>\n<meta property=\"og:description\" content=\"[one_third][\/one_third] [two_third_last] Ana Catarina Monteiro Ana Catarina Monteiro travaille \u00e0 VCA depuis 2013 o\u00f9 elle a des fonctions d&rsquo;assistante administrative de la Direction Financi\u00e8re. Office Manager et PA dans le bureau d` Avocats Cameira Law \u00e0 Londres depuis 2001-2008; Adjointe ex\u00e9cutive et PA \u00e0 Farinhas Branca de Neve\/Raul Cesar Ferreira Herd. SA depuis 2008 \u00e0 [&hellip;]\" \/>\n<meta property=\"og:url\" content=\"https:\/\/vca2022.valadascoriel.com\/fr\/equipe\/gestion-et-administration\/ana-catarina-monteiro\/\" \/>\n<meta property=\"og:site_name\" content=\"Valadas Coriel &amp; Associados\" \/>\n<meta property=\"article:modified_time\" content=\"2014-11-19T16:28:41+00:00\" \/>\n<meta property=\"og:image\" content=\"http:\/\/www.valadascoriel.com\/wp-content\/uploads\/2013\/04\/Cat-2-300x300.jpg\" \/>\n<script type=\"application\/ld+json\" class=\"yoast-schema-graph\">{\"@context\":\"https:\/\/schema.org\",\"@graph\":[{\"@type\":\"WebPage\",\"@id\":\"https:\/\/vca2022.valadascoriel.com\/fr\/equipe\/gestion-et-administration\/ana-catarina-monteiro\/\",\"url\":\"https:\/\/vca2022.valadascoriel.com\/fr\/equipe\/gestion-et-administration\/ana-catarina-monteiro\/\",\"name\":\"Ana Catarina Monteiro - Valadas Coriel &amp; Associados\",\"isPartOf\":{\"@id\":\"https:\/\/vca2022.valadascoriel.com\/#website\"},\"datePublished\":\"2014-11-06T12:00:16+00:00\",\"dateModified\":\"2014-11-19T16:28:41+00:00\",\"breadcrumb\":{\"@id\":\"https:\/\/vca2022.valadascoriel.com\/fr\/equipe\/gestion-et-administration\/ana-catarina-monteiro\/#breadcrumb\"},\"inLanguage\":\"fr-FR\",\"potentialAction\":[{\"@type\":\"ReadAction\",\"target\":[\"https:\/\/vca2022.valadascoriel.com\/fr\/equipe\/gestion-et-administration\/ana-catarina-monteiro\/\"]}]},{\"@type\":\"BreadcrumbList\",\"@id\":\"https:\/\/vca2022.valadascoriel.com\/fr\/equipe\/gestion-et-administration\/ana-catarina-monteiro\/#breadcrumb\",\"itemListElement\":[{\"@type\":\"ListItem\",\"position\":1,\"name\":\"Home\",\"item\":\"https:\/\/vca2022.valadascoriel.com\/fr\/\"},{\"@type\":\"ListItem\",\"position\":2,\"name\":\"\u00c9quipe\",\"item\":\"https:\/\/vca2022.valadascoriel.com\/fr\/equipe\/\"},{\"@type\":\"ListItem\",\"position\":3,\"name\":\"Gestion et administration\",\"item\":\"https:\/\/vca2022.valadascoriel.com\/fr\/equipe\/gestion-et-administration\/\"},{\"@type\":\"ListItem\",\"position\":4,\"name\":\"Ana Catarina Monteiro\"}]},{\"@type\":\"WebSite\",\"@id\":\"https:\/\/vca2022.valadascoriel.com\/#website\",\"url\":\"https:\/\/vca2022.valadascoriel.com\/\",\"name\":\"Valadas Coriel &amp; Associados\",\"description\":\"Sociedade de Advogados RL\",\"potentialAction\":[{\"@type\":\"SearchAction\",\"target\":{\"@type\":\"EntryPoint\",\"urlTemplate\":\"https:\/\/vca2022.valadascoriel.com\/?s={search_term_string}\"},\"query-input\":\"required name=search_term_string\"}],\"inLanguage\":\"fr-FR\"}]}<\/script>\n<!-- \/ Yoast SEO plugin. -->","yoast_head_json":{"title":"Ana Catarina Monteiro - Valadas Coriel &amp; Associados","robots":{"index":"index","follow":"follow","max-snippet":"max-snippet:-1","max-image-preview":"max-image-preview:large","max-video-preview":"max-video-preview:-1"},"canonical":"https:\/\/vca2022.valadascoriel.com\/fr\/equipe\/gestion-et-administration\/ana-catarina-monteiro\/","og_locale":"fr_FR","og_type":"article","og_title":"Ana Catarina Monteiro - Valadas Coriel &amp; Associados","og_description":"[one_third][\/one_third] [two_third_last] Ana Catarina Monteiro Ana Catarina Monteiro travaille \u00e0 VCA depuis 2013 o\u00f9 elle a des fonctions d&rsquo;assistante administrative de la Direction Financi\u00e8re. Office Manager et PA dans le bureau d` Avocats Cameira Law \u00e0 Londres depuis 2001-2008; Adjointe ex\u00e9cutive et PA \u00e0 Farinhas Branca de Neve\/Raul Cesar Ferreira Herd. SA depuis 2008 \u00e0 [&hellip;]","og_url":"https:\/\/vca2022.valadascoriel.com\/fr\/equipe\/gestion-et-administration\/ana-catarina-monteiro\/","og_site_name":"Valadas Coriel &amp; Associados","article_modified_time":"2014-11-19T16:28:41+00:00","og_image":[{"url":"http:\/\/www.valadascoriel.com\/wp-content\/uploads\/2013\/04\/Cat-2-300x300.jpg"}],"schema":{"@context":"https:\/\/schema.org","@graph":[{"@type":"WebPage","@id":"https:\/\/vca2022.valadascoriel.com\/fr\/equipe\/gestion-et-administration\/ana-catarina-monteiro\/","url":"https:\/\/vca2022.valadascoriel.com\/fr\/equipe\/gestion-et-administration\/ana-catarina-monteiro\/","name":"Ana Catarina Monteiro - Valadas Coriel &amp; Associados","isPartOf":{"@id":"https:\/\/vca2022.valadascoriel.com\/#website"},"datePublished":"2014-11-06T12:00:16+00:00","dateModified":"2014-11-19T16:28:41+00:00","breadcrumb":{"@id":"https:\/\/vca2022.valadascoriel.com\/fr\/equipe\/gestion-et-administration\/ana-catarina-monteiro\/#breadcrumb"},"inLanguage":"fr-FR","potentialAction":[{"@type":"ReadAction","target":["https:\/\/vca2022.valadascoriel.com\/fr\/equipe\/gestion-et-administration\/ana-catarina-monteiro\/"]}]},{"@type":"BreadcrumbList","@id":"https:\/\/vca2022.valadascoriel.com\/fr\/equipe\/gestion-et-administration\/ana-catarina-monteiro\/#breadcrumb","itemListElement":[{"@type":"ListItem","position":1,"name":"Home","item":"https:\/\/vca2022.valadascoriel.com\/fr\/"},{"@type":"ListItem","position":2,"name":"\u00c9quipe","item":"https:\/\/vca2022.valadascoriel.com\/fr\/equipe\/"},{"@type":"ListItem","position":3,"name":"Gestion et administration","item":"https:\/\/vca2022.valadascoriel.com\/fr\/equipe\/gestion-et-administration\/"},{"@type":"ListItem","position":4,"name":"Ana Catarina Monteiro"}]},{"@type":"WebSite","@id":"https:\/\/vca2022.valadascoriel.com\/#website","url":"https:\/\/vca2022.valadascoriel.com\/","name":"Valadas Coriel &amp; Associados","description":"Sociedade de Advogados RL","potentialAction":[{"@type":"SearchAction","target":{"@type":"EntryPoint","urlTemplate":"https:\/\/vca2022.valadascoriel.com\/?s={search_term_string}"},"query-input":"required name=search_term_string"}],"inLanguage":"fr-FR"}]}},"_links":{"self":[{"href":"https:\/\/vca2022.valadascoriel.com\/fr\/wp-json\/wp\/v2\/pages\/1768"}],"collection":[{"href":"https:\/\/vca2022.valadascoriel.com\/fr\/wp-json\/wp\/v2\/pages"}],"about":[{"href":"https:\/\/vca2022.valadascoriel.com\/fr\/wp-json\/wp\/v2\/types\/page"}],"author":[{"embeddable":true,"href":"https:\/\/vca2022.valadascoriel.com\/fr\/wp-json\/wp\/v2\/users\/1"}],"replies":[{"embeddable":true,"href":"https:\/\/vca2022.valadascoriel.com\/fr\/wp-json\/wp\/v2\/comments?post=1768"}],"version-history":[{"count":3,"href":"https:\/\/vca2022.valadascoriel.com\/fr\/wp-json\/wp\/v2\/pages\/1768\/revisions"}],"predecessor-version":[{"id":1905,"href":"https:\/\/vca2022.valadascoriel.com\/fr\/wp-json\/wp\/v2\/pages\/1768\/revisions\/1905"}],"up":[{"embeddable":true,"href":"https:\/\/vca2022.valadascoriel.com\/fr\/wp-json\/wp\/v2\/pages\/1805"}],"wp:attachment":[{"href":"https:\/\/vca2022.valadascoriel.com\/fr\/wp-json\/wp\/v2\/media?parent=1768"}],"curies":[{"name":"wp","href":"https:\/\/api.w.org\/{rel}","templated":true}]}}