{"id":1759,"date":"2014-11-06T11:46:54","date_gmt":"2014-11-06T11:46:54","guid":{"rendered":"http:\/\/www.valadascoriel.com\/?page_id=1759"},"modified":"2014-11-19T16:16:49","modified_gmt":"2014-11-19T16:16:49","slug":"ana-catarina-gomes","status":"publish","type":"page","link":"https:\/\/vca2022.valadascoriel.com\/fr\/equipe\/gestion-et-administration\/ana-catarina-gomes\/","title":{"rendered":"Ana Catarina Gomes"},"content":{"rendered":"<p>[one_third]<img decoding=\"async\" loading=\"lazy\" class=\"alignnone size-medium wp-image-1510\" src=\"http:\/\/www.valadascoriel.com\/wp-content\/uploads\/2013\/04\/Cat-1-300x300.jpg\" alt=\"Cat 1\" width=\"300\" height=\"300\" srcset=\"https:\/\/vca2022.valadascoriel.com\/wp-content\/uploads\/2013\/04\/Cat-1-300x300.jpg 300w, https:\/\/vca2022.valadascoriel.com\/wp-content\/uploads\/2013\/04\/Cat-1-150x150.jpg 150w, https:\/\/vca2022.valadascoriel.com\/wp-content\/uploads\/2013\/04\/Cat-1-520x520.jpg 520w, https:\/\/vca2022.valadascoriel.com\/wp-content\/uploads\/2013\/04\/Cat-1.jpg 2000w\" sizes=\"(max-width: 300px) 100vw, 300px\" \/>[\/one_third]<\/p>\n<p>[two_third_last]<\/p>\n<h1>Ana Catarina Gomes<\/h1>\n<p>Ana Catarina Gomes exerce les fonctions d&rsquo;adjointe administrative \u00a0\u00e0 VCA depuis 2013.<\/p>\n<p>Depuis 2006 jusqu`a 2011, elle \u00e9tait secr\u00e9taire dans une soci\u00e9t\u00e9 de b\u00e2timents o\u00f9 elle a acquis l` exp\u00e9rience dans les fonctions g\u00e9n\u00e9rales de bureau .<\/p>\n<p>Avant de rejoindre VCA elle a donn\u00e9 des cours d&rsquo;enrichissement scolaire aux \u00e9l\u00e8ves du 1er cycle.<\/p>\n<p><strong>Formation universitaire<\/strong><\/p>\n<p>Licence en Psychologie<\/p>\n<p><strong>Langues<\/strong><\/p>\n<p>Portugais et anglais.<\/p>\n<h3>Contacts<\/h3>\n<p><a href=\"mailto:catarina.gomes@valadascoriel.com\">catarina.gomes@valadascoriel.com<\/a><\/p>\n<p>[\/two_third_last]<\/p>\n","protected":false},"excerpt":{"rendered":"<p>[one_third][\/one_third] [two_third_last] Ana Catarina Gomes Ana Catarina Gomes exerce les fonctions d&rsquo;adjointe administrative \u00a0\u00e0 VCA depuis 2013. Depuis 2006 jusqu`a 2011, elle \u00e9tait secr\u00e9taire dans une soci\u00e9t\u00e9 de b\u00e2timents o\u00f9 elle a acquis l` exp\u00e9rience dans les fonctions g\u00e9n\u00e9rales de bureau . Avant de rejoindre VCA elle a donn\u00e9 des cours d&rsquo;enrichissement scolaire aux \u00e9l\u00e8ves [&hellip;]<\/p>\n","protected":false},"author":1,"featured_media":0,"parent":1805,"menu_order":0,"comment_status":"closed","ping_status":"closed","template":"","meta":[],"yoast_head":"<!-- This site is optimized with the Yoast SEO plugin v20.10 - https:\/\/yoast.com\/wordpress\/plugins\/seo\/ -->\n<title>Ana Catarina Gomes - Valadas Coriel &amp; Associados<\/title>\n<meta name=\"robots\" content=\"index, follow, max-snippet:-1, max-image-preview:large, max-video-preview:-1\" \/>\n<link rel=\"canonical\" href=\"https:\/\/vca2022.valadascoriel.com\/fr\/equipe\/gestion-et-administration\/ana-catarina-gomes\/\" \/>\n<meta property=\"og:locale\" content=\"fr_FR\" \/>\n<meta property=\"og:type\" content=\"article\" \/>\n<meta property=\"og:title\" content=\"Ana Catarina Gomes - Valadas Coriel &amp; Associados\" \/>\n<meta property=\"og:description\" content=\"[one_third][\/one_third] [two_third_last] Ana Catarina Gomes Ana Catarina Gomes exerce les fonctions d&rsquo;adjointe administrative \u00a0\u00e0 VCA depuis 2013. Depuis 2006 jusqu`a 2011, elle \u00e9tait secr\u00e9taire dans une soci\u00e9t\u00e9 de b\u00e2timents o\u00f9 elle a acquis l` exp\u00e9rience dans les fonctions g\u00e9n\u00e9rales de bureau . Avant de rejoindre VCA elle a donn\u00e9 des cours d&rsquo;enrichissement scolaire aux \u00e9l\u00e8ves [&hellip;]\" \/>\n<meta property=\"og:url\" content=\"https:\/\/vca2022.valadascoriel.com\/fr\/equipe\/gestion-et-administration\/ana-catarina-gomes\/\" \/>\n<meta property=\"og:site_name\" content=\"Valadas Coriel &amp; Associados\" \/>\n<meta property=\"article:modified_time\" content=\"2014-11-19T16:16:49+00:00\" \/>\n<meta property=\"og:image\" content=\"http:\/\/www.valadascoriel.com\/wp-content\/uploads\/2013\/04\/Cat-1-300x300.jpg\" \/>\n<script type=\"application\/ld+json\" class=\"yoast-schema-graph\">{\"@context\":\"https:\/\/schema.org\",\"@graph\":[{\"@type\":\"WebPage\",\"@id\":\"https:\/\/vca2022.valadascoriel.com\/fr\/equipe\/gestion-et-administration\/ana-catarina-gomes\/\",\"url\":\"https:\/\/vca2022.valadascoriel.com\/fr\/equipe\/gestion-et-administration\/ana-catarina-gomes\/\",\"name\":\"Ana Catarina Gomes - Valadas Coriel &amp; Associados\",\"isPartOf\":{\"@id\":\"https:\/\/vca2022.valadascoriel.com\/#website\"},\"datePublished\":\"2014-11-06T11:46:54+00:00\",\"dateModified\":\"2014-11-19T16:16:49+00:00\",\"breadcrumb\":{\"@id\":\"https:\/\/vca2022.valadascoriel.com\/fr\/equipe\/gestion-et-administration\/ana-catarina-gomes\/#breadcrumb\"},\"inLanguage\":\"fr-FR\",\"potentialAction\":[{\"@type\":\"ReadAction\",\"target\":[\"https:\/\/vca2022.valadascoriel.com\/fr\/equipe\/gestion-et-administration\/ana-catarina-gomes\/\"]}]},{\"@type\":\"BreadcrumbList\",\"@id\":\"https:\/\/vca2022.valadascoriel.com\/fr\/equipe\/gestion-et-administration\/ana-catarina-gomes\/#breadcrumb\",\"itemListElement\":[{\"@type\":\"ListItem\",\"position\":1,\"name\":\"Home\",\"item\":\"https:\/\/vca2022.valadascoriel.com\/fr\/\"},{\"@type\":\"ListItem\",\"position\":2,\"name\":\"\u00c9quipe\",\"item\":\"https:\/\/vca2022.valadascoriel.com\/fr\/equipe\/\"},{\"@type\":\"ListItem\",\"position\":3,\"name\":\"Gestion et administration\",\"item\":\"https:\/\/vca2022.valadascoriel.com\/fr\/equipe\/gestion-et-administration\/\"},{\"@type\":\"ListItem\",\"position\":4,\"name\":\"Ana Catarina Gomes\"}]},{\"@type\":\"WebSite\",\"@id\":\"https:\/\/vca2022.valadascoriel.com\/#website\",\"url\":\"https:\/\/vca2022.valadascoriel.com\/\",\"name\":\"Valadas Coriel &amp; Associados\",\"description\":\"Sociedade de Advogados RL\",\"potentialAction\":[{\"@type\":\"SearchAction\",\"target\":{\"@type\":\"EntryPoint\",\"urlTemplate\":\"https:\/\/vca2022.valadascoriel.com\/?s={search_term_string}\"},\"query-input\":\"required name=search_term_string\"}],\"inLanguage\":\"fr-FR\"}]}<\/script>\n<!-- \/ Yoast SEO plugin. -->","yoast_head_json":{"title":"Ana Catarina Gomes - Valadas Coriel &amp; Associados","robots":{"index":"index","follow":"follow","max-snippet":"max-snippet:-1","max-image-preview":"max-image-preview:large","max-video-preview":"max-video-preview:-1"},"canonical":"https:\/\/vca2022.valadascoriel.com\/fr\/equipe\/gestion-et-administration\/ana-catarina-gomes\/","og_locale":"fr_FR","og_type":"article","og_title":"Ana Catarina Gomes - Valadas Coriel &amp; Associados","og_description":"[one_third][\/one_third] [two_third_last] Ana Catarina Gomes Ana Catarina Gomes exerce les fonctions d&rsquo;adjointe administrative \u00a0\u00e0 VCA depuis 2013. Depuis 2006 jusqu`a 2011, elle \u00e9tait secr\u00e9taire dans une soci\u00e9t\u00e9 de b\u00e2timents o\u00f9 elle a acquis l` exp\u00e9rience dans les fonctions g\u00e9n\u00e9rales de bureau . Avant de rejoindre VCA elle a donn\u00e9 des cours d&rsquo;enrichissement scolaire aux \u00e9l\u00e8ves [&hellip;]","og_url":"https:\/\/vca2022.valadascoriel.com\/fr\/equipe\/gestion-et-administration\/ana-catarina-gomes\/","og_site_name":"Valadas Coriel &amp; Associados","article_modified_time":"2014-11-19T16:16:49+00:00","og_image":[{"url":"http:\/\/www.valadascoriel.com\/wp-content\/uploads\/2013\/04\/Cat-1-300x300.jpg"}],"schema":{"@context":"https:\/\/schema.org","@graph":[{"@type":"WebPage","@id":"https:\/\/vca2022.valadascoriel.com\/fr\/equipe\/gestion-et-administration\/ana-catarina-gomes\/","url":"https:\/\/vca2022.valadascoriel.com\/fr\/equipe\/gestion-et-administration\/ana-catarina-gomes\/","name":"Ana Catarina Gomes - Valadas Coriel &amp; Associados","isPartOf":{"@id":"https:\/\/vca2022.valadascoriel.com\/#website"},"datePublished":"2014-11-06T11:46:54+00:00","dateModified":"2014-11-19T16:16:49+00:00","breadcrumb":{"@id":"https:\/\/vca2022.valadascoriel.com\/fr\/equipe\/gestion-et-administration\/ana-catarina-gomes\/#breadcrumb"},"inLanguage":"fr-FR","potentialAction":[{"@type":"ReadAction","target":["https:\/\/vca2022.valadascoriel.com\/fr\/equipe\/gestion-et-administration\/ana-catarina-gomes\/"]}]},{"@type":"BreadcrumbList","@id":"https:\/\/vca2022.valadascoriel.com\/fr\/equipe\/gestion-et-administration\/ana-catarina-gomes\/#breadcrumb","itemListElement":[{"@type":"ListItem","position":1,"name":"Home","item":"https:\/\/vca2022.valadascoriel.com\/fr\/"},{"@type":"ListItem","position":2,"name":"\u00c9quipe","item":"https:\/\/vca2022.valadascoriel.com\/fr\/equipe\/"},{"@type":"ListItem","position":3,"name":"Gestion et administration","item":"https:\/\/vca2022.valadascoriel.com\/fr\/equipe\/gestion-et-administration\/"},{"@type":"ListItem","position":4,"name":"Ana Catarina Gomes"}]},{"@type":"WebSite","@id":"https:\/\/vca2022.valadascoriel.com\/#website","url":"https:\/\/vca2022.valadascoriel.com\/","name":"Valadas Coriel &amp; Associados","description":"Sociedade de Advogados RL","potentialAction":[{"@type":"SearchAction","target":{"@type":"EntryPoint","urlTemplate":"https:\/\/vca2022.valadascoriel.com\/?s={search_term_string}"},"query-input":"required name=search_term_string"}],"inLanguage":"fr-FR"}]}},"_links":{"self":[{"href":"https:\/\/vca2022.valadascoriel.com\/fr\/wp-json\/wp\/v2\/pages\/1759"}],"collection":[{"href":"https:\/\/vca2022.valadascoriel.com\/fr\/wp-json\/wp\/v2\/pages"}],"about":[{"href":"https:\/\/vca2022.valadascoriel.com\/fr\/wp-json\/wp\/v2\/types\/page"}],"author":[{"embeddable":true,"href":"https:\/\/vca2022.valadascoriel.com\/fr\/wp-json\/wp\/v2\/users\/1"}],"replies":[{"embeddable":true,"href":"https:\/\/vca2022.valadascoriel.com\/fr\/wp-json\/wp\/v2\/comments?post=1759"}],"version-history":[{"count":3,"href":"https:\/\/vca2022.valadascoriel.com\/fr\/wp-json\/wp\/v2\/pages\/1759\/revisions"}],"predecessor-version":[{"id":1903,"href":"https:\/\/vca2022.valadascoriel.com\/fr\/wp-json\/wp\/v2\/pages\/1759\/revisions\/1903"}],"up":[{"embeddable":true,"href":"https:\/\/vca2022.valadascoriel.com\/fr\/wp-json\/wp\/v2\/pages\/1805"}],"wp:attachment":[{"href":"https:\/\/vca2022.valadascoriel.com\/fr\/wp-json\/wp\/v2\/media?parent=1759"}],"curies":[{"name":"wp","href":"https:\/\/api.w.org\/{rel}","templated":true}]}}