{"id":1753,"date":"2014-11-06T11:34:28","date_gmt":"2014-11-06T11:34:28","guid":{"rendered":"http:\/\/www.valadascoriel.com\/?page_id=1753"},"modified":"2014-11-19T16:34:32","modified_gmt":"2014-11-19T16:34:32","slug":"duarte-jardine","status":"publish","type":"page","link":"https:\/\/vca2022.valadascoriel.com\/fr\/equipe\/consultants\/duarte-jardine\/","title":{"rendered":"Duarte Jardine"},"content":{"rendered":"<p>[one_third]<a href=\"http:\/\/www.valadascoriel.com\/wp-content\/uploads\/2013\/04\/DJ.jpg\"><img decoding=\"async\" loading=\"lazy\" src=\"http:\/\/www.valadascoriel.com\/wp-content\/uploads\/2013\/04\/DJ-300x300.jpg\" alt=\"DJ\" width=\"300\" height=\"300\" \/><\/a>[\/one_third]<\/p>\n<p>[two_third_last]<\/p>\n<h1>Duarte Jardine<\/h1>\n<p>Duarte Jardine travaille avec VCA depuis 2012, o\u00f9 il est consultant et New Business Developer.<\/p>\n<p>Apr\u00e8s avoir d\u00e9but\u00e9 sa carri\u00e8re chez CB Richard Ellis o\u00f9 il a \u00e9t\u00e9 pendant 12 ans entant que Directeur \u00a0\u00a0\u00a0\u00a0\u00a0\u00a0d`Asset Management, il a \u00e9t\u00e9 administrateur de L&rsquo;h\u00e9ritage de Santa Casa da Misericordia de Lisboa et au cours des derni\u00e8res ann\u00e9es a \u00e9t\u00e9 Directeur d`expansion \u00e0 Jer\u00f3nimo Martins Restaura\u00e7\u00e3o e Servi\u00e7os, SA.<\/p>\n<p><strong>Formation Acad\u00e9mique<\/strong><\/p>\n<p>Licence en Sciences Politiques dans l&rsquo;Universit\u00e9 Lus\u00edada, Executive Master en Finance, ISCTE.<\/p>\n<p><strong>Langues<\/strong><\/p>\n<p>Portugais, anglais, espagnol et fran\u00e7ais.<\/p>\n<h3>Contacts<\/h3>\n<p><a href=\"mailto:duarte.jardine@valadascoriel.com\">duarte.jardine@valadascoriel.com<\/a><\/p>\n<p>[\/two_third_last]<\/p>\n","protected":false},"excerpt":{"rendered":"<p>[one_third][\/one_third] [two_third_last] Duarte Jardine Duarte Jardine travaille avec VCA depuis 2012, o\u00f9 il est consultant et New Business Developer. Apr\u00e8s avoir d\u00e9but\u00e9 sa carri\u00e8re chez CB Richard Ellis o\u00f9 il a \u00e9t\u00e9 pendant 12 ans entant que Directeur \u00a0\u00a0\u00a0\u00a0\u00a0\u00a0d`Asset Management, il a \u00e9t\u00e9 administrateur de L&rsquo;h\u00e9ritage de Santa Casa da Misericordia de Lisboa et au [&hellip;]<\/p>\n","protected":false},"author":1,"featured_media":0,"parent":1800,"menu_order":0,"comment_status":"closed","ping_status":"closed","template":"","meta":[],"yoast_head":"<!-- This site is optimized with the Yoast SEO plugin v20.10 - https:\/\/yoast.com\/wordpress\/plugins\/seo\/ -->\n<title>Duarte Jardine - Valadas Coriel &amp; Associados<\/title>\n<meta name=\"robots\" content=\"index, follow, max-snippet:-1, max-image-preview:large, max-video-preview:-1\" \/>\n<link rel=\"canonical\" href=\"https:\/\/vca2022.valadascoriel.com\/fr\/equipe\/consultants\/duarte-jardine\/\" \/>\n<meta property=\"og:locale\" content=\"fr_FR\" \/>\n<meta property=\"og:type\" content=\"article\" \/>\n<meta property=\"og:title\" content=\"Duarte Jardine - Valadas Coriel &amp; Associados\" \/>\n<meta property=\"og:description\" content=\"[one_third][\/one_third] [two_third_last] Duarte Jardine Duarte Jardine travaille avec VCA depuis 2012, o\u00f9 il est consultant et New Business Developer. Apr\u00e8s avoir d\u00e9but\u00e9 sa carri\u00e8re chez CB Richard Ellis o\u00f9 il a \u00e9t\u00e9 pendant 12 ans entant que Directeur \u00a0\u00a0\u00a0\u00a0\u00a0\u00a0d`Asset Management, il a \u00e9t\u00e9 administrateur de L&rsquo;h\u00e9ritage de Santa Casa da Misericordia de Lisboa et au [&hellip;]\" \/>\n<meta property=\"og:url\" content=\"https:\/\/vca2022.valadascoriel.com\/fr\/equipe\/consultants\/duarte-jardine\/\" \/>\n<meta property=\"og:site_name\" content=\"Valadas Coriel &amp; Associados\" \/>\n<meta property=\"article:modified_time\" content=\"2014-11-19T16:34:32+00:00\" \/>\n<meta property=\"og:image\" content=\"http:\/\/www.valadascoriel.com\/wp-content\/uploads\/2013\/04\/DJ-300x300.jpg\" \/>\n<meta name=\"twitter:label1\" content=\"Dur\u00e9e de lecture estim\u00e9e\" \/>\n\t<meta name=\"twitter:data1\" content=\"1 minute\" \/>\n<script type=\"application\/ld+json\" class=\"yoast-schema-graph\">{\"@context\":\"https:\/\/schema.org\",\"@graph\":[{\"@type\":\"WebPage\",\"@id\":\"https:\/\/vca2022.valadascoriel.com\/fr\/equipe\/consultants\/duarte-jardine\/\",\"url\":\"https:\/\/vca2022.valadascoriel.com\/fr\/equipe\/consultants\/duarte-jardine\/\",\"name\":\"Duarte Jardine - Valadas Coriel &amp; Associados\",\"isPartOf\":{\"@id\":\"https:\/\/vca2022.valadascoriel.com\/#website\"},\"datePublished\":\"2014-11-06T11:34:28+00:00\",\"dateModified\":\"2014-11-19T16:34:32+00:00\",\"breadcrumb\":{\"@id\":\"https:\/\/vca2022.valadascoriel.com\/fr\/equipe\/consultants\/duarte-jardine\/#breadcrumb\"},\"inLanguage\":\"fr-FR\",\"potentialAction\":[{\"@type\":\"ReadAction\",\"target\":[\"https:\/\/vca2022.valadascoriel.com\/fr\/equipe\/consultants\/duarte-jardine\/\"]}]},{\"@type\":\"BreadcrumbList\",\"@id\":\"https:\/\/vca2022.valadascoriel.com\/fr\/equipe\/consultants\/duarte-jardine\/#breadcrumb\",\"itemListElement\":[{\"@type\":\"ListItem\",\"position\":1,\"name\":\"Home\",\"item\":\"https:\/\/vca2022.valadascoriel.com\/fr\/\"},{\"@type\":\"ListItem\",\"position\":2,\"name\":\"\u00c9quipe\",\"item\":\"https:\/\/vca2022.valadascoriel.com\/fr\/equipe\/\"},{\"@type\":\"ListItem\",\"position\":3,\"name\":\"Consultants\",\"item\":\"https:\/\/vca2022.valadascoriel.com\/fr\/equipe\/consultants\/\"},{\"@type\":\"ListItem\",\"position\":4,\"name\":\"Duarte Jardine\"}]},{\"@type\":\"WebSite\",\"@id\":\"https:\/\/vca2022.valadascoriel.com\/#website\",\"url\":\"https:\/\/vca2022.valadascoriel.com\/\",\"name\":\"Valadas Coriel &amp; Associados\",\"description\":\"Sociedade de Advogados RL\",\"potentialAction\":[{\"@type\":\"SearchAction\",\"target\":{\"@type\":\"EntryPoint\",\"urlTemplate\":\"https:\/\/vca2022.valadascoriel.com\/?s={search_term_string}\"},\"query-input\":\"required name=search_term_string\"}],\"inLanguage\":\"fr-FR\"}]}<\/script>\n<!-- \/ Yoast SEO plugin. -->","yoast_head_json":{"title":"Duarte Jardine - Valadas Coriel &amp; Associados","robots":{"index":"index","follow":"follow","max-snippet":"max-snippet:-1","max-image-preview":"max-image-preview:large","max-video-preview":"max-video-preview:-1"},"canonical":"https:\/\/vca2022.valadascoriel.com\/fr\/equipe\/consultants\/duarte-jardine\/","og_locale":"fr_FR","og_type":"article","og_title":"Duarte Jardine - Valadas Coriel &amp; Associados","og_description":"[one_third][\/one_third] [two_third_last] Duarte Jardine Duarte Jardine travaille avec VCA depuis 2012, o\u00f9 il est consultant et New Business Developer. Apr\u00e8s avoir d\u00e9but\u00e9 sa carri\u00e8re chez CB Richard Ellis o\u00f9 il a \u00e9t\u00e9 pendant 12 ans entant que Directeur \u00a0\u00a0\u00a0\u00a0\u00a0\u00a0d`Asset Management, il a \u00e9t\u00e9 administrateur de L&rsquo;h\u00e9ritage de Santa Casa da Misericordia de Lisboa et au [&hellip;]","og_url":"https:\/\/vca2022.valadascoriel.com\/fr\/equipe\/consultants\/duarte-jardine\/","og_site_name":"Valadas Coriel &amp; Associados","article_modified_time":"2014-11-19T16:34:32+00:00","og_image":[{"url":"http:\/\/www.valadascoriel.com\/wp-content\/uploads\/2013\/04\/DJ-300x300.jpg"}],"twitter_misc":{"Dur\u00e9e de lecture estim\u00e9e":"1 minute"},"schema":{"@context":"https:\/\/schema.org","@graph":[{"@type":"WebPage","@id":"https:\/\/vca2022.valadascoriel.com\/fr\/equipe\/consultants\/duarte-jardine\/","url":"https:\/\/vca2022.valadascoriel.com\/fr\/equipe\/consultants\/duarte-jardine\/","name":"Duarte Jardine - Valadas Coriel &amp; Associados","isPartOf":{"@id":"https:\/\/vca2022.valadascoriel.com\/#website"},"datePublished":"2014-11-06T11:34:28+00:00","dateModified":"2014-11-19T16:34:32+00:00","breadcrumb":{"@id":"https:\/\/vca2022.valadascoriel.com\/fr\/equipe\/consultants\/duarte-jardine\/#breadcrumb"},"inLanguage":"fr-FR","potentialAction":[{"@type":"ReadAction","target":["https:\/\/vca2022.valadascoriel.com\/fr\/equipe\/consultants\/duarte-jardine\/"]}]},{"@type":"BreadcrumbList","@id":"https:\/\/vca2022.valadascoriel.com\/fr\/equipe\/consultants\/duarte-jardine\/#breadcrumb","itemListElement":[{"@type":"ListItem","position":1,"name":"Home","item":"https:\/\/vca2022.valadascoriel.com\/fr\/"},{"@type":"ListItem","position":2,"name":"\u00c9quipe","item":"https:\/\/vca2022.valadascoriel.com\/fr\/equipe\/"},{"@type":"ListItem","position":3,"name":"Consultants","item":"https:\/\/vca2022.valadascoriel.com\/fr\/equipe\/consultants\/"},{"@type":"ListItem","position":4,"name":"Duarte Jardine"}]},{"@type":"WebSite","@id":"https:\/\/vca2022.valadascoriel.com\/#website","url":"https:\/\/vca2022.valadascoriel.com\/","name":"Valadas Coriel &amp; Associados","description":"Sociedade de Advogados RL","potentialAction":[{"@type":"SearchAction","target":{"@type":"EntryPoint","urlTemplate":"https:\/\/vca2022.valadascoriel.com\/?s={search_term_string}"},"query-input":"required name=search_term_string"}],"inLanguage":"fr-FR"}]}},"_links":{"self":[{"href":"https:\/\/vca2022.valadascoriel.com\/fr\/wp-json\/wp\/v2\/pages\/1753"}],"collection":[{"href":"https:\/\/vca2022.valadascoriel.com\/fr\/wp-json\/wp\/v2\/pages"}],"about":[{"href":"https:\/\/vca2022.valadascoriel.com\/fr\/wp-json\/wp\/v2\/types\/page"}],"author":[{"embeddable":true,"href":"https:\/\/vca2022.valadascoriel.com\/fr\/wp-json\/wp\/v2\/users\/1"}],"replies":[{"embeddable":true,"href":"https:\/\/vca2022.valadascoriel.com\/fr\/wp-json\/wp\/v2\/comments?post=1753"}],"version-history":[{"count":3,"href":"https:\/\/vca2022.valadascoriel.com\/fr\/wp-json\/wp\/v2\/pages\/1753\/revisions"}],"predecessor-version":[{"id":1907,"href":"https:\/\/vca2022.valadascoriel.com\/fr\/wp-json\/wp\/v2\/pages\/1753\/revisions\/1907"}],"up":[{"embeddable":true,"href":"https:\/\/vca2022.valadascoriel.com\/fr\/wp-json\/wp\/v2\/pages\/1800"}],"wp:attachment":[{"href":"https:\/\/vca2022.valadascoriel.com\/fr\/wp-json\/wp\/v2\/media?parent=1753"}],"curies":[{"name":"wp","href":"https:\/\/api.w.org\/{rel}","templated":true}]}}