{"id":1650,"date":"2014-10-22T15:18:48","date_gmt":"2014-10-22T15:18:48","guid":{"rendered":"http:\/\/www.valadascoriel.com\/?page_id=1650"},"modified":"2014-10-22T15:18:48","modified_gmt":"2014-10-22T15:18:48","slug":"disclaimer-3","status":"publish","type":"page","link":"https:\/\/vca2022.valadascoriel.com\/fr\/disclaimer-3\/","title":{"rendered":"Disclaimer"},"content":{"rendered":"<h1>DISCLAIMER<\/h1>\n<p>L&rsquo;objectif et le contenu du pr\u00e9sent site consistent \u00e0 fournir des informations \u00e0 caract\u00e8re g\u00e9n\u00e9ral. Il n&rsquo;y a pas de contenus publicitaires. Ce site ne constitue en aucun cas une source de conseil ou de prestation de services juridiques, et ne substituera en aucun cas la relation professionnelle entre l&rsquo;avocat et son client.<\/p>\n<p>Chaque fois que vous aurez besoin de conseils juridiques concernant votre situation concr\u00e8te, vous devrez consulter un avocat. Pour cela, vous pourrez nous contacter par t\u00e9l\u00e9phone, lettre ou e-mail.<\/p>\n<p>Valadas Coriel &amp; Associados autorise le t\u00e9l\u00e9chargement et le stockage temporaire du contenu de ce site \u00e0 des fins de visionnage de ce dernier sur un ordinateur personnel ou un \u00e9cran. La reproduction, le stockage permanent ou la retransmission du contenu de ce site sont express\u00e9ment interdits sans l&rsquo;autorisation pr\u00e9alable et par \u00e9crit de Valadas Coriel &amp; Associados. La totalit\u00e9 du contenu de ce site est prot\u00e9g\u00e9e par les droits de propri\u00e9t\u00e9 industrielle et intellectuelle.<\/p>\n<p>Ce site contient des liens vers d&rsquo;autres sites. Ces liens ne sont mis \u00e0 disposition qu&rsquo;en raison de l&rsquo;int\u00e9r\u00eat pour les utilisateurs de ce site. Valadas Coriel &amp; Associados ne se responsabilise pour aucun contenu de tous les sites dont les liens se trouvent sur ce site.<\/p>\n<p>Valadas Coriel &amp; Associados, ses associ\u00e9s et collaborateurs, les employ\u00e9s et les repr\u00e9sentants, ne peuvent pas \u00eatre responsabilis\u00e9s des dommages caus\u00e9s par l&rsquo;utilisation de ce site.<\/p>\n<p>Valadas Coriel &amp; Associados ne garantit pas l&rsquo;absence de virus ou d&rsquo;autres \u00e9l\u00e9ments pr\u00e9judiciables qui puissent causer des dommages ou des modifications du syst\u00e8me informatique, des documents \u00e9lectroniques ou des fichiers de l&rsquo;utilisateur.<\/p>\n","protected":false},"excerpt":{"rendered":"<p>DISCLAIMER L&rsquo;objectif et le contenu du pr\u00e9sent site consistent \u00e0 fournir des informations \u00e0 caract\u00e8re g\u00e9n\u00e9ral. Il n&rsquo;y a pas de contenus publicitaires. Ce site ne constitue en aucun cas une source de conseil ou de prestation de services juridiques, et ne substituera en aucun cas la relation professionnelle entre l&rsquo;avocat et son client. Chaque [&hellip;]<\/p>\n","protected":false},"author":1,"featured_media":0,"parent":0,"menu_order":100,"comment_status":"open","ping_status":"closed","template":"template-content_narrow.php","meta":[],"yoast_head":"<!-- This site is optimized with the Yoast SEO plugin v20.10 - https:\/\/yoast.com\/wordpress\/plugins\/seo\/ -->\n<title>Disclaimer - Valadas Coriel &amp; Associados<\/title>\n<meta name=\"robots\" content=\"index, follow, max-snippet:-1, max-image-preview:large, max-video-preview:-1\" \/>\n<link rel=\"canonical\" href=\"https:\/\/vca2022.valadascoriel.com\/fr\/disclaimer-3\/\" \/>\n<meta property=\"og:locale\" content=\"fr_FR\" \/>\n<meta property=\"og:type\" content=\"article\" \/>\n<meta property=\"og:title\" content=\"Disclaimer - Valadas Coriel &amp; Associados\" \/>\n<meta property=\"og:description\" content=\"DISCLAIMER L&rsquo;objectif et le contenu du pr\u00e9sent site consistent \u00e0 fournir des informations \u00e0 caract\u00e8re g\u00e9n\u00e9ral. Il n&rsquo;y a pas de contenus publicitaires. Ce site ne constitue en aucun cas une source de conseil ou de prestation de services juridiques, et ne substituera en aucun cas la relation professionnelle entre l&rsquo;avocat et son client. Chaque [&hellip;]\" \/>\n<meta property=\"og:url\" content=\"https:\/\/vca2022.valadascoriel.com\/fr\/disclaimer-3\/\" \/>\n<meta property=\"og:site_name\" content=\"Valadas Coriel &amp; Associados\" \/>\n<meta name=\"twitter:label1\" content=\"Dur\u00e9e de lecture estim\u00e9e\" \/>\n\t<meta name=\"twitter:data1\" content=\"1 minute\" \/>\n<script type=\"application\/ld+json\" class=\"yoast-schema-graph\">{\"@context\":\"https:\/\/schema.org\",\"@graph\":[{\"@type\":\"WebPage\",\"@id\":\"https:\/\/vca2022.valadascoriel.com\/fr\/disclaimer-3\/\",\"url\":\"https:\/\/vca2022.valadascoriel.com\/fr\/disclaimer-3\/\",\"name\":\"Disclaimer - Valadas Coriel &amp; Associados\",\"isPartOf\":{\"@id\":\"https:\/\/vca2022.valadascoriel.com\/#website\"},\"datePublished\":\"2014-10-22T15:18:48+00:00\",\"dateModified\":\"2014-10-22T15:18:48+00:00\",\"breadcrumb\":{\"@id\":\"https:\/\/vca2022.valadascoriel.com\/fr\/disclaimer-3\/#breadcrumb\"},\"inLanguage\":\"fr-FR\",\"potentialAction\":[{\"@type\":\"ReadAction\",\"target\":[\"https:\/\/vca2022.valadascoriel.com\/fr\/disclaimer-3\/\"]}]},{\"@type\":\"BreadcrumbList\",\"@id\":\"https:\/\/vca2022.valadascoriel.com\/fr\/disclaimer-3\/#breadcrumb\",\"itemListElement\":[{\"@type\":\"ListItem\",\"position\":1,\"name\":\"Home\",\"item\":\"https:\/\/vca2022.valadascoriel.com\/fr\/\"},{\"@type\":\"ListItem\",\"position\":2,\"name\":\"Disclaimer\"}]},{\"@type\":\"WebSite\",\"@id\":\"https:\/\/vca2022.valadascoriel.com\/#website\",\"url\":\"https:\/\/vca2022.valadascoriel.com\/\",\"name\":\"Valadas Coriel &amp; Associados\",\"description\":\"Sociedade de Advogados RL\",\"potentialAction\":[{\"@type\":\"SearchAction\",\"target\":{\"@type\":\"EntryPoint\",\"urlTemplate\":\"https:\/\/vca2022.valadascoriel.com\/?s={search_term_string}\"},\"query-input\":\"required name=search_term_string\"}],\"inLanguage\":\"fr-FR\"}]}<\/script>\n<!-- \/ Yoast SEO plugin. -->","yoast_head_json":{"title":"Disclaimer - Valadas Coriel &amp; Associados","robots":{"index":"index","follow":"follow","max-snippet":"max-snippet:-1","max-image-preview":"max-image-preview:large","max-video-preview":"max-video-preview:-1"},"canonical":"https:\/\/vca2022.valadascoriel.com\/fr\/disclaimer-3\/","og_locale":"fr_FR","og_type":"article","og_title":"Disclaimer - Valadas Coriel &amp; Associados","og_description":"DISCLAIMER L&rsquo;objectif et le contenu du pr\u00e9sent site consistent \u00e0 fournir des informations \u00e0 caract\u00e8re g\u00e9n\u00e9ral. Il n&rsquo;y a pas de contenus publicitaires. Ce site ne constitue en aucun cas une source de conseil ou de prestation de services juridiques, et ne substituera en aucun cas la relation professionnelle entre l&rsquo;avocat et son client. Chaque [&hellip;]","og_url":"https:\/\/vca2022.valadascoriel.com\/fr\/disclaimer-3\/","og_site_name":"Valadas Coriel &amp; Associados","twitter_misc":{"Dur\u00e9e de lecture estim\u00e9e":"1 minute"},"schema":{"@context":"https:\/\/schema.org","@graph":[{"@type":"WebPage","@id":"https:\/\/vca2022.valadascoriel.com\/fr\/disclaimer-3\/","url":"https:\/\/vca2022.valadascoriel.com\/fr\/disclaimer-3\/","name":"Disclaimer - Valadas Coriel &amp; Associados","isPartOf":{"@id":"https:\/\/vca2022.valadascoriel.com\/#website"},"datePublished":"2014-10-22T15:18:48+00:00","dateModified":"2014-10-22T15:18:48+00:00","breadcrumb":{"@id":"https:\/\/vca2022.valadascoriel.com\/fr\/disclaimer-3\/#breadcrumb"},"inLanguage":"fr-FR","potentialAction":[{"@type":"ReadAction","target":["https:\/\/vca2022.valadascoriel.com\/fr\/disclaimer-3\/"]}]},{"@type":"BreadcrumbList","@id":"https:\/\/vca2022.valadascoriel.com\/fr\/disclaimer-3\/#breadcrumb","itemListElement":[{"@type":"ListItem","position":1,"name":"Home","item":"https:\/\/vca2022.valadascoriel.com\/fr\/"},{"@type":"ListItem","position":2,"name":"Disclaimer"}]},{"@type":"WebSite","@id":"https:\/\/vca2022.valadascoriel.com\/#website","url":"https:\/\/vca2022.valadascoriel.com\/","name":"Valadas Coriel &amp; Associados","description":"Sociedade de Advogados RL","potentialAction":[{"@type":"SearchAction","target":{"@type":"EntryPoint","urlTemplate":"https:\/\/vca2022.valadascoriel.com\/?s={search_term_string}"},"query-input":"required name=search_term_string"}],"inLanguage":"fr-FR"}]}},"_links":{"self":[{"href":"https:\/\/vca2022.valadascoriel.com\/fr\/wp-json\/wp\/v2\/pages\/1650"}],"collection":[{"href":"https:\/\/vca2022.valadascoriel.com\/fr\/wp-json\/wp\/v2\/pages"}],"about":[{"href":"https:\/\/vca2022.valadascoriel.com\/fr\/wp-json\/wp\/v2\/types\/page"}],"author":[{"embeddable":true,"href":"https:\/\/vca2022.valadascoriel.com\/fr\/wp-json\/wp\/v2\/users\/1"}],"replies":[{"embeddable":true,"href":"https:\/\/vca2022.valadascoriel.com\/fr\/wp-json\/wp\/v2\/comments?post=1650"}],"version-history":[{"count":1,"href":"https:\/\/vca2022.valadascoriel.com\/fr\/wp-json\/wp\/v2\/pages\/1650\/revisions"}],"predecessor-version":[{"id":1651,"href":"https:\/\/vca2022.valadascoriel.com\/fr\/wp-json\/wp\/v2\/pages\/1650\/revisions\/1651"}],"wp:attachment":[{"href":"https:\/\/vca2022.valadascoriel.com\/fr\/wp-json\/wp\/v2\/media?parent=1650"}],"curies":[{"name":"wp","href":"https:\/\/api.w.org\/{rel}","templated":true}]}}