{"id":1646,"date":"2014-10-22T15:15:03","date_gmt":"2014-10-22T15:15:03","guid":{"rendered":"http:\/\/www.valadascoriel.com\/?page_id=1646"},"modified":"2014-10-22T15:15:03","modified_gmt":"2014-10-22T15:15:03","slug":"recrutement","status":"publish","type":"page","link":"https:\/\/vca2022.valadascoriel.com\/fr\/recrutement\/","title":{"rendered":"Recrutement"},"content":{"rendered":"<p>[two_fifth]<\/p>\n<h1><img decoding=\"async\" loading=\"lazy\" class=\"alignnone size-large wp-image-104\" src=\"http:\/\/www.valadascoriel.com\/wp-content\/uploads\/2013\/04\/15-Recrutamento-520x520.jpg\" alt=\"Recrutamento\" width=\"520\" height=\"520\" srcset=\"https:\/\/vca2022.valadascoriel.com\/wp-content\/uploads\/2013\/04\/15-Recrutamento-520x520.jpg 520w, https:\/\/vca2022.valadascoriel.com\/wp-content\/uploads\/2013\/04\/15-Recrutamento-150x150.jpg 150w, https:\/\/vca2022.valadascoriel.com\/wp-content\/uploads\/2013\/04\/15-Recrutamento-300x300.jpg 300w, https:\/\/vca2022.valadascoriel.com\/wp-content\/uploads\/2013\/04\/15-Recrutamento.jpg 980w\" sizes=\"(max-width: 520px) 100vw, 520px\" \/><\/h1>\n<p>[\/two_fifth][three_fifth_last]<\/p>\n<p><img decoding=\"async\" loading=\"lazy\" class=\"alignnone size-full wp-image-78\" src=\"http:\/\/www.valadascoriel.com\/wp-content\/uploads\/2013\/03\/arabescos.png\" alt=\"arabescos\" width=\"41\" height=\"24\" \/><\/p>\n<h1>Nous sommes toujours \u00e0 la recherche de talent.<\/h1>\n<p>Nous sommes une soci\u00e9t\u00e9 en pleine expansion, qui a grandi d&rsquo;une forme remarquable ces derni\u00e8res ann\u00e9es, que ce soit en termes de dimension que de volume de travail.\u00a0 Notre nombre d&rsquo;avocats augment donc continuellement. Le recrutement d&rsquo;avocats-stagiaires est ainsi un instrument fondamental pour la croissance de la soci\u00e9t\u00e9.<\/p>\n<p>Le parcours des stagiaires \u00e0 l&rsquo;int\u00e9rieur de la soci\u00e9t\u00e9 n&rsquo;est pas d\u00e9fini au d\u00e9part. Il est avant tout d\u00e9termin\u00e9 sur la base de la m\u00e9ritocratie, de la qualit\u00e9 technique et de la capacit\u00e9 de travail.\u00a0 En r\u00e8gle g\u00e9n\u00e9rale, la soci\u00e9t\u00e9 est int\u00e9ress\u00e9e \u00e0 ce que les stagiaires restent chez elle \u00e0 la fin du stage, sous r\u00e9serve que lors de cette p\u00e9riode, ils aient d\u00e9montr\u00e9 une excellente qualit\u00e9 et capacit\u00e9 de travail, combin\u00e9e \u00e0 des qualit\u00e9s personnelles irr\u00e9prochables.<\/p>\n<p>VCA \u00e9tant une soci\u00e9t\u00e9 destin\u00e9e au march\u00e9 international, il est exig\u00e9 que ses avocats parlent couramment d&rsquo;autres langues (particuli\u00e8rement en anglais).\u00a0 Nous cherchons \u00e9galement des personnes avec une bonne formation acad\u00e9mique, intelligents, avec une capacit\u00e9 d&rsquo;initiative, ambitieuses et d\u00e9termin\u00e9es.<\/p>\n<h3>Comment pr\u00e9senter la candidature<\/h3>\n<p>Envoyez-nous votre candidature, \u00e0 tout moment, \u00e0:<\/p>\n<p><a href=\"mailto:recruitment@valadascoriel.com\">recruitment@valadascoriel.com<\/a><\/p>\n<p>Envoyez-nous \u00e9galement une lettre de motivation avec une photo, exposant les motifs de votre candidature aupr\u00e8s de notre soci\u00e9t\u00e9 ou d&rsquo;une quelconque des soci\u00e9t\u00e9s avec lesquelles nous collaborons, et pourquoi vous trouvez que vous pouvez faire la diff\u00e9rence. Cette lettre doit \u00eatre accompagn\u00e9e de votre CV. En raison du grand volume de correspondance re\u00e7ue, et bien que nous le regrettions, seules les candidats s\u00e9lectionn\u00e9s seront contact\u00e9s. N\u00e9anmoins, veuillez agr\u00e9er d&rsquo;ores et d\u00e9j\u00e0 nos remerciements de votre int\u00e9r\u00eat pour notre soci\u00e9t\u00e9.<\/p>\n<p>[\/three_fifth_last]<\/p>\n","protected":false},"excerpt":{"rendered":"<p>[two_fifth] [\/two_fifth][three_fifth_last] Nous sommes toujours \u00e0 la recherche de talent. Nous sommes une soci\u00e9t\u00e9 en pleine expansion, qui a grandi d&rsquo;une forme remarquable ces derni\u00e8res ann\u00e9es, que ce soit en termes de dimension que de volume de travail.\u00a0 Notre nombre d&rsquo;avocats augment donc continuellement. Le recrutement d&rsquo;avocats-stagiaires est ainsi un instrument fondamental pour la croissance [&hellip;]<\/p>\n","protected":false},"author":1,"featured_media":0,"parent":0,"menu_order":60,"comment_status":"open","ping_status":"closed","template":"","meta":[],"yoast_head":"<!-- This site is optimized with the Yoast SEO plugin v20.10 - https:\/\/yoast.com\/wordpress\/plugins\/seo\/ -->\n<title>Recrutement - Valadas Coriel &amp; Associados<\/title>\n<meta name=\"robots\" content=\"index, follow, max-snippet:-1, max-image-preview:large, max-video-preview:-1\" \/>\n<link rel=\"canonical\" href=\"https:\/\/vca2022.valadascoriel.com\/fr\/recrutement\/\" \/>\n<meta property=\"og:locale\" content=\"fr_FR\" \/>\n<meta property=\"og:type\" content=\"article\" \/>\n<meta property=\"og:title\" content=\"Recrutement - Valadas Coriel &amp; Associados\" \/>\n<meta property=\"og:description\" content=\"[two_fifth] [\/two_fifth][three_fifth_last] Nous sommes toujours \u00e0 la recherche de talent. Nous sommes une soci\u00e9t\u00e9 en pleine expansion, qui a grandi d&rsquo;une forme remarquable ces derni\u00e8res ann\u00e9es, que ce soit en termes de dimension que de volume de travail.\u00a0 Notre nombre d&rsquo;avocats augment donc continuellement. Le recrutement d&rsquo;avocats-stagiaires est ainsi un instrument fondamental pour la croissance [&hellip;]\" \/>\n<meta property=\"og:url\" content=\"https:\/\/vca2022.valadascoriel.com\/fr\/recrutement\/\" \/>\n<meta property=\"og:site_name\" content=\"Valadas Coriel &amp; Associados\" \/>\n<meta property=\"og:image\" content=\"http:\/\/www.valadascoriel.com\/wp-content\/uploads\/2013\/04\/15-Recrutamento-520x520.jpg\" \/>\n<meta name=\"twitter:label1\" content=\"Dur\u00e9e de lecture estim\u00e9e\" \/>\n\t<meta name=\"twitter:data1\" content=\"2 minutes\" \/>\n<script type=\"application\/ld+json\" class=\"yoast-schema-graph\">{\"@context\":\"https:\/\/schema.org\",\"@graph\":[{\"@type\":\"WebPage\",\"@id\":\"https:\/\/vca2022.valadascoriel.com\/fr\/recrutement\/\",\"url\":\"https:\/\/vca2022.valadascoriel.com\/fr\/recrutement\/\",\"name\":\"Recrutement - Valadas Coriel &amp; Associados\",\"isPartOf\":{\"@id\":\"https:\/\/vca2022.valadascoriel.com\/#website\"},\"datePublished\":\"2014-10-22T15:15:03+00:00\",\"dateModified\":\"2014-10-22T15:15:03+00:00\",\"breadcrumb\":{\"@id\":\"https:\/\/vca2022.valadascoriel.com\/fr\/recrutement\/#breadcrumb\"},\"inLanguage\":\"fr-FR\",\"potentialAction\":[{\"@type\":\"ReadAction\",\"target\":[\"https:\/\/vca2022.valadascoriel.com\/fr\/recrutement\/\"]}]},{\"@type\":\"BreadcrumbList\",\"@id\":\"https:\/\/vca2022.valadascoriel.com\/fr\/recrutement\/#breadcrumb\",\"itemListElement\":[{\"@type\":\"ListItem\",\"position\":1,\"name\":\"Home\",\"item\":\"https:\/\/vca2022.valadascoriel.com\/fr\/\"},{\"@type\":\"ListItem\",\"position\":2,\"name\":\"Recrutement\"}]},{\"@type\":\"WebSite\",\"@id\":\"https:\/\/vca2022.valadascoriel.com\/#website\",\"url\":\"https:\/\/vca2022.valadascoriel.com\/\",\"name\":\"Valadas Coriel &amp; Associados\",\"description\":\"Sociedade de Advogados RL\",\"potentialAction\":[{\"@type\":\"SearchAction\",\"target\":{\"@type\":\"EntryPoint\",\"urlTemplate\":\"https:\/\/vca2022.valadascoriel.com\/?s={search_term_string}\"},\"query-input\":\"required name=search_term_string\"}],\"inLanguage\":\"fr-FR\"}]}<\/script>\n<!-- \/ Yoast SEO plugin. -->","yoast_head_json":{"title":"Recrutement - Valadas Coriel &amp; Associados","robots":{"index":"index","follow":"follow","max-snippet":"max-snippet:-1","max-image-preview":"max-image-preview:large","max-video-preview":"max-video-preview:-1"},"canonical":"https:\/\/vca2022.valadascoriel.com\/fr\/recrutement\/","og_locale":"fr_FR","og_type":"article","og_title":"Recrutement - Valadas Coriel &amp; Associados","og_description":"[two_fifth] [\/two_fifth][three_fifth_last] Nous sommes toujours \u00e0 la recherche de talent. Nous sommes une soci\u00e9t\u00e9 en pleine expansion, qui a grandi d&rsquo;une forme remarquable ces derni\u00e8res ann\u00e9es, que ce soit en termes de dimension que de volume de travail.\u00a0 Notre nombre d&rsquo;avocats augment donc continuellement. Le recrutement d&rsquo;avocats-stagiaires est ainsi un instrument fondamental pour la croissance [&hellip;]","og_url":"https:\/\/vca2022.valadascoriel.com\/fr\/recrutement\/","og_site_name":"Valadas Coriel &amp; Associados","og_image":[{"url":"http:\/\/www.valadascoriel.com\/wp-content\/uploads\/2013\/04\/15-Recrutamento-520x520.jpg"}],"twitter_misc":{"Dur\u00e9e de lecture estim\u00e9e":"2 minutes"},"schema":{"@context":"https:\/\/schema.org","@graph":[{"@type":"WebPage","@id":"https:\/\/vca2022.valadascoriel.com\/fr\/recrutement\/","url":"https:\/\/vca2022.valadascoriel.com\/fr\/recrutement\/","name":"Recrutement - Valadas Coriel &amp; Associados","isPartOf":{"@id":"https:\/\/vca2022.valadascoriel.com\/#website"},"datePublished":"2014-10-22T15:15:03+00:00","dateModified":"2014-10-22T15:15:03+00:00","breadcrumb":{"@id":"https:\/\/vca2022.valadascoriel.com\/fr\/recrutement\/#breadcrumb"},"inLanguage":"fr-FR","potentialAction":[{"@type":"ReadAction","target":["https:\/\/vca2022.valadascoriel.com\/fr\/recrutement\/"]}]},{"@type":"BreadcrumbList","@id":"https:\/\/vca2022.valadascoriel.com\/fr\/recrutement\/#breadcrumb","itemListElement":[{"@type":"ListItem","position":1,"name":"Home","item":"https:\/\/vca2022.valadascoriel.com\/fr\/"},{"@type":"ListItem","position":2,"name":"Recrutement"}]},{"@type":"WebSite","@id":"https:\/\/vca2022.valadascoriel.com\/#website","url":"https:\/\/vca2022.valadascoriel.com\/","name":"Valadas Coriel &amp; Associados","description":"Sociedade de Advogados RL","potentialAction":[{"@type":"SearchAction","target":{"@type":"EntryPoint","urlTemplate":"https:\/\/vca2022.valadascoriel.com\/?s={search_term_string}"},"query-input":"required name=search_term_string"}],"inLanguage":"fr-FR"}]}},"_links":{"self":[{"href":"https:\/\/vca2022.valadascoriel.com\/fr\/wp-json\/wp\/v2\/pages\/1646"}],"collection":[{"href":"https:\/\/vca2022.valadascoriel.com\/fr\/wp-json\/wp\/v2\/pages"}],"about":[{"href":"https:\/\/vca2022.valadascoriel.com\/fr\/wp-json\/wp\/v2\/types\/page"}],"author":[{"embeddable":true,"href":"https:\/\/vca2022.valadascoriel.com\/fr\/wp-json\/wp\/v2\/users\/1"}],"replies":[{"embeddable":true,"href":"https:\/\/vca2022.valadascoriel.com\/fr\/wp-json\/wp\/v2\/comments?post=1646"}],"version-history":[{"count":1,"href":"https:\/\/vca2022.valadascoriel.com\/fr\/wp-json\/wp\/v2\/pages\/1646\/revisions"}],"predecessor-version":[{"id":1647,"href":"https:\/\/vca2022.valadascoriel.com\/fr\/wp-json\/wp\/v2\/pages\/1646\/revisions\/1647"}],"wp:attachment":[{"href":"https:\/\/vca2022.valadascoriel.com\/fr\/wp-json\/wp\/v2\/media?parent=1646"}],"curies":[{"name":"wp","href":"https:\/\/api.w.org\/{rel}","templated":true}]}}