{"id":1644,"date":"2014-10-22T15:11:21","date_gmt":"2014-10-22T15:11:21","guid":{"rendered":"http:\/\/www.valadascoriel.com\/?page_id=1644"},"modified":"2014-10-22T15:11:21","modified_gmt":"2014-10-22T15:11:21","slug":"responsabilite-sociale","status":"publish","type":"page","link":"https:\/\/vca2022.valadascoriel.com\/fr\/responsabilite-sociale\/","title":{"rendered":"Responsabilit\u00e9 Sociale"},"content":{"rendered":"<p>[two_fifth]<\/p>\n<h1><img decoding=\"async\" loading=\"lazy\" class=\"alignnone size-large wp-image-103\" src=\"http:\/\/www.valadascoriel.com\/wp-content\/uploads\/2013\/04\/14-Responsabilidade-Social-520x520.jpg\" alt=\"Responsabilidade Social\" width=\"520\" height=\"520\" srcset=\"https:\/\/vca2022.valadascoriel.com\/wp-content\/uploads\/2013\/04\/14-Responsabilidade-Social-520x520.jpg 520w, https:\/\/vca2022.valadascoriel.com\/wp-content\/uploads\/2013\/04\/14-Responsabilidade-Social-150x150.jpg 150w, https:\/\/vca2022.valadascoriel.com\/wp-content\/uploads\/2013\/04\/14-Responsabilidade-Social-300x300.jpg 300w, https:\/\/vca2022.valadascoriel.com\/wp-content\/uploads\/2013\/04\/14-Responsabilidade-Social.jpg 980w\" sizes=\"(max-width: 520px) 100vw, 520px\" \/><\/h1>\n<p>[\/two_fifth][three_fifth_last]<\/p>\n<p><img decoding=\"async\" loading=\"lazy\" class=\"alignnone size-full wp-image-78\" src=\"http:\/\/www.valadascoriel.com\/wp-content\/uploads\/2013\/03\/arabescos.png\" alt=\"arabescos\" width=\"41\" height=\"24\" \/><\/p>\n<h1>Pro-Bono<\/h1>\n<p>Chez Valadas Coriel &amp; Associados, nous recherchons \u00e0 restituer une partie de notre succ\u00e8s \u00e0 la soci\u00e9t\u00e9 civile : en contribuant \u00e0 l&rsquo;acc\u00e8s universel au droit et \u00e0 la justice, en assumant la responsabilit\u00e9 civique aupr\u00e8s de la communaut\u00e9 par l&rsquo;interm\u00e9diaire de la prestation de services <em>pro bono<\/em>, en impl\u00e9mentant un programme avec des objectifs \u00e0 atteindre, en d\u00e9finissant des projets et des initiatives \u00e0 d\u00e9velopper et en \u00e9tablissant des m\u00e9triques d&rsquo;\u00e9valuation par l&rsquo;interm\u00e9diaire de l&rsquo;ex\u00e9cution d&rsquo;un budget annuel, compos\u00e9 de l&rsquo;\u00e9tablissement d&rsquo;une contribution financi\u00e8re et d&rsquo;un nombre d&rsquo;heures que chaque membre de l&rsquo;\u00e9quipe doit d\u00e9penser dans des activit\u00e9s <em>pro bono.<\/em><\/p>\n<p>[\/three_fifth_last]<\/p>\n","protected":false},"excerpt":{"rendered":"<p>[two_fifth] [\/two_fifth][three_fifth_last] Pro-Bono Chez Valadas Coriel &amp; Associados, nous recherchons \u00e0 restituer une partie de notre succ\u00e8s \u00e0 la soci\u00e9t\u00e9 civile : en contribuant \u00e0 l&rsquo;acc\u00e8s universel au droit et \u00e0 la justice, en assumant la responsabilit\u00e9 civique aupr\u00e8s de la communaut\u00e9 par l&rsquo;interm\u00e9diaire de la prestation de services pro bono, en impl\u00e9mentant un programme [&hellip;]<\/p>\n","protected":false},"author":1,"featured_media":0,"parent":0,"menu_order":50,"comment_status":"open","ping_status":"closed","template":"","meta":[],"yoast_head":"<!-- This site is optimized with the Yoast SEO plugin v20.10 - https:\/\/yoast.com\/wordpress\/plugins\/seo\/ -->\n<title>Responsabilit\u00e9 Sociale - Valadas Coriel &amp; Associados<\/title>\n<meta name=\"robots\" content=\"index, follow, max-snippet:-1, max-image-preview:large, max-video-preview:-1\" \/>\n<link rel=\"canonical\" href=\"https:\/\/vca2022.valadascoriel.com\/fr\/responsabilite-sociale\/\" \/>\n<meta property=\"og:locale\" content=\"fr_FR\" \/>\n<meta property=\"og:type\" content=\"article\" \/>\n<meta property=\"og:title\" content=\"Responsabilit\u00e9 Sociale - Valadas Coriel &amp; Associados\" \/>\n<meta property=\"og:description\" content=\"[two_fifth] [\/two_fifth][three_fifth_last] Pro-Bono Chez Valadas Coriel &amp; Associados, nous recherchons \u00e0 restituer une partie de notre succ\u00e8s \u00e0 la soci\u00e9t\u00e9 civile : en contribuant \u00e0 l&rsquo;acc\u00e8s universel au droit et \u00e0 la justice, en assumant la responsabilit\u00e9 civique aupr\u00e8s de la communaut\u00e9 par l&rsquo;interm\u00e9diaire de la prestation de services pro bono, en impl\u00e9mentant un programme [&hellip;]\" \/>\n<meta property=\"og:url\" content=\"https:\/\/vca2022.valadascoriel.com\/fr\/responsabilite-sociale\/\" \/>\n<meta property=\"og:site_name\" content=\"Valadas Coriel &amp; Associados\" \/>\n<meta property=\"og:image\" content=\"http:\/\/www.valadascoriel.com\/wp-content\/uploads\/2013\/04\/14-Responsabilidade-Social-520x520.jpg\" \/>\n<meta name=\"twitter:label1\" content=\"Dur\u00e9e de lecture estim\u00e9e\" \/>\n\t<meta name=\"twitter:data1\" content=\"1 minute\" \/>\n<script type=\"application\/ld+json\" class=\"yoast-schema-graph\">{\"@context\":\"https:\/\/schema.org\",\"@graph\":[{\"@type\":\"WebPage\",\"@id\":\"https:\/\/vca2022.valadascoriel.com\/fr\/responsabilite-sociale\/\",\"url\":\"https:\/\/vca2022.valadascoriel.com\/fr\/responsabilite-sociale\/\",\"name\":\"Responsabilit\u00e9 Sociale - Valadas Coriel &amp; Associados\",\"isPartOf\":{\"@id\":\"https:\/\/vca2022.valadascoriel.com\/#website\"},\"datePublished\":\"2014-10-22T15:11:21+00:00\",\"dateModified\":\"2014-10-22T15:11:21+00:00\",\"breadcrumb\":{\"@id\":\"https:\/\/vca2022.valadascoriel.com\/fr\/responsabilite-sociale\/#breadcrumb\"},\"inLanguage\":\"fr-FR\",\"potentialAction\":[{\"@type\":\"ReadAction\",\"target\":[\"https:\/\/vca2022.valadascoriel.com\/fr\/responsabilite-sociale\/\"]}]},{\"@type\":\"BreadcrumbList\",\"@id\":\"https:\/\/vca2022.valadascoriel.com\/fr\/responsabilite-sociale\/#breadcrumb\",\"itemListElement\":[{\"@type\":\"ListItem\",\"position\":1,\"name\":\"Home\",\"item\":\"https:\/\/vca2022.valadascoriel.com\/fr\/\"},{\"@type\":\"ListItem\",\"position\":2,\"name\":\"Responsabilit\u00e9 Sociale\"}]},{\"@type\":\"WebSite\",\"@id\":\"https:\/\/vca2022.valadascoriel.com\/#website\",\"url\":\"https:\/\/vca2022.valadascoriel.com\/\",\"name\":\"Valadas Coriel &amp; Associados\",\"description\":\"Sociedade de Advogados RL\",\"potentialAction\":[{\"@type\":\"SearchAction\",\"target\":{\"@type\":\"EntryPoint\",\"urlTemplate\":\"https:\/\/vca2022.valadascoriel.com\/?s={search_term_string}\"},\"query-input\":\"required name=search_term_string\"}],\"inLanguage\":\"fr-FR\"}]}<\/script>\n<!-- \/ Yoast SEO plugin. -->","yoast_head_json":{"title":"Responsabilit\u00e9 Sociale - Valadas Coriel &amp; Associados","robots":{"index":"index","follow":"follow","max-snippet":"max-snippet:-1","max-image-preview":"max-image-preview:large","max-video-preview":"max-video-preview:-1"},"canonical":"https:\/\/vca2022.valadascoriel.com\/fr\/responsabilite-sociale\/","og_locale":"fr_FR","og_type":"article","og_title":"Responsabilit\u00e9 Sociale - Valadas Coriel &amp; Associados","og_description":"[two_fifth] [\/two_fifth][three_fifth_last] Pro-Bono Chez Valadas Coriel &amp; Associados, nous recherchons \u00e0 restituer une partie de notre succ\u00e8s \u00e0 la soci\u00e9t\u00e9 civile : en contribuant \u00e0 l&rsquo;acc\u00e8s universel au droit et \u00e0 la justice, en assumant la responsabilit\u00e9 civique aupr\u00e8s de la communaut\u00e9 par l&rsquo;interm\u00e9diaire de la prestation de services pro bono, en impl\u00e9mentant un programme [&hellip;]","og_url":"https:\/\/vca2022.valadascoriel.com\/fr\/responsabilite-sociale\/","og_site_name":"Valadas Coriel &amp; Associados","og_image":[{"url":"http:\/\/www.valadascoriel.com\/wp-content\/uploads\/2013\/04\/14-Responsabilidade-Social-520x520.jpg"}],"twitter_misc":{"Dur\u00e9e de lecture estim\u00e9e":"1 minute"},"schema":{"@context":"https:\/\/schema.org","@graph":[{"@type":"WebPage","@id":"https:\/\/vca2022.valadascoriel.com\/fr\/responsabilite-sociale\/","url":"https:\/\/vca2022.valadascoriel.com\/fr\/responsabilite-sociale\/","name":"Responsabilit\u00e9 Sociale - Valadas Coriel &amp; Associados","isPartOf":{"@id":"https:\/\/vca2022.valadascoriel.com\/#website"},"datePublished":"2014-10-22T15:11:21+00:00","dateModified":"2014-10-22T15:11:21+00:00","breadcrumb":{"@id":"https:\/\/vca2022.valadascoriel.com\/fr\/responsabilite-sociale\/#breadcrumb"},"inLanguage":"fr-FR","potentialAction":[{"@type":"ReadAction","target":["https:\/\/vca2022.valadascoriel.com\/fr\/responsabilite-sociale\/"]}]},{"@type":"BreadcrumbList","@id":"https:\/\/vca2022.valadascoriel.com\/fr\/responsabilite-sociale\/#breadcrumb","itemListElement":[{"@type":"ListItem","position":1,"name":"Home","item":"https:\/\/vca2022.valadascoriel.com\/fr\/"},{"@type":"ListItem","position":2,"name":"Responsabilit\u00e9 Sociale"}]},{"@type":"WebSite","@id":"https:\/\/vca2022.valadascoriel.com\/#website","url":"https:\/\/vca2022.valadascoriel.com\/","name":"Valadas Coriel &amp; Associados","description":"Sociedade de Advogados RL","potentialAction":[{"@type":"SearchAction","target":{"@type":"EntryPoint","urlTemplate":"https:\/\/vca2022.valadascoriel.com\/?s={search_term_string}"},"query-input":"required name=search_term_string"}],"inLanguage":"fr-FR"}]}},"_links":{"self":[{"href":"https:\/\/vca2022.valadascoriel.com\/fr\/wp-json\/wp\/v2\/pages\/1644"}],"collection":[{"href":"https:\/\/vca2022.valadascoriel.com\/fr\/wp-json\/wp\/v2\/pages"}],"about":[{"href":"https:\/\/vca2022.valadascoriel.com\/fr\/wp-json\/wp\/v2\/types\/page"}],"author":[{"embeddable":true,"href":"https:\/\/vca2022.valadascoriel.com\/fr\/wp-json\/wp\/v2\/users\/1"}],"replies":[{"embeddable":true,"href":"https:\/\/vca2022.valadascoriel.com\/fr\/wp-json\/wp\/v2\/comments?post=1644"}],"version-history":[{"count":1,"href":"https:\/\/vca2022.valadascoriel.com\/fr\/wp-json\/wp\/v2\/pages\/1644\/revisions"}],"predecessor-version":[{"id":1645,"href":"https:\/\/vca2022.valadascoriel.com\/fr\/wp-json\/wp\/v2\/pages\/1644\/revisions\/1645"}],"wp:attachment":[{"href":"https:\/\/vca2022.valadascoriel.com\/fr\/wp-json\/wp\/v2\/media?parent=1644"}],"curies":[{"name":"wp","href":"https:\/\/api.w.org\/{rel}","templated":true}]}}