{"id":1638,"date":"2014-10-21T17:44:13","date_gmt":"2014-10-21T17:44:13","guid":{"rendered":"http:\/\/www.valadascoriel.com\/?page_id=1638"},"modified":"2014-10-22T17:39:53","modified_gmt":"2014-10-22T17:39:53","slug":"sonia-antunes-dias","status":"publish","type":"page","link":"https:\/\/vca2022.valadascoriel.com\/fr\/equipe\/partenaires\/sonia-antunes-dias\/","title":{"rendered":"S\u00f3nia Antunes Dias"},"content":{"rendered":"<p>[one_third]<a href=\"http:\/\/www.valadascoriel.com\/wp-content\/uploads\/2013\/04\/14-SAD.jpg\"><img decoding=\"async\" loading=\"lazy\" class=\"alignnone size-medium wp-image-349\" src=\"http:\/\/www.valadascoriel.com\/wp-content\/uploads\/2013\/04\/14-SAD-300x300.jpg\" alt=\"S\u00f3nia Antunes Dias\" width=\"300\" height=\"300\" srcset=\"https:\/\/vca2022.valadascoriel.com\/wp-content\/uploads\/2013\/04\/14-SAD-300x300.jpg 300w, https:\/\/vca2022.valadascoriel.com\/wp-content\/uploads\/2013\/04\/14-SAD-150x150.jpg 150w, https:\/\/vca2022.valadascoriel.com\/wp-content\/uploads\/2013\/04\/14-SAD-520x520.jpg 520w\" sizes=\"(max-width: 300px) 100vw, 300px\" \/><\/a>[\/one_third]<\/p>\n<p>[two_third_last]<\/p>\n<h1>S\u00f3nia Antunes Dias<\/h1>\n<p>S\u00f3nia Antunes Dias collabore avec VCA depuis 2007.<\/p>\n<p>C&rsquo;est une avocate qui collabore avec le d\u00e9partement du contentieux, du conseil en contentieux du travail et contentieux administratif. Interventions dans des audiences pr\u00e9liminaires et de jugement dans des proc\u00e9dures de nature civile, p\u00e9nale et du travail, d&rsquo;insolvabilit\u00e9 et de recouvrement de cr\u00e9ances, de proc\u00e9dures d&rsquo;injonction et d&rsquo;ex\u00e9cution pour de gros clients avec un grand volume de cr\u00e9ances en recouvrement, de contentieux associ\u00e9s \u00e0 des activit\u00e9s dans les secteurs de l&rsquo;immobilier et de l&rsquo;industrie pharmaceutique. \u00c9laboration de contrats commerciaux, de bail, de compromis de vente et de contrats de vente. Processus de restructuration d&rsquo;entreprise et d&rsquo;insolvabilit\u00e9.<\/p>\n<h3>Domaines d&rsquo;activit\u00e9<\/h3>\n<p>Contentieux civil, commercial, du travail, ex\u00e9cutif, administratif et p\u00e9nal. Exp\u00e9rience importante dans le recouvrement de cr\u00e9ances, de restructuration et de redressement d&rsquo;entreprise et d&rsquo;insolvabilit\u00e9.<\/p>\n<h3>Formation universitaire<\/h3>\n<p>Master 1 en droit (universit\u00e9 autonome de Lisbonne, 2004) ; Formation sur le registre foncier (Ordre des avocats portugais, 2006), cours \u00ab Pratiques des entreprises pour la cr\u00e9ation de PME \u00bb (IEFP, 1997).<\/p>\n<h3>Associations professionnelles<\/h3>\n<p>Ordre des avocats (inscrite depuis 2007),<\/p>\n<h3>Langues<\/h3>\n<p>Portugais, anglais, espagnol et fran\u00e7ais.<\/p>\n<h3>Contacts<\/h3>\n<p><a href=\"mailto:sonia.dias@valadascoriel.com\">sonia.dias@valadascoriel.com<\/a><\/p>\n<p>&nbsp;<\/p>\n<p>[\/two_third_last]<\/p>\n","protected":false},"excerpt":{"rendered":"<p>[one_third][\/one_third] [two_third_last] S\u00f3nia Antunes Dias S\u00f3nia Antunes Dias collabore avec VCA depuis 2007. C&rsquo;est une avocate qui collabore avec le d\u00e9partement du contentieux, du conseil en contentieux du travail et contentieux administratif. Interventions dans des audiences pr\u00e9liminaires et de jugement dans des proc\u00e9dures de nature civile, p\u00e9nale et du travail, d&rsquo;insolvabilit\u00e9 et de recouvrement de [&hellip;]<\/p>\n","protected":false},"author":1,"featured_media":0,"parent":1618,"menu_order":0,"comment_status":"closed","ping_status":"closed","template":"","meta":[],"yoast_head":"<!-- This site is optimized with the Yoast SEO plugin v20.10 - https:\/\/yoast.com\/wordpress\/plugins\/seo\/ -->\n<title>S\u00f3nia Antunes Dias - Valadas Coriel &amp; Associados<\/title>\n<meta name=\"robots\" content=\"index, follow, max-snippet:-1, max-image-preview:large, max-video-preview:-1\" \/>\n<link rel=\"canonical\" href=\"https:\/\/vca2022.valadascoriel.com\/fr\/equipe\/partenaires\/sonia-antunes-dias\/\" \/>\n<meta property=\"og:locale\" content=\"fr_FR\" \/>\n<meta property=\"og:type\" content=\"article\" \/>\n<meta property=\"og:title\" content=\"S\u00f3nia Antunes Dias - Valadas Coriel &amp; Associados\" \/>\n<meta property=\"og:description\" content=\"[one_third][\/one_third] [two_third_last] S\u00f3nia Antunes Dias S\u00f3nia Antunes Dias collabore avec VCA depuis 2007. C&rsquo;est une avocate qui collabore avec le d\u00e9partement du contentieux, du conseil en contentieux du travail et contentieux administratif. Interventions dans des audiences pr\u00e9liminaires et de jugement dans des proc\u00e9dures de nature civile, p\u00e9nale et du travail, d&rsquo;insolvabilit\u00e9 et de recouvrement de [&hellip;]\" \/>\n<meta property=\"og:url\" content=\"https:\/\/vca2022.valadascoriel.com\/fr\/equipe\/partenaires\/sonia-antunes-dias\/\" \/>\n<meta property=\"og:site_name\" content=\"Valadas Coriel &amp; Associados\" \/>\n<meta property=\"article:modified_time\" content=\"2014-10-22T17:39:53+00:00\" \/>\n<meta property=\"og:image\" content=\"http:\/\/www.valadascoriel.com\/wp-content\/uploads\/2013\/04\/14-SAD-300x300.jpg\" \/>\n<meta name=\"twitter:label1\" content=\"Dur\u00e9e de lecture estim\u00e9e\" \/>\n\t<meta name=\"twitter:data1\" content=\"1 minute\" \/>\n<script type=\"application\/ld+json\" class=\"yoast-schema-graph\">{\"@context\":\"https:\/\/schema.org\",\"@graph\":[{\"@type\":\"WebPage\",\"@id\":\"https:\/\/vca2022.valadascoriel.com\/fr\/equipe\/partenaires\/sonia-antunes-dias\/\",\"url\":\"https:\/\/vca2022.valadascoriel.com\/fr\/equipe\/partenaires\/sonia-antunes-dias\/\",\"name\":\"S\u00f3nia Antunes Dias - Valadas Coriel &amp; Associados\",\"isPartOf\":{\"@id\":\"https:\/\/vca2022.valadascoriel.com\/#website\"},\"datePublished\":\"2014-10-21T17:44:13+00:00\",\"dateModified\":\"2014-10-22T17:39:53+00:00\",\"breadcrumb\":{\"@id\":\"https:\/\/vca2022.valadascoriel.com\/fr\/equipe\/partenaires\/sonia-antunes-dias\/#breadcrumb\"},\"inLanguage\":\"fr-FR\",\"potentialAction\":[{\"@type\":\"ReadAction\",\"target\":[\"https:\/\/vca2022.valadascoriel.com\/fr\/equipe\/partenaires\/sonia-antunes-dias\/\"]}]},{\"@type\":\"BreadcrumbList\",\"@id\":\"https:\/\/vca2022.valadascoriel.com\/fr\/equipe\/partenaires\/sonia-antunes-dias\/#breadcrumb\",\"itemListElement\":[{\"@type\":\"ListItem\",\"position\":1,\"name\":\"Home\",\"item\":\"https:\/\/vca2022.valadascoriel.com\/fr\/\"},{\"@type\":\"ListItem\",\"position\":2,\"name\":\"\u00c9quipe\",\"item\":\"https:\/\/vca2022.valadascoriel.com\/fr\/equipe\/\"},{\"@type\":\"ListItem\",\"position\":3,\"name\":\"Partenaires\",\"item\":\"https:\/\/vca2022.valadascoriel.com\/fr\/equipe\/partenaires\/\"},{\"@type\":\"ListItem\",\"position\":4,\"name\":\"S\u00f3nia Antunes Dias\"}]},{\"@type\":\"WebSite\",\"@id\":\"https:\/\/vca2022.valadascoriel.com\/#website\",\"url\":\"https:\/\/vca2022.valadascoriel.com\/\",\"name\":\"Valadas Coriel &amp; Associados\",\"description\":\"Sociedade de Advogados RL\",\"potentialAction\":[{\"@type\":\"SearchAction\",\"target\":{\"@type\":\"EntryPoint\",\"urlTemplate\":\"https:\/\/vca2022.valadascoriel.com\/?s={search_term_string}\"},\"query-input\":\"required name=search_term_string\"}],\"inLanguage\":\"fr-FR\"}]}<\/script>\n<!-- \/ Yoast SEO plugin. -->","yoast_head_json":{"title":"S\u00f3nia Antunes Dias - Valadas Coriel &amp; Associados","robots":{"index":"index","follow":"follow","max-snippet":"max-snippet:-1","max-image-preview":"max-image-preview:large","max-video-preview":"max-video-preview:-1"},"canonical":"https:\/\/vca2022.valadascoriel.com\/fr\/equipe\/partenaires\/sonia-antunes-dias\/","og_locale":"fr_FR","og_type":"article","og_title":"S\u00f3nia Antunes Dias - Valadas Coriel &amp; Associados","og_description":"[one_third][\/one_third] [two_third_last] S\u00f3nia Antunes Dias S\u00f3nia Antunes Dias collabore avec VCA depuis 2007. C&rsquo;est une avocate qui collabore avec le d\u00e9partement du contentieux, du conseil en contentieux du travail et contentieux administratif. Interventions dans des audiences pr\u00e9liminaires et de jugement dans des proc\u00e9dures de nature civile, p\u00e9nale et du travail, d&rsquo;insolvabilit\u00e9 et de recouvrement de [&hellip;]","og_url":"https:\/\/vca2022.valadascoriel.com\/fr\/equipe\/partenaires\/sonia-antunes-dias\/","og_site_name":"Valadas Coriel &amp; Associados","article_modified_time":"2014-10-22T17:39:53+00:00","og_image":[{"url":"http:\/\/www.valadascoriel.com\/wp-content\/uploads\/2013\/04\/14-SAD-300x300.jpg"}],"twitter_misc":{"Dur\u00e9e de lecture estim\u00e9e":"1 minute"},"schema":{"@context":"https:\/\/schema.org","@graph":[{"@type":"WebPage","@id":"https:\/\/vca2022.valadascoriel.com\/fr\/equipe\/partenaires\/sonia-antunes-dias\/","url":"https:\/\/vca2022.valadascoriel.com\/fr\/equipe\/partenaires\/sonia-antunes-dias\/","name":"S\u00f3nia Antunes Dias - Valadas Coriel &amp; Associados","isPartOf":{"@id":"https:\/\/vca2022.valadascoriel.com\/#website"},"datePublished":"2014-10-21T17:44:13+00:00","dateModified":"2014-10-22T17:39:53+00:00","breadcrumb":{"@id":"https:\/\/vca2022.valadascoriel.com\/fr\/equipe\/partenaires\/sonia-antunes-dias\/#breadcrumb"},"inLanguage":"fr-FR","potentialAction":[{"@type":"ReadAction","target":["https:\/\/vca2022.valadascoriel.com\/fr\/equipe\/partenaires\/sonia-antunes-dias\/"]}]},{"@type":"BreadcrumbList","@id":"https:\/\/vca2022.valadascoriel.com\/fr\/equipe\/partenaires\/sonia-antunes-dias\/#breadcrumb","itemListElement":[{"@type":"ListItem","position":1,"name":"Home","item":"https:\/\/vca2022.valadascoriel.com\/fr\/"},{"@type":"ListItem","position":2,"name":"\u00c9quipe","item":"https:\/\/vca2022.valadascoriel.com\/fr\/equipe\/"},{"@type":"ListItem","position":3,"name":"Partenaires","item":"https:\/\/vca2022.valadascoriel.com\/fr\/equipe\/partenaires\/"},{"@type":"ListItem","position":4,"name":"S\u00f3nia Antunes Dias"}]},{"@type":"WebSite","@id":"https:\/\/vca2022.valadascoriel.com\/#website","url":"https:\/\/vca2022.valadascoriel.com\/","name":"Valadas Coriel &amp; Associados","description":"Sociedade de Advogados RL","potentialAction":[{"@type":"SearchAction","target":{"@type":"EntryPoint","urlTemplate":"https:\/\/vca2022.valadascoriel.com\/?s={search_term_string}"},"query-input":"required name=search_term_string"}],"inLanguage":"fr-FR"}]}},"_links":{"self":[{"href":"https:\/\/vca2022.valadascoriel.com\/fr\/wp-json\/wp\/v2\/pages\/1638"}],"collection":[{"href":"https:\/\/vca2022.valadascoriel.com\/fr\/wp-json\/wp\/v2\/pages"}],"about":[{"href":"https:\/\/vca2022.valadascoriel.com\/fr\/wp-json\/wp\/v2\/types\/page"}],"author":[{"embeddable":true,"href":"https:\/\/vca2022.valadascoriel.com\/fr\/wp-json\/wp\/v2\/users\/1"}],"replies":[{"embeddable":true,"href":"https:\/\/vca2022.valadascoriel.com\/fr\/wp-json\/wp\/v2\/comments?post=1638"}],"version-history":[{"count":2,"href":"https:\/\/vca2022.valadascoriel.com\/fr\/wp-json\/wp\/v2\/pages\/1638\/revisions"}],"predecessor-version":[{"id":1703,"href":"https:\/\/vca2022.valadascoriel.com\/fr\/wp-json\/wp\/v2\/pages\/1638\/revisions\/1703"}],"up":[{"embeddable":true,"href":"https:\/\/vca2022.valadascoriel.com\/fr\/wp-json\/wp\/v2\/pages\/1618"}],"wp:attachment":[{"href":"https:\/\/vca2022.valadascoriel.com\/fr\/wp-json\/wp\/v2\/media?parent=1638"}],"curies":[{"name":"wp","href":"https:\/\/api.w.org\/{rel}","templated":true}]}}