{"id":1634,"date":"2014-10-21T17:34:52","date_gmt":"2014-10-21T17:34:52","guid":{"rendered":"http:\/\/www.valadascoriel.com\/?page_id=1634"},"modified":"2014-10-21T17:34:52","modified_gmt":"2014-10-21T17:34:52","slug":"marta-valadas-coriel","status":"publish","type":"page","link":"https:\/\/vca2022.valadascoriel.com\/fr\/equipe\/partenaires\/marta-valadas-coriel\/","title":{"rendered":"Marta Valadas Coriel"},"content":{"rendered":"<p>[one_third]<a href=\"http:\/\/www.valadascoriel.com\/wp-content\/uploads\/2013\/04\/12-MVC.jpg\"><img decoding=\"async\" loading=\"lazy\" class=\"alignnone size-medium wp-image-336\" src=\"http:\/\/www.valadascoriel.com\/wp-content\/uploads\/2013\/04\/12-MVC-300x300.jpg\" alt=\"Marta Valadas Coriel\" width=\"300\" height=\"300\" srcset=\"https:\/\/vca2022.valadascoriel.com\/wp-content\/uploads\/2013\/04\/12-MVC-300x300.jpg 300w, https:\/\/vca2022.valadascoriel.com\/wp-content\/uploads\/2013\/04\/12-MVC-150x150.jpg 150w, https:\/\/vca2022.valadascoriel.com\/wp-content\/uploads\/2013\/04\/12-MVC-520x520.jpg 520w, https:\/\/vca2022.valadascoriel.com\/wp-content\/uploads\/2013\/04\/12-MVC.jpg 980w\" sizes=\"(max-width: 300px) 100vw, 300px\" \/><\/a>[\/one_third]<\/p>\n<p>[two_third_last]<\/p>\n<h1>Marta Valadas Coriel<\/h1>\n<p>Marta Valadas Coriel collabore avec VCA depuis 2012. Elle fait partie de l&rsquo;\u00e9quipe du d\u00e9partement du contentieux civil et commercial.<\/p>\n<p>Elle a collabor\u00e9 \u00e0 une \u00e9quipe multidisciplinaire d&rsquo;avocats et \u00e9t\u00e9 impliqu\u00e9e dans tout type de questions de contentieux, de recouvrement de cr\u00e9ances, d&rsquo;insolvabilit\u00e9s, de faillites et de redressement de soci\u00e9t<\/p>\n<h3>Domaines d&rsquo;activit\u00e9<\/h3>\n<p>Contentieux civil, commercial et p\u00e9nal.<\/p>\n<h3>Formation universitaire<\/h3>\n<p>Master 1 en droit (facult\u00e9 de droit de l&rsquo;universit\u00e9 de Lisbonne, 2012) ;<\/p>\n<h3>Associations professionnelles<\/h3>\n<p>Ordre des avocats (inscrite comme avocate-stagiaire depuis 2012),<\/p>\n<h3>Langues<\/h3>\n<p>Portugais, anglais et espagnol.<\/p>\n<h3>Contacts<\/h3>\n<p><a href=\"mailto:marta.coriel@valadascoriel.com\">marta.coriel@valadascoriel.com<\/a><\/p>\n<p>[\/two_third_last]<\/p>\n","protected":false},"excerpt":{"rendered":"<p>[one_third][\/one_third] [two_third_last] Marta Valadas Coriel Marta Valadas Coriel collabore avec VCA depuis 2012. Elle fait partie de l&rsquo;\u00e9quipe du d\u00e9partement du contentieux civil et commercial. Elle a collabor\u00e9 \u00e0 une \u00e9quipe multidisciplinaire d&rsquo;avocats et \u00e9t\u00e9 impliqu\u00e9e dans tout type de questions de contentieux, de recouvrement de cr\u00e9ances, d&rsquo;insolvabilit\u00e9s, de faillites et de redressement de soci\u00e9t [&hellip;]<\/p>\n","protected":false},"author":1,"featured_media":0,"parent":1618,"menu_order":0,"comment_status":"closed","ping_status":"closed","template":"","meta":[],"yoast_head":"<!-- This site is optimized with the Yoast SEO plugin v20.10 - https:\/\/yoast.com\/wordpress\/plugins\/seo\/ -->\n<title>Marta Valadas Coriel - Valadas Coriel &amp; Associados<\/title>\n<meta name=\"robots\" content=\"index, follow, max-snippet:-1, max-image-preview:large, max-video-preview:-1\" \/>\n<link rel=\"canonical\" href=\"https:\/\/vca2022.valadascoriel.com\/fr\/equipe\/partenaires\/marta-valadas-coriel\/\" \/>\n<meta property=\"og:locale\" content=\"fr_FR\" \/>\n<meta property=\"og:type\" content=\"article\" \/>\n<meta property=\"og:title\" content=\"Marta Valadas Coriel - Valadas Coriel &amp; Associados\" \/>\n<meta property=\"og:description\" content=\"[one_third][\/one_third] [two_third_last] Marta Valadas Coriel Marta Valadas Coriel collabore avec VCA depuis 2012. Elle fait partie de l&rsquo;\u00e9quipe du d\u00e9partement du contentieux civil et commercial. Elle a collabor\u00e9 \u00e0 une \u00e9quipe multidisciplinaire d&rsquo;avocats et \u00e9t\u00e9 impliqu\u00e9e dans tout type de questions de contentieux, de recouvrement de cr\u00e9ances, d&rsquo;insolvabilit\u00e9s, de faillites et de redressement de soci\u00e9t [&hellip;]\" \/>\n<meta property=\"og:url\" content=\"https:\/\/vca2022.valadascoriel.com\/fr\/equipe\/partenaires\/marta-valadas-coriel\/\" \/>\n<meta property=\"og:site_name\" content=\"Valadas Coriel &amp; Associados\" \/>\n<meta property=\"og:image\" content=\"http:\/\/www.valadascoriel.com\/wp-content\/uploads\/2013\/04\/12-MVC-300x300.jpg\" \/>\n<meta name=\"twitter:label1\" content=\"Dur\u00e9e de lecture estim\u00e9e\" \/>\n\t<meta name=\"twitter:data1\" content=\"1 minute\" \/>\n<script type=\"application\/ld+json\" class=\"yoast-schema-graph\">{\"@context\":\"https:\/\/schema.org\",\"@graph\":[{\"@type\":\"WebPage\",\"@id\":\"https:\/\/vca2022.valadascoriel.com\/fr\/equipe\/partenaires\/marta-valadas-coriel\/\",\"url\":\"https:\/\/vca2022.valadascoriel.com\/fr\/equipe\/partenaires\/marta-valadas-coriel\/\",\"name\":\"Marta Valadas Coriel - Valadas Coriel &amp; Associados\",\"isPartOf\":{\"@id\":\"https:\/\/vca2022.valadascoriel.com\/#website\"},\"datePublished\":\"2014-10-21T17:34:52+00:00\",\"dateModified\":\"2014-10-21T17:34:52+00:00\",\"breadcrumb\":{\"@id\":\"https:\/\/vca2022.valadascoriel.com\/fr\/equipe\/partenaires\/marta-valadas-coriel\/#breadcrumb\"},\"inLanguage\":\"fr-FR\",\"potentialAction\":[{\"@type\":\"ReadAction\",\"target\":[\"https:\/\/vca2022.valadascoriel.com\/fr\/equipe\/partenaires\/marta-valadas-coriel\/\"]}]},{\"@type\":\"BreadcrumbList\",\"@id\":\"https:\/\/vca2022.valadascoriel.com\/fr\/equipe\/partenaires\/marta-valadas-coriel\/#breadcrumb\",\"itemListElement\":[{\"@type\":\"ListItem\",\"position\":1,\"name\":\"Home\",\"item\":\"https:\/\/vca2022.valadascoriel.com\/fr\/\"},{\"@type\":\"ListItem\",\"position\":2,\"name\":\"\u00c9quipe\",\"item\":\"https:\/\/vca2022.valadascoriel.com\/fr\/equipe\/\"},{\"@type\":\"ListItem\",\"position\":3,\"name\":\"Partenaires\",\"item\":\"https:\/\/vca2022.valadascoriel.com\/fr\/equipe\/partenaires\/\"},{\"@type\":\"ListItem\",\"position\":4,\"name\":\"Marta Valadas Coriel\"}]},{\"@type\":\"WebSite\",\"@id\":\"https:\/\/vca2022.valadascoriel.com\/#website\",\"url\":\"https:\/\/vca2022.valadascoriel.com\/\",\"name\":\"Valadas Coriel &amp; Associados\",\"description\":\"Sociedade de Advogados RL\",\"potentialAction\":[{\"@type\":\"SearchAction\",\"target\":{\"@type\":\"EntryPoint\",\"urlTemplate\":\"https:\/\/vca2022.valadascoriel.com\/?s={search_term_string}\"},\"query-input\":\"required name=search_term_string\"}],\"inLanguage\":\"fr-FR\"}]}<\/script>\n<!-- \/ Yoast SEO plugin. -->","yoast_head_json":{"title":"Marta Valadas Coriel - Valadas Coriel &amp; Associados","robots":{"index":"index","follow":"follow","max-snippet":"max-snippet:-1","max-image-preview":"max-image-preview:large","max-video-preview":"max-video-preview:-1"},"canonical":"https:\/\/vca2022.valadascoriel.com\/fr\/equipe\/partenaires\/marta-valadas-coriel\/","og_locale":"fr_FR","og_type":"article","og_title":"Marta Valadas Coriel - Valadas Coriel &amp; Associados","og_description":"[one_third][\/one_third] [two_third_last] Marta Valadas Coriel Marta Valadas Coriel collabore avec VCA depuis 2012. Elle fait partie de l&rsquo;\u00e9quipe du d\u00e9partement du contentieux civil et commercial. Elle a collabor\u00e9 \u00e0 une \u00e9quipe multidisciplinaire d&rsquo;avocats et \u00e9t\u00e9 impliqu\u00e9e dans tout type de questions de contentieux, de recouvrement de cr\u00e9ances, d&rsquo;insolvabilit\u00e9s, de faillites et de redressement de soci\u00e9t [&hellip;]","og_url":"https:\/\/vca2022.valadascoriel.com\/fr\/equipe\/partenaires\/marta-valadas-coriel\/","og_site_name":"Valadas Coriel &amp; Associados","og_image":[{"url":"http:\/\/www.valadascoriel.com\/wp-content\/uploads\/2013\/04\/12-MVC-300x300.jpg"}],"twitter_misc":{"Dur\u00e9e de lecture estim\u00e9e":"1 minute"},"schema":{"@context":"https:\/\/schema.org","@graph":[{"@type":"WebPage","@id":"https:\/\/vca2022.valadascoriel.com\/fr\/equipe\/partenaires\/marta-valadas-coriel\/","url":"https:\/\/vca2022.valadascoriel.com\/fr\/equipe\/partenaires\/marta-valadas-coriel\/","name":"Marta Valadas Coriel - Valadas Coriel &amp; Associados","isPartOf":{"@id":"https:\/\/vca2022.valadascoriel.com\/#website"},"datePublished":"2014-10-21T17:34:52+00:00","dateModified":"2014-10-21T17:34:52+00:00","breadcrumb":{"@id":"https:\/\/vca2022.valadascoriel.com\/fr\/equipe\/partenaires\/marta-valadas-coriel\/#breadcrumb"},"inLanguage":"fr-FR","potentialAction":[{"@type":"ReadAction","target":["https:\/\/vca2022.valadascoriel.com\/fr\/equipe\/partenaires\/marta-valadas-coriel\/"]}]},{"@type":"BreadcrumbList","@id":"https:\/\/vca2022.valadascoriel.com\/fr\/equipe\/partenaires\/marta-valadas-coriel\/#breadcrumb","itemListElement":[{"@type":"ListItem","position":1,"name":"Home","item":"https:\/\/vca2022.valadascoriel.com\/fr\/"},{"@type":"ListItem","position":2,"name":"\u00c9quipe","item":"https:\/\/vca2022.valadascoriel.com\/fr\/equipe\/"},{"@type":"ListItem","position":3,"name":"Partenaires","item":"https:\/\/vca2022.valadascoriel.com\/fr\/equipe\/partenaires\/"},{"@type":"ListItem","position":4,"name":"Marta Valadas Coriel"}]},{"@type":"WebSite","@id":"https:\/\/vca2022.valadascoriel.com\/#website","url":"https:\/\/vca2022.valadascoriel.com\/","name":"Valadas Coriel &amp; Associados","description":"Sociedade de Advogados RL","potentialAction":[{"@type":"SearchAction","target":{"@type":"EntryPoint","urlTemplate":"https:\/\/vca2022.valadascoriel.com\/?s={search_term_string}"},"query-input":"required name=search_term_string"}],"inLanguage":"fr-FR"}]}},"_links":{"self":[{"href":"https:\/\/vca2022.valadascoriel.com\/fr\/wp-json\/wp\/v2\/pages\/1634"}],"collection":[{"href":"https:\/\/vca2022.valadascoriel.com\/fr\/wp-json\/wp\/v2\/pages"}],"about":[{"href":"https:\/\/vca2022.valadascoriel.com\/fr\/wp-json\/wp\/v2\/types\/page"}],"author":[{"embeddable":true,"href":"https:\/\/vca2022.valadascoriel.com\/fr\/wp-json\/wp\/v2\/users\/1"}],"replies":[{"embeddable":true,"href":"https:\/\/vca2022.valadascoriel.com\/fr\/wp-json\/wp\/v2\/comments?post=1634"}],"version-history":[{"count":1,"href":"https:\/\/vca2022.valadascoriel.com\/fr\/wp-json\/wp\/v2\/pages\/1634\/revisions"}],"predecessor-version":[{"id":1635,"href":"https:\/\/vca2022.valadascoriel.com\/fr\/wp-json\/wp\/v2\/pages\/1634\/revisions\/1635"}],"up":[{"embeddable":true,"href":"https:\/\/vca2022.valadascoriel.com\/fr\/wp-json\/wp\/v2\/pages\/1618"}],"wp:attachment":[{"href":"https:\/\/vca2022.valadascoriel.com\/fr\/wp-json\/wp\/v2\/media?parent=1634"}],"curies":[{"name":"wp","href":"https:\/\/api.w.org\/{rel}","templated":true}]}}