{"id":1630,"date":"2014-10-21T16:31:30","date_gmt":"2014-10-21T16:31:30","guid":{"rendered":"http:\/\/www.valadascoriel.com\/?page_id=1630"},"modified":"2014-11-20T17:58:08","modified_gmt":"2014-11-20T17:58:08","slug":"ana-mendes-soares","status":"publish","type":"page","link":"https:\/\/vca2022.valadascoriel.com\/fr\/equipe\/partenaires\/ana-mendes-soares\/","title":{"rendered":"Ana Mendes Soares"},"content":{"rendered":"<p>[one_third]<a href=\"http:\/\/www.valadascoriel.com\/wp-content\/uploads\/2013\/04\/9-AMS1.jpg\"><img decoding=\"async\" loading=\"lazy\" class=\"alignnone size-medium wp-image-558\" src=\"http:\/\/www.valadascoriel.com\/wp-content\/uploads\/2013\/04\/9-AMS1-300x300.jpg\" alt=\"Ana Mendes Soares\" width=\"300\" height=\"300\" srcset=\"https:\/\/vca2022.valadascoriel.com\/wp-content\/uploads\/2013\/04\/9-AMS1-300x300.jpg 300w, https:\/\/vca2022.valadascoriel.com\/wp-content\/uploads\/2013\/04\/9-AMS1-150x150.jpg 150w, https:\/\/vca2022.valadascoriel.com\/wp-content\/uploads\/2013\/04\/9-AMS1-520x520.jpg 520w, https:\/\/vca2022.valadascoriel.com\/wp-content\/uploads\/2013\/04\/9-AMS1.jpg 980w\" sizes=\"(max-width: 300px) 100vw, 300px\" \/><\/a>[\/one_third]<\/p>\n<p>[two_third_last]<\/p>\n<h1>Ana Mendes Soares<\/h1>\n<p class=\"p1\">Ana Mendes Soares collabore avec VC&amp;A depuis 2011. Elle fait partie de l&rsquo;\u00e9quipe du d\u00e9partement du contentieux civil et commercial,\u00a0dont elle est la coordinatrice adjointe.<\/p>\n<p class=\"p1\">Elle a l&rsquo;exp\u00e9rience des questions de contentieux civil, commercial, p\u00e9nal, administratif, du contentieux de masse, sp\u00e9cialement sur les questions li\u00e9es \u00e0 la consommation.<\/p>\n<h3>Domaines d&rsquo;activit\u00e9<\/h3>\n<p>Contentieux civil et commercial, p\u00e9nal, administratif, contentieux de masse sp\u00e9cialement sur les questions li\u00e9es \u00e0 la consommation.<\/p>\n<h3>Formation universitaire<\/h3>\n<p>Master 1 en droit (facult\u00e9 de droit de l&rsquo;universit\u00e9 nouvelle de Lisbonne, 2009) ; Master 2 en droit public, (universit\u00e9 nouvelle de Lisbonne, 2011)<\/p>\n<h3>Associa\u00e7\u00f5es Profissionais<\/h3>\n<p>Ordre des avocats (inscrite depuis 2008),<\/p>\n<h3>L\u00ednguas<\/h3>\n<p>Portugais, anglais, fran\u00e7ais et espagnol.<\/p>\n<h3>Publica\u00e7\u00f5es<\/h3>\n<p>SOARES, A. et REBELO, I. (2010) \u00ab Communication, citoyennet\u00e9 et d\u00e9mocratie : quels sont les risques et\u00a0 les garanties de l&rsquo;opinion publique pour la s\u00e9curit\u00e9 nationale ? \u00bb in AA.VV. (2010) Ier Congr\u00e8s national de la s\u00e9curit\u00e9 et de la d\u00e9fense. Lisbonne : Journal de bord.<\/p>\n<p>Seguran\u00e7a e Defesa. Lisboa: Di\u00e1rio de Bordo.<\/p>\n<p>SOARES, A. (1999) \u00ab Rose de l&rsquo;amour \u00bb, \u00ab L&rsquo;amour, c&rsquo;est\u2026 \u00bb et \u00ab Les r\u00eaves d&rsquo;amour \u00bb in AA.\u00a0 VV. (1999) Les mots de l&rsquo;amour. Espinho : Elefante Editores.<\/p>\n<h3>Contacts<\/h3>\n<p><a href=\"mailto:ana.soares@valadascoriel.com\">ana.soares@valadascoriel.com<\/a><\/p>\n<p>[\/two_third_last]<\/p>\n","protected":false},"excerpt":{"rendered":"<p>[one_third][\/one_third] [two_third_last] Ana Mendes Soares Ana Mendes Soares collabore avec VC&amp;A depuis 2011. Elle fait partie de l&rsquo;\u00e9quipe du d\u00e9partement du contentieux civil et commercial,\u00a0dont elle est la coordinatrice adjointe. Elle a l&rsquo;exp\u00e9rience des questions de contentieux civil, commercial, p\u00e9nal, administratif, du contentieux de masse, sp\u00e9cialement sur les questions li\u00e9es \u00e0 la consommation. Domaines d&rsquo;activit\u00e9 [&hellip;]<\/p>\n","protected":false},"author":1,"featured_media":0,"parent":1618,"menu_order":0,"comment_status":"closed","ping_status":"closed","template":"","meta":[],"yoast_head":"<!-- This site is optimized with the Yoast SEO plugin v20.10 - https:\/\/yoast.com\/wordpress\/plugins\/seo\/ -->\n<title>Ana Mendes Soares - Valadas Coriel &amp; Associados<\/title>\n<meta name=\"robots\" content=\"index, follow, max-snippet:-1, max-image-preview:large, max-video-preview:-1\" \/>\n<link rel=\"canonical\" href=\"https:\/\/vca2022.valadascoriel.com\/fr\/equipe\/partenaires\/ana-mendes-soares\/\" \/>\n<meta property=\"og:locale\" content=\"fr_FR\" \/>\n<meta property=\"og:type\" content=\"article\" \/>\n<meta property=\"og:title\" content=\"Ana Mendes Soares - Valadas Coriel &amp; Associados\" \/>\n<meta property=\"og:description\" content=\"[one_third][\/one_third] [two_third_last] Ana Mendes Soares Ana Mendes Soares collabore avec VC&amp;A depuis 2011. Elle fait partie de l&rsquo;\u00e9quipe du d\u00e9partement du contentieux civil et commercial,\u00a0dont elle est la coordinatrice adjointe. Elle a l&rsquo;exp\u00e9rience des questions de contentieux civil, commercial, p\u00e9nal, administratif, du contentieux de masse, sp\u00e9cialement sur les questions li\u00e9es \u00e0 la consommation. Domaines d&rsquo;activit\u00e9 [&hellip;]\" \/>\n<meta property=\"og:url\" content=\"https:\/\/vca2022.valadascoriel.com\/fr\/equipe\/partenaires\/ana-mendes-soares\/\" \/>\n<meta property=\"og:site_name\" content=\"Valadas Coriel &amp; Associados\" \/>\n<meta property=\"article:modified_time\" content=\"2014-11-20T17:58:08+00:00\" \/>\n<meta property=\"og:image\" content=\"http:\/\/www.valadascoriel.com\/wp-content\/uploads\/2013\/04\/9-AMS1-300x300.jpg\" \/>\n<meta name=\"twitter:label1\" content=\"Dur\u00e9e de lecture estim\u00e9e\" \/>\n\t<meta name=\"twitter:data1\" content=\"1 minute\" \/>\n<script type=\"application\/ld+json\" class=\"yoast-schema-graph\">{\"@context\":\"https:\/\/schema.org\",\"@graph\":[{\"@type\":\"WebPage\",\"@id\":\"https:\/\/vca2022.valadascoriel.com\/fr\/equipe\/partenaires\/ana-mendes-soares\/\",\"url\":\"https:\/\/vca2022.valadascoriel.com\/fr\/equipe\/partenaires\/ana-mendes-soares\/\",\"name\":\"Ana Mendes Soares - Valadas Coriel &amp; Associados\",\"isPartOf\":{\"@id\":\"https:\/\/vca2022.valadascoriel.com\/#website\"},\"datePublished\":\"2014-10-21T16:31:30+00:00\",\"dateModified\":\"2014-11-20T17:58:08+00:00\",\"breadcrumb\":{\"@id\":\"https:\/\/vca2022.valadascoriel.com\/fr\/equipe\/partenaires\/ana-mendes-soares\/#breadcrumb\"},\"inLanguage\":\"fr-FR\",\"potentialAction\":[{\"@type\":\"ReadAction\",\"target\":[\"https:\/\/vca2022.valadascoriel.com\/fr\/equipe\/partenaires\/ana-mendes-soares\/\"]}]},{\"@type\":\"BreadcrumbList\",\"@id\":\"https:\/\/vca2022.valadascoriel.com\/fr\/equipe\/partenaires\/ana-mendes-soares\/#breadcrumb\",\"itemListElement\":[{\"@type\":\"ListItem\",\"position\":1,\"name\":\"Home\",\"item\":\"https:\/\/vca2022.valadascoriel.com\/fr\/\"},{\"@type\":\"ListItem\",\"position\":2,\"name\":\"\u00c9quipe\",\"item\":\"https:\/\/vca2022.valadascoriel.com\/fr\/equipe\/\"},{\"@type\":\"ListItem\",\"position\":3,\"name\":\"Partenaires\",\"item\":\"https:\/\/vca2022.valadascoriel.com\/fr\/equipe\/partenaires\/\"},{\"@type\":\"ListItem\",\"position\":4,\"name\":\"Ana Mendes Soares\"}]},{\"@type\":\"WebSite\",\"@id\":\"https:\/\/vca2022.valadascoriel.com\/#website\",\"url\":\"https:\/\/vca2022.valadascoriel.com\/\",\"name\":\"Valadas Coriel &amp; Associados\",\"description\":\"Sociedade de Advogados RL\",\"potentialAction\":[{\"@type\":\"SearchAction\",\"target\":{\"@type\":\"EntryPoint\",\"urlTemplate\":\"https:\/\/vca2022.valadascoriel.com\/?s={search_term_string}\"},\"query-input\":\"required name=search_term_string\"}],\"inLanguage\":\"fr-FR\"}]}<\/script>\n<!-- \/ Yoast SEO plugin. -->","yoast_head_json":{"title":"Ana Mendes Soares - Valadas Coriel &amp; Associados","robots":{"index":"index","follow":"follow","max-snippet":"max-snippet:-1","max-image-preview":"max-image-preview:large","max-video-preview":"max-video-preview:-1"},"canonical":"https:\/\/vca2022.valadascoriel.com\/fr\/equipe\/partenaires\/ana-mendes-soares\/","og_locale":"fr_FR","og_type":"article","og_title":"Ana Mendes Soares - Valadas Coriel &amp; Associados","og_description":"[one_third][\/one_third] [two_third_last] Ana Mendes Soares Ana Mendes Soares collabore avec VC&amp;A depuis 2011. Elle fait partie de l&rsquo;\u00e9quipe du d\u00e9partement du contentieux civil et commercial,\u00a0dont elle est la coordinatrice adjointe. Elle a l&rsquo;exp\u00e9rience des questions de contentieux civil, commercial, p\u00e9nal, administratif, du contentieux de masse, sp\u00e9cialement sur les questions li\u00e9es \u00e0 la consommation. Domaines d&rsquo;activit\u00e9 [&hellip;]","og_url":"https:\/\/vca2022.valadascoriel.com\/fr\/equipe\/partenaires\/ana-mendes-soares\/","og_site_name":"Valadas Coriel &amp; Associados","article_modified_time":"2014-11-20T17:58:08+00:00","og_image":[{"url":"http:\/\/www.valadascoriel.com\/wp-content\/uploads\/2013\/04\/9-AMS1-300x300.jpg"}],"twitter_misc":{"Dur\u00e9e de lecture estim\u00e9e":"1 minute"},"schema":{"@context":"https:\/\/schema.org","@graph":[{"@type":"WebPage","@id":"https:\/\/vca2022.valadascoriel.com\/fr\/equipe\/partenaires\/ana-mendes-soares\/","url":"https:\/\/vca2022.valadascoriel.com\/fr\/equipe\/partenaires\/ana-mendes-soares\/","name":"Ana Mendes Soares - Valadas Coriel &amp; Associados","isPartOf":{"@id":"https:\/\/vca2022.valadascoriel.com\/#website"},"datePublished":"2014-10-21T16:31:30+00:00","dateModified":"2014-11-20T17:58:08+00:00","breadcrumb":{"@id":"https:\/\/vca2022.valadascoriel.com\/fr\/equipe\/partenaires\/ana-mendes-soares\/#breadcrumb"},"inLanguage":"fr-FR","potentialAction":[{"@type":"ReadAction","target":["https:\/\/vca2022.valadascoriel.com\/fr\/equipe\/partenaires\/ana-mendes-soares\/"]}]},{"@type":"BreadcrumbList","@id":"https:\/\/vca2022.valadascoriel.com\/fr\/equipe\/partenaires\/ana-mendes-soares\/#breadcrumb","itemListElement":[{"@type":"ListItem","position":1,"name":"Home","item":"https:\/\/vca2022.valadascoriel.com\/fr\/"},{"@type":"ListItem","position":2,"name":"\u00c9quipe","item":"https:\/\/vca2022.valadascoriel.com\/fr\/equipe\/"},{"@type":"ListItem","position":3,"name":"Partenaires","item":"https:\/\/vca2022.valadascoriel.com\/fr\/equipe\/partenaires\/"},{"@type":"ListItem","position":4,"name":"Ana Mendes Soares"}]},{"@type":"WebSite","@id":"https:\/\/vca2022.valadascoriel.com\/#website","url":"https:\/\/vca2022.valadascoriel.com\/","name":"Valadas Coriel &amp; Associados","description":"Sociedade de Advogados RL","potentialAction":[{"@type":"SearchAction","target":{"@type":"EntryPoint","urlTemplate":"https:\/\/vca2022.valadascoriel.com\/?s={search_term_string}"},"query-input":"required name=search_term_string"}],"inLanguage":"fr-FR"}]}},"_links":{"self":[{"href":"https:\/\/vca2022.valadascoriel.com\/fr\/wp-json\/wp\/v2\/pages\/1630"}],"collection":[{"href":"https:\/\/vca2022.valadascoriel.com\/fr\/wp-json\/wp\/v2\/pages"}],"about":[{"href":"https:\/\/vca2022.valadascoriel.com\/fr\/wp-json\/wp\/v2\/types\/page"}],"author":[{"embeddable":true,"href":"https:\/\/vca2022.valadascoriel.com\/fr\/wp-json\/wp\/v2\/users\/1"}],"replies":[{"embeddable":true,"href":"https:\/\/vca2022.valadascoriel.com\/fr\/wp-json\/wp\/v2\/comments?post=1630"}],"version-history":[{"count":2,"href":"https:\/\/vca2022.valadascoriel.com\/fr\/wp-json\/wp\/v2\/pages\/1630\/revisions"}],"predecessor-version":[{"id":1938,"href":"https:\/\/vca2022.valadascoriel.com\/fr\/wp-json\/wp\/v2\/pages\/1630\/revisions\/1938"}],"up":[{"embeddable":true,"href":"https:\/\/vca2022.valadascoriel.com\/fr\/wp-json\/wp\/v2\/pages\/1618"}],"wp:attachment":[{"href":"https:\/\/vca2022.valadascoriel.com\/fr\/wp-json\/wp\/v2\/media?parent=1630"}],"curies":[{"name":"wp","href":"https:\/\/api.w.org\/{rel}","templated":true}]}}