{"id":1628,"date":"2014-10-21T16:27:26","date_gmt":"2014-10-21T16:27:26","guid":{"rendered":"http:\/\/www.valadascoriel.com\/?page_id=1628"},"modified":"2014-11-20T17:55:52","modified_gmt":"2014-11-20T17:55:52","slug":"susana-varela-gaiato","status":"publish","type":"page","link":"https:\/\/vca2022.valadascoriel.com\/fr\/equipe\/partenaires\/susana-varela-gaiato\/","title":{"rendered":"Susana Varela Gaiato"},"content":{"rendered":"<p>[one_third]<a href=\"http:\/\/www.valadascoriel.com\/wp-content\/uploads\/2013\/04\/8-SVG.jpg\"><img decoding=\"async\" loading=\"lazy\" class=\"alignnone size-medium wp-image-316\" src=\"http:\/\/www.valadascoriel.com\/wp-content\/uploads\/2013\/04\/8-SVG-300x300.jpg\" alt=\"Susana Varela Gaiato\" width=\"300\" height=\"300\" srcset=\"https:\/\/vca2022.valadascoriel.com\/wp-content\/uploads\/2013\/04\/8-SVG-300x300.jpg 300w, https:\/\/vca2022.valadascoriel.com\/wp-content\/uploads\/2013\/04\/8-SVG-150x150.jpg 150w, https:\/\/vca2022.valadascoriel.com\/wp-content\/uploads\/2013\/04\/8-SVG-520x520.jpg 520w, https:\/\/vca2022.valadascoriel.com\/wp-content\/uploads\/2013\/04\/8-SVG.jpg 980w\" sizes=\"(max-width: 300px) 100vw, 300px\" \/><\/a>[\/one_third]<\/p>\n<p>[two_third_last]<\/p>\n<h1>Susana Varela Gaiato<\/h1>\n<p class=\"p1\">Susana Varela Gaiato collabore avec VCA depuis 2010.<\/p>\n<p class=\"p1\">Elle poss\u00e8de une exp\u00e9rience importante dans les domaines du contentieux civil, de la restructuration d&rsquo;entreprises et de l&rsquo;insolvabilit\u00e9, notamment, avec des clients qui interviennent dans le domaine d&rsquo;activit\u00e9 de l&rsquo;\u00e9nergie \u00e9lectrique, ainsi que dans le cadre des litiges dans les domaines du droit bancaire et p\u00e9nal \u00e9conomique.<\/p>\n<h3>Domaines d&rsquo;activit\u00e9<\/h3>\n<p>Droit de l&rsquo;\u00e9nergie et des ressources naturelles (avec un approche sp\u00e9ciale pour l&rsquo;\u00e9nergie \u00e9lectrique), contentieux civil et commercial, bancaire et p\u00e9nal \u00e9conomique, contrats, insolvabilit\u00e9s, faillites et redressement d&rsquo;entreprises.<\/p>\n<h3>Formation universitaire<\/h3>\n<p>Master 1 en droit (facult\u00e9 de droit de l&rsquo;universit\u00e9 classique de Lisbonne, 2006), formation du troisi\u00e8me cycle en droit p\u00e9nal \u00e9conomique et financier et patrimonial (Institut de droit p\u00e9nal de la facult\u00e9 de droit de l&rsquo;universit\u00e9 classique de Lisbonne, 2008) ; Formation en mesure et facturation de l&rsquo;\u00e9nergie \u00e9lectrique (ERSE, 2010) ; formation sur le consommateur d&rsquo;\u00e9nergie (ERSE, 2011) ; formation sur le processus sp\u00e9cial de revitalisation (2012).<\/p>\n<h3>Associations professionnelles<\/h3>\n<p>Ordre des avocats (inscrite depuis 2009)<\/p>\n<h3>Langues<\/h3>\n<p>Portugais, anglais, espagnol, fran\u00e7ais et italien.<\/p>\n<h3>Contacts<\/h3>\n<p><a href=\"mailto:susana.gaiato@valadascoriel.com\">susana.gaiato@valadascoriel.com<\/a><\/p>\n<p>[\/two_third_last]<\/p>\n","protected":false},"excerpt":{"rendered":"<p>[one_third][\/one_third] [two_third_last] Susana Varela Gaiato Susana Varela Gaiato collabore avec VCA depuis 2010. Elle poss\u00e8de une exp\u00e9rience importante dans les domaines du contentieux civil, de la restructuration d&rsquo;entreprises et de l&rsquo;insolvabilit\u00e9, notamment, avec des clients qui interviennent dans le domaine d&rsquo;activit\u00e9 de l&rsquo;\u00e9nergie \u00e9lectrique, ainsi que dans le cadre des litiges dans les domaines du [&hellip;]<\/p>\n","protected":false},"author":1,"featured_media":0,"parent":1618,"menu_order":0,"comment_status":"closed","ping_status":"closed","template":"","meta":[],"yoast_head":"<!-- This site is optimized with the Yoast SEO plugin v20.10 - https:\/\/yoast.com\/wordpress\/plugins\/seo\/ -->\n<title>Susana Varela Gaiato - Valadas Coriel &amp; Associados<\/title>\n<meta name=\"robots\" content=\"index, follow, max-snippet:-1, max-image-preview:large, max-video-preview:-1\" \/>\n<link rel=\"canonical\" href=\"https:\/\/vca2022.valadascoriel.com\/fr\/equipe\/partenaires\/susana-varela-gaiato\/\" \/>\n<meta property=\"og:locale\" content=\"fr_FR\" \/>\n<meta property=\"og:type\" content=\"article\" \/>\n<meta property=\"og:title\" content=\"Susana Varela Gaiato - Valadas Coriel &amp; Associados\" \/>\n<meta property=\"og:description\" content=\"[one_third][\/one_third] [two_third_last] Susana Varela Gaiato Susana Varela Gaiato collabore avec VCA depuis 2010. Elle poss\u00e8de une exp\u00e9rience importante dans les domaines du contentieux civil, de la restructuration d&rsquo;entreprises et de l&rsquo;insolvabilit\u00e9, notamment, avec des clients qui interviennent dans le domaine d&rsquo;activit\u00e9 de l&rsquo;\u00e9nergie \u00e9lectrique, ainsi que dans le cadre des litiges dans les domaines du [&hellip;]\" \/>\n<meta property=\"og:url\" content=\"https:\/\/vca2022.valadascoriel.com\/fr\/equipe\/partenaires\/susana-varela-gaiato\/\" \/>\n<meta property=\"og:site_name\" content=\"Valadas Coriel &amp; Associados\" \/>\n<meta property=\"article:modified_time\" content=\"2014-11-20T17:55:52+00:00\" \/>\n<meta property=\"og:image\" content=\"http:\/\/www.valadascoriel.com\/wp-content\/uploads\/2013\/04\/8-SVG-300x300.jpg\" \/>\n<meta name=\"twitter:label1\" content=\"Dur\u00e9e de lecture estim\u00e9e\" \/>\n\t<meta name=\"twitter:data1\" content=\"1 minute\" \/>\n<script type=\"application\/ld+json\" class=\"yoast-schema-graph\">{\"@context\":\"https:\/\/schema.org\",\"@graph\":[{\"@type\":\"WebPage\",\"@id\":\"https:\/\/vca2022.valadascoriel.com\/fr\/equipe\/partenaires\/susana-varela-gaiato\/\",\"url\":\"https:\/\/vca2022.valadascoriel.com\/fr\/equipe\/partenaires\/susana-varela-gaiato\/\",\"name\":\"Susana Varela Gaiato - Valadas Coriel &amp; Associados\",\"isPartOf\":{\"@id\":\"https:\/\/vca2022.valadascoriel.com\/#website\"},\"datePublished\":\"2014-10-21T16:27:26+00:00\",\"dateModified\":\"2014-11-20T17:55:52+00:00\",\"breadcrumb\":{\"@id\":\"https:\/\/vca2022.valadascoriel.com\/fr\/equipe\/partenaires\/susana-varela-gaiato\/#breadcrumb\"},\"inLanguage\":\"fr-FR\",\"potentialAction\":[{\"@type\":\"ReadAction\",\"target\":[\"https:\/\/vca2022.valadascoriel.com\/fr\/equipe\/partenaires\/susana-varela-gaiato\/\"]}]},{\"@type\":\"BreadcrumbList\",\"@id\":\"https:\/\/vca2022.valadascoriel.com\/fr\/equipe\/partenaires\/susana-varela-gaiato\/#breadcrumb\",\"itemListElement\":[{\"@type\":\"ListItem\",\"position\":1,\"name\":\"Home\",\"item\":\"https:\/\/vca2022.valadascoriel.com\/fr\/\"},{\"@type\":\"ListItem\",\"position\":2,\"name\":\"\u00c9quipe\",\"item\":\"https:\/\/vca2022.valadascoriel.com\/fr\/equipe\/\"},{\"@type\":\"ListItem\",\"position\":3,\"name\":\"Partenaires\",\"item\":\"https:\/\/vca2022.valadascoriel.com\/fr\/equipe\/partenaires\/\"},{\"@type\":\"ListItem\",\"position\":4,\"name\":\"Susana Varela Gaiato\"}]},{\"@type\":\"WebSite\",\"@id\":\"https:\/\/vca2022.valadascoriel.com\/#website\",\"url\":\"https:\/\/vca2022.valadascoriel.com\/\",\"name\":\"Valadas Coriel &amp; Associados\",\"description\":\"Sociedade de Advogados RL\",\"potentialAction\":[{\"@type\":\"SearchAction\",\"target\":{\"@type\":\"EntryPoint\",\"urlTemplate\":\"https:\/\/vca2022.valadascoriel.com\/?s={search_term_string}\"},\"query-input\":\"required name=search_term_string\"}],\"inLanguage\":\"fr-FR\"}]}<\/script>\n<!-- \/ Yoast SEO plugin. -->","yoast_head_json":{"title":"Susana Varela Gaiato - Valadas Coriel &amp; Associados","robots":{"index":"index","follow":"follow","max-snippet":"max-snippet:-1","max-image-preview":"max-image-preview:large","max-video-preview":"max-video-preview:-1"},"canonical":"https:\/\/vca2022.valadascoriel.com\/fr\/equipe\/partenaires\/susana-varela-gaiato\/","og_locale":"fr_FR","og_type":"article","og_title":"Susana Varela Gaiato - Valadas Coriel &amp; Associados","og_description":"[one_third][\/one_third] [two_third_last] Susana Varela Gaiato Susana Varela Gaiato collabore avec VCA depuis 2010. Elle poss\u00e8de une exp\u00e9rience importante dans les domaines du contentieux civil, de la restructuration d&rsquo;entreprises et de l&rsquo;insolvabilit\u00e9, notamment, avec des clients qui interviennent dans le domaine d&rsquo;activit\u00e9 de l&rsquo;\u00e9nergie \u00e9lectrique, ainsi que dans le cadre des litiges dans les domaines du [&hellip;]","og_url":"https:\/\/vca2022.valadascoriel.com\/fr\/equipe\/partenaires\/susana-varela-gaiato\/","og_site_name":"Valadas Coriel &amp; Associados","article_modified_time":"2014-11-20T17:55:52+00:00","og_image":[{"url":"http:\/\/www.valadascoriel.com\/wp-content\/uploads\/2013\/04\/8-SVG-300x300.jpg"}],"twitter_misc":{"Dur\u00e9e de lecture estim\u00e9e":"1 minute"},"schema":{"@context":"https:\/\/schema.org","@graph":[{"@type":"WebPage","@id":"https:\/\/vca2022.valadascoriel.com\/fr\/equipe\/partenaires\/susana-varela-gaiato\/","url":"https:\/\/vca2022.valadascoriel.com\/fr\/equipe\/partenaires\/susana-varela-gaiato\/","name":"Susana Varela Gaiato - Valadas Coriel &amp; Associados","isPartOf":{"@id":"https:\/\/vca2022.valadascoriel.com\/#website"},"datePublished":"2014-10-21T16:27:26+00:00","dateModified":"2014-11-20T17:55:52+00:00","breadcrumb":{"@id":"https:\/\/vca2022.valadascoriel.com\/fr\/equipe\/partenaires\/susana-varela-gaiato\/#breadcrumb"},"inLanguage":"fr-FR","potentialAction":[{"@type":"ReadAction","target":["https:\/\/vca2022.valadascoriel.com\/fr\/equipe\/partenaires\/susana-varela-gaiato\/"]}]},{"@type":"BreadcrumbList","@id":"https:\/\/vca2022.valadascoriel.com\/fr\/equipe\/partenaires\/susana-varela-gaiato\/#breadcrumb","itemListElement":[{"@type":"ListItem","position":1,"name":"Home","item":"https:\/\/vca2022.valadascoriel.com\/fr\/"},{"@type":"ListItem","position":2,"name":"\u00c9quipe","item":"https:\/\/vca2022.valadascoriel.com\/fr\/equipe\/"},{"@type":"ListItem","position":3,"name":"Partenaires","item":"https:\/\/vca2022.valadascoriel.com\/fr\/equipe\/partenaires\/"},{"@type":"ListItem","position":4,"name":"Susana Varela Gaiato"}]},{"@type":"WebSite","@id":"https:\/\/vca2022.valadascoriel.com\/#website","url":"https:\/\/vca2022.valadascoriel.com\/","name":"Valadas Coriel &amp; Associados","description":"Sociedade de Advogados RL","potentialAction":[{"@type":"SearchAction","target":{"@type":"EntryPoint","urlTemplate":"https:\/\/vca2022.valadascoriel.com\/?s={search_term_string}"},"query-input":"required name=search_term_string"}],"inLanguage":"fr-FR"}]}},"_links":{"self":[{"href":"https:\/\/vca2022.valadascoriel.com\/fr\/wp-json\/wp\/v2\/pages\/1628"}],"collection":[{"href":"https:\/\/vca2022.valadascoriel.com\/fr\/wp-json\/wp\/v2\/pages"}],"about":[{"href":"https:\/\/vca2022.valadascoriel.com\/fr\/wp-json\/wp\/v2\/types\/page"}],"author":[{"embeddable":true,"href":"https:\/\/vca2022.valadascoriel.com\/fr\/wp-json\/wp\/v2\/users\/1"}],"replies":[{"embeddable":true,"href":"https:\/\/vca2022.valadascoriel.com\/fr\/wp-json\/wp\/v2\/comments?post=1628"}],"version-history":[{"count":3,"href":"https:\/\/vca2022.valadascoriel.com\/fr\/wp-json\/wp\/v2\/pages\/1628\/revisions"}],"predecessor-version":[{"id":1937,"href":"https:\/\/vca2022.valadascoriel.com\/fr\/wp-json\/wp\/v2\/pages\/1628\/revisions\/1937"}],"up":[{"embeddable":true,"href":"https:\/\/vca2022.valadascoriel.com\/fr\/wp-json\/wp\/v2\/pages\/1618"}],"wp:attachment":[{"href":"https:\/\/vca2022.valadascoriel.com\/fr\/wp-json\/wp\/v2\/media?parent=1628"}],"curies":[{"name":"wp","href":"https:\/\/api.w.org\/{rel}","templated":true}]}}