{"id":1624,"date":"2014-10-21T16:12:05","date_gmt":"2014-10-21T16:12:05","guid":{"rendered":"http:\/\/www.valadascoriel.com\/?page_id=1624"},"modified":"2014-10-22T17:38:07","modified_gmt":"2014-10-22T17:38:07","slug":"ana-santos-fontes","status":"publish","type":"page","link":"https:\/\/vca2022.valadascoriel.com\/fr\/equipe\/partenaires\/ana-santos-fontes\/","title":{"rendered":"Ana Santos Fontes"},"content":{"rendered":"<p>[one_third]<a href=\"http:\/\/www.valadascoriel.com\/wp-content\/uploads\/2013\/04\/6-ASF.jpg\"><img decoding=\"async\" loading=\"lazy\" class=\"alignnone size-medium wp-image-311\" src=\"http:\/\/www.valadascoriel.com\/wp-content\/uploads\/2013\/04\/6-ASF-300x300.jpg\" alt=\"Ana Santos Fontes\" width=\"300\" height=\"300\" srcset=\"https:\/\/vca2022.valadascoriel.com\/wp-content\/uploads\/2013\/04\/6-ASF-300x300.jpg 300w, https:\/\/vca2022.valadascoriel.com\/wp-content\/uploads\/2013\/04\/6-ASF-150x150.jpg 150w, https:\/\/vca2022.valadascoriel.com\/wp-content\/uploads\/2013\/04\/6-ASF-520x520.jpg 520w, https:\/\/vca2022.valadascoriel.com\/wp-content\/uploads\/2013\/04\/6-ASF.jpg 653w\" sizes=\"(max-width: 300px) 100vw, 300px\" \/><\/a>[\/one_third]<\/p>\n<p>[two_third_last]<\/p>\n<h1>Ana Santos Fontes<\/h1>\n<p class=\"p1\">Ana Santos Fontes collabore avec VCA depuis septembre 2007. Elle fait partie des d\u00e9partements du contentieux, du droit immobilier et de celui des soci\u00e9t\u00e9s. Elle intervient \u00e9galement comme support des domaines du droit commercial, du droit fiscal, du droit civil, du droit du travail, du droit de la famille, du droit p\u00e9nal et des infractions.<\/p>\n<p class=\"p1\">Elle est un \u00e9l\u00e9ment actif des \u00e9quipes de n\u00e9gociation sur les questions de droit commercial, des entreprises, bancaire, immobilier, financier, fiscal, de l&rsquo;\u00e9nergie, des projets, des investissements internationaux et d&rsquo;autres groupes de domaines de la soci\u00e9t\u00e9.<\/p>\n<h3>Domaines d&rsquo;activit\u00e9<\/h3>\n<p>Contentieux civil, p\u00e9nal et du travail, contrats, droit de la famille et conseil dans les secteurs du droit des soci\u00e9t\u00e9s, commercial, fiscal et immobilier.<\/p>\n<h3>Formation universitaire<\/h3>\n<p>Master 1 en droit (facult\u00e9 de droit de l&rsquo;universit\u00e9 nouvelle de Lisbonne, 2007) ; Stage de formation sur les \u00ab <em>droits de l&rsquo;homme<\/em> \u00bb (cabinet de documentation et droit compar\u00e9, 2006) ; Cours sur les \u00ab <em>Asym\u00e9tries de genre : Pouvoir et violence<\/em> \u00bb (facult\u00e9 des sciences sociales et humaines de l&rsquo;UNL, 2006) ; Formation \u00ab <em>R\u00e9forme du code du travail<\/em> \u00bb, (CDL de l&rsquo;Ordre des avocats, 2012).<\/p>\n<h3>Associations professionnelles<\/h3>\n<p>Ordre des avocats (inscrite comme avocat depuis 2010)<\/p>\n<h3>Langues<\/h3>\n<p>Portugais, anglais, fran\u00e7ais et italien.<\/p>\n<h3>Contacts<\/h3>\n<p><a href=\"mailto:ana.fontes@valadascoriel.com\">ana.fontes@valadascoriel.com<\/a><\/p>\n<p>[\/two_third_last]<\/p>\n","protected":false},"excerpt":{"rendered":"<p>[one_third][\/one_third] [two_third_last] Ana Santos Fontes Ana Santos Fontes collabore avec VCA depuis septembre 2007. Elle fait partie des d\u00e9partements du contentieux, du droit immobilier et de celui des soci\u00e9t\u00e9s. Elle intervient \u00e9galement comme support des domaines du droit commercial, du droit fiscal, du droit civil, du droit du travail, du droit de la famille, du [&hellip;]<\/p>\n","protected":false},"author":1,"featured_media":0,"parent":1618,"menu_order":0,"comment_status":"closed","ping_status":"closed","template":"","meta":[],"yoast_head":"<!-- This site is optimized with the Yoast SEO plugin v20.10 - https:\/\/yoast.com\/wordpress\/plugins\/seo\/ -->\n<title>Ana Santos Fontes - Valadas Coriel &amp; Associados<\/title>\n<meta name=\"robots\" content=\"index, follow, max-snippet:-1, max-image-preview:large, max-video-preview:-1\" \/>\n<link rel=\"canonical\" href=\"https:\/\/vca2022.valadascoriel.com\/fr\/equipe\/partenaires\/ana-santos-fontes\/\" \/>\n<meta property=\"og:locale\" content=\"fr_FR\" \/>\n<meta property=\"og:type\" content=\"article\" \/>\n<meta property=\"og:title\" content=\"Ana Santos Fontes - Valadas Coriel &amp; Associados\" \/>\n<meta property=\"og:description\" content=\"[one_third][\/one_third] [two_third_last] Ana Santos Fontes Ana Santos Fontes collabore avec VCA depuis septembre 2007. Elle fait partie des d\u00e9partements du contentieux, du droit immobilier et de celui des soci\u00e9t\u00e9s. Elle intervient \u00e9galement comme support des domaines du droit commercial, du droit fiscal, du droit civil, du droit du travail, du droit de la famille, du [&hellip;]\" \/>\n<meta property=\"og:url\" content=\"https:\/\/vca2022.valadascoriel.com\/fr\/equipe\/partenaires\/ana-santos-fontes\/\" \/>\n<meta property=\"og:site_name\" content=\"Valadas Coriel &amp; Associados\" \/>\n<meta property=\"article:modified_time\" content=\"2014-10-22T17:38:07+00:00\" \/>\n<meta property=\"og:image\" content=\"http:\/\/www.valadascoriel.com\/wp-content\/uploads\/2013\/04\/6-ASF-300x300.jpg\" \/>\n<meta name=\"twitter:label1\" content=\"Dur\u00e9e de lecture estim\u00e9e\" \/>\n\t<meta name=\"twitter:data1\" content=\"1 minute\" \/>\n<script type=\"application\/ld+json\" class=\"yoast-schema-graph\">{\"@context\":\"https:\/\/schema.org\",\"@graph\":[{\"@type\":\"WebPage\",\"@id\":\"https:\/\/vca2022.valadascoriel.com\/fr\/equipe\/partenaires\/ana-santos-fontes\/\",\"url\":\"https:\/\/vca2022.valadascoriel.com\/fr\/equipe\/partenaires\/ana-santos-fontes\/\",\"name\":\"Ana Santos Fontes - Valadas Coriel &amp; Associados\",\"isPartOf\":{\"@id\":\"https:\/\/vca2022.valadascoriel.com\/#website\"},\"datePublished\":\"2014-10-21T16:12:05+00:00\",\"dateModified\":\"2014-10-22T17:38:07+00:00\",\"breadcrumb\":{\"@id\":\"https:\/\/vca2022.valadascoriel.com\/fr\/equipe\/partenaires\/ana-santos-fontes\/#breadcrumb\"},\"inLanguage\":\"fr-FR\",\"potentialAction\":[{\"@type\":\"ReadAction\",\"target\":[\"https:\/\/vca2022.valadascoriel.com\/fr\/equipe\/partenaires\/ana-santos-fontes\/\"]}]},{\"@type\":\"BreadcrumbList\",\"@id\":\"https:\/\/vca2022.valadascoriel.com\/fr\/equipe\/partenaires\/ana-santos-fontes\/#breadcrumb\",\"itemListElement\":[{\"@type\":\"ListItem\",\"position\":1,\"name\":\"Home\",\"item\":\"https:\/\/vca2022.valadascoriel.com\/fr\/\"},{\"@type\":\"ListItem\",\"position\":2,\"name\":\"\u00c9quipe\",\"item\":\"https:\/\/vca2022.valadascoriel.com\/fr\/equipe\/\"},{\"@type\":\"ListItem\",\"position\":3,\"name\":\"Partenaires\",\"item\":\"https:\/\/vca2022.valadascoriel.com\/fr\/equipe\/partenaires\/\"},{\"@type\":\"ListItem\",\"position\":4,\"name\":\"Ana Santos Fontes\"}]},{\"@type\":\"WebSite\",\"@id\":\"https:\/\/vca2022.valadascoriel.com\/#website\",\"url\":\"https:\/\/vca2022.valadascoriel.com\/\",\"name\":\"Valadas Coriel &amp; Associados\",\"description\":\"Sociedade de Advogados RL\",\"potentialAction\":[{\"@type\":\"SearchAction\",\"target\":{\"@type\":\"EntryPoint\",\"urlTemplate\":\"https:\/\/vca2022.valadascoriel.com\/?s={search_term_string}\"},\"query-input\":\"required name=search_term_string\"}],\"inLanguage\":\"fr-FR\"}]}<\/script>\n<!-- \/ Yoast SEO plugin. -->","yoast_head_json":{"title":"Ana Santos Fontes - Valadas Coriel &amp; Associados","robots":{"index":"index","follow":"follow","max-snippet":"max-snippet:-1","max-image-preview":"max-image-preview:large","max-video-preview":"max-video-preview:-1"},"canonical":"https:\/\/vca2022.valadascoriel.com\/fr\/equipe\/partenaires\/ana-santos-fontes\/","og_locale":"fr_FR","og_type":"article","og_title":"Ana Santos Fontes - Valadas Coriel &amp; Associados","og_description":"[one_third][\/one_third] [two_third_last] Ana Santos Fontes Ana Santos Fontes collabore avec VCA depuis septembre 2007. Elle fait partie des d\u00e9partements du contentieux, du droit immobilier et de celui des soci\u00e9t\u00e9s. Elle intervient \u00e9galement comme support des domaines du droit commercial, du droit fiscal, du droit civil, du droit du travail, du droit de la famille, du [&hellip;]","og_url":"https:\/\/vca2022.valadascoriel.com\/fr\/equipe\/partenaires\/ana-santos-fontes\/","og_site_name":"Valadas Coriel &amp; Associados","article_modified_time":"2014-10-22T17:38:07+00:00","og_image":[{"url":"http:\/\/www.valadascoriel.com\/wp-content\/uploads\/2013\/04\/6-ASF-300x300.jpg"}],"twitter_misc":{"Dur\u00e9e de lecture estim\u00e9e":"1 minute"},"schema":{"@context":"https:\/\/schema.org","@graph":[{"@type":"WebPage","@id":"https:\/\/vca2022.valadascoriel.com\/fr\/equipe\/partenaires\/ana-santos-fontes\/","url":"https:\/\/vca2022.valadascoriel.com\/fr\/equipe\/partenaires\/ana-santos-fontes\/","name":"Ana Santos Fontes - Valadas Coriel &amp; Associados","isPartOf":{"@id":"https:\/\/vca2022.valadascoriel.com\/#website"},"datePublished":"2014-10-21T16:12:05+00:00","dateModified":"2014-10-22T17:38:07+00:00","breadcrumb":{"@id":"https:\/\/vca2022.valadascoriel.com\/fr\/equipe\/partenaires\/ana-santos-fontes\/#breadcrumb"},"inLanguage":"fr-FR","potentialAction":[{"@type":"ReadAction","target":["https:\/\/vca2022.valadascoriel.com\/fr\/equipe\/partenaires\/ana-santos-fontes\/"]}]},{"@type":"BreadcrumbList","@id":"https:\/\/vca2022.valadascoriel.com\/fr\/equipe\/partenaires\/ana-santos-fontes\/#breadcrumb","itemListElement":[{"@type":"ListItem","position":1,"name":"Home","item":"https:\/\/vca2022.valadascoriel.com\/fr\/"},{"@type":"ListItem","position":2,"name":"\u00c9quipe","item":"https:\/\/vca2022.valadascoriel.com\/fr\/equipe\/"},{"@type":"ListItem","position":3,"name":"Partenaires","item":"https:\/\/vca2022.valadascoriel.com\/fr\/equipe\/partenaires\/"},{"@type":"ListItem","position":4,"name":"Ana Santos Fontes"}]},{"@type":"WebSite","@id":"https:\/\/vca2022.valadascoriel.com\/#website","url":"https:\/\/vca2022.valadascoriel.com\/","name":"Valadas Coriel &amp; Associados","description":"Sociedade de Advogados RL","potentialAction":[{"@type":"SearchAction","target":{"@type":"EntryPoint","urlTemplate":"https:\/\/vca2022.valadascoriel.com\/?s={search_term_string}"},"query-input":"required name=search_term_string"}],"inLanguage":"fr-FR"}]}},"_links":{"self":[{"href":"https:\/\/vca2022.valadascoriel.com\/fr\/wp-json\/wp\/v2\/pages\/1624"}],"collection":[{"href":"https:\/\/vca2022.valadascoriel.com\/fr\/wp-json\/wp\/v2\/pages"}],"about":[{"href":"https:\/\/vca2022.valadascoriel.com\/fr\/wp-json\/wp\/v2\/types\/page"}],"author":[{"embeddable":true,"href":"https:\/\/vca2022.valadascoriel.com\/fr\/wp-json\/wp\/v2\/users\/1"}],"replies":[{"embeddable":true,"href":"https:\/\/vca2022.valadascoriel.com\/fr\/wp-json\/wp\/v2\/comments?post=1624"}],"version-history":[{"count":2,"href":"https:\/\/vca2022.valadascoriel.com\/fr\/wp-json\/wp\/v2\/pages\/1624\/revisions"}],"predecessor-version":[{"id":1702,"href":"https:\/\/vca2022.valadascoriel.com\/fr\/wp-json\/wp\/v2\/pages\/1624\/revisions\/1702"}],"up":[{"embeddable":true,"href":"https:\/\/vca2022.valadascoriel.com\/fr\/wp-json\/wp\/v2\/pages\/1618"}],"wp:attachment":[{"href":"https:\/\/vca2022.valadascoriel.com\/fr\/wp-json\/wp\/v2\/media?parent=1624"}],"curies":[{"name":"wp","href":"https:\/\/api.w.org\/{rel}","templated":true}]}}