{"id":1622,"date":"2014-10-21T16:04:52","date_gmt":"2014-10-21T16:04:52","guid":{"rendered":"http:\/\/www.valadascoriel.com\/?page_id=1622"},"modified":"2014-10-21T16:04:52","modified_gmt":"2014-10-21T16:04:52","slug":"vera-chalaca","status":"publish","type":"page","link":"https:\/\/vca2022.valadascoriel.com\/fr\/equipe\/partenaires\/vera-chalaca\/","title":{"rendered":"Vera Chala\u00e7a"},"content":{"rendered":"<p>[one_third]<a href=\"http:\/\/www.valadascoriel.com\/wp-content\/uploads\/2013\/04\/5-VCA.jpg\"><img decoding=\"async\" loading=\"lazy\" class=\"alignnone size-medium wp-image-541\" src=\"http:\/\/www.valadascoriel.com\/wp-content\/uploads\/2013\/04\/5-VCA-300x300.jpg\" alt=\"Vera Chala\u00e7a\" width=\"300\" height=\"300\" srcset=\"https:\/\/vca2022.valadascoriel.com\/wp-content\/uploads\/2013\/04\/5-VCA-300x300.jpg 300w, https:\/\/vca2022.valadascoriel.com\/wp-content\/uploads\/2013\/04\/5-VCA-150x150.jpg 150w, https:\/\/vca2022.valadascoriel.com\/wp-content\/uploads\/2013\/04\/5-VCA-520x520.jpg 520w, https:\/\/vca2022.valadascoriel.com\/wp-content\/uploads\/2013\/04\/5-VCA.jpg 980w\" sizes=\"(max-width: 300px) 100vw, 300px\" \/><\/a>[\/one_third]<\/p>\n<p>[two_third_last]<\/p>\n<h1>Vera Chala\u00e7a<\/h1>\n<p class=\"p1\">Vera Chala\u00e7a Tavares de Almeida collabore avec VC&amp;A depuis 2013. Elle fait partie de l&rsquo;\u00e9quipe des d\u00e9partements de droit fiscal, de r\u00e9glementation \u00e9conomique, de l&rsquo;\u00e9nergie et des projets.<\/p>\n<p class=\"p1\">Elle dispose d&rsquo;une exp\u00e9rience importante dans l&rsquo;analyse juridique et l&rsquo;\u00e9laboration d&rsquo;avis concernant un tr\u00e8s grand nombre de questions l\u00e9gales li\u00e9es au droit fiscal, des soci\u00e9t\u00e9s et commercial. Elle collabore avec le d\u00e9partement du contentieux, en repr\u00e9sentant les clients de la soci\u00e9t\u00e9 aupr\u00e8s de tous les tribunaux. Elle est un \u00e9l\u00e9ment actif des \u00e9quipes de n\u00e9gociation sur les questions de droit commercial, des entreprises, immobilier, financier, fiscal, de l&rsquo;\u00e9nergie, civil, des projets, des investissements internationaux et d&rsquo;autres groupes de domaines de la soci\u00e9t\u00e9.<\/p>\n<h3>Domaines d&rsquo;activit\u00e9<\/h3>\n<p>Conseil en droit fiscal et des soci\u00e9t\u00e9, conseils dans les domaines du droit commercial, civil, \u00e9conomique, p\u00e9nal, du travail, les contrats nationaux et internationaux, conseils pr\u00e9contentieux et sur les m\u00e9thodes de r\u00e9solution alternative de litiges.<\/p>\n<h3>Formation universitaire<\/h3>\n<p>Master 1 en droit (facult\u00e9 de droit de l&rsquo;universit\u00e9 classique de Lisbonne, 1998-2003).<\/p>\n<h3>Associations professionnelles<\/h3>\n<p>Ordre des avocats (inscrit depuis 2005)<\/p>\n<h3>Langues<\/h3>\n<p>Portugais, anglais, fran\u00e7ais et espagnol.<\/p>\n<h3>Contacts<\/h3>\n<p><a title=\"Vera Chala\u00e7a\" href=\"maito:vera.chalaca@valadascoriel.com\">vera.chalaca@valadascoriel.com<\/a><\/p>\n<p>[\/two_third_last]<\/p>\n","protected":false},"excerpt":{"rendered":"<p>[one_third][\/one_third] [two_third_last] Vera Chala\u00e7a Vera Chala\u00e7a Tavares de Almeida collabore avec VC&amp;A depuis 2013. Elle fait partie de l&rsquo;\u00e9quipe des d\u00e9partements de droit fiscal, de r\u00e9glementation \u00e9conomique, de l&rsquo;\u00e9nergie et des projets. Elle dispose d&rsquo;une exp\u00e9rience importante dans l&rsquo;analyse juridique et l&rsquo;\u00e9laboration d&rsquo;avis concernant un tr\u00e8s grand nombre de questions l\u00e9gales li\u00e9es au droit fiscal, [&hellip;]<\/p>\n","protected":false},"author":1,"featured_media":0,"parent":1618,"menu_order":0,"comment_status":"closed","ping_status":"closed","template":"","meta":[],"yoast_head":"<!-- This site is optimized with the Yoast SEO plugin v20.10 - https:\/\/yoast.com\/wordpress\/plugins\/seo\/ -->\n<title>Vera Chala\u00e7a - Valadas Coriel &amp; Associados<\/title>\n<meta name=\"robots\" content=\"index, follow, max-snippet:-1, max-image-preview:large, max-video-preview:-1\" \/>\n<link rel=\"canonical\" href=\"https:\/\/vca2022.valadascoriel.com\/fr\/equipe\/partenaires\/vera-chalaca\/\" \/>\n<meta property=\"og:locale\" content=\"fr_FR\" \/>\n<meta property=\"og:type\" content=\"article\" \/>\n<meta property=\"og:title\" content=\"Vera Chala\u00e7a - Valadas Coriel &amp; Associados\" \/>\n<meta property=\"og:description\" content=\"[one_third][\/one_third] [two_third_last] Vera Chala\u00e7a Vera Chala\u00e7a Tavares de Almeida collabore avec VC&amp;A depuis 2013. Elle fait partie de l&rsquo;\u00e9quipe des d\u00e9partements de droit fiscal, de r\u00e9glementation \u00e9conomique, de l&rsquo;\u00e9nergie et des projets. Elle dispose d&rsquo;une exp\u00e9rience importante dans l&rsquo;analyse juridique et l&rsquo;\u00e9laboration d&rsquo;avis concernant un tr\u00e8s grand nombre de questions l\u00e9gales li\u00e9es au droit fiscal, [&hellip;]\" \/>\n<meta property=\"og:url\" content=\"https:\/\/vca2022.valadascoriel.com\/fr\/equipe\/partenaires\/vera-chalaca\/\" \/>\n<meta property=\"og:site_name\" content=\"Valadas Coriel &amp; Associados\" \/>\n<meta property=\"og:image\" content=\"http:\/\/www.valadascoriel.com\/wp-content\/uploads\/2013\/04\/5-VCA-300x300.jpg\" \/>\n<meta name=\"twitter:label1\" content=\"Dur\u00e9e de lecture estim\u00e9e\" \/>\n\t<meta name=\"twitter:data1\" content=\"1 minute\" \/>\n<script type=\"application\/ld+json\" class=\"yoast-schema-graph\">{\"@context\":\"https:\/\/schema.org\",\"@graph\":[{\"@type\":\"WebPage\",\"@id\":\"https:\/\/vca2022.valadascoriel.com\/fr\/equipe\/partenaires\/vera-chalaca\/\",\"url\":\"https:\/\/vca2022.valadascoriel.com\/fr\/equipe\/partenaires\/vera-chalaca\/\",\"name\":\"Vera Chala\u00e7a - Valadas Coriel &amp; Associados\",\"isPartOf\":{\"@id\":\"https:\/\/vca2022.valadascoriel.com\/#website\"},\"datePublished\":\"2014-10-21T16:04:52+00:00\",\"dateModified\":\"2014-10-21T16:04:52+00:00\",\"breadcrumb\":{\"@id\":\"https:\/\/vca2022.valadascoriel.com\/fr\/equipe\/partenaires\/vera-chalaca\/#breadcrumb\"},\"inLanguage\":\"fr-FR\",\"potentialAction\":[{\"@type\":\"ReadAction\",\"target\":[\"https:\/\/vca2022.valadascoriel.com\/fr\/equipe\/partenaires\/vera-chalaca\/\"]}]},{\"@type\":\"BreadcrumbList\",\"@id\":\"https:\/\/vca2022.valadascoriel.com\/fr\/equipe\/partenaires\/vera-chalaca\/#breadcrumb\",\"itemListElement\":[{\"@type\":\"ListItem\",\"position\":1,\"name\":\"Home\",\"item\":\"https:\/\/vca2022.valadascoriel.com\/fr\/\"},{\"@type\":\"ListItem\",\"position\":2,\"name\":\"\u00c9quipe\",\"item\":\"https:\/\/vca2022.valadascoriel.com\/fr\/equipe\/\"},{\"@type\":\"ListItem\",\"position\":3,\"name\":\"Partenaires\",\"item\":\"https:\/\/vca2022.valadascoriel.com\/fr\/equipe\/partenaires\/\"},{\"@type\":\"ListItem\",\"position\":4,\"name\":\"Vera Chala\u00e7a\"}]},{\"@type\":\"WebSite\",\"@id\":\"https:\/\/vca2022.valadascoriel.com\/#website\",\"url\":\"https:\/\/vca2022.valadascoriel.com\/\",\"name\":\"Valadas Coriel &amp; Associados\",\"description\":\"Sociedade de Advogados RL\",\"potentialAction\":[{\"@type\":\"SearchAction\",\"target\":{\"@type\":\"EntryPoint\",\"urlTemplate\":\"https:\/\/vca2022.valadascoriel.com\/?s={search_term_string}\"},\"query-input\":\"required name=search_term_string\"}],\"inLanguage\":\"fr-FR\"}]}<\/script>\n<!-- \/ Yoast SEO plugin. -->","yoast_head_json":{"title":"Vera Chala\u00e7a - Valadas Coriel &amp; Associados","robots":{"index":"index","follow":"follow","max-snippet":"max-snippet:-1","max-image-preview":"max-image-preview:large","max-video-preview":"max-video-preview:-1"},"canonical":"https:\/\/vca2022.valadascoriel.com\/fr\/equipe\/partenaires\/vera-chalaca\/","og_locale":"fr_FR","og_type":"article","og_title":"Vera Chala\u00e7a - Valadas Coriel &amp; Associados","og_description":"[one_third][\/one_third] [two_third_last] Vera Chala\u00e7a Vera Chala\u00e7a Tavares de Almeida collabore avec VC&amp;A depuis 2013. Elle fait partie de l&rsquo;\u00e9quipe des d\u00e9partements de droit fiscal, de r\u00e9glementation \u00e9conomique, de l&rsquo;\u00e9nergie et des projets. Elle dispose d&rsquo;une exp\u00e9rience importante dans l&rsquo;analyse juridique et l&rsquo;\u00e9laboration d&rsquo;avis concernant un tr\u00e8s grand nombre de questions l\u00e9gales li\u00e9es au droit fiscal, [&hellip;]","og_url":"https:\/\/vca2022.valadascoriel.com\/fr\/equipe\/partenaires\/vera-chalaca\/","og_site_name":"Valadas Coriel &amp; Associados","og_image":[{"url":"http:\/\/www.valadascoriel.com\/wp-content\/uploads\/2013\/04\/5-VCA-300x300.jpg"}],"twitter_misc":{"Dur\u00e9e de lecture estim\u00e9e":"1 minute"},"schema":{"@context":"https:\/\/schema.org","@graph":[{"@type":"WebPage","@id":"https:\/\/vca2022.valadascoriel.com\/fr\/equipe\/partenaires\/vera-chalaca\/","url":"https:\/\/vca2022.valadascoriel.com\/fr\/equipe\/partenaires\/vera-chalaca\/","name":"Vera Chala\u00e7a - Valadas Coriel &amp; Associados","isPartOf":{"@id":"https:\/\/vca2022.valadascoriel.com\/#website"},"datePublished":"2014-10-21T16:04:52+00:00","dateModified":"2014-10-21T16:04:52+00:00","breadcrumb":{"@id":"https:\/\/vca2022.valadascoriel.com\/fr\/equipe\/partenaires\/vera-chalaca\/#breadcrumb"},"inLanguage":"fr-FR","potentialAction":[{"@type":"ReadAction","target":["https:\/\/vca2022.valadascoriel.com\/fr\/equipe\/partenaires\/vera-chalaca\/"]}]},{"@type":"BreadcrumbList","@id":"https:\/\/vca2022.valadascoriel.com\/fr\/equipe\/partenaires\/vera-chalaca\/#breadcrumb","itemListElement":[{"@type":"ListItem","position":1,"name":"Home","item":"https:\/\/vca2022.valadascoriel.com\/fr\/"},{"@type":"ListItem","position":2,"name":"\u00c9quipe","item":"https:\/\/vca2022.valadascoriel.com\/fr\/equipe\/"},{"@type":"ListItem","position":3,"name":"Partenaires","item":"https:\/\/vca2022.valadascoriel.com\/fr\/equipe\/partenaires\/"},{"@type":"ListItem","position":4,"name":"Vera Chala\u00e7a"}]},{"@type":"WebSite","@id":"https:\/\/vca2022.valadascoriel.com\/#website","url":"https:\/\/vca2022.valadascoriel.com\/","name":"Valadas Coriel &amp; Associados","description":"Sociedade de Advogados RL","potentialAction":[{"@type":"SearchAction","target":{"@type":"EntryPoint","urlTemplate":"https:\/\/vca2022.valadascoriel.com\/?s={search_term_string}"},"query-input":"required name=search_term_string"}],"inLanguage":"fr-FR"}]}},"_links":{"self":[{"href":"https:\/\/vca2022.valadascoriel.com\/fr\/wp-json\/wp\/v2\/pages\/1622"}],"collection":[{"href":"https:\/\/vca2022.valadascoriel.com\/fr\/wp-json\/wp\/v2\/pages"}],"about":[{"href":"https:\/\/vca2022.valadascoriel.com\/fr\/wp-json\/wp\/v2\/types\/page"}],"author":[{"embeddable":true,"href":"https:\/\/vca2022.valadascoriel.com\/fr\/wp-json\/wp\/v2\/users\/1"}],"replies":[{"embeddable":true,"href":"https:\/\/vca2022.valadascoriel.com\/fr\/wp-json\/wp\/v2\/comments?post=1622"}],"version-history":[{"count":1,"href":"https:\/\/vca2022.valadascoriel.com\/fr\/wp-json\/wp\/v2\/pages\/1622\/revisions"}],"predecessor-version":[{"id":1623,"href":"https:\/\/vca2022.valadascoriel.com\/fr\/wp-json\/wp\/v2\/pages\/1622\/revisions\/1623"}],"up":[{"embeddable":true,"href":"https:\/\/vca2022.valadascoriel.com\/fr\/wp-json\/wp\/v2\/pages\/1618"}],"wp:attachment":[{"href":"https:\/\/vca2022.valadascoriel.com\/fr\/wp-json\/wp\/v2\/media?parent=1622"}],"curies":[{"name":"wp","href":"https:\/\/api.w.org\/{rel}","templated":true}]}}