{"id":1620,"date":"2014-10-21T15:53:56","date_gmt":"2014-10-21T15:53:56","guid":{"rendered":"http:\/\/www.valadascoriel.com\/?page_id=1620"},"modified":"2015-06-08T16:16:31","modified_gmt":"2015-06-08T16:16:31","slug":"rita-tigeleiro-afonso","status":"publish","type":"page","link":"https:\/\/vca2022.valadascoriel.com\/fr\/equipe\/partenaires\/rita-tigeleiro-afonso\/","title":{"rendered":"Rita Tigeleiro Afonso"},"content":{"rendered":"<p>[one_third]<a href=\"http:\/\/www.valadascoriel.com\/wp-content\/uploads\/2013\/04\/4-RTA.jpg\"><img decoding=\"async\" loading=\"lazy\" class=\"alignnone size-medium wp-image-306\" src=\"http:\/\/www.valadascoriel.com\/wp-content\/uploads\/2013\/04\/4-RTA-300x300.jpg\" alt=\"Rita Tigeleiro Afonso\" width=\"300\" height=\"300\" srcset=\"https:\/\/vca2022.valadascoriel.com\/wp-content\/uploads\/2013\/04\/4-RTA-300x300.jpg 300w, https:\/\/vca2022.valadascoriel.com\/wp-content\/uploads\/2013\/04\/4-RTA-150x150.jpg 150w, https:\/\/vca2022.valadascoriel.com\/wp-content\/uploads\/2013\/04\/4-RTA-520x520.jpg 520w, https:\/\/vca2022.valadascoriel.com\/wp-content\/uploads\/2013\/04\/4-RTA.jpg 980w\" sizes=\"(max-width: 300px) 100vw, 300px\" \/><\/a>[\/one_third]<\/p>\n<p>[two_third_last]<\/p>\n<h1>Rita Tigeleiro Afonso<\/h1>\n<p class=\"p1\">Rita Tigeleiro Afonso collabore avec VC&amp;A depuis juin 2009 et exerce actuellement les fonctions de coordinatrice-adjointe des d\u00e9partements de droit fiscal, de r\u00e8glementation \u00e9conomique, de l&rsquo;\u00e9nergie et des projets.<\/p>\n<p class=\"p1\">Elle dispose d&rsquo;une exp\u00e9rience importante dans le conseil juridique d&rsquo;un grand nombre d&rsquo;entreprises portugaises et multinationales, o\u00f9 elle est en contact avec un tr\u00e8s grand nombre de questions l\u00e9gales li\u00e9es au droit fiscal, des soci\u00e9t\u00e9s et commercial. Elle collabore avec le d\u00e9partement du contentieux, en repr\u00e9sentant les clients de la soci\u00e9t\u00e9 aupr\u00e8s de tous les tribunaux, y compris des cours d&rsquo;appel et de la Cour supr\u00eame de justice. Elle est un \u00e9l\u00e9ment actif des \u00e9quipes de n\u00e9gociation sur les questions de droit commercial, des entreprises, bancaire, immobilier, financier, fiscal, de l&rsquo;\u00e9nergie, civil, des projets, des investissements internationaux et d&rsquo;autres groupes de domaines de la soci\u00e9t\u00e9. Elle participe \u00e9galement activement aux audits juridiques et aux recherches l\u00e9gales (\u00ab<i> due diligences <\/i>\u00bb).<\/p>\n<h3>Domaines d&rsquo;activit\u00e9<\/h3>\n<p>Conseil en droit fiscal et des soci\u00e9t\u00e9s, conseil dans les domaines du droit commercial, civil, \u00e9conomique, p\u00e9nal, du travail, de l&rsquo;\u00e9nergie et de la r\u00e9glementation, des contrats nationaux et internationaux, conseil pr\u00e9contentieux et sur les m\u00e9thodes de r\u00e9solution alternative de litiges.<\/p>\n<h3>Formation universitaire<\/h3>\n<p>Master 1 en droit (facult\u00e9 de droit de l&rsquo;universit\u00e9 classique de Lisbonne, 1998-2003). Formation du troisi\u00e8me cycle en droit des soci\u00e9t\u00e9s (facult\u00e9 de droit de l&rsquo;universit\u00e9 classique de Lisbonne, 2008-2009), formation du troisi\u00e8me cycle en droit immobilier (universit\u00e9 ind\u00e9pendante de Lisbonne, 2010-2011) et formation du troisi\u00e8me cycle en gestion fiscale (IDEFE\/ISEG- universit\u00e9 technique de Lisbonne, 2012-2013).<\/p>\n<h3>Associations professionnelles<\/h3>\n<p>Ordre des avocats (inscrit depuis 2005)<\/p>\n<h3>Langues<\/h3>\n<p>Portugais, anglais et espagnol.<\/p>\n<h3>Publications<\/h3>\n<p>Rita a collabor\u00e9 \u00e0 la recherche et l&rsquo;\u00e9criture du livre \u00ab Application des aspects civils de la convention sur l&rsquo;enl\u00e8vement international d&rsquo;enfants \u00bb de Louis Garb (travail li\u00e9 \u00e0 l&rsquo;application au Portugal de la convention de La Haye du 25 octobre 1980).<\/p>\n<h3>Contacts<\/h3>\n<p><a href=\"mailto:rita.afonso@valadascoriel.com\">rita.afonso@valadascoriel.com<\/a><\/p>\n<p>[\/two_third_last]<\/p>\n","protected":false},"excerpt":{"rendered":"<p>[one_third][\/one_third] [two_third_last] Rita Tigeleiro Afonso Rita Tigeleiro Afonso collabore avec VC&amp;A depuis juin 2009 et exerce actuellement les fonctions de coordinatrice-adjointe des d\u00e9partements de droit fiscal, de r\u00e8glementation \u00e9conomique, de l&rsquo;\u00e9nergie et des projets. Elle dispose d&rsquo;une exp\u00e9rience importante dans le conseil juridique d&rsquo;un grand nombre d&rsquo;entreprises portugaises et multinationales, o\u00f9 elle est en contact [&hellip;]<\/p>\n","protected":false},"author":1,"featured_media":0,"parent":1618,"menu_order":0,"comment_status":"closed","ping_status":"closed","template":"","meta":[],"yoast_head":"<!-- This site is optimized with the Yoast SEO plugin v20.10 - https:\/\/yoast.com\/wordpress\/plugins\/seo\/ -->\n<title>Rita Tigeleiro Afonso - Valadas Coriel &amp; Associados<\/title>\n<meta name=\"robots\" content=\"index, follow, max-snippet:-1, max-image-preview:large, max-video-preview:-1\" \/>\n<link rel=\"canonical\" href=\"https:\/\/vca2022.valadascoriel.com\/fr\/equipe\/partenaires\/rita-tigeleiro-afonso\/\" \/>\n<meta property=\"og:locale\" content=\"fr_FR\" \/>\n<meta property=\"og:type\" content=\"article\" \/>\n<meta property=\"og:title\" content=\"Rita Tigeleiro Afonso - Valadas Coriel &amp; Associados\" \/>\n<meta property=\"og:description\" content=\"[one_third][\/one_third] [two_third_last] Rita Tigeleiro Afonso Rita Tigeleiro Afonso collabore avec VC&amp;A depuis juin 2009 et exerce actuellement les fonctions de coordinatrice-adjointe des d\u00e9partements de droit fiscal, de r\u00e8glementation \u00e9conomique, de l&rsquo;\u00e9nergie et des projets. Elle dispose d&rsquo;une exp\u00e9rience importante dans le conseil juridique d&rsquo;un grand nombre d&rsquo;entreprises portugaises et multinationales, o\u00f9 elle est en contact [&hellip;]\" \/>\n<meta property=\"og:url\" content=\"https:\/\/vca2022.valadascoriel.com\/fr\/equipe\/partenaires\/rita-tigeleiro-afonso\/\" \/>\n<meta property=\"og:site_name\" content=\"Valadas Coriel &amp; Associados\" \/>\n<meta property=\"article:modified_time\" content=\"2015-06-08T16:16:31+00:00\" \/>\n<meta property=\"og:image\" content=\"http:\/\/www.valadascoriel.com\/wp-content\/uploads\/2013\/04\/4-RTA-300x300.jpg\" \/>\n<meta name=\"twitter:label1\" content=\"Dur\u00e9e de lecture estim\u00e9e\" \/>\n\t<meta name=\"twitter:data1\" content=\"2 minutes\" \/>\n<script type=\"application\/ld+json\" class=\"yoast-schema-graph\">{\"@context\":\"https:\/\/schema.org\",\"@graph\":[{\"@type\":\"WebPage\",\"@id\":\"https:\/\/vca2022.valadascoriel.com\/fr\/equipe\/partenaires\/rita-tigeleiro-afonso\/\",\"url\":\"https:\/\/vca2022.valadascoriel.com\/fr\/equipe\/partenaires\/rita-tigeleiro-afonso\/\",\"name\":\"Rita Tigeleiro Afonso - Valadas Coriel &amp; Associados\",\"isPartOf\":{\"@id\":\"https:\/\/vca2022.valadascoriel.com\/#website\"},\"datePublished\":\"2014-10-21T15:53:56+00:00\",\"dateModified\":\"2015-06-08T16:16:31+00:00\",\"breadcrumb\":{\"@id\":\"https:\/\/vca2022.valadascoriel.com\/fr\/equipe\/partenaires\/rita-tigeleiro-afonso\/#breadcrumb\"},\"inLanguage\":\"fr-FR\",\"potentialAction\":[{\"@type\":\"ReadAction\",\"target\":[\"https:\/\/vca2022.valadascoriel.com\/fr\/equipe\/partenaires\/rita-tigeleiro-afonso\/\"]}]},{\"@type\":\"BreadcrumbList\",\"@id\":\"https:\/\/vca2022.valadascoriel.com\/fr\/equipe\/partenaires\/rita-tigeleiro-afonso\/#breadcrumb\",\"itemListElement\":[{\"@type\":\"ListItem\",\"position\":1,\"name\":\"Home\",\"item\":\"https:\/\/vca2022.valadascoriel.com\/fr\/\"},{\"@type\":\"ListItem\",\"position\":2,\"name\":\"\u00c9quipe\",\"item\":\"https:\/\/vca2022.valadascoriel.com\/fr\/equipe\/\"},{\"@type\":\"ListItem\",\"position\":3,\"name\":\"Partenaires\",\"item\":\"https:\/\/vca2022.valadascoriel.com\/fr\/equipe\/partenaires\/\"},{\"@type\":\"ListItem\",\"position\":4,\"name\":\"Rita Tigeleiro Afonso\"}]},{\"@type\":\"WebSite\",\"@id\":\"https:\/\/vca2022.valadascoriel.com\/#website\",\"url\":\"https:\/\/vca2022.valadascoriel.com\/\",\"name\":\"Valadas Coriel &amp; Associados\",\"description\":\"Sociedade de Advogados RL\",\"potentialAction\":[{\"@type\":\"SearchAction\",\"target\":{\"@type\":\"EntryPoint\",\"urlTemplate\":\"https:\/\/vca2022.valadascoriel.com\/?s={search_term_string}\"},\"query-input\":\"required name=search_term_string\"}],\"inLanguage\":\"fr-FR\"}]}<\/script>\n<!-- \/ Yoast SEO plugin. -->","yoast_head_json":{"title":"Rita Tigeleiro Afonso - Valadas Coriel &amp; Associados","robots":{"index":"index","follow":"follow","max-snippet":"max-snippet:-1","max-image-preview":"max-image-preview:large","max-video-preview":"max-video-preview:-1"},"canonical":"https:\/\/vca2022.valadascoriel.com\/fr\/equipe\/partenaires\/rita-tigeleiro-afonso\/","og_locale":"fr_FR","og_type":"article","og_title":"Rita Tigeleiro Afonso - Valadas Coriel &amp; Associados","og_description":"[one_third][\/one_third] [two_third_last] Rita Tigeleiro Afonso Rita Tigeleiro Afonso collabore avec VC&amp;A depuis juin 2009 et exerce actuellement les fonctions de coordinatrice-adjointe des d\u00e9partements de droit fiscal, de r\u00e8glementation \u00e9conomique, de l&rsquo;\u00e9nergie et des projets. Elle dispose d&rsquo;une exp\u00e9rience importante dans le conseil juridique d&rsquo;un grand nombre d&rsquo;entreprises portugaises et multinationales, o\u00f9 elle est en contact [&hellip;]","og_url":"https:\/\/vca2022.valadascoriel.com\/fr\/equipe\/partenaires\/rita-tigeleiro-afonso\/","og_site_name":"Valadas Coriel &amp; Associados","article_modified_time":"2015-06-08T16:16:31+00:00","og_image":[{"url":"http:\/\/www.valadascoriel.com\/wp-content\/uploads\/2013\/04\/4-RTA-300x300.jpg"}],"twitter_misc":{"Dur\u00e9e de lecture estim\u00e9e":"2 minutes"},"schema":{"@context":"https:\/\/schema.org","@graph":[{"@type":"WebPage","@id":"https:\/\/vca2022.valadascoriel.com\/fr\/equipe\/partenaires\/rita-tigeleiro-afonso\/","url":"https:\/\/vca2022.valadascoriel.com\/fr\/equipe\/partenaires\/rita-tigeleiro-afonso\/","name":"Rita Tigeleiro Afonso - Valadas Coriel &amp; Associados","isPartOf":{"@id":"https:\/\/vca2022.valadascoriel.com\/#website"},"datePublished":"2014-10-21T15:53:56+00:00","dateModified":"2015-06-08T16:16:31+00:00","breadcrumb":{"@id":"https:\/\/vca2022.valadascoriel.com\/fr\/equipe\/partenaires\/rita-tigeleiro-afonso\/#breadcrumb"},"inLanguage":"fr-FR","potentialAction":[{"@type":"ReadAction","target":["https:\/\/vca2022.valadascoriel.com\/fr\/equipe\/partenaires\/rita-tigeleiro-afonso\/"]}]},{"@type":"BreadcrumbList","@id":"https:\/\/vca2022.valadascoriel.com\/fr\/equipe\/partenaires\/rita-tigeleiro-afonso\/#breadcrumb","itemListElement":[{"@type":"ListItem","position":1,"name":"Home","item":"https:\/\/vca2022.valadascoriel.com\/fr\/"},{"@type":"ListItem","position":2,"name":"\u00c9quipe","item":"https:\/\/vca2022.valadascoriel.com\/fr\/equipe\/"},{"@type":"ListItem","position":3,"name":"Partenaires","item":"https:\/\/vca2022.valadascoriel.com\/fr\/equipe\/partenaires\/"},{"@type":"ListItem","position":4,"name":"Rita Tigeleiro Afonso"}]},{"@type":"WebSite","@id":"https:\/\/vca2022.valadascoriel.com\/#website","url":"https:\/\/vca2022.valadascoriel.com\/","name":"Valadas Coriel &amp; Associados","description":"Sociedade de Advogados RL","potentialAction":[{"@type":"SearchAction","target":{"@type":"EntryPoint","urlTemplate":"https:\/\/vca2022.valadascoriel.com\/?s={search_term_string}"},"query-input":"required name=search_term_string"}],"inLanguage":"fr-FR"}]}},"_links":{"self":[{"href":"https:\/\/vca2022.valadascoriel.com\/fr\/wp-json\/wp\/v2\/pages\/1620"}],"collection":[{"href":"https:\/\/vca2022.valadascoriel.com\/fr\/wp-json\/wp\/v2\/pages"}],"about":[{"href":"https:\/\/vca2022.valadascoriel.com\/fr\/wp-json\/wp\/v2\/types\/page"}],"author":[{"embeddable":true,"href":"https:\/\/vca2022.valadascoriel.com\/fr\/wp-json\/wp\/v2\/users\/1"}],"replies":[{"embeddable":true,"href":"https:\/\/vca2022.valadascoriel.com\/fr\/wp-json\/wp\/v2\/comments?post=1620"}],"version-history":[{"count":3,"href":"https:\/\/vca2022.valadascoriel.com\/fr\/wp-json\/wp\/v2\/pages\/1620\/revisions"}],"predecessor-version":[{"id":2129,"href":"https:\/\/vca2022.valadascoriel.com\/fr\/wp-json\/wp\/v2\/pages\/1620\/revisions\/2129"}],"up":[{"embeddable":true,"href":"https:\/\/vca2022.valadascoriel.com\/fr\/wp-json\/wp\/v2\/pages\/1618"}],"wp:attachment":[{"href":"https:\/\/vca2022.valadascoriel.com\/fr\/wp-json\/wp\/v2\/media?parent=1620"}],"curies":[{"name":"wp","href":"https:\/\/api.w.org\/{rel}","templated":true}]}}