{"id":1616,"date":"2014-10-21T15:48:40","date_gmt":"2014-10-21T15:48:40","guid":{"rendered":"http:\/\/www.valadascoriel.com\/?page_id=1616"},"modified":"2014-10-21T15:48:40","modified_gmt":"2014-10-21T15:48:40","slug":"hugo-martins-braz","status":"publish","type":"page","link":"https:\/\/vca2022.valadascoriel.com\/fr\/equipe\/associes\/hugo-martins-braz\/","title":{"rendered":"Hugo Martins Braz"},"content":{"rendered":"<p>[one_third]<a href=\"http:\/\/www.valadascoriel.com\/wp-content\/uploads\/2013\/04\/3-HMB.jpg\"><img decoding=\"async\" loading=\"lazy\" class=\"alignnone size-medium wp-image-300\" src=\"http:\/\/www.valadascoriel.com\/wp-content\/uploads\/2013\/04\/3-HMB-300x300.jpg\" alt=\"Hugo Martins Braz\" width=\"300\" height=\"300\" srcset=\"https:\/\/vca2022.valadascoriel.com\/wp-content\/uploads\/2013\/04\/3-HMB-300x300.jpg 300w, https:\/\/vca2022.valadascoriel.com\/wp-content\/uploads\/2013\/04\/3-HMB-150x150.jpg 150w, https:\/\/vca2022.valadascoriel.com\/wp-content\/uploads\/2013\/04\/3-HMB-520x520.jpg 520w, https:\/\/vca2022.valadascoriel.com\/wp-content\/uploads\/2013\/04\/3-HMB.jpg 980w\" sizes=\"(max-width: 300px) 100vw, 300px\" \/><\/a>[\/one_third]<\/p>\n<p>[two_third_last]<\/p>\n<h1>Hugo Martins Braz<\/h1>\n<p class=\"p1\">Hugo Martins Braz est associ\u00e9 de VCA depuis 2010. Il coordonne et dirige le d\u00e9partement du contentieux.<\/p>\n<p class=\"p1\">Il poss\u00e8de une vaste exp\u00e9rience des questions de contentieux international, civil, commercial, p\u00e9nal, administratif, contentieux de masse, en particulier sur les questions li\u00e9es \u00e0 la consommation et le recouvrement de cr\u00e9ances, l&rsquo;insolvabilit\u00e9, l&rsquo;arbitrage, les moyens alternatifs de r\u00e9solution de litiges, les recours juridiques \u00e0 tous les niveaux de juridiction, les recours aupr\u00e8s du tribunal europ\u00e9en des droits de l&rsquo;Homme, le droit du travail, les litiges li\u00e9s \u00e0 ce dernier.<\/p>\n<p class=\"p1\">Il fournit un conseil juridique \u00e0 l&rsquo;entreprise qui traite de la gestion d&rsquo;un c\u00e9l\u00e8bre h\u00f4tel de Lisbonne et a travaill\u00e9, en particulier, dans les domaines de gestion des ressources humaines, du droit du travail, du droit commercial et du contentieux.<\/p>\n<h3>Domaines d&rsquo;activit\u00e9<\/h3>\n<p>Contentieux civil, commercial, p\u00e9nal, administratif, contentieux de masse, en particulier sur les questions li\u00e9es \u00e0 la consommation, l&rsquo;arbitrage, les moyens alternatifs de r\u00e9solution de litiges, les recours juridiques \u00e0 tous les niveaux de juridiction, les recours aupr\u00e8s du tribunal europ\u00e9en des droits de l&rsquo;Homme, le droit du travail, les litiges li\u00e9s \u00e0 ce dernier.<\/p>\n<h3>Formation universitaire<\/h3>\n<p>Master 1 en droit (facult\u00e9 de droit de l&rsquo;universit\u00e9 internationale de Lisbonne, 2000). Il a fr\u00e9quent\u00e9 plusieurs cours techniques, comme sur la direction et la motivation d&rsquo;\u00e9quipes, et plusieurs cours juridiques parrain\u00e9s par l&rsquo;\u00e9quipe du contentieux multinational de la soci\u00e9t\u00e9 d&rsquo;avocats Garrigues, dont il a fait partie pendant 6 ans.<\/p>\n<h3>Associations professionnelles<\/h3>\n<p>Ordre des avocats (inscrit depuis 2011).<\/p>\n<h3>Langues<\/h3>\n<p>Portugais, anglais, fran\u00e7ais et espagnol.<\/p>\n<h3>Contacts<\/h3>\n<p><a href=\"mailto:hugo.braz@valadascoriel.com\">hugomartinsbraz@valadascoriel.com<\/a><\/p>\n<p>[\/two_third_last]<\/p>\n","protected":false},"excerpt":{"rendered":"<p>[one_third][\/one_third] [two_third_last] Hugo Martins Braz Hugo Martins Braz est associ\u00e9 de VCA depuis 2010. Il coordonne et dirige le d\u00e9partement du contentieux. Il poss\u00e8de une vaste exp\u00e9rience des questions de contentieux international, civil, commercial, p\u00e9nal, administratif, contentieux de masse, en particulier sur les questions li\u00e9es \u00e0 la consommation et le recouvrement de cr\u00e9ances, l&rsquo;insolvabilit\u00e9, l&rsquo;arbitrage, [&hellip;]<\/p>\n","protected":false},"author":1,"featured_media":0,"parent":1610,"menu_order":0,"comment_status":"closed","ping_status":"closed","template":"","meta":[],"yoast_head":"<!-- This site is optimized with the Yoast SEO plugin v20.10 - https:\/\/yoast.com\/wordpress\/plugins\/seo\/ -->\n<title>Hugo Martins Braz - Valadas Coriel &amp; Associados<\/title>\n<meta name=\"robots\" content=\"index, follow, max-snippet:-1, max-image-preview:large, max-video-preview:-1\" \/>\n<link rel=\"canonical\" href=\"https:\/\/vca2022.valadascoriel.com\/fr\/equipe\/associes\/hugo-martins-braz\/\" \/>\n<meta property=\"og:locale\" content=\"fr_FR\" \/>\n<meta property=\"og:type\" content=\"article\" \/>\n<meta property=\"og:title\" content=\"Hugo Martins Braz - Valadas Coriel &amp; Associados\" \/>\n<meta property=\"og:description\" content=\"[one_third][\/one_third] [two_third_last] Hugo Martins Braz Hugo Martins Braz est associ\u00e9 de VCA depuis 2010. Il coordonne et dirige le d\u00e9partement du contentieux. Il poss\u00e8de une vaste exp\u00e9rience des questions de contentieux international, civil, commercial, p\u00e9nal, administratif, contentieux de masse, en particulier sur les questions li\u00e9es \u00e0 la consommation et le recouvrement de cr\u00e9ances, l&rsquo;insolvabilit\u00e9, l&rsquo;arbitrage, [&hellip;]\" \/>\n<meta property=\"og:url\" content=\"https:\/\/vca2022.valadascoriel.com\/fr\/equipe\/associes\/hugo-martins-braz\/\" \/>\n<meta property=\"og:site_name\" content=\"Valadas Coriel &amp; Associados\" \/>\n<meta property=\"og:image\" content=\"http:\/\/www.valadascoriel.com\/wp-content\/uploads\/2013\/04\/3-HMB-300x300.jpg\" \/>\n<meta name=\"twitter:label1\" content=\"Dur\u00e9e de lecture estim\u00e9e\" \/>\n\t<meta name=\"twitter:data1\" content=\"1 minute\" \/>\n<script type=\"application\/ld+json\" class=\"yoast-schema-graph\">{\"@context\":\"https:\/\/schema.org\",\"@graph\":[{\"@type\":\"WebPage\",\"@id\":\"https:\/\/vca2022.valadascoriel.com\/fr\/equipe\/associes\/hugo-martins-braz\/\",\"url\":\"https:\/\/vca2022.valadascoriel.com\/fr\/equipe\/associes\/hugo-martins-braz\/\",\"name\":\"Hugo Martins Braz - Valadas Coriel &amp; Associados\",\"isPartOf\":{\"@id\":\"https:\/\/vca2022.valadascoriel.com\/#website\"},\"datePublished\":\"2014-10-21T15:48:40+00:00\",\"dateModified\":\"2014-10-21T15:48:40+00:00\",\"breadcrumb\":{\"@id\":\"https:\/\/vca2022.valadascoriel.com\/fr\/equipe\/associes\/hugo-martins-braz\/#breadcrumb\"},\"inLanguage\":\"fr-FR\",\"potentialAction\":[{\"@type\":\"ReadAction\",\"target\":[\"https:\/\/vca2022.valadascoriel.com\/fr\/equipe\/associes\/hugo-martins-braz\/\"]}]},{\"@type\":\"BreadcrumbList\",\"@id\":\"https:\/\/vca2022.valadascoriel.com\/fr\/equipe\/associes\/hugo-martins-braz\/#breadcrumb\",\"itemListElement\":[{\"@type\":\"ListItem\",\"position\":1,\"name\":\"Home\",\"item\":\"https:\/\/vca2022.valadascoriel.com\/fr\/\"},{\"@type\":\"ListItem\",\"position\":2,\"name\":\"\u00c9quipe\",\"item\":\"https:\/\/vca2022.valadascoriel.com\/fr\/equipe\/\"},{\"@type\":\"ListItem\",\"position\":3,\"name\":\"Associ\u00e9s\",\"item\":\"https:\/\/vca2022.valadascoriel.com\/fr\/equipe\/associes\/\"},{\"@type\":\"ListItem\",\"position\":4,\"name\":\"Hugo Martins Braz\"}]},{\"@type\":\"WebSite\",\"@id\":\"https:\/\/vca2022.valadascoriel.com\/#website\",\"url\":\"https:\/\/vca2022.valadascoriel.com\/\",\"name\":\"Valadas Coriel &amp; Associados\",\"description\":\"Sociedade de Advogados RL\",\"potentialAction\":[{\"@type\":\"SearchAction\",\"target\":{\"@type\":\"EntryPoint\",\"urlTemplate\":\"https:\/\/vca2022.valadascoriel.com\/?s={search_term_string}\"},\"query-input\":\"required name=search_term_string\"}],\"inLanguage\":\"fr-FR\"}]}<\/script>\n<!-- \/ Yoast SEO plugin. -->","yoast_head_json":{"title":"Hugo Martins Braz - Valadas Coriel &amp; Associados","robots":{"index":"index","follow":"follow","max-snippet":"max-snippet:-1","max-image-preview":"max-image-preview:large","max-video-preview":"max-video-preview:-1"},"canonical":"https:\/\/vca2022.valadascoriel.com\/fr\/equipe\/associes\/hugo-martins-braz\/","og_locale":"fr_FR","og_type":"article","og_title":"Hugo Martins Braz - Valadas Coriel &amp; Associados","og_description":"[one_third][\/one_third] [two_third_last] Hugo Martins Braz Hugo Martins Braz est associ\u00e9 de VCA depuis 2010. Il coordonne et dirige le d\u00e9partement du contentieux. Il poss\u00e8de une vaste exp\u00e9rience des questions de contentieux international, civil, commercial, p\u00e9nal, administratif, contentieux de masse, en particulier sur les questions li\u00e9es \u00e0 la consommation et le recouvrement de cr\u00e9ances, l&rsquo;insolvabilit\u00e9, l&rsquo;arbitrage, [&hellip;]","og_url":"https:\/\/vca2022.valadascoriel.com\/fr\/equipe\/associes\/hugo-martins-braz\/","og_site_name":"Valadas Coriel &amp; Associados","og_image":[{"url":"http:\/\/www.valadascoriel.com\/wp-content\/uploads\/2013\/04\/3-HMB-300x300.jpg"}],"twitter_misc":{"Dur\u00e9e de lecture estim\u00e9e":"1 minute"},"schema":{"@context":"https:\/\/schema.org","@graph":[{"@type":"WebPage","@id":"https:\/\/vca2022.valadascoriel.com\/fr\/equipe\/associes\/hugo-martins-braz\/","url":"https:\/\/vca2022.valadascoriel.com\/fr\/equipe\/associes\/hugo-martins-braz\/","name":"Hugo Martins Braz - Valadas Coriel &amp; Associados","isPartOf":{"@id":"https:\/\/vca2022.valadascoriel.com\/#website"},"datePublished":"2014-10-21T15:48:40+00:00","dateModified":"2014-10-21T15:48:40+00:00","breadcrumb":{"@id":"https:\/\/vca2022.valadascoriel.com\/fr\/equipe\/associes\/hugo-martins-braz\/#breadcrumb"},"inLanguage":"fr-FR","potentialAction":[{"@type":"ReadAction","target":["https:\/\/vca2022.valadascoriel.com\/fr\/equipe\/associes\/hugo-martins-braz\/"]}]},{"@type":"BreadcrumbList","@id":"https:\/\/vca2022.valadascoriel.com\/fr\/equipe\/associes\/hugo-martins-braz\/#breadcrumb","itemListElement":[{"@type":"ListItem","position":1,"name":"Home","item":"https:\/\/vca2022.valadascoriel.com\/fr\/"},{"@type":"ListItem","position":2,"name":"\u00c9quipe","item":"https:\/\/vca2022.valadascoriel.com\/fr\/equipe\/"},{"@type":"ListItem","position":3,"name":"Associ\u00e9s","item":"https:\/\/vca2022.valadascoriel.com\/fr\/equipe\/associes\/"},{"@type":"ListItem","position":4,"name":"Hugo Martins Braz"}]},{"@type":"WebSite","@id":"https:\/\/vca2022.valadascoriel.com\/#website","url":"https:\/\/vca2022.valadascoriel.com\/","name":"Valadas Coriel &amp; Associados","description":"Sociedade de Advogados RL","potentialAction":[{"@type":"SearchAction","target":{"@type":"EntryPoint","urlTemplate":"https:\/\/vca2022.valadascoriel.com\/?s={search_term_string}"},"query-input":"required name=search_term_string"}],"inLanguage":"fr-FR"}]}},"_links":{"self":[{"href":"https:\/\/vca2022.valadascoriel.com\/fr\/wp-json\/wp\/v2\/pages\/1616"}],"collection":[{"href":"https:\/\/vca2022.valadascoriel.com\/fr\/wp-json\/wp\/v2\/pages"}],"about":[{"href":"https:\/\/vca2022.valadascoriel.com\/fr\/wp-json\/wp\/v2\/types\/page"}],"author":[{"embeddable":true,"href":"https:\/\/vca2022.valadascoriel.com\/fr\/wp-json\/wp\/v2\/users\/1"}],"replies":[{"embeddable":true,"href":"https:\/\/vca2022.valadascoriel.com\/fr\/wp-json\/wp\/v2\/comments?post=1616"}],"version-history":[{"count":1,"href":"https:\/\/vca2022.valadascoriel.com\/fr\/wp-json\/wp\/v2\/pages\/1616\/revisions"}],"predecessor-version":[{"id":1617,"href":"https:\/\/vca2022.valadascoriel.com\/fr\/wp-json\/wp\/v2\/pages\/1616\/revisions\/1617"}],"up":[{"embeddable":true,"href":"https:\/\/vca2022.valadascoriel.com\/fr\/wp-json\/wp\/v2\/pages\/1610"}],"wp:attachment":[{"href":"https:\/\/vca2022.valadascoriel.com\/fr\/wp-json\/wp\/v2\/media?parent=1616"}],"curies":[{"name":"wp","href":"https:\/\/api.w.org\/{rel}","templated":true}]}}