{"id":1614,"date":"2014-10-21T15:45:56","date_gmt":"2014-10-21T15:45:56","guid":{"rendered":"http:\/\/www.valadascoriel.com\/?page_id=1614"},"modified":"2014-10-22T16:52:39","modified_gmt":"2014-10-22T16:52:39","slug":"paulino-brilhante-santos","status":"publish","type":"page","link":"https:\/\/vca2022.valadascoriel.com\/fr\/equipe\/associes\/paulino-brilhante-santos\/","title":{"rendered":"Paulino Brilhante Santos"},"content":{"rendered":"<p>[one_third]<a href=\"http:\/\/www.valadascoriel.com\/wp-content\/uploads\/2013\/04\/2-PBS.jpg\"><img decoding=\"async\" loading=\"lazy\" class=\"alignnone size-medium wp-image-293\" src=\"http:\/\/www.valadascoriel.com\/wp-content\/uploads\/2013\/04\/2-PBS-300x300.jpg\" alt=\"Paulino Brilhante dos Santos\" width=\"300\" height=\"300\" srcset=\"https:\/\/vca2022.valadascoriel.com\/wp-content\/uploads\/2013\/04\/2-PBS-300x300.jpg 300w, https:\/\/vca2022.valadascoriel.com\/wp-content\/uploads\/2013\/04\/2-PBS-150x150.jpg 150w, https:\/\/vca2022.valadascoriel.com\/wp-content\/uploads\/2013\/04\/2-PBS-520x520.jpg 520w, https:\/\/vca2022.valadascoriel.com\/wp-content\/uploads\/2013\/04\/2-PBS.jpg 980w\" sizes=\"(max-width: 300px) 100vw, 300px\" \/><\/a>[\/one_third]<\/p>\n<p>[two_third_last]<\/p>\n<h1>Paulino Brilhante Santos<\/h1>\n<p class=\"p1\">Paulino Brilhante Santos est associ\u00e9 de VCA depuis 2011. Il coordonne le d\u00e9partement fiscal, de la r\u00e8glementation \u00e9conomique et des projets internationaux de VCA (qui inclut les domaines fiscal, de r\u00e9glementation \u00e9conomique, de l&rsquo;\u00e9nergie et des projets)<\/p>\n<p class=\"p1\">Il poss\u00e8de une vaste exp\u00e9rience dans le conseil juridique et fiscal national et international. Il a travaill\u00e9 dans les domaines du droit de l&rsquo;\u00e9nergie, du p\u00e9trole et du gaz, de l&rsquo;eau et des d\u00e9chets solides. Il a<span class=\"Apple-converted-space\">\u00a0 <\/span>\u00e9galement acquis une solide exp\u00e9rience de la r\u00e9glementation \u00e9conomique de ces secteurs, mais aussi dans les secteurs des mines et des t\u00e9l\u00e9communications. Il a conseill\u00e9 des gouvernements et de grandes entreprises lors d&rsquo;op\u00e9rations de privatisation, de partenariats public-priv\u00e9 et de concessions. Il a acquis une grande exp\u00e9rience dans des projets de r\u00e9forme l\u00e9gale et fiscale de plusieurs pays.<\/p>\n<p class=\"p1\">Il participe, fr\u00e9quemment, comme orateur lors de sessions de travail, de s\u00e9minaires et de conf\u00e9rences dans ses domaines d&rsquo;activit\u00e9.<\/p>\n<h3>Domaines d&rsquo;activit\u00e9<\/h3>\n<p>Conseil juridique national et international ; contentieux fiscal ; droit financier ; r\u00e9glementation \u00e9conomique et financi\u00e8re, privatisations ; partenariats public-priv\u00e9, r\u00e9glementation \u00e9conomique des entreprises de service public, droit de l&rsquo;\u00e9nergie, du p\u00e9trole et du gaz, droit minier et des ressources naturelles, droit des investissements \u00e9trangers, normes de contr\u00f4le du change.<\/p>\n<h3>Formation universitaire<\/h3>\n<p>Master 1 en droit (facult\u00e9 de droit de l&rsquo;universit\u00e9 classique de Lisbonne1984) ; formation de troisi\u00e8me cycle en gestion et d\u00e9veloppement des organisations (acad\u00e9mie de formation d&rsquo;entreprise de l&rsquo;association industrielle portugaise &#8211; COPRAI-AIP, 1988). A \u00e9galement fr\u00e9quent\u00e9 plusieurs autres cours et actions de formation en droit international et fiscal (Queens College Cambridge, R-U) et en audit \u00e0 Lisbonne, Bruxelles, Paris et Veldhoven.\u00a0 Avocat sp\u00e9cialis\u00e9 en droit fiscal (ordre des avocats, 2006).<\/p>\n<h3>Associations professionnelles<\/h3>\n<p>Ordre des avocats portugais ; association fiscale\u00a0 portugaise ; <em>International Fiscal Association; Center for International Legal Studies \u2013 Fellow<\/em>, Salzbourg, Autriche.<\/p>\n<h3>Langues<\/h3>\n<p>Portugais, anglais, fran\u00e7ais, espagnol, italien, allemand, russe et albanais.<\/p>\n<h3>Publications<\/h3>\n<p>Coauteur du \u00ab Plan C \u00bb, pour les chapitres fiscal et financier (2012).<\/p>\n<p>Coauteur, conjointement avec V\u00edtor F\u00e9lix, de deux des rapports de base pour la commission sur le d\u00e9veloppement de la r\u00e9forme fiscale portugaise (la \u00ab commission Silva Lopes \u00bb pr\u00e9sid\u00e9e par cet ancien ministre des Finances portugais), concernant l&rsquo;imposition des soci\u00e9t\u00e9s et des institutions et produits financiers et bancaires.<\/p>\n<h3>Contacts<\/h3>\n<p><a href=\"mailto:paulino.santos@valadascoriel.com\">paulino.santos@valadascoriel.com<\/a><\/p>\n<p>&nbsp;<\/p>\n<p>&nbsp;<\/p>\n<p>[\/two_third_last]<\/p>\n","protected":false},"excerpt":{"rendered":"<p>[one_third][\/one_third] [two_third_last] Paulino Brilhante Santos Paulino Brilhante Santos est associ\u00e9 de VCA depuis 2011. Il coordonne le d\u00e9partement fiscal, de la r\u00e8glementation \u00e9conomique et des projets internationaux de VCA (qui inclut les domaines fiscal, de r\u00e9glementation \u00e9conomique, de l&rsquo;\u00e9nergie et des projets) Il poss\u00e8de une vaste exp\u00e9rience dans le conseil juridique et fiscal national et [&hellip;]<\/p>\n","protected":false},"author":1,"featured_media":0,"parent":1610,"menu_order":0,"comment_status":"closed","ping_status":"closed","template":"","meta":[],"yoast_head":"<!-- This site is optimized with the Yoast SEO plugin v20.10 - https:\/\/yoast.com\/wordpress\/plugins\/seo\/ -->\n<title>Paulino Brilhante Santos - Valadas Coriel &amp; Associados<\/title>\n<meta name=\"robots\" content=\"index, follow, max-snippet:-1, max-image-preview:large, max-video-preview:-1\" \/>\n<link rel=\"canonical\" href=\"https:\/\/vca2022.valadascoriel.com\/fr\/equipe\/associes\/paulino-brilhante-santos\/\" \/>\n<meta property=\"og:locale\" content=\"fr_FR\" \/>\n<meta property=\"og:type\" content=\"article\" \/>\n<meta property=\"og:title\" content=\"Paulino Brilhante Santos - Valadas Coriel &amp; Associados\" \/>\n<meta property=\"og:description\" content=\"[one_third][\/one_third] [two_third_last] Paulino Brilhante Santos Paulino Brilhante Santos est associ\u00e9 de VCA depuis 2011. Il coordonne le d\u00e9partement fiscal, de la r\u00e8glementation \u00e9conomique et des projets internationaux de VCA (qui inclut les domaines fiscal, de r\u00e9glementation \u00e9conomique, de l&rsquo;\u00e9nergie et des projets) Il poss\u00e8de une vaste exp\u00e9rience dans le conseil juridique et fiscal national et [&hellip;]\" \/>\n<meta property=\"og:url\" content=\"https:\/\/vca2022.valadascoriel.com\/fr\/equipe\/associes\/paulino-brilhante-santos\/\" \/>\n<meta property=\"og:site_name\" content=\"Valadas Coriel &amp; Associados\" \/>\n<meta property=\"article:modified_time\" content=\"2014-10-22T16:52:39+00:00\" \/>\n<meta property=\"og:image\" content=\"http:\/\/www.valadascoriel.com\/wp-content\/uploads\/2013\/04\/2-PBS-300x300.jpg\" \/>\n<meta name=\"twitter:label1\" content=\"Dur\u00e9e de lecture estim\u00e9e\" \/>\n\t<meta name=\"twitter:data1\" content=\"2 minutes\" \/>\n<script type=\"application\/ld+json\" class=\"yoast-schema-graph\">{\"@context\":\"https:\/\/schema.org\",\"@graph\":[{\"@type\":\"WebPage\",\"@id\":\"https:\/\/vca2022.valadascoriel.com\/fr\/equipe\/associes\/paulino-brilhante-santos\/\",\"url\":\"https:\/\/vca2022.valadascoriel.com\/fr\/equipe\/associes\/paulino-brilhante-santos\/\",\"name\":\"Paulino Brilhante Santos - Valadas Coriel &amp; Associados\",\"isPartOf\":{\"@id\":\"https:\/\/vca2022.valadascoriel.com\/#website\"},\"datePublished\":\"2014-10-21T15:45:56+00:00\",\"dateModified\":\"2014-10-22T16:52:39+00:00\",\"breadcrumb\":{\"@id\":\"https:\/\/vca2022.valadascoriel.com\/fr\/equipe\/associes\/paulino-brilhante-santos\/#breadcrumb\"},\"inLanguage\":\"fr-FR\",\"potentialAction\":[{\"@type\":\"ReadAction\",\"target\":[\"https:\/\/vca2022.valadascoriel.com\/fr\/equipe\/associes\/paulino-brilhante-santos\/\"]}]},{\"@type\":\"BreadcrumbList\",\"@id\":\"https:\/\/vca2022.valadascoriel.com\/fr\/equipe\/associes\/paulino-brilhante-santos\/#breadcrumb\",\"itemListElement\":[{\"@type\":\"ListItem\",\"position\":1,\"name\":\"Home\",\"item\":\"https:\/\/vca2022.valadascoriel.com\/fr\/\"},{\"@type\":\"ListItem\",\"position\":2,\"name\":\"\u00c9quipe\",\"item\":\"https:\/\/vca2022.valadascoriel.com\/fr\/equipe\/\"},{\"@type\":\"ListItem\",\"position\":3,\"name\":\"Associ\u00e9s\",\"item\":\"https:\/\/vca2022.valadascoriel.com\/fr\/equipe\/associes\/\"},{\"@type\":\"ListItem\",\"position\":4,\"name\":\"Paulino Brilhante Santos\"}]},{\"@type\":\"WebSite\",\"@id\":\"https:\/\/vca2022.valadascoriel.com\/#website\",\"url\":\"https:\/\/vca2022.valadascoriel.com\/\",\"name\":\"Valadas Coriel &amp; Associados\",\"description\":\"Sociedade de Advogados RL\",\"potentialAction\":[{\"@type\":\"SearchAction\",\"target\":{\"@type\":\"EntryPoint\",\"urlTemplate\":\"https:\/\/vca2022.valadascoriel.com\/?s={search_term_string}\"},\"query-input\":\"required name=search_term_string\"}],\"inLanguage\":\"fr-FR\"}]}<\/script>\n<!-- \/ Yoast SEO plugin. -->","yoast_head_json":{"title":"Paulino Brilhante Santos - Valadas Coriel &amp; Associados","robots":{"index":"index","follow":"follow","max-snippet":"max-snippet:-1","max-image-preview":"max-image-preview:large","max-video-preview":"max-video-preview:-1"},"canonical":"https:\/\/vca2022.valadascoriel.com\/fr\/equipe\/associes\/paulino-brilhante-santos\/","og_locale":"fr_FR","og_type":"article","og_title":"Paulino Brilhante Santos - Valadas Coriel &amp; Associados","og_description":"[one_third][\/one_third] [two_third_last] Paulino Brilhante Santos Paulino Brilhante Santos est associ\u00e9 de VCA depuis 2011. Il coordonne le d\u00e9partement fiscal, de la r\u00e8glementation \u00e9conomique et des projets internationaux de VCA (qui inclut les domaines fiscal, de r\u00e9glementation \u00e9conomique, de l&rsquo;\u00e9nergie et des projets) Il poss\u00e8de une vaste exp\u00e9rience dans le conseil juridique et fiscal national et [&hellip;]","og_url":"https:\/\/vca2022.valadascoriel.com\/fr\/equipe\/associes\/paulino-brilhante-santos\/","og_site_name":"Valadas Coriel &amp; Associados","article_modified_time":"2014-10-22T16:52:39+00:00","og_image":[{"url":"http:\/\/www.valadascoriel.com\/wp-content\/uploads\/2013\/04\/2-PBS-300x300.jpg"}],"twitter_misc":{"Dur\u00e9e de lecture estim\u00e9e":"2 minutes"},"schema":{"@context":"https:\/\/schema.org","@graph":[{"@type":"WebPage","@id":"https:\/\/vca2022.valadascoriel.com\/fr\/equipe\/associes\/paulino-brilhante-santos\/","url":"https:\/\/vca2022.valadascoriel.com\/fr\/equipe\/associes\/paulino-brilhante-santos\/","name":"Paulino Brilhante Santos - Valadas Coriel &amp; Associados","isPartOf":{"@id":"https:\/\/vca2022.valadascoriel.com\/#website"},"datePublished":"2014-10-21T15:45:56+00:00","dateModified":"2014-10-22T16:52:39+00:00","breadcrumb":{"@id":"https:\/\/vca2022.valadascoriel.com\/fr\/equipe\/associes\/paulino-brilhante-santos\/#breadcrumb"},"inLanguage":"fr-FR","potentialAction":[{"@type":"ReadAction","target":["https:\/\/vca2022.valadascoriel.com\/fr\/equipe\/associes\/paulino-brilhante-santos\/"]}]},{"@type":"BreadcrumbList","@id":"https:\/\/vca2022.valadascoriel.com\/fr\/equipe\/associes\/paulino-brilhante-santos\/#breadcrumb","itemListElement":[{"@type":"ListItem","position":1,"name":"Home","item":"https:\/\/vca2022.valadascoriel.com\/fr\/"},{"@type":"ListItem","position":2,"name":"\u00c9quipe","item":"https:\/\/vca2022.valadascoriel.com\/fr\/equipe\/"},{"@type":"ListItem","position":3,"name":"Associ\u00e9s","item":"https:\/\/vca2022.valadascoriel.com\/fr\/equipe\/associes\/"},{"@type":"ListItem","position":4,"name":"Paulino Brilhante Santos"}]},{"@type":"WebSite","@id":"https:\/\/vca2022.valadascoriel.com\/#website","url":"https:\/\/vca2022.valadascoriel.com\/","name":"Valadas Coriel &amp; Associados","description":"Sociedade de Advogados RL","potentialAction":[{"@type":"SearchAction","target":{"@type":"EntryPoint","urlTemplate":"https:\/\/vca2022.valadascoriel.com\/?s={search_term_string}"},"query-input":"required name=search_term_string"}],"inLanguage":"fr-FR"}]}},"_links":{"self":[{"href":"https:\/\/vca2022.valadascoriel.com\/fr\/wp-json\/wp\/v2\/pages\/1614"}],"collection":[{"href":"https:\/\/vca2022.valadascoriel.com\/fr\/wp-json\/wp\/v2\/pages"}],"about":[{"href":"https:\/\/vca2022.valadascoriel.com\/fr\/wp-json\/wp\/v2\/types\/page"}],"author":[{"embeddable":true,"href":"https:\/\/vca2022.valadascoriel.com\/fr\/wp-json\/wp\/v2\/users\/1"}],"replies":[{"embeddable":true,"href":"https:\/\/vca2022.valadascoriel.com\/fr\/wp-json\/wp\/v2\/comments?post=1614"}],"version-history":[{"count":1,"href":"https:\/\/vca2022.valadascoriel.com\/fr\/wp-json\/wp\/v2\/pages\/1614\/revisions"}],"predecessor-version":[{"id":1615,"href":"https:\/\/vca2022.valadascoriel.com\/fr\/wp-json\/wp\/v2\/pages\/1614\/revisions\/1615"}],"up":[{"embeddable":true,"href":"https:\/\/vca2022.valadascoriel.com\/fr\/wp-json\/wp\/v2\/pages\/1610"}],"wp:attachment":[{"href":"https:\/\/vca2022.valadascoriel.com\/fr\/wp-json\/wp\/v2\/media?parent=1614"}],"curies":[{"name":"wp","href":"https:\/\/api.w.org\/{rel}","templated":true}]}}