{"id":1612,"date":"2014-10-21T15:41:44","date_gmt":"2014-10-21T15:41:44","guid":{"rendered":"http:\/\/www.valadascoriel.com\/?page_id=1612"},"modified":"2014-10-22T16:52:22","modified_gmt":"2014-10-22T16:52:22","slug":"joao-valadas-coriel","status":"publish","type":"page","link":"https:\/\/vca2022.valadascoriel.com\/fr\/equipe\/associes\/joao-valadas-coriel\/","title":{"rendered":"Jo\u00e3o Valadas Coriel"},"content":{"rendered":"<p>[one_third]<a href=\"http:\/\/www.valadascoriel.com\/wp-content\/uploads\/2013\/04\/1-JVC.jpg\"><img decoding=\"async\" loading=\"lazy\" class=\"alignnone size-medium wp-image-284\" src=\"http:\/\/www.valadascoriel.com\/wp-content\/uploads\/2013\/04\/1-JVC-300x300.jpg\" alt=\"Jo\u00e3o Valadas Coriel\" width=\"300\" height=\"300\" srcset=\"https:\/\/vca2022.valadascoriel.com\/wp-content\/uploads\/2013\/04\/1-JVC-300x300.jpg 300w, https:\/\/vca2022.valadascoriel.com\/wp-content\/uploads\/2013\/04\/1-JVC-150x150.jpg 150w, https:\/\/vca2022.valadascoriel.com\/wp-content\/uploads\/2013\/04\/1-JVC-520x520.jpg 520w, https:\/\/vca2022.valadascoriel.com\/wp-content\/uploads\/2013\/04\/1-JVC.jpg 980w\" sizes=\"(max-width: 300px) 100vw, 300px\" \/><\/a>[\/one_third]<\/p>\n<p>[two_third_last]<\/p>\n<h1>Jo\u00e3o Valadas Coriel<\/h1>\n<p>Jo\u00e3o Valadas Coriel a fond\u00e9 la soci\u00e9t\u00e9 en 2001. En plus d&rsquo;\u00eatre associ\u00e9 ex\u00e9cutif, il dirige et coordonne tous les d\u00e9partements de VCA d&rsquo;une forme transversale. Sa comp\u00e9tence est recherch\u00e9e pour d\u00e9bloquer des impasses, conclure des affaires, proposer des solutions transversales dans plusieurs branches du droit et la coordination d&rsquo;\u00e9quipes multidisciplinaires.<\/p>\n<p>Il participe, fr\u00e9quemment, comme orateur lors de sessions de travail, de s\u00e9minaires et de conf\u00e9rences dans ses domaines d&rsquo;activit\u00e9.<\/p>\n<h3><\/h3>\n<h3>Domaines d&rsquo;activit\u00e9<\/h3>\n<p>Contentieux commercial, civil, administratif, fiscal, \u00e9conomique et maritime ; droit maritime ; insolvabilit\u00e9s, faillites et acquisition et gestion de cr\u00e9ances.<\/p>\n<h3><\/h3>\n<h3>Formation universitaire<\/h3>\n<p>Master 1 en droit (facult\u00e9 de droit de l&rsquo;universit\u00e9 classique de Lisbonne, 1992). Partie curriculaire du master 2 en sant\u00e9 publique (facult\u00e9 de m\u00e9decine de l&rsquo;universit\u00e9 nouvelle de Lisbonne, 1998) ; International Trade and Shipping Law (London GuildHall University\/Lloyds, 1999) ; formation de troisi\u00e8me cycle en gestion et fiscalit\u00e9 (Institut sup\u00e9rieur d&rsquo;\u00e9conomie et de gestion, 2007) ; Law Management Program (IE, Madrid\/London, 2012).<\/p>\n<h3><\/h3>\n<h3>Associations professionnelles<\/h3>\n<p>Ordre des avocats (inscrit depuis 1995), association fiscale portugaise ; <em>American Bar Association<\/em> &#8211; Sections de droit fiscal et contentieux \/<em>Associate et International Fiscal Association<\/em>.<\/p>\n<h3>Langues<\/h3>\n<p>Portugais, anglais, fran\u00e7ais, espagnol et italien.<\/p>\n<h3>Contacts<\/h3>\n<p><a href=\"mailto:joao.coriel@valadascoriel.com\">joao.coriel@valadascoriel.com<\/a><\/p>\n<p>[\/two_third_last]<\/p>\n","protected":false},"excerpt":{"rendered":"<p>[one_third][\/one_third] [two_third_last] Jo\u00e3o Valadas Coriel Jo\u00e3o Valadas Coriel a fond\u00e9 la soci\u00e9t\u00e9 en 2001. En plus d&rsquo;\u00eatre associ\u00e9 ex\u00e9cutif, il dirige et coordonne tous les d\u00e9partements de VCA d&rsquo;une forme transversale. Sa comp\u00e9tence est recherch\u00e9e pour d\u00e9bloquer des impasses, conclure des affaires, proposer des solutions transversales dans plusieurs branches du droit et la coordination d&rsquo;\u00e9quipes [&hellip;]<\/p>\n","protected":false},"author":1,"featured_media":0,"parent":1610,"menu_order":0,"comment_status":"closed","ping_status":"closed","template":"","meta":[],"yoast_head":"<!-- This site is optimized with the Yoast SEO plugin v20.10 - https:\/\/yoast.com\/wordpress\/plugins\/seo\/ -->\n<title>Jo\u00e3o Valadas Coriel - Valadas Coriel &amp; Associados<\/title>\n<meta name=\"robots\" content=\"index, follow, max-snippet:-1, max-image-preview:large, max-video-preview:-1\" \/>\n<link rel=\"canonical\" href=\"https:\/\/vca2022.valadascoriel.com\/fr\/equipe\/associes\/joao-valadas-coriel\/\" \/>\n<meta property=\"og:locale\" content=\"fr_FR\" \/>\n<meta property=\"og:type\" content=\"article\" \/>\n<meta property=\"og:title\" content=\"Jo\u00e3o Valadas Coriel - Valadas Coriel &amp; Associados\" \/>\n<meta property=\"og:description\" content=\"[one_third][\/one_third] [two_third_last] Jo\u00e3o Valadas Coriel Jo\u00e3o Valadas Coriel a fond\u00e9 la soci\u00e9t\u00e9 en 2001. En plus d&rsquo;\u00eatre associ\u00e9 ex\u00e9cutif, il dirige et coordonne tous les d\u00e9partements de VCA d&rsquo;une forme transversale. Sa comp\u00e9tence est recherch\u00e9e pour d\u00e9bloquer des impasses, conclure des affaires, proposer des solutions transversales dans plusieurs branches du droit et la coordination d&rsquo;\u00e9quipes [&hellip;]\" \/>\n<meta property=\"og:url\" content=\"https:\/\/vca2022.valadascoriel.com\/fr\/equipe\/associes\/joao-valadas-coriel\/\" \/>\n<meta property=\"og:site_name\" content=\"Valadas Coriel &amp; Associados\" \/>\n<meta property=\"article:modified_time\" content=\"2014-10-22T16:52:22+00:00\" \/>\n<meta property=\"og:image\" content=\"http:\/\/www.valadascoriel.com\/wp-content\/uploads\/2013\/04\/1-JVC-300x300.jpg\" \/>\n<meta name=\"twitter:label1\" content=\"Dur\u00e9e de lecture estim\u00e9e\" \/>\n\t<meta name=\"twitter:data1\" content=\"1 minute\" \/>\n<script type=\"application\/ld+json\" class=\"yoast-schema-graph\">{\"@context\":\"https:\/\/schema.org\",\"@graph\":[{\"@type\":\"WebPage\",\"@id\":\"https:\/\/vca2022.valadascoriel.com\/fr\/equipe\/associes\/joao-valadas-coriel\/\",\"url\":\"https:\/\/vca2022.valadascoriel.com\/fr\/equipe\/associes\/joao-valadas-coriel\/\",\"name\":\"Jo\u00e3o Valadas Coriel - Valadas Coriel &amp; Associados\",\"isPartOf\":{\"@id\":\"https:\/\/vca2022.valadascoriel.com\/#website\"},\"datePublished\":\"2014-10-21T15:41:44+00:00\",\"dateModified\":\"2014-10-22T16:52:22+00:00\",\"breadcrumb\":{\"@id\":\"https:\/\/vca2022.valadascoriel.com\/fr\/equipe\/associes\/joao-valadas-coriel\/#breadcrumb\"},\"inLanguage\":\"fr-FR\",\"potentialAction\":[{\"@type\":\"ReadAction\",\"target\":[\"https:\/\/vca2022.valadascoriel.com\/fr\/equipe\/associes\/joao-valadas-coriel\/\"]}]},{\"@type\":\"BreadcrumbList\",\"@id\":\"https:\/\/vca2022.valadascoriel.com\/fr\/equipe\/associes\/joao-valadas-coriel\/#breadcrumb\",\"itemListElement\":[{\"@type\":\"ListItem\",\"position\":1,\"name\":\"Home\",\"item\":\"https:\/\/vca2022.valadascoriel.com\/fr\/\"},{\"@type\":\"ListItem\",\"position\":2,\"name\":\"\u00c9quipe\",\"item\":\"https:\/\/vca2022.valadascoriel.com\/fr\/equipe\/\"},{\"@type\":\"ListItem\",\"position\":3,\"name\":\"Associ\u00e9s\",\"item\":\"https:\/\/vca2022.valadascoriel.com\/fr\/equipe\/associes\/\"},{\"@type\":\"ListItem\",\"position\":4,\"name\":\"Jo\u00e3o Valadas Coriel\"}]},{\"@type\":\"WebSite\",\"@id\":\"https:\/\/vca2022.valadascoriel.com\/#website\",\"url\":\"https:\/\/vca2022.valadascoriel.com\/\",\"name\":\"Valadas Coriel &amp; Associados\",\"description\":\"Sociedade de Advogados RL\",\"potentialAction\":[{\"@type\":\"SearchAction\",\"target\":{\"@type\":\"EntryPoint\",\"urlTemplate\":\"https:\/\/vca2022.valadascoriel.com\/?s={search_term_string}\"},\"query-input\":\"required name=search_term_string\"}],\"inLanguage\":\"fr-FR\"}]}<\/script>\n<!-- \/ Yoast SEO plugin. -->","yoast_head_json":{"title":"Jo\u00e3o Valadas Coriel - Valadas Coriel &amp; Associados","robots":{"index":"index","follow":"follow","max-snippet":"max-snippet:-1","max-image-preview":"max-image-preview:large","max-video-preview":"max-video-preview:-1"},"canonical":"https:\/\/vca2022.valadascoriel.com\/fr\/equipe\/associes\/joao-valadas-coriel\/","og_locale":"fr_FR","og_type":"article","og_title":"Jo\u00e3o Valadas Coriel - Valadas Coriel &amp; Associados","og_description":"[one_third][\/one_third] [two_third_last] Jo\u00e3o Valadas Coriel Jo\u00e3o Valadas Coriel a fond\u00e9 la soci\u00e9t\u00e9 en 2001. En plus d&rsquo;\u00eatre associ\u00e9 ex\u00e9cutif, il dirige et coordonne tous les d\u00e9partements de VCA d&rsquo;une forme transversale. Sa comp\u00e9tence est recherch\u00e9e pour d\u00e9bloquer des impasses, conclure des affaires, proposer des solutions transversales dans plusieurs branches du droit et la coordination d&rsquo;\u00e9quipes [&hellip;]","og_url":"https:\/\/vca2022.valadascoriel.com\/fr\/equipe\/associes\/joao-valadas-coriel\/","og_site_name":"Valadas Coriel &amp; Associados","article_modified_time":"2014-10-22T16:52:22+00:00","og_image":[{"url":"http:\/\/www.valadascoriel.com\/wp-content\/uploads\/2013\/04\/1-JVC-300x300.jpg"}],"twitter_misc":{"Dur\u00e9e de lecture estim\u00e9e":"1 minute"},"schema":{"@context":"https:\/\/schema.org","@graph":[{"@type":"WebPage","@id":"https:\/\/vca2022.valadascoriel.com\/fr\/equipe\/associes\/joao-valadas-coriel\/","url":"https:\/\/vca2022.valadascoriel.com\/fr\/equipe\/associes\/joao-valadas-coriel\/","name":"Jo\u00e3o Valadas Coriel - Valadas Coriel &amp; Associados","isPartOf":{"@id":"https:\/\/vca2022.valadascoriel.com\/#website"},"datePublished":"2014-10-21T15:41:44+00:00","dateModified":"2014-10-22T16:52:22+00:00","breadcrumb":{"@id":"https:\/\/vca2022.valadascoriel.com\/fr\/equipe\/associes\/joao-valadas-coriel\/#breadcrumb"},"inLanguage":"fr-FR","potentialAction":[{"@type":"ReadAction","target":["https:\/\/vca2022.valadascoriel.com\/fr\/equipe\/associes\/joao-valadas-coriel\/"]}]},{"@type":"BreadcrumbList","@id":"https:\/\/vca2022.valadascoriel.com\/fr\/equipe\/associes\/joao-valadas-coriel\/#breadcrumb","itemListElement":[{"@type":"ListItem","position":1,"name":"Home","item":"https:\/\/vca2022.valadascoriel.com\/fr\/"},{"@type":"ListItem","position":2,"name":"\u00c9quipe","item":"https:\/\/vca2022.valadascoriel.com\/fr\/equipe\/"},{"@type":"ListItem","position":3,"name":"Associ\u00e9s","item":"https:\/\/vca2022.valadascoriel.com\/fr\/equipe\/associes\/"},{"@type":"ListItem","position":4,"name":"Jo\u00e3o Valadas Coriel"}]},{"@type":"WebSite","@id":"https:\/\/vca2022.valadascoriel.com\/#website","url":"https:\/\/vca2022.valadascoriel.com\/","name":"Valadas Coriel &amp; Associados","description":"Sociedade de Advogados RL","potentialAction":[{"@type":"SearchAction","target":{"@type":"EntryPoint","urlTemplate":"https:\/\/vca2022.valadascoriel.com\/?s={search_term_string}"},"query-input":"required name=search_term_string"}],"inLanguage":"fr-FR"}]}},"_links":{"self":[{"href":"https:\/\/vca2022.valadascoriel.com\/fr\/wp-json\/wp\/v2\/pages\/1612"}],"collection":[{"href":"https:\/\/vca2022.valadascoriel.com\/fr\/wp-json\/wp\/v2\/pages"}],"about":[{"href":"https:\/\/vca2022.valadascoriel.com\/fr\/wp-json\/wp\/v2\/types\/page"}],"author":[{"embeddable":true,"href":"https:\/\/vca2022.valadascoriel.com\/fr\/wp-json\/wp\/v2\/users\/1"}],"replies":[{"embeddable":true,"href":"https:\/\/vca2022.valadascoriel.com\/fr\/wp-json\/wp\/v2\/comments?post=1612"}],"version-history":[{"count":1,"href":"https:\/\/vca2022.valadascoriel.com\/fr\/wp-json\/wp\/v2\/pages\/1612\/revisions"}],"predecessor-version":[{"id":1613,"href":"https:\/\/vca2022.valadascoriel.com\/fr\/wp-json\/wp\/v2\/pages\/1612\/revisions\/1613"}],"up":[{"embeddable":true,"href":"https:\/\/vca2022.valadascoriel.com\/fr\/wp-json\/wp\/v2\/pages\/1610"}],"wp:attachment":[{"href":"https:\/\/vca2022.valadascoriel.com\/fr\/wp-json\/wp\/v2\/media?parent=1612"}],"curies":[{"name":"wp","href":"https:\/\/api.w.org\/{rel}","templated":true}]}}