{"id":1610,"date":"2014-10-21T15:38:08","date_gmt":"2014-10-21T15:38:08","guid":{"rendered":"http:\/\/www.valadascoriel.com\/?page_id=1610"},"modified":"2014-10-22T17:41:30","modified_gmt":"2014-10-22T17:41:30","slug":"associes","status":"publish","type":"page","link":"https:\/\/vca2022.valadascoriel.com\/fr\/equipe\/associes\/","title":{"rendered":"Associ\u00e9s"},"content":{"rendered":"<h1>Associ\u00e9s<\/h1>\n<p>&nbsp;<\/p>\n<p style=\"text-align: center;\">[one_third]<a title=\"Jo\u00e3o Valadas Coriel\" href=\"http:\/\/www.valadascoriel.com\/fr\/equipe\/associes\/joao-valadas-coriel\/\"><img decoding=\"async\" loading=\"lazy\" class=\"alignnone size-medium wp-image-284\" src=\"http:\/\/www.valadascoriel.com\/wp-content\/uploads\/2013\/04\/1-JVC-300x300.jpg\" alt=\"Jo\u00e3o Valadas Coriel\" width=\"300\" height=\"300\" srcset=\"https:\/\/vca2022.valadascoriel.com\/wp-content\/uploads\/2013\/04\/1-JVC-300x300.jpg 300w, https:\/\/vca2022.valadascoriel.com\/wp-content\/uploads\/2013\/04\/1-JVC-150x150.jpg 150w, https:\/\/vca2022.valadascoriel.com\/wp-content\/uploads\/2013\/04\/1-JVC-520x520.jpg 520w, https:\/\/vca2022.valadascoriel.com\/wp-content\/uploads\/2013\/04\/1-JVC.jpg 980w\" sizes=\"(max-width: 300px) 100vw, 300px\" \/><\/a><\/p>\n<h2 style=\"text-align: center;\"><a title=\"Jo\u00e3o Valadas Coriel\" href=\"http:\/\/www.valadascoriel.com\/fr\/equipe\/associes\/joao-valadas-coriel\/\">Jo\u00e3o Valadas Coriel<\/a><\/h2>\n<p style=\"text-align: center;\"><a title=\"Jo\u00e3o Valadas Coriel\" href=\"http:\/\/www.valadascoriel.com\/fr\/equipe\/associes\/joao-valadas-coriel\/\">Managing Partner<\/a><\/p>\n<p style=\"text-align: center;\">[\/one_third]<\/p>\n<p style=\"text-align: center;\">[one_third]<a title=\"Paulino Brilhante Santos\" href=\"http:\/\/www.valadascoriel.com\/fr\/equipe\/associes\/paulino-brilhante-santos\/\"><img decoding=\"async\" loading=\"lazy\" class=\"alignnone size-medium wp-image-293\" src=\"http:\/\/www.valadascoriel.com\/wp-content\/uploads\/2013\/04\/2-PBS-300x300.jpg\" alt=\"Paulino Brilhante dos Santos\" width=\"300\" height=\"300\" srcset=\"https:\/\/vca2022.valadascoriel.com\/wp-content\/uploads\/2013\/04\/2-PBS-300x300.jpg 300w, https:\/\/vca2022.valadascoriel.com\/wp-content\/uploads\/2013\/04\/2-PBS-150x150.jpg 150w, https:\/\/vca2022.valadascoriel.com\/wp-content\/uploads\/2013\/04\/2-PBS-520x520.jpg 520w, https:\/\/vca2022.valadascoriel.com\/wp-content\/uploads\/2013\/04\/2-PBS.jpg 980w\" sizes=\"(max-width: 300px) 100vw, 300px\" \/><\/a><\/p>\n<h2 style=\"text-align: center;\"><a title=\"Paulino Brilhante Santos\" href=\"http:\/\/www.valadascoriel.com\/fr\/equipe\/associes\/paulino-brilhante-santos\/\">Paulino Brilhante Santos<\/a><\/h2>\n<p style=\"text-align: center;\"><a title=\"Paulino Brilhante Santos\" href=\"http:\/\/www.valadascoriel.com\/fr\/equipe\/associes\/paulino-brilhante-santos\/\">Partner<\/a><\/p>\n<p style=\"text-align: center;\">[\/one_third]<\/p>\n<p style=\"text-align: center;\">[one_third_last]<a title=\"Hugo Martins Braz\" href=\"http:\/\/www.valadascoriel.com\/fr\/equipe\/associes\/hugo-martins-braz\/\"><img decoding=\"async\" loading=\"lazy\" class=\"alignnone size-medium wp-image-300\" src=\"http:\/\/www.valadascoriel.com\/wp-content\/uploads\/2013\/04\/3-HMB-300x300.jpg\" alt=\"Hugo Martins Braz\" width=\"300\" height=\"300\" srcset=\"https:\/\/vca2022.valadascoriel.com\/wp-content\/uploads\/2013\/04\/3-HMB-300x300.jpg 300w, https:\/\/vca2022.valadascoriel.com\/wp-content\/uploads\/2013\/04\/3-HMB-150x150.jpg 150w, https:\/\/vca2022.valadascoriel.com\/wp-content\/uploads\/2013\/04\/3-HMB-520x520.jpg 520w, https:\/\/vca2022.valadascoriel.com\/wp-content\/uploads\/2013\/04\/3-HMB.jpg 980w\" sizes=\"(max-width: 300px) 100vw, 300px\" \/><\/a><\/p>\n<h2 style=\"text-align: center;\"><a title=\"Hugo Martins Braz\" href=\"http:\/\/www.valadascoriel.com\/fr\/equipe\/associes\/hugo-martins-braz\/\">Hugo Martins Braz<\/a><\/h2>\n<p style=\"text-align: center;\"><a title=\"Hugo Martins Braz\" href=\"http:\/\/www.valadascoriel.com\/fr\/equipe\/associes\/hugo-martins-braz\/\">Partner<\/a><\/p>\n<p style=\"text-align: center;\">[\/one_third_last]<\/p>\n","protected":false},"excerpt":{"rendered":"<p>Associ\u00e9s &nbsp; [one_third] Jo\u00e3o Valadas Coriel Managing Partner [\/one_third] [one_third] Paulino Brilhante Santos Partner [\/one_third] [one_third_last] Hugo Martins Braz Partner [\/one_third_last]<\/p>\n","protected":false},"author":1,"featured_media":0,"parent":1608,"menu_order":10,"comment_status":"open","ping_status":"closed","template":"","meta":[],"yoast_head":"<!-- This site is optimized with the Yoast SEO plugin v20.10 - https:\/\/yoast.com\/wordpress\/plugins\/seo\/ -->\n<title>Associ\u00e9s - Valadas Coriel &amp; Associados<\/title>\n<meta name=\"robots\" content=\"index, follow, max-snippet:-1, max-image-preview:large, max-video-preview:-1\" \/>\n<link rel=\"canonical\" href=\"https:\/\/vca2022.valadascoriel.com\/fr\/equipe\/associes\/\" \/>\n<meta property=\"og:locale\" content=\"fr_FR\" \/>\n<meta property=\"og:type\" content=\"article\" \/>\n<meta property=\"og:title\" content=\"Associ\u00e9s - Valadas Coriel &amp; Associados\" \/>\n<meta property=\"og:description\" content=\"Associ\u00e9s &nbsp; [one_third] Jo\u00e3o Valadas Coriel Managing Partner [\/one_third] [one_third] Paulino Brilhante Santos Partner [\/one_third] [one_third_last] Hugo Martins Braz Partner [\/one_third_last]\" \/>\n<meta property=\"og:url\" content=\"https:\/\/vca2022.valadascoriel.com\/fr\/equipe\/associes\/\" \/>\n<meta property=\"og:site_name\" content=\"Valadas Coriel &amp; Associados\" \/>\n<meta property=\"article:modified_time\" content=\"2014-10-22T17:41:30+00:00\" \/>\n<meta property=\"og:image\" content=\"http:\/\/www.valadascoriel.com\/wp-content\/uploads\/2013\/04\/1-JVC-300x300.jpg\" \/>\n<script type=\"application\/ld+json\" class=\"yoast-schema-graph\">{\"@context\":\"https:\/\/schema.org\",\"@graph\":[{\"@type\":\"WebPage\",\"@id\":\"https:\/\/vca2022.valadascoriel.com\/fr\/equipe\/associes\/\",\"url\":\"https:\/\/vca2022.valadascoriel.com\/fr\/equipe\/associes\/\",\"name\":\"Associ\u00e9s - Valadas Coriel &amp; Associados\",\"isPartOf\":{\"@id\":\"https:\/\/vca2022.valadascoriel.com\/#website\"},\"datePublished\":\"2014-10-21T15:38:08+00:00\",\"dateModified\":\"2014-10-22T17:41:30+00:00\",\"breadcrumb\":{\"@id\":\"https:\/\/vca2022.valadascoriel.com\/fr\/equipe\/associes\/#breadcrumb\"},\"inLanguage\":\"fr-FR\",\"potentialAction\":[{\"@type\":\"ReadAction\",\"target\":[\"https:\/\/vca2022.valadascoriel.com\/fr\/equipe\/associes\/\"]}]},{\"@type\":\"BreadcrumbList\",\"@id\":\"https:\/\/vca2022.valadascoriel.com\/fr\/equipe\/associes\/#breadcrumb\",\"itemListElement\":[{\"@type\":\"ListItem\",\"position\":1,\"name\":\"Home\",\"item\":\"https:\/\/vca2022.valadascoriel.com\/fr\/\"},{\"@type\":\"ListItem\",\"position\":2,\"name\":\"\u00c9quipe\",\"item\":\"https:\/\/vca2022.valadascoriel.com\/fr\/equipe\/\"},{\"@type\":\"ListItem\",\"position\":3,\"name\":\"Associ\u00e9s\"}]},{\"@type\":\"WebSite\",\"@id\":\"https:\/\/vca2022.valadascoriel.com\/#website\",\"url\":\"https:\/\/vca2022.valadascoriel.com\/\",\"name\":\"Valadas Coriel &amp; Associados\",\"description\":\"Sociedade de Advogados RL\",\"potentialAction\":[{\"@type\":\"SearchAction\",\"target\":{\"@type\":\"EntryPoint\",\"urlTemplate\":\"https:\/\/vca2022.valadascoriel.com\/?s={search_term_string}\"},\"query-input\":\"required name=search_term_string\"}],\"inLanguage\":\"fr-FR\"}]}<\/script>\n<!-- \/ Yoast SEO plugin. -->","yoast_head_json":{"title":"Associ\u00e9s - Valadas Coriel &amp; Associados","robots":{"index":"index","follow":"follow","max-snippet":"max-snippet:-1","max-image-preview":"max-image-preview:large","max-video-preview":"max-video-preview:-1"},"canonical":"https:\/\/vca2022.valadascoriel.com\/fr\/equipe\/associes\/","og_locale":"fr_FR","og_type":"article","og_title":"Associ\u00e9s - Valadas Coriel &amp; Associados","og_description":"Associ\u00e9s &nbsp; [one_third] Jo\u00e3o Valadas Coriel Managing Partner [\/one_third] [one_third] Paulino Brilhante Santos Partner [\/one_third] [one_third_last] Hugo Martins Braz Partner [\/one_third_last]","og_url":"https:\/\/vca2022.valadascoriel.com\/fr\/equipe\/associes\/","og_site_name":"Valadas Coriel &amp; Associados","article_modified_time":"2014-10-22T17:41:30+00:00","og_image":[{"url":"http:\/\/www.valadascoriel.com\/wp-content\/uploads\/2013\/04\/1-JVC-300x300.jpg"}],"schema":{"@context":"https:\/\/schema.org","@graph":[{"@type":"WebPage","@id":"https:\/\/vca2022.valadascoriel.com\/fr\/equipe\/associes\/","url":"https:\/\/vca2022.valadascoriel.com\/fr\/equipe\/associes\/","name":"Associ\u00e9s - Valadas Coriel &amp; Associados","isPartOf":{"@id":"https:\/\/vca2022.valadascoriel.com\/#website"},"datePublished":"2014-10-21T15:38:08+00:00","dateModified":"2014-10-22T17:41:30+00:00","breadcrumb":{"@id":"https:\/\/vca2022.valadascoriel.com\/fr\/equipe\/associes\/#breadcrumb"},"inLanguage":"fr-FR","potentialAction":[{"@type":"ReadAction","target":["https:\/\/vca2022.valadascoriel.com\/fr\/equipe\/associes\/"]}]},{"@type":"BreadcrumbList","@id":"https:\/\/vca2022.valadascoriel.com\/fr\/equipe\/associes\/#breadcrumb","itemListElement":[{"@type":"ListItem","position":1,"name":"Home","item":"https:\/\/vca2022.valadascoriel.com\/fr\/"},{"@type":"ListItem","position":2,"name":"\u00c9quipe","item":"https:\/\/vca2022.valadascoriel.com\/fr\/equipe\/"},{"@type":"ListItem","position":3,"name":"Associ\u00e9s"}]},{"@type":"WebSite","@id":"https:\/\/vca2022.valadascoriel.com\/#website","url":"https:\/\/vca2022.valadascoriel.com\/","name":"Valadas Coriel &amp; Associados","description":"Sociedade de Advogados RL","potentialAction":[{"@type":"SearchAction","target":{"@type":"EntryPoint","urlTemplate":"https:\/\/vca2022.valadascoriel.com\/?s={search_term_string}"},"query-input":"required name=search_term_string"}],"inLanguage":"fr-FR"}]}},"_links":{"self":[{"href":"https:\/\/vca2022.valadascoriel.com\/fr\/wp-json\/wp\/v2\/pages\/1610"}],"collection":[{"href":"https:\/\/vca2022.valadascoriel.com\/fr\/wp-json\/wp\/v2\/pages"}],"about":[{"href":"https:\/\/vca2022.valadascoriel.com\/fr\/wp-json\/wp\/v2\/types\/page"}],"author":[{"embeddable":true,"href":"https:\/\/vca2022.valadascoriel.com\/fr\/wp-json\/wp\/v2\/users\/1"}],"replies":[{"embeddable":true,"href":"https:\/\/vca2022.valadascoriel.com\/fr\/wp-json\/wp\/v2\/comments?post=1610"}],"version-history":[{"count":4,"href":"https:\/\/vca2022.valadascoriel.com\/fr\/wp-json\/wp\/v2\/pages\/1610\/revisions"}],"predecessor-version":[{"id":1704,"href":"https:\/\/vca2022.valadascoriel.com\/fr\/wp-json\/wp\/v2\/pages\/1610\/revisions\/1704"}],"up":[{"embeddable":true,"href":"https:\/\/vca2022.valadascoriel.com\/fr\/wp-json\/wp\/v2\/pages\/1608"}],"wp:attachment":[{"href":"https:\/\/vca2022.valadascoriel.com\/fr\/wp-json\/wp\/v2\/media?parent=1610"}],"curies":[{"name":"wp","href":"https:\/\/api.w.org\/{rel}","templated":true}]}}