{"id":1608,"date":"2014-10-21T15:35:55","date_gmt":"2014-10-21T15:35:55","guid":{"rendered":"http:\/\/www.valadascoriel.com\/?page_id=1608"},"modified":"2014-10-21T15:35:55","modified_gmt":"2014-10-21T15:35:55","slug":"equipe","status":"publish","type":"page","link":"https:\/\/vca2022.valadascoriel.com\/fr\/equipe\/","title":{"rendered":"\u00c9quipe"},"content":{"rendered":"<p><img decoding=\"async\" loading=\"lazy\" class=\"alignnone size-full wp-image-78\" src=\"http:\/\/www.valadascoriel.com\/wp-content\/uploads\/2013\/03\/arabescos.png\" alt=\"Separador\" width=\"41\" height=\"24\" \/><\/p>\n<h1>\u00c9quipe motiv\u00e9e pour faire diff\u00e9rent<\/h1>\n<p>Nos avocats font partie d&rsquo;une \u00e9quipe hautement qualifi\u00e9e qui cherche des abordages alternatifs sans compromettre la satisfaction du client, la carri\u00e8re et le d\u00e9veloppement personnel. Ils sont motiv\u00e9s et talentueux, disposent d&rsquo;une formation universitaire et de troisi\u00e8me cycle dans les secteurs o\u00f9 ils travaillent, fruit de l&rsquo;exp\u00e9rience au sein d&rsquo;\u00e9quipes juridiques faisant partie des meilleures soci\u00e9t\u00e9s d&rsquo;avocats, et cherchent \u00e0 progresser dans leurs carri\u00e8res juridiques, sans sacrifier d&rsquo;autres priorit\u00e9s personnelles.<\/p>\n<p>Nous sommes fiers de la capacit\u00e9 de nos avocats \u00e0 \u00e9quilibrer les priorit\u00e9s du cadre personnel avec les r\u00e9sultats dans des fonctions juridiques de qualit\u00e9, d&rsquo;une forme proactive, concentr\u00e9e et avec plaisir. Nous pensons que des professionnels motiv\u00e9s sont les meilleures personnes pour travailler avec les \u00e9quipes internes des clients. Fait que ces derniers reconnaissent lorsqu&rsquo;ils cherchent, dans la majorit\u00e9 des cas, \u00e0 aller au-del\u00e0 de la collaboration initialement convenue et dans des secteurs suppl\u00e9mentaires.<\/p>\n","protected":false},"excerpt":{"rendered":"<p>\u00c9quipe motiv\u00e9e pour faire diff\u00e9rent Nos avocats font partie d&rsquo;une \u00e9quipe hautement qualifi\u00e9e qui cherche des abordages alternatifs sans compromettre la satisfaction du client, la carri\u00e8re et le d\u00e9veloppement personnel. Ils sont motiv\u00e9s et talentueux, disposent d&rsquo;une formation universitaire et de troisi\u00e8me cycle dans les secteurs o\u00f9 ils travaillent, fruit de l&rsquo;exp\u00e9rience au sein d&rsquo;\u00e9quipes [&hellip;]<\/p>\n","protected":false},"author":1,"featured_media":0,"parent":0,"menu_order":30,"comment_status":"open","ping_status":"closed","template":"","meta":[],"yoast_head":"<!-- This site is optimized with the Yoast SEO plugin v20.10 - https:\/\/yoast.com\/wordpress\/plugins\/seo\/ -->\n<title>\u00c9quipe - Valadas Coriel &amp; Associados<\/title>\n<meta name=\"robots\" content=\"index, follow, max-snippet:-1, max-image-preview:large, max-video-preview:-1\" \/>\n<link rel=\"canonical\" href=\"https:\/\/vca2022.valadascoriel.com\/fr\/equipe\/\" \/>\n<meta property=\"og:locale\" content=\"fr_FR\" \/>\n<meta property=\"og:type\" content=\"article\" \/>\n<meta property=\"og:title\" content=\"\u00c9quipe - Valadas Coriel &amp; Associados\" \/>\n<meta property=\"og:description\" content=\"\u00c9quipe motiv\u00e9e pour faire diff\u00e9rent Nos avocats font partie d&rsquo;une \u00e9quipe hautement qualifi\u00e9e qui cherche des abordages alternatifs sans compromettre la satisfaction du client, la carri\u00e8re et le d\u00e9veloppement personnel. Ils sont motiv\u00e9s et talentueux, disposent d&rsquo;une formation universitaire et de troisi\u00e8me cycle dans les secteurs o\u00f9 ils travaillent, fruit de l&rsquo;exp\u00e9rience au sein d&rsquo;\u00e9quipes [&hellip;]\" \/>\n<meta property=\"og:url\" content=\"https:\/\/vca2022.valadascoriel.com\/fr\/equipe\/\" \/>\n<meta property=\"og:site_name\" content=\"Valadas Coriel &amp; Associados\" \/>\n<meta property=\"og:image\" content=\"http:\/\/www.valadascoriel.com\/wp-content\/uploads\/2013\/03\/arabescos.png\" \/>\n<meta name=\"twitter:label1\" content=\"Dur\u00e9e de lecture estim\u00e9e\" \/>\n\t<meta name=\"twitter:data1\" content=\"1 minute\" \/>\n<script type=\"application\/ld+json\" class=\"yoast-schema-graph\">{\"@context\":\"https:\/\/schema.org\",\"@graph\":[{\"@type\":\"WebPage\",\"@id\":\"https:\/\/vca2022.valadascoriel.com\/fr\/equipe\/\",\"url\":\"https:\/\/vca2022.valadascoriel.com\/fr\/equipe\/\",\"name\":\"\u00c9quipe - Valadas Coriel &amp; Associados\",\"isPartOf\":{\"@id\":\"https:\/\/vca2022.valadascoriel.com\/#website\"},\"datePublished\":\"2014-10-21T15:35:55+00:00\",\"dateModified\":\"2014-10-21T15:35:55+00:00\",\"breadcrumb\":{\"@id\":\"https:\/\/vca2022.valadascoriel.com\/fr\/equipe\/#breadcrumb\"},\"inLanguage\":\"fr-FR\",\"potentialAction\":[{\"@type\":\"ReadAction\",\"target\":[\"https:\/\/vca2022.valadascoriel.com\/fr\/equipe\/\"]}]},{\"@type\":\"BreadcrumbList\",\"@id\":\"https:\/\/vca2022.valadascoriel.com\/fr\/equipe\/#breadcrumb\",\"itemListElement\":[{\"@type\":\"ListItem\",\"position\":1,\"name\":\"Home\",\"item\":\"https:\/\/vca2022.valadascoriel.com\/fr\/\"},{\"@type\":\"ListItem\",\"position\":2,\"name\":\"\u00c9quipe\"}]},{\"@type\":\"WebSite\",\"@id\":\"https:\/\/vca2022.valadascoriel.com\/#website\",\"url\":\"https:\/\/vca2022.valadascoriel.com\/\",\"name\":\"Valadas Coriel &amp; Associados\",\"description\":\"Sociedade de Advogados RL\",\"potentialAction\":[{\"@type\":\"SearchAction\",\"target\":{\"@type\":\"EntryPoint\",\"urlTemplate\":\"https:\/\/vca2022.valadascoriel.com\/?s={search_term_string}\"},\"query-input\":\"required name=search_term_string\"}],\"inLanguage\":\"fr-FR\"}]}<\/script>\n<!-- \/ Yoast SEO plugin. -->","yoast_head_json":{"title":"\u00c9quipe - Valadas Coriel &amp; Associados","robots":{"index":"index","follow":"follow","max-snippet":"max-snippet:-1","max-image-preview":"max-image-preview:large","max-video-preview":"max-video-preview:-1"},"canonical":"https:\/\/vca2022.valadascoriel.com\/fr\/equipe\/","og_locale":"fr_FR","og_type":"article","og_title":"\u00c9quipe - Valadas Coriel &amp; Associados","og_description":"\u00c9quipe motiv\u00e9e pour faire diff\u00e9rent Nos avocats font partie d&rsquo;une \u00e9quipe hautement qualifi\u00e9e qui cherche des abordages alternatifs sans compromettre la satisfaction du client, la carri\u00e8re et le d\u00e9veloppement personnel. Ils sont motiv\u00e9s et talentueux, disposent d&rsquo;une formation universitaire et de troisi\u00e8me cycle dans les secteurs o\u00f9 ils travaillent, fruit de l&rsquo;exp\u00e9rience au sein d&rsquo;\u00e9quipes [&hellip;]","og_url":"https:\/\/vca2022.valadascoriel.com\/fr\/equipe\/","og_site_name":"Valadas Coriel &amp; Associados","og_image":[{"url":"http:\/\/www.valadascoriel.com\/wp-content\/uploads\/2013\/03\/arabescos.png"}],"twitter_misc":{"Dur\u00e9e de lecture estim\u00e9e":"1 minute"},"schema":{"@context":"https:\/\/schema.org","@graph":[{"@type":"WebPage","@id":"https:\/\/vca2022.valadascoriel.com\/fr\/equipe\/","url":"https:\/\/vca2022.valadascoriel.com\/fr\/equipe\/","name":"\u00c9quipe - Valadas Coriel &amp; Associados","isPartOf":{"@id":"https:\/\/vca2022.valadascoriel.com\/#website"},"datePublished":"2014-10-21T15:35:55+00:00","dateModified":"2014-10-21T15:35:55+00:00","breadcrumb":{"@id":"https:\/\/vca2022.valadascoriel.com\/fr\/equipe\/#breadcrumb"},"inLanguage":"fr-FR","potentialAction":[{"@type":"ReadAction","target":["https:\/\/vca2022.valadascoriel.com\/fr\/equipe\/"]}]},{"@type":"BreadcrumbList","@id":"https:\/\/vca2022.valadascoriel.com\/fr\/equipe\/#breadcrumb","itemListElement":[{"@type":"ListItem","position":1,"name":"Home","item":"https:\/\/vca2022.valadascoriel.com\/fr\/"},{"@type":"ListItem","position":2,"name":"\u00c9quipe"}]},{"@type":"WebSite","@id":"https:\/\/vca2022.valadascoriel.com\/#website","url":"https:\/\/vca2022.valadascoriel.com\/","name":"Valadas Coriel &amp; Associados","description":"Sociedade de Advogados RL","potentialAction":[{"@type":"SearchAction","target":{"@type":"EntryPoint","urlTemplate":"https:\/\/vca2022.valadascoriel.com\/?s={search_term_string}"},"query-input":"required name=search_term_string"}],"inLanguage":"fr-FR"}]}},"_links":{"self":[{"href":"https:\/\/vca2022.valadascoriel.com\/fr\/wp-json\/wp\/v2\/pages\/1608"}],"collection":[{"href":"https:\/\/vca2022.valadascoriel.com\/fr\/wp-json\/wp\/v2\/pages"}],"about":[{"href":"https:\/\/vca2022.valadascoriel.com\/fr\/wp-json\/wp\/v2\/types\/page"}],"author":[{"embeddable":true,"href":"https:\/\/vca2022.valadascoriel.com\/fr\/wp-json\/wp\/v2\/users\/1"}],"replies":[{"embeddable":true,"href":"https:\/\/vca2022.valadascoriel.com\/fr\/wp-json\/wp\/v2\/comments?post=1608"}],"version-history":[{"count":1,"href":"https:\/\/vca2022.valadascoriel.com\/fr\/wp-json\/wp\/v2\/pages\/1608\/revisions"}],"predecessor-version":[{"id":1609,"href":"https:\/\/vca2022.valadascoriel.com\/fr\/wp-json\/wp\/v2\/pages\/1608\/revisions\/1609"}],"wp:attachment":[{"href":"https:\/\/vca2022.valadascoriel.com\/fr\/wp-json\/wp\/v2\/media?parent=1608"}],"curies":[{"name":"wp","href":"https:\/\/api.w.org\/{rel}","templated":true}]}}