{"id":1606,"date":"2014-10-21T15:34:14","date_gmt":"2014-10-21T15:34:14","guid":{"rendered":"http:\/\/www.valadascoriel.com\/?page_id=1606"},"modified":"2014-10-21T15:34:14","modified_gmt":"2014-10-21T15:34:14","slug":"droit-du-travail","status":"publish","type":"page","link":"https:\/\/vca2022.valadascoriel.com\/fr\/domaines-dactivite\/droit-du-travail\/","title":{"rendered":"Droit du travail"},"content":{"rendered":"<p>[two_fifth]<\/p>\n<h1><img decoding=\"async\" loading=\"lazy\" class=\"alignnone size-large wp-image-102\" src=\"http:\/\/www.valadascoriel.com\/wp-content\/uploads\/2013\/04\/11-Direito-Laboral-520x520.jpg\" alt=\"Direito Laboral\" width=\"520\" height=\"520\" srcset=\"https:\/\/vca2022.valadascoriel.com\/wp-content\/uploads\/2013\/04\/11-Direito-Laboral-520x520.jpg 520w, https:\/\/vca2022.valadascoriel.com\/wp-content\/uploads\/2013\/04\/11-Direito-Laboral-150x150.jpg 150w, https:\/\/vca2022.valadascoriel.com\/wp-content\/uploads\/2013\/04\/11-Direito-Laboral-300x300.jpg 300w, https:\/\/vca2022.valadascoriel.com\/wp-content\/uploads\/2013\/04\/11-Direito-Laboral.jpg 980w\" sizes=\"(max-width: 520px) 100vw, 520px\" \/><\/h1>\n<p>[\/two_fifth][three_fifth_last]<\/p>\n<p><img decoding=\"async\" loading=\"lazy\" class=\"alignnone size-full wp-image-78\" src=\"http:\/\/www.valadascoriel.com\/wp-content\/uploads\/2013\/03\/arabescos.png\" alt=\"arabescos\" width=\"41\" height=\"24\" \/><\/p>\n<h1>Droit du travail<\/h1>\n<p>Chez Valadas Coriel &amp; Associados, le droit du travail est l&rsquo;un des domaines de pratique le plus important et qui nous a aussi apport\u00e9 le plus de reconnaissance, que ce soit sur le march\u00e9 ou chez nos clients. Avec une vocation particuli\u00e8re pour un conseil int\u00e9gral sur le droit du travail, nous travaillons en \u00e9quipe avec le client pour la d\u00e9finition strat\u00e9gique de solutions adapt\u00e9es \u00e0 l&rsquo;activit\u00e9 qu&rsquo;il r\u00e9alise.<\/p>\n<p>Chez VCA, nous utilisons dans ce domaine deux abordages distincts mais compl\u00e9mentaires : le premier, un conseil pr\u00e9ventif, que ce soit au niveau de la divulgation et de la discussion anticip\u00e9e de nouvelle l\u00e9gislation et des d\u00e9cisions jurisprudentielles importantes, ou au niveau de la formulation, sur la base de l&rsquo;exp\u00e9rience, des questions ayant le plus grand impact sur l&rsquo;entreprise et d\u00e9rivant des modifications l\u00e9gislatives et de la jurisprudence ; le second, l&rsquo;utilisation de solutions concr\u00e8tes et pragmatiques conformes aux pr\u00e9occupations et objectifs r\u00e9els des entreprises, et de strat\u00e9gies d&rsquo;intervention audacieuses et d\u00e9termin\u00e9es, lorsque cela est n\u00e9cessaire, face \u00e0 un ordre juridique trop rigide, avec lesquelles sont mesur\u00e9es et \u00e9valu\u00e9es les cons\u00e9quences d&rsquo;un \u00e9ventuel conflit judiciaire.\u00a0 Ces abordages se font toujours dans le cadre d&rsquo;importants domaines des relations de travail, comme ceux concernant la protection de la propri\u00e9t\u00e9 industrielle et intellectuelle, ceux des accords de confidentialit\u00e9 et de non concurrence, ceux des mod\u00e8les de prestations sociales et aux b\u00e9n\u00e9fices compl\u00e9mentaires pour des assur\u00e9s par le syst\u00e8me public de S\u00e9curit\u00e9 sociale.<\/p>\n<p>[\/three_fifth_last]<\/p>\n","protected":false},"excerpt":{"rendered":"<p>[two_fifth] [\/two_fifth][three_fifth_last] Droit du travail Chez Valadas Coriel &amp; Associados, le droit du travail est l&rsquo;un des domaines de pratique le plus important et qui nous a aussi apport\u00e9 le plus de reconnaissance, que ce soit sur le march\u00e9 ou chez nos clients. Avec une vocation particuli\u00e8re pour un conseil int\u00e9gral sur le droit du [&hellip;]<\/p>\n","protected":false},"author":1,"featured_media":0,"parent":1591,"menu_order":0,"comment_status":"open","ping_status":"closed","template":"","meta":[],"yoast_head":"<!-- This site is optimized with the Yoast SEO plugin v20.10 - https:\/\/yoast.com\/wordpress\/plugins\/seo\/ -->\n<title>Droit du travail - Valadas Coriel &amp; Associados<\/title>\n<meta name=\"robots\" content=\"index, follow, max-snippet:-1, max-image-preview:large, max-video-preview:-1\" \/>\n<link rel=\"canonical\" href=\"https:\/\/vca2022.valadascoriel.com\/fr\/domaines-dactivite\/droit-du-travail\/\" \/>\n<meta property=\"og:locale\" content=\"fr_FR\" \/>\n<meta property=\"og:type\" content=\"article\" \/>\n<meta property=\"og:title\" content=\"Droit du travail - Valadas Coriel &amp; Associados\" \/>\n<meta property=\"og:description\" content=\"[two_fifth] [\/two_fifth][three_fifth_last] Droit du travail Chez Valadas Coriel &amp; Associados, le droit du travail est l&rsquo;un des domaines de pratique le plus important et qui nous a aussi apport\u00e9 le plus de reconnaissance, que ce soit sur le march\u00e9 ou chez nos clients. Avec une vocation particuli\u00e8re pour un conseil int\u00e9gral sur le droit du [&hellip;]\" \/>\n<meta property=\"og:url\" content=\"https:\/\/vca2022.valadascoriel.com\/fr\/domaines-dactivite\/droit-du-travail\/\" \/>\n<meta property=\"og:site_name\" content=\"Valadas Coriel &amp; Associados\" \/>\n<meta property=\"og:image\" content=\"http:\/\/www.valadascoriel.com\/wp-content\/uploads\/2013\/04\/11-Direito-Laboral-520x520.jpg\" \/>\n<meta name=\"twitter:label1\" content=\"Dur\u00e9e de lecture estim\u00e9e\" \/>\n\t<meta name=\"twitter:data1\" content=\"1 minute\" \/>\n<script type=\"application\/ld+json\" class=\"yoast-schema-graph\">{\"@context\":\"https:\/\/schema.org\",\"@graph\":[{\"@type\":\"WebPage\",\"@id\":\"https:\/\/vca2022.valadascoriel.com\/fr\/domaines-dactivite\/droit-du-travail\/\",\"url\":\"https:\/\/vca2022.valadascoriel.com\/fr\/domaines-dactivite\/droit-du-travail\/\",\"name\":\"Droit du travail - Valadas Coriel &amp; Associados\",\"isPartOf\":{\"@id\":\"https:\/\/vca2022.valadascoriel.com\/#website\"},\"datePublished\":\"2014-10-21T15:34:14+00:00\",\"dateModified\":\"2014-10-21T15:34:14+00:00\",\"breadcrumb\":{\"@id\":\"https:\/\/vca2022.valadascoriel.com\/fr\/domaines-dactivite\/droit-du-travail\/#breadcrumb\"},\"inLanguage\":\"fr-FR\",\"potentialAction\":[{\"@type\":\"ReadAction\",\"target\":[\"https:\/\/vca2022.valadascoriel.com\/fr\/domaines-dactivite\/droit-du-travail\/\"]}]},{\"@type\":\"BreadcrumbList\",\"@id\":\"https:\/\/vca2022.valadascoriel.com\/fr\/domaines-dactivite\/droit-du-travail\/#breadcrumb\",\"itemListElement\":[{\"@type\":\"ListItem\",\"position\":1,\"name\":\"Home\",\"item\":\"https:\/\/vca2022.valadascoriel.com\/fr\/\"},{\"@type\":\"ListItem\",\"position\":2,\"name\":\"Domaines d&rsquo;Activit\u00e9\",\"item\":\"https:\/\/vca2022.valadascoriel.com\/fr\/domaines-dactivite\/\"},{\"@type\":\"ListItem\",\"position\":3,\"name\":\"Droit du travail\"}]},{\"@type\":\"WebSite\",\"@id\":\"https:\/\/vca2022.valadascoriel.com\/#website\",\"url\":\"https:\/\/vca2022.valadascoriel.com\/\",\"name\":\"Valadas Coriel &amp; Associados\",\"description\":\"Sociedade de Advogados RL\",\"potentialAction\":[{\"@type\":\"SearchAction\",\"target\":{\"@type\":\"EntryPoint\",\"urlTemplate\":\"https:\/\/vca2022.valadascoriel.com\/?s={search_term_string}\"},\"query-input\":\"required name=search_term_string\"}],\"inLanguage\":\"fr-FR\"}]}<\/script>\n<!-- \/ Yoast SEO plugin. -->","yoast_head_json":{"title":"Droit du travail - Valadas Coriel &amp; Associados","robots":{"index":"index","follow":"follow","max-snippet":"max-snippet:-1","max-image-preview":"max-image-preview:large","max-video-preview":"max-video-preview:-1"},"canonical":"https:\/\/vca2022.valadascoriel.com\/fr\/domaines-dactivite\/droit-du-travail\/","og_locale":"fr_FR","og_type":"article","og_title":"Droit du travail - Valadas Coriel &amp; Associados","og_description":"[two_fifth] [\/two_fifth][three_fifth_last] Droit du travail Chez Valadas Coriel &amp; Associados, le droit du travail est l&rsquo;un des domaines de pratique le plus important et qui nous a aussi apport\u00e9 le plus de reconnaissance, que ce soit sur le march\u00e9 ou chez nos clients. Avec une vocation particuli\u00e8re pour un conseil int\u00e9gral sur le droit du [&hellip;]","og_url":"https:\/\/vca2022.valadascoriel.com\/fr\/domaines-dactivite\/droit-du-travail\/","og_site_name":"Valadas Coriel &amp; Associados","og_image":[{"url":"http:\/\/www.valadascoriel.com\/wp-content\/uploads\/2013\/04\/11-Direito-Laboral-520x520.jpg"}],"twitter_misc":{"Dur\u00e9e de lecture estim\u00e9e":"1 minute"},"schema":{"@context":"https:\/\/schema.org","@graph":[{"@type":"WebPage","@id":"https:\/\/vca2022.valadascoriel.com\/fr\/domaines-dactivite\/droit-du-travail\/","url":"https:\/\/vca2022.valadascoriel.com\/fr\/domaines-dactivite\/droit-du-travail\/","name":"Droit du travail - Valadas Coriel &amp; Associados","isPartOf":{"@id":"https:\/\/vca2022.valadascoriel.com\/#website"},"datePublished":"2014-10-21T15:34:14+00:00","dateModified":"2014-10-21T15:34:14+00:00","breadcrumb":{"@id":"https:\/\/vca2022.valadascoriel.com\/fr\/domaines-dactivite\/droit-du-travail\/#breadcrumb"},"inLanguage":"fr-FR","potentialAction":[{"@type":"ReadAction","target":["https:\/\/vca2022.valadascoriel.com\/fr\/domaines-dactivite\/droit-du-travail\/"]}]},{"@type":"BreadcrumbList","@id":"https:\/\/vca2022.valadascoriel.com\/fr\/domaines-dactivite\/droit-du-travail\/#breadcrumb","itemListElement":[{"@type":"ListItem","position":1,"name":"Home","item":"https:\/\/vca2022.valadascoriel.com\/fr\/"},{"@type":"ListItem","position":2,"name":"Domaines d&rsquo;Activit\u00e9","item":"https:\/\/vca2022.valadascoriel.com\/fr\/domaines-dactivite\/"},{"@type":"ListItem","position":3,"name":"Droit du travail"}]},{"@type":"WebSite","@id":"https:\/\/vca2022.valadascoriel.com\/#website","url":"https:\/\/vca2022.valadascoriel.com\/","name":"Valadas Coriel &amp; Associados","description":"Sociedade de Advogados RL","potentialAction":[{"@type":"SearchAction","target":{"@type":"EntryPoint","urlTemplate":"https:\/\/vca2022.valadascoriel.com\/?s={search_term_string}"},"query-input":"required name=search_term_string"}],"inLanguage":"fr-FR"}]}},"_links":{"self":[{"href":"https:\/\/vca2022.valadascoriel.com\/fr\/wp-json\/wp\/v2\/pages\/1606"}],"collection":[{"href":"https:\/\/vca2022.valadascoriel.com\/fr\/wp-json\/wp\/v2\/pages"}],"about":[{"href":"https:\/\/vca2022.valadascoriel.com\/fr\/wp-json\/wp\/v2\/types\/page"}],"author":[{"embeddable":true,"href":"https:\/\/vca2022.valadascoriel.com\/fr\/wp-json\/wp\/v2\/users\/1"}],"replies":[{"embeddable":true,"href":"https:\/\/vca2022.valadascoriel.com\/fr\/wp-json\/wp\/v2\/comments?post=1606"}],"version-history":[{"count":1,"href":"https:\/\/vca2022.valadascoriel.com\/fr\/wp-json\/wp\/v2\/pages\/1606\/revisions"}],"predecessor-version":[{"id":1607,"href":"https:\/\/vca2022.valadascoriel.com\/fr\/wp-json\/wp\/v2\/pages\/1606\/revisions\/1607"}],"up":[{"embeddable":true,"href":"https:\/\/vca2022.valadascoriel.com\/fr\/wp-json\/wp\/v2\/pages\/1591"}],"wp:attachment":[{"href":"https:\/\/vca2022.valadascoriel.com\/fr\/wp-json\/wp\/v2\/media?parent=1606"}],"curies":[{"name":"wp","href":"https:\/\/api.w.org\/{rel}","templated":true}]}}