{"id":1604,"date":"2014-10-21T15:31:50","date_gmt":"2014-10-21T15:31:50","guid":{"rendered":"http:\/\/www.valadascoriel.com\/?page_id=1604"},"modified":"2014-10-22T16:24:05","modified_gmt":"2014-10-22T16:24:05","slug":"droit-immobilier","status":"publish","type":"page","link":"https:\/\/vca2022.valadascoriel.com\/fr\/domaines-dactivite\/droit-immobilier\/","title":{"rendered":"Droit immobilier"},"content":{"rendered":"<p>[two_fifth]<\/p>\n<p><img decoding=\"async\" loading=\"lazy\" class=\"alignnone size-large wp-image-483\" src=\"http:\/\/www.valadascoriel.com\/wp-content\/uploads\/2013\/04\/10-Imobiliario-520x520.jpg\" alt=\"\u00a9 Valadas Coriel &amp; Associados\" width=\"520\" height=\"520\" srcset=\"https:\/\/vca2022.valadascoriel.com\/wp-content\/uploads\/2013\/04\/10-Imobiliario-520x520.jpg 520w, https:\/\/vca2022.valadascoriel.com\/wp-content\/uploads\/2013\/04\/10-Imobiliario-150x150.jpg 150w, https:\/\/vca2022.valadascoriel.com\/wp-content\/uploads\/2013\/04\/10-Imobiliario-300x300.jpg 300w, https:\/\/vca2022.valadascoriel.com\/wp-content\/uploads\/2013\/04\/10-Imobiliario.jpg 980w\" sizes=\"(max-width: 520px) 100vw, 520px\" \/><br \/>\n[\/two_fifth][three_fifth_last]<\/p>\n<p><img decoding=\"async\" loading=\"lazy\" class=\"alignnone size-full wp-image-78\" src=\"http:\/\/www.valadascoriel.com\/wp-content\/uploads\/2013\/03\/arabescos.png\" alt=\"Separador\" width=\"41\" height=\"24\" \/><\/p>\n<h1>Droit immobilier<\/h1>\n<p>Notre domaine d&rsquo;intervention dans le droit immobilier couvre la port\u00e9e de l&rsquo;activit\u00e9 immobili\u00e8re. Nous avons l&rsquo;exp\u00e9rience et le savoir-faire permettant de conseiller sur l&rsquo;activit\u00e9 centrale de l&rsquo;immobilier, les structures d&rsquo;investissement complexes, y compris les fonds immobilier, le financement immobilier, le droit de l&rsquo;environnement, la construction et de la planification, l&rsquo;am\u00e9nagement du territoire et les incitations fiscales.\u00a0 Nous conseillons les investisseurs sur les transactions immobili\u00e8res \u00e0 dimension nationale et internationale, impliquant la construction et la vente de biens immobiliers et le financement connexe.<\/p>\n<p>[list style=\u00a0\u00bbarrow3&Prime; color=\u00a0\u00bbblack\u00a0\u00bb]<\/p>\n<ul>\n<li>Due diligence l\u00e9gales<\/li>\n<li>Structuration de v\u00e9hicules d&rsquo;investissement<\/li>\n<li>Restructuration d&rsquo;actifs ou d&rsquo;entreprises<\/li>\n<li>Financement et constitution du pack de garanties<\/li>\n<li>N\u00e9gociation et r\u00e9daction de tout type de contrats d&rsquo;acquisition ou de vente d&rsquo;actifs immobiliers (share deals et stone deals)<\/li>\n<li>Sale &amp; lease back<\/li>\n<li>N\u00e9gociation et r\u00e9daction de contrats de construction et de gestion de projets<\/li>\n<li>Bail et autres formes de cession d&rsquo;utilisation et ou d&rsquo;exploitation<\/li>\n<li>Assistance juridique pour les soci\u00e9t\u00e9s immobili\u00e8res et la promotion et la gestion de patrimoines dans tous leurs secteurs d&rsquo;activit\u00e9 ;<\/li>\n<li>Conseils sur le financement et la promotion de projets de d\u00e9veloppement immobilier ;<\/li>\n<li>Conseil lors de projets d&rsquo;acquisition et de vente de biens immobiliers destin\u00e9s \u00e0 l&rsquo;habitation, au commerce et \u00e0 l&rsquo;industrie ;<\/li>\n<li>Support pour les processus de concession de licences et de permis de lotissement.<\/li>\n<\/ul>\n<p>[\/list]<\/p>\n<p>Chez VCA, nous disposons d&rsquo;\u00e9quipes multidisciplinaires qui incluent les comp\u00e9tences d&rsquo;autres domaines, comme le domaine fiscal, M&amp;A, urbanisme ou contentieux. Ceci nous permet de fournir un service global, complet et \u00e0 haute valeur ajout\u00e9e pour le client, en unissant comp\u00e9tence technique \u00e0 une profonde connaissance du secteur d&rsquo;activit\u00e9 des clients.<\/p>\n<p>Nous garantissons \u00e0 nos clients un service sp\u00e9cialis\u00e9 dans le secteur du tourisme, qui s&rsquo;est r\u00e9v\u00e9l\u00e9 particuli\u00e8rement dynamique sur le march\u00e9 portugais et qui a connu d&rsquo;importantes modifications l\u00e9gislatives, notamment en mati\u00e8re d&rsquo;installation, d&rsquo;exploitation et de fonctionnement des projets touristiques.\u00a0 Notre exp\u00e9rience solide et diversifi\u00e9e comprend le conseil sur l&rsquo;investissement dans des \u00e9tablissements h\u00f4teliers, villages de vacances, appartements touristiques, <em>resorts<\/em> et d&rsquo;autres projets touristiques.<\/p>\n<p>[\/three_fifth_last]<\/p>\n","protected":false},"excerpt":{"rendered":"<p>[two_fifth] [\/two_fifth][three_fifth_last] Droit immobilier Notre domaine d&rsquo;intervention dans le droit immobilier couvre la port\u00e9e de l&rsquo;activit\u00e9 immobili\u00e8re. Nous avons l&rsquo;exp\u00e9rience et le savoir-faire permettant de conseiller sur l&rsquo;activit\u00e9 centrale de l&rsquo;immobilier, les structures d&rsquo;investissement complexes, y compris les fonds immobilier, le financement immobilier, le droit de l&rsquo;environnement, la construction et de la planification, l&rsquo;am\u00e9nagement du [&hellip;]<\/p>\n","protected":false},"author":1,"featured_media":0,"parent":1591,"menu_order":0,"comment_status":"open","ping_status":"closed","template":"","meta":[],"yoast_head":"<!-- This site is optimized with the Yoast SEO plugin v20.10 - https:\/\/yoast.com\/wordpress\/plugins\/seo\/ -->\n<title>Droit immobilier - Valadas Coriel &amp; Associados<\/title>\n<meta name=\"robots\" content=\"index, follow, max-snippet:-1, max-image-preview:large, max-video-preview:-1\" \/>\n<link rel=\"canonical\" href=\"https:\/\/vca2022.valadascoriel.com\/fr\/domaines-dactivite\/droit-immobilier\/\" \/>\n<meta property=\"og:locale\" content=\"fr_FR\" \/>\n<meta property=\"og:type\" content=\"article\" \/>\n<meta property=\"og:title\" content=\"Droit immobilier - Valadas Coriel &amp; Associados\" \/>\n<meta property=\"og:description\" content=\"[two_fifth] [\/two_fifth][three_fifth_last] Droit immobilier Notre domaine d&rsquo;intervention dans le droit immobilier couvre la port\u00e9e de l&rsquo;activit\u00e9 immobili\u00e8re. Nous avons l&rsquo;exp\u00e9rience et le savoir-faire permettant de conseiller sur l&rsquo;activit\u00e9 centrale de l&rsquo;immobilier, les structures d&rsquo;investissement complexes, y compris les fonds immobilier, le financement immobilier, le droit de l&rsquo;environnement, la construction et de la planification, l&rsquo;am\u00e9nagement du [&hellip;]\" \/>\n<meta property=\"og:url\" content=\"https:\/\/vca2022.valadascoriel.com\/fr\/domaines-dactivite\/droit-immobilier\/\" \/>\n<meta property=\"og:site_name\" content=\"Valadas Coriel &amp; Associados\" \/>\n<meta property=\"article:modified_time\" content=\"2014-10-22T16:24:05+00:00\" \/>\n<meta property=\"og:image\" content=\"http:\/\/www.valadascoriel.com\/wp-content\/uploads\/2013\/04\/10-Imobiliario-520x520.jpg\" \/>\n<meta name=\"twitter:label1\" content=\"Dur\u00e9e de lecture estim\u00e9e\" \/>\n\t<meta name=\"twitter:data1\" content=\"2 minutes\" \/>\n<script type=\"application\/ld+json\" class=\"yoast-schema-graph\">{\"@context\":\"https:\/\/schema.org\",\"@graph\":[{\"@type\":\"WebPage\",\"@id\":\"https:\/\/vca2022.valadascoriel.com\/fr\/domaines-dactivite\/droit-immobilier\/\",\"url\":\"https:\/\/vca2022.valadascoriel.com\/fr\/domaines-dactivite\/droit-immobilier\/\",\"name\":\"Droit immobilier - Valadas Coriel &amp; Associados\",\"isPartOf\":{\"@id\":\"https:\/\/vca2022.valadascoriel.com\/#website\"},\"datePublished\":\"2014-10-21T15:31:50+00:00\",\"dateModified\":\"2014-10-22T16:24:05+00:00\",\"breadcrumb\":{\"@id\":\"https:\/\/vca2022.valadascoriel.com\/fr\/domaines-dactivite\/droit-immobilier\/#breadcrumb\"},\"inLanguage\":\"fr-FR\",\"potentialAction\":[{\"@type\":\"ReadAction\",\"target\":[\"https:\/\/vca2022.valadascoriel.com\/fr\/domaines-dactivite\/droit-immobilier\/\"]}]},{\"@type\":\"BreadcrumbList\",\"@id\":\"https:\/\/vca2022.valadascoriel.com\/fr\/domaines-dactivite\/droit-immobilier\/#breadcrumb\",\"itemListElement\":[{\"@type\":\"ListItem\",\"position\":1,\"name\":\"Home\",\"item\":\"https:\/\/vca2022.valadascoriel.com\/fr\/\"},{\"@type\":\"ListItem\",\"position\":2,\"name\":\"Domaines d&rsquo;Activit\u00e9\",\"item\":\"https:\/\/vca2022.valadascoriel.com\/fr\/domaines-dactivite\/\"},{\"@type\":\"ListItem\",\"position\":3,\"name\":\"Droit immobilier\"}]},{\"@type\":\"WebSite\",\"@id\":\"https:\/\/vca2022.valadascoriel.com\/#website\",\"url\":\"https:\/\/vca2022.valadascoriel.com\/\",\"name\":\"Valadas Coriel &amp; Associados\",\"description\":\"Sociedade de Advogados RL\",\"potentialAction\":[{\"@type\":\"SearchAction\",\"target\":{\"@type\":\"EntryPoint\",\"urlTemplate\":\"https:\/\/vca2022.valadascoriel.com\/?s={search_term_string}\"},\"query-input\":\"required name=search_term_string\"}],\"inLanguage\":\"fr-FR\"}]}<\/script>\n<!-- \/ Yoast SEO plugin. -->","yoast_head_json":{"title":"Droit immobilier - Valadas Coriel &amp; Associados","robots":{"index":"index","follow":"follow","max-snippet":"max-snippet:-1","max-image-preview":"max-image-preview:large","max-video-preview":"max-video-preview:-1"},"canonical":"https:\/\/vca2022.valadascoriel.com\/fr\/domaines-dactivite\/droit-immobilier\/","og_locale":"fr_FR","og_type":"article","og_title":"Droit immobilier - Valadas Coriel &amp; Associados","og_description":"[two_fifth] [\/two_fifth][three_fifth_last] Droit immobilier Notre domaine d&rsquo;intervention dans le droit immobilier couvre la port\u00e9e de l&rsquo;activit\u00e9 immobili\u00e8re. Nous avons l&rsquo;exp\u00e9rience et le savoir-faire permettant de conseiller sur l&rsquo;activit\u00e9 centrale de l&rsquo;immobilier, les structures d&rsquo;investissement complexes, y compris les fonds immobilier, le financement immobilier, le droit de l&rsquo;environnement, la construction et de la planification, l&rsquo;am\u00e9nagement du [&hellip;]","og_url":"https:\/\/vca2022.valadascoriel.com\/fr\/domaines-dactivite\/droit-immobilier\/","og_site_name":"Valadas Coriel &amp; Associados","article_modified_time":"2014-10-22T16:24:05+00:00","og_image":[{"url":"http:\/\/www.valadascoriel.com\/wp-content\/uploads\/2013\/04\/10-Imobiliario-520x520.jpg"}],"twitter_misc":{"Dur\u00e9e de lecture estim\u00e9e":"2 minutes"},"schema":{"@context":"https:\/\/schema.org","@graph":[{"@type":"WebPage","@id":"https:\/\/vca2022.valadascoriel.com\/fr\/domaines-dactivite\/droit-immobilier\/","url":"https:\/\/vca2022.valadascoriel.com\/fr\/domaines-dactivite\/droit-immobilier\/","name":"Droit immobilier - Valadas Coriel &amp; Associados","isPartOf":{"@id":"https:\/\/vca2022.valadascoriel.com\/#website"},"datePublished":"2014-10-21T15:31:50+00:00","dateModified":"2014-10-22T16:24:05+00:00","breadcrumb":{"@id":"https:\/\/vca2022.valadascoriel.com\/fr\/domaines-dactivite\/droit-immobilier\/#breadcrumb"},"inLanguage":"fr-FR","potentialAction":[{"@type":"ReadAction","target":["https:\/\/vca2022.valadascoriel.com\/fr\/domaines-dactivite\/droit-immobilier\/"]}]},{"@type":"BreadcrumbList","@id":"https:\/\/vca2022.valadascoriel.com\/fr\/domaines-dactivite\/droit-immobilier\/#breadcrumb","itemListElement":[{"@type":"ListItem","position":1,"name":"Home","item":"https:\/\/vca2022.valadascoriel.com\/fr\/"},{"@type":"ListItem","position":2,"name":"Domaines d&rsquo;Activit\u00e9","item":"https:\/\/vca2022.valadascoriel.com\/fr\/domaines-dactivite\/"},{"@type":"ListItem","position":3,"name":"Droit immobilier"}]},{"@type":"WebSite","@id":"https:\/\/vca2022.valadascoriel.com\/#website","url":"https:\/\/vca2022.valadascoriel.com\/","name":"Valadas Coriel &amp; Associados","description":"Sociedade de Advogados RL","potentialAction":[{"@type":"SearchAction","target":{"@type":"EntryPoint","urlTemplate":"https:\/\/vca2022.valadascoriel.com\/?s={search_term_string}"},"query-input":"required name=search_term_string"}],"inLanguage":"fr-FR"}]}},"_links":{"self":[{"href":"https:\/\/vca2022.valadascoriel.com\/fr\/wp-json\/wp\/v2\/pages\/1604"}],"collection":[{"href":"https:\/\/vca2022.valadascoriel.com\/fr\/wp-json\/wp\/v2\/pages"}],"about":[{"href":"https:\/\/vca2022.valadascoriel.com\/fr\/wp-json\/wp\/v2\/types\/page"}],"author":[{"embeddable":true,"href":"https:\/\/vca2022.valadascoriel.com\/fr\/wp-json\/wp\/v2\/users\/1"}],"replies":[{"embeddable":true,"href":"https:\/\/vca2022.valadascoriel.com\/fr\/wp-json\/wp\/v2\/comments?post=1604"}],"version-history":[{"count":3,"href":"https:\/\/vca2022.valadascoriel.com\/fr\/wp-json\/wp\/v2\/pages\/1604\/revisions"}],"predecessor-version":[{"id":1676,"href":"https:\/\/vca2022.valadascoriel.com\/fr\/wp-json\/wp\/v2\/pages\/1604\/revisions\/1676"}],"up":[{"embeddable":true,"href":"https:\/\/vca2022.valadascoriel.com\/fr\/wp-json\/wp\/v2\/pages\/1591"}],"wp:attachment":[{"href":"https:\/\/vca2022.valadascoriel.com\/fr\/wp-json\/wp\/v2\/media?parent=1604"}],"curies":[{"name":"wp","href":"https:\/\/api.w.org\/{rel}","templated":true}]}}