{"id":1602,"date":"2014-10-21T15:29:17","date_gmt":"2014-10-21T15:29:17","guid":{"rendered":"http:\/\/www.valadascoriel.com\/?page_id=1602"},"modified":"2014-10-21T15:29:17","modified_gmt":"2014-10-21T15:29:17","slug":"droit-de-lenergie","status":"publish","type":"page","link":"https:\/\/vca2022.valadascoriel.com\/fr\/domaines-dactivite\/droit-de-lenergie\/","title":{"rendered":"Droit de l&rsquo;\u00e9nergie"},"content":{"rendered":"<p>[two_fifth]<\/p>\n<p><img decoding=\"async\" loading=\"lazy\" class=\"alignnone size-large wp-image-481\" src=\"http:\/\/www.valadascoriel.com\/wp-content\/uploads\/2013\/04\/9-Energia-520x520.jpg\" alt=\"\u00a9 Valadas Coriel &amp; Associados\" width=\"520\" height=\"520\" srcset=\"https:\/\/vca2022.valadascoriel.com\/wp-content\/uploads\/2013\/04\/9-Energia-520x520.jpg 520w, https:\/\/vca2022.valadascoriel.com\/wp-content\/uploads\/2013\/04\/9-Energia-150x150.jpg 150w, https:\/\/vca2022.valadascoriel.com\/wp-content\/uploads\/2013\/04\/9-Energia-300x300.jpg 300w, https:\/\/vca2022.valadascoriel.com\/wp-content\/uploads\/2013\/04\/9-Energia.jpg 980w\" sizes=\"(max-width: 520px) 100vw, 520px\" \/><br \/>\n[\/two_fifth][three_fifth_last]<\/p>\n<p><img decoding=\"async\" loading=\"lazy\" class=\"alignnone size-full wp-image-78\" src=\"http:\/\/www.valadascoriel.com\/wp-content\/uploads\/2013\/03\/arabescos.png\" alt=\"Separador\" width=\"41\" height=\"24\" \/><\/p>\n<h1>Droit de l&rsquo;\u00e9nergie<\/h1>\n<p>Chez Valadas Coriel &amp; Associados, nous poss\u00e9dons une \u00e9quipe sp\u00e9cialis\u00e9e dans le domaine de pratique de l&rsquo;\u00e9nergie, du p\u00e9trole et du gaz, de l&rsquo;environnement et des ressources naturelles, des d\u00e9chets et des infrastructures. Nous disposons d&rsquo;une exp\u00e9rience acquise dans des projets importants dans les secteurs de l&rsquo;exploitation de mines, de p\u00e9trole et de gaz, en Europe, Afrique et Am\u00e9rique du Sud, gr\u00e2ce \u00e0 des professionnels poss\u00e9dant une vaste exp\u00e9rience juridique, de la r\u00e9glementation et fiscale. Ceci, surtout dans des secteurs complexes et en constante \u00e9volution, nous permet de comprendre les n\u00e9cessit\u00e9s de nos clients, de contribuer \u00e0 leur activit\u00e9 et de participer \u00e0 leurs projets en tant que partenaire avec une pens\u00e9e strat\u00e9gique et une profonde connaissance sp\u00e9cifique des secteurs d&rsquo;activit\u00e9.<\/p>\n<p>Certains des plus grands intervenants de ce secteur, nationaux et internationaux, avec une activit\u00e9 dans les secteurs du p\u00e9trole et du gaz, de l&rsquo;\u00e9lectricit\u00e9, des \u00e9nergies renouvelables, de l&rsquo;eau, des d\u00e9chets et des infrastructures, font partie des clients de VCA. Nous fournissons un conseil juridique, sur la r\u00e9glementation et fiscal, de qualit\u00e9, efficace, pratique, dynamique et avec des co\u00fbts comp\u00e9titifs, \u00e0 nos clients, sur une base quotidienne et dans n&rsquo;importe quels types de proc\u00e9dures aupr\u00e8s des organismes publics, des entit\u00e9s de r\u00e9gulation, financi\u00e8res, administratives et des tribunaux.<\/p>\n<p>[\/three_fifth_last]<\/p>\n","protected":false},"excerpt":{"rendered":"<p>[two_fifth] [\/two_fifth][three_fifth_last] Droit de l&rsquo;\u00e9nergie Chez Valadas Coriel &amp; Associados, nous poss\u00e9dons une \u00e9quipe sp\u00e9cialis\u00e9e dans le domaine de pratique de l&rsquo;\u00e9nergie, du p\u00e9trole et du gaz, de l&rsquo;environnement et des ressources naturelles, des d\u00e9chets et des infrastructures. Nous disposons d&rsquo;une exp\u00e9rience acquise dans des projets importants dans les secteurs de l&rsquo;exploitation de mines, de [&hellip;]<\/p>\n","protected":false},"author":1,"featured_media":0,"parent":1591,"menu_order":0,"comment_status":"open","ping_status":"closed","template":"","meta":[],"yoast_head":"<!-- This site is optimized with the Yoast SEO plugin v20.10 - https:\/\/yoast.com\/wordpress\/plugins\/seo\/ -->\n<title>Droit de l&#039;\u00e9nergie - Valadas Coriel &amp; Associados<\/title>\n<meta name=\"robots\" content=\"index, follow, max-snippet:-1, max-image-preview:large, max-video-preview:-1\" \/>\n<link rel=\"canonical\" href=\"https:\/\/vca2022.valadascoriel.com\/fr\/domaines-dactivite\/droit-de-lenergie\/\" \/>\n<meta property=\"og:locale\" content=\"fr_FR\" \/>\n<meta property=\"og:type\" content=\"article\" \/>\n<meta property=\"og:title\" content=\"Droit de l&#039;\u00e9nergie - Valadas Coriel &amp; Associados\" \/>\n<meta property=\"og:description\" content=\"[two_fifth] [\/two_fifth][three_fifth_last] Droit de l&rsquo;\u00e9nergie Chez Valadas Coriel &amp; Associados, nous poss\u00e9dons une \u00e9quipe sp\u00e9cialis\u00e9e dans le domaine de pratique de l&rsquo;\u00e9nergie, du p\u00e9trole et du gaz, de l&rsquo;environnement et des ressources naturelles, des d\u00e9chets et des infrastructures. Nous disposons d&rsquo;une exp\u00e9rience acquise dans des projets importants dans les secteurs de l&rsquo;exploitation de mines, de [&hellip;]\" \/>\n<meta property=\"og:url\" content=\"https:\/\/vca2022.valadascoriel.com\/fr\/domaines-dactivite\/droit-de-lenergie\/\" \/>\n<meta property=\"og:site_name\" content=\"Valadas Coriel &amp; Associados\" \/>\n<meta property=\"og:image\" content=\"http:\/\/www.valadascoriel.com\/wp-content\/uploads\/2013\/04\/9-Energia-520x520.jpg\" \/>\n<meta name=\"twitter:label1\" content=\"Dur\u00e9e de lecture estim\u00e9e\" \/>\n\t<meta name=\"twitter:data1\" content=\"1 minute\" \/>\n<script type=\"application\/ld+json\" class=\"yoast-schema-graph\">{\"@context\":\"https:\/\/schema.org\",\"@graph\":[{\"@type\":\"WebPage\",\"@id\":\"https:\/\/vca2022.valadascoriel.com\/fr\/domaines-dactivite\/droit-de-lenergie\/\",\"url\":\"https:\/\/vca2022.valadascoriel.com\/fr\/domaines-dactivite\/droit-de-lenergie\/\",\"name\":\"Droit de l'\u00e9nergie - Valadas Coriel &amp; Associados\",\"isPartOf\":{\"@id\":\"https:\/\/vca2022.valadascoriel.com\/#website\"},\"datePublished\":\"2014-10-21T15:29:17+00:00\",\"dateModified\":\"2014-10-21T15:29:17+00:00\",\"breadcrumb\":{\"@id\":\"https:\/\/vca2022.valadascoriel.com\/fr\/domaines-dactivite\/droit-de-lenergie\/#breadcrumb\"},\"inLanguage\":\"fr-FR\",\"potentialAction\":[{\"@type\":\"ReadAction\",\"target\":[\"https:\/\/vca2022.valadascoriel.com\/fr\/domaines-dactivite\/droit-de-lenergie\/\"]}]},{\"@type\":\"BreadcrumbList\",\"@id\":\"https:\/\/vca2022.valadascoriel.com\/fr\/domaines-dactivite\/droit-de-lenergie\/#breadcrumb\",\"itemListElement\":[{\"@type\":\"ListItem\",\"position\":1,\"name\":\"Home\",\"item\":\"https:\/\/vca2022.valadascoriel.com\/fr\/\"},{\"@type\":\"ListItem\",\"position\":2,\"name\":\"Domaines d&rsquo;Activit\u00e9\",\"item\":\"https:\/\/vca2022.valadascoriel.com\/fr\/domaines-dactivite\/\"},{\"@type\":\"ListItem\",\"position\":3,\"name\":\"Droit de l&rsquo;\u00e9nergie\"}]},{\"@type\":\"WebSite\",\"@id\":\"https:\/\/vca2022.valadascoriel.com\/#website\",\"url\":\"https:\/\/vca2022.valadascoriel.com\/\",\"name\":\"Valadas Coriel &amp; Associados\",\"description\":\"Sociedade de Advogados RL\",\"potentialAction\":[{\"@type\":\"SearchAction\",\"target\":{\"@type\":\"EntryPoint\",\"urlTemplate\":\"https:\/\/vca2022.valadascoriel.com\/?s={search_term_string}\"},\"query-input\":\"required name=search_term_string\"}],\"inLanguage\":\"fr-FR\"}]}<\/script>\n<!-- \/ Yoast SEO plugin. -->","yoast_head_json":{"title":"Droit de l'\u00e9nergie - Valadas Coriel &amp; Associados","robots":{"index":"index","follow":"follow","max-snippet":"max-snippet:-1","max-image-preview":"max-image-preview:large","max-video-preview":"max-video-preview:-1"},"canonical":"https:\/\/vca2022.valadascoriel.com\/fr\/domaines-dactivite\/droit-de-lenergie\/","og_locale":"fr_FR","og_type":"article","og_title":"Droit de l'\u00e9nergie - Valadas Coriel &amp; Associados","og_description":"[two_fifth] [\/two_fifth][three_fifth_last] Droit de l&rsquo;\u00e9nergie Chez Valadas Coriel &amp; Associados, nous poss\u00e9dons une \u00e9quipe sp\u00e9cialis\u00e9e dans le domaine de pratique de l&rsquo;\u00e9nergie, du p\u00e9trole et du gaz, de l&rsquo;environnement et des ressources naturelles, des d\u00e9chets et des infrastructures. Nous disposons d&rsquo;une exp\u00e9rience acquise dans des projets importants dans les secteurs de l&rsquo;exploitation de mines, de [&hellip;]","og_url":"https:\/\/vca2022.valadascoriel.com\/fr\/domaines-dactivite\/droit-de-lenergie\/","og_site_name":"Valadas Coriel &amp; Associados","og_image":[{"url":"http:\/\/www.valadascoriel.com\/wp-content\/uploads\/2013\/04\/9-Energia-520x520.jpg"}],"twitter_misc":{"Dur\u00e9e de lecture estim\u00e9e":"1 minute"},"schema":{"@context":"https:\/\/schema.org","@graph":[{"@type":"WebPage","@id":"https:\/\/vca2022.valadascoriel.com\/fr\/domaines-dactivite\/droit-de-lenergie\/","url":"https:\/\/vca2022.valadascoriel.com\/fr\/domaines-dactivite\/droit-de-lenergie\/","name":"Droit de l'\u00e9nergie - Valadas Coriel &amp; Associados","isPartOf":{"@id":"https:\/\/vca2022.valadascoriel.com\/#website"},"datePublished":"2014-10-21T15:29:17+00:00","dateModified":"2014-10-21T15:29:17+00:00","breadcrumb":{"@id":"https:\/\/vca2022.valadascoriel.com\/fr\/domaines-dactivite\/droit-de-lenergie\/#breadcrumb"},"inLanguage":"fr-FR","potentialAction":[{"@type":"ReadAction","target":["https:\/\/vca2022.valadascoriel.com\/fr\/domaines-dactivite\/droit-de-lenergie\/"]}]},{"@type":"BreadcrumbList","@id":"https:\/\/vca2022.valadascoriel.com\/fr\/domaines-dactivite\/droit-de-lenergie\/#breadcrumb","itemListElement":[{"@type":"ListItem","position":1,"name":"Home","item":"https:\/\/vca2022.valadascoriel.com\/fr\/"},{"@type":"ListItem","position":2,"name":"Domaines d&rsquo;Activit\u00e9","item":"https:\/\/vca2022.valadascoriel.com\/fr\/domaines-dactivite\/"},{"@type":"ListItem","position":3,"name":"Droit de l&rsquo;\u00e9nergie"}]},{"@type":"WebSite","@id":"https:\/\/vca2022.valadascoriel.com\/#website","url":"https:\/\/vca2022.valadascoriel.com\/","name":"Valadas Coriel &amp; Associados","description":"Sociedade de Advogados RL","potentialAction":[{"@type":"SearchAction","target":{"@type":"EntryPoint","urlTemplate":"https:\/\/vca2022.valadascoriel.com\/?s={search_term_string}"},"query-input":"required name=search_term_string"}],"inLanguage":"fr-FR"}]}},"_links":{"self":[{"href":"https:\/\/vca2022.valadascoriel.com\/fr\/wp-json\/wp\/v2\/pages\/1602"}],"collection":[{"href":"https:\/\/vca2022.valadascoriel.com\/fr\/wp-json\/wp\/v2\/pages"}],"about":[{"href":"https:\/\/vca2022.valadascoriel.com\/fr\/wp-json\/wp\/v2\/types\/page"}],"author":[{"embeddable":true,"href":"https:\/\/vca2022.valadascoriel.com\/fr\/wp-json\/wp\/v2\/users\/1"}],"replies":[{"embeddable":true,"href":"https:\/\/vca2022.valadascoriel.com\/fr\/wp-json\/wp\/v2\/comments?post=1602"}],"version-history":[{"count":1,"href":"https:\/\/vca2022.valadascoriel.com\/fr\/wp-json\/wp\/v2\/pages\/1602\/revisions"}],"predecessor-version":[{"id":1603,"href":"https:\/\/vca2022.valadascoriel.com\/fr\/wp-json\/wp\/v2\/pages\/1602\/revisions\/1603"}],"up":[{"embeddable":true,"href":"https:\/\/vca2022.valadascoriel.com\/fr\/wp-json\/wp\/v2\/pages\/1591"}],"wp:attachment":[{"href":"https:\/\/vca2022.valadascoriel.com\/fr\/wp-json\/wp\/v2\/media?parent=1602"}],"curies":[{"name":"wp","href":"https:\/\/api.w.org\/{rel}","templated":true}]}}