{"id":1600,"date":"2014-10-21T15:27:53","date_gmt":"2014-10-21T15:27:53","guid":{"rendered":"http:\/\/www.valadascoriel.com\/?page_id=1600"},"modified":"2014-10-22T15:48:28","modified_gmt":"2014-10-22T15:48:28","slug":"droit-fiscal","status":"publish","type":"page","link":"https:\/\/vca2022.valadascoriel.com\/fr\/domaines-dactivite\/droit-fiscal\/","title":{"rendered":"Droit fiscal"},"content":{"rendered":"<p>[two_fifth]<\/p>\n<p><img decoding=\"async\" loading=\"lazy\" class=\"alignnone size-large wp-image-479\" src=\"http:\/\/www.valadascoriel.com\/wp-content\/uploads\/2013\/04\/8-Direito-Fiscal-520x520.jpg\" alt=\"\u00a9 Valadas Coriel &amp; Associados\" width=\"520\" height=\"520\" srcset=\"https:\/\/vca2022.valadascoriel.com\/wp-content\/uploads\/2013\/04\/8-Direito-Fiscal-520x520.jpg 520w, https:\/\/vca2022.valadascoriel.com\/wp-content\/uploads\/2013\/04\/8-Direito-Fiscal-150x150.jpg 150w, https:\/\/vca2022.valadascoriel.com\/wp-content\/uploads\/2013\/04\/8-Direito-Fiscal-300x300.jpg 300w, https:\/\/vca2022.valadascoriel.com\/wp-content\/uploads\/2013\/04\/8-Direito-Fiscal.jpg 980w\" sizes=\"(max-width: 520px) 100vw, 520px\" \/><br \/>\n[\/two_fifth][three_fifth_last]<\/p>\n<p><img decoding=\"async\" loading=\"lazy\" class=\"alignnone size-full wp-image-78\" src=\"http:\/\/www.valadascoriel.com\/wp-content\/uploads\/2013\/03\/arabescos.png\" alt=\"Separador\" width=\"41\" height=\"24\" \/><\/p>\n<h1>Droit fiscal<\/h1>\n<p>Chez Valadas Coriel &amp; Associados, nous sommes sp\u00e9cialement destin\u00e9s au conseil fiscal dans le contexte de questions d\u2019une grande complexit\u00e9 technique, car nous disposons d&rsquo;une vaste exp\u00e9rience dans la prestation de services juridiques orient\u00e9s vers des solutions rigoureuses, cr\u00e9atives et g\u00e9n\u00e9ratrices de plus-values pour nos clients.<\/p>\n<p>Nous disposons d&rsquo;une \u00e9quipe d&rsquo;avocats sp\u00e9cialis\u00e9s en droit fiscal et avec un curriculum vitae important. Parmi nos clients se trouvent des groupes d&rsquo;entreprises nationaux et \u00e9trangers.<\/p>\n<p>Avec pour objectif de maximiser l&rsquo;efficacit\u00e9 de la situation fiscale de nos clients, en tenant compte de leurs objectifs globaux, nous fournissons des conseils \u00e0 caract\u00e8re strat\u00e9gique lors de chaque \u00e9tape d&rsquo;une op\u00e9ration, sur tous les aspects importants de la fiscalit\u00e9, aussi bien nationale qu&rsquo;internationale. Nous conseillons directement nos clients, toujours en coordination avec les autres d\u00e9partements, avec une perspective de service int\u00e9gr\u00e9 et compl\u00e9mentaire, couvrant un large spectre de mati\u00e8res fiscales, et en particulier:<\/p>\n<p>[list style=\u00a0\u00bbarrow3&Prime; color=\u00a0\u00bbblack\u00a0\u00bb]<\/p>\n<ul>\n<li>Conseil fiscal dans le contexte des fusions et acquisitions et de la restructuration d&rsquo;entreprises;<\/li>\n<li>Contentieux et arbitrage fiscal;<\/li>\n<li>Restructurations de soci\u00e9t\u00e9s;<\/li>\n<li>Fiscalit\u00e9 de l&rsquo;immobilier;<\/li>\n<li>Imposition indirecte \u2013 TVA et accises;<\/li>\n<li>B\u00e9n\u00e9fices et incitations fiscales;<\/li>\n<li>Conseil fiscal et projets d&rsquo;investissement transnationaux;<\/li>\n<li>Conseil fiscal aux clients particuliers ; successions, donations et fondations;<\/li>\n<li>March\u00e9 financier et bancaire, fonds d&rsquo;investissement et titrisations;<\/li>\n<li><em>Private Equity \u2013 up-stream <\/em>et<em> down-stream;<\/em><\/li>\n<li>Titres de cr\u00e9dit et d\u00e9riv\u00e9s;<\/li>\n<li>Produits structur\u00e9s;<\/li>\n<li>Normes internationales de comptabilit\u00e9.<\/li>\n<\/ul>\n<p>[\/list]<\/p>\n<p>La complexit\u00e9 r\u00e9glementaire croissante dans le domaine de l&rsquo;imposition conduit \u00e0 la n\u00e9cessit\u00e9, chaque fois plus grande, de conseils juridiques sp\u00e9cialis\u00e9s, qui assument un r\u00f4le essentiel dans les d\u00e9cisions qui s&rsquo;imposent dans le march\u00e9 actuel exigeant.\u00a0 Une affaire a toujours des implications fiscales, directes ou indirectes, qui exigent un traitement juridique efficace, afin d&rsquo;att\u00e9nuer des futures responsabilit\u00e9s.<\/p>\n<p>[\/three_fifth_last]<\/p>\n","protected":false},"excerpt":{"rendered":"<p>[two_fifth] [\/two_fifth][three_fifth_last] Droit fiscal Chez Valadas Coriel &amp; Associados, nous sommes sp\u00e9cialement destin\u00e9s au conseil fiscal dans le contexte de questions d\u2019une grande complexit\u00e9 technique, car nous disposons d&rsquo;une vaste exp\u00e9rience dans la prestation de services juridiques orient\u00e9s vers des solutions rigoureuses, cr\u00e9atives et g\u00e9n\u00e9ratrices de plus-values pour nos clients. Nous disposons d&rsquo;une \u00e9quipe d&rsquo;avocats [&hellip;]<\/p>\n","protected":false},"author":1,"featured_media":0,"parent":1591,"menu_order":0,"comment_status":"open","ping_status":"closed","template":"","meta":[],"yoast_head":"<!-- This site is optimized with the Yoast SEO plugin v20.10 - https:\/\/yoast.com\/wordpress\/plugins\/seo\/ -->\n<title>Droit fiscal - Valadas Coriel &amp; Associados<\/title>\n<meta name=\"robots\" content=\"index, follow, max-snippet:-1, max-image-preview:large, max-video-preview:-1\" \/>\n<link rel=\"canonical\" href=\"https:\/\/vca2022.valadascoriel.com\/fr\/domaines-dactivite\/droit-fiscal\/\" \/>\n<meta property=\"og:locale\" content=\"fr_FR\" \/>\n<meta property=\"og:type\" content=\"article\" \/>\n<meta property=\"og:title\" content=\"Droit fiscal - Valadas Coriel &amp; Associados\" \/>\n<meta property=\"og:description\" content=\"[two_fifth] [\/two_fifth][three_fifth_last] Droit fiscal Chez Valadas Coriel &amp; Associados, nous sommes sp\u00e9cialement destin\u00e9s au conseil fiscal dans le contexte de questions d\u2019une grande complexit\u00e9 technique, car nous disposons d&rsquo;une vaste exp\u00e9rience dans la prestation de services juridiques orient\u00e9s vers des solutions rigoureuses, cr\u00e9atives et g\u00e9n\u00e9ratrices de plus-values pour nos clients. Nous disposons d&rsquo;une \u00e9quipe d&rsquo;avocats [&hellip;]\" \/>\n<meta property=\"og:url\" content=\"https:\/\/vca2022.valadascoriel.com\/fr\/domaines-dactivite\/droit-fiscal\/\" \/>\n<meta property=\"og:site_name\" content=\"Valadas Coriel &amp; Associados\" \/>\n<meta property=\"article:modified_time\" content=\"2014-10-22T15:48:28+00:00\" \/>\n<meta property=\"og:image\" content=\"http:\/\/www.valadascoriel.com\/wp-content\/uploads\/2013\/04\/8-Direito-Fiscal-520x520.jpg\" \/>\n<meta name=\"twitter:label1\" content=\"Dur\u00e9e de lecture estim\u00e9e\" \/>\n\t<meta name=\"twitter:data1\" content=\"2 minutes\" \/>\n<script type=\"application\/ld+json\" class=\"yoast-schema-graph\">{\"@context\":\"https:\/\/schema.org\",\"@graph\":[{\"@type\":\"WebPage\",\"@id\":\"https:\/\/vca2022.valadascoriel.com\/fr\/domaines-dactivite\/droit-fiscal\/\",\"url\":\"https:\/\/vca2022.valadascoriel.com\/fr\/domaines-dactivite\/droit-fiscal\/\",\"name\":\"Droit fiscal - Valadas Coriel &amp; Associados\",\"isPartOf\":{\"@id\":\"https:\/\/vca2022.valadascoriel.com\/#website\"},\"datePublished\":\"2014-10-21T15:27:53+00:00\",\"dateModified\":\"2014-10-22T15:48:28+00:00\",\"breadcrumb\":{\"@id\":\"https:\/\/vca2022.valadascoriel.com\/fr\/domaines-dactivite\/droit-fiscal\/#breadcrumb\"},\"inLanguage\":\"fr-FR\",\"potentialAction\":[{\"@type\":\"ReadAction\",\"target\":[\"https:\/\/vca2022.valadascoriel.com\/fr\/domaines-dactivite\/droit-fiscal\/\"]}]},{\"@type\":\"BreadcrumbList\",\"@id\":\"https:\/\/vca2022.valadascoriel.com\/fr\/domaines-dactivite\/droit-fiscal\/#breadcrumb\",\"itemListElement\":[{\"@type\":\"ListItem\",\"position\":1,\"name\":\"Home\",\"item\":\"https:\/\/vca2022.valadascoriel.com\/fr\/\"},{\"@type\":\"ListItem\",\"position\":2,\"name\":\"Domaines d&rsquo;Activit\u00e9\",\"item\":\"https:\/\/vca2022.valadascoriel.com\/fr\/domaines-dactivite\/\"},{\"@type\":\"ListItem\",\"position\":3,\"name\":\"Droit fiscal\"}]},{\"@type\":\"WebSite\",\"@id\":\"https:\/\/vca2022.valadascoriel.com\/#website\",\"url\":\"https:\/\/vca2022.valadascoriel.com\/\",\"name\":\"Valadas Coriel &amp; Associados\",\"description\":\"Sociedade de Advogados RL\",\"potentialAction\":[{\"@type\":\"SearchAction\",\"target\":{\"@type\":\"EntryPoint\",\"urlTemplate\":\"https:\/\/vca2022.valadascoriel.com\/?s={search_term_string}\"},\"query-input\":\"required name=search_term_string\"}],\"inLanguage\":\"fr-FR\"}]}<\/script>\n<!-- \/ Yoast SEO plugin. -->","yoast_head_json":{"title":"Droit fiscal - Valadas Coriel &amp; Associados","robots":{"index":"index","follow":"follow","max-snippet":"max-snippet:-1","max-image-preview":"max-image-preview:large","max-video-preview":"max-video-preview:-1"},"canonical":"https:\/\/vca2022.valadascoriel.com\/fr\/domaines-dactivite\/droit-fiscal\/","og_locale":"fr_FR","og_type":"article","og_title":"Droit fiscal - Valadas Coriel &amp; Associados","og_description":"[two_fifth] [\/two_fifth][three_fifth_last] Droit fiscal Chez Valadas Coriel &amp; Associados, nous sommes sp\u00e9cialement destin\u00e9s au conseil fiscal dans le contexte de questions d\u2019une grande complexit\u00e9 technique, car nous disposons d&rsquo;une vaste exp\u00e9rience dans la prestation de services juridiques orient\u00e9s vers des solutions rigoureuses, cr\u00e9atives et g\u00e9n\u00e9ratrices de plus-values pour nos clients. Nous disposons d&rsquo;une \u00e9quipe d&rsquo;avocats [&hellip;]","og_url":"https:\/\/vca2022.valadascoriel.com\/fr\/domaines-dactivite\/droit-fiscal\/","og_site_name":"Valadas Coriel &amp; Associados","article_modified_time":"2014-10-22T15:48:28+00:00","og_image":[{"url":"http:\/\/www.valadascoriel.com\/wp-content\/uploads\/2013\/04\/8-Direito-Fiscal-520x520.jpg"}],"twitter_misc":{"Dur\u00e9e de lecture estim\u00e9e":"2 minutes"},"schema":{"@context":"https:\/\/schema.org","@graph":[{"@type":"WebPage","@id":"https:\/\/vca2022.valadascoriel.com\/fr\/domaines-dactivite\/droit-fiscal\/","url":"https:\/\/vca2022.valadascoriel.com\/fr\/domaines-dactivite\/droit-fiscal\/","name":"Droit fiscal - Valadas Coriel &amp; Associados","isPartOf":{"@id":"https:\/\/vca2022.valadascoriel.com\/#website"},"datePublished":"2014-10-21T15:27:53+00:00","dateModified":"2014-10-22T15:48:28+00:00","breadcrumb":{"@id":"https:\/\/vca2022.valadascoriel.com\/fr\/domaines-dactivite\/droit-fiscal\/#breadcrumb"},"inLanguage":"fr-FR","potentialAction":[{"@type":"ReadAction","target":["https:\/\/vca2022.valadascoriel.com\/fr\/domaines-dactivite\/droit-fiscal\/"]}]},{"@type":"BreadcrumbList","@id":"https:\/\/vca2022.valadascoriel.com\/fr\/domaines-dactivite\/droit-fiscal\/#breadcrumb","itemListElement":[{"@type":"ListItem","position":1,"name":"Home","item":"https:\/\/vca2022.valadascoriel.com\/fr\/"},{"@type":"ListItem","position":2,"name":"Domaines d&rsquo;Activit\u00e9","item":"https:\/\/vca2022.valadascoriel.com\/fr\/domaines-dactivite\/"},{"@type":"ListItem","position":3,"name":"Droit fiscal"}]},{"@type":"WebSite","@id":"https:\/\/vca2022.valadascoriel.com\/#website","url":"https:\/\/vca2022.valadascoriel.com\/","name":"Valadas Coriel &amp; Associados","description":"Sociedade de Advogados RL","potentialAction":[{"@type":"SearchAction","target":{"@type":"EntryPoint","urlTemplate":"https:\/\/vca2022.valadascoriel.com\/?s={search_term_string}"},"query-input":"required name=search_term_string"}],"inLanguage":"fr-FR"}]}},"_links":{"self":[{"href":"https:\/\/vca2022.valadascoriel.com\/fr\/wp-json\/wp\/v2\/pages\/1600"}],"collection":[{"href":"https:\/\/vca2022.valadascoriel.com\/fr\/wp-json\/wp\/v2\/pages"}],"about":[{"href":"https:\/\/vca2022.valadascoriel.com\/fr\/wp-json\/wp\/v2\/types\/page"}],"author":[{"embeddable":true,"href":"https:\/\/vca2022.valadascoriel.com\/fr\/wp-json\/wp\/v2\/users\/1"}],"replies":[{"embeddable":true,"href":"https:\/\/vca2022.valadascoriel.com\/fr\/wp-json\/wp\/v2\/comments?post=1600"}],"version-history":[{"count":2,"href":"https:\/\/vca2022.valadascoriel.com\/fr\/wp-json\/wp\/v2\/pages\/1600\/revisions"}],"predecessor-version":[{"id":1674,"href":"https:\/\/vca2022.valadascoriel.com\/fr\/wp-json\/wp\/v2\/pages\/1600\/revisions\/1674"}],"up":[{"embeddable":true,"href":"https:\/\/vca2022.valadascoriel.com\/fr\/wp-json\/wp\/v2\/pages\/1591"}],"wp:attachment":[{"href":"https:\/\/vca2022.valadascoriel.com\/fr\/wp-json\/wp\/v2\/media?parent=1600"}],"curies":[{"name":"wp","href":"https:\/\/api.w.org\/{rel}","templated":true}]}}