{"id":1598,"date":"2014-10-21T15:24:24","date_gmt":"2014-10-21T15:24:24","guid":{"rendered":"http:\/\/www.valadascoriel.com\/?page_id=1598"},"modified":"2014-10-21T15:24:24","modified_gmt":"2014-10-21T15:24:24","slug":"contentieux-et-arbitrage","status":"publish","type":"page","link":"https:\/\/vca2022.valadascoriel.com\/fr\/domaines-dactivite\/contentieux-et-arbitrage\/","title":{"rendered":"Contentieux et arbitrage"},"content":{"rendered":"<p>[two_fifth]<\/p>\n<h1><img decoding=\"async\" loading=\"lazy\" class=\"alignnone size-large wp-image-101\" src=\"http:\/\/www.valadascoriel.com\/wp-content\/uploads\/2013\/04\/7-Contencioso-e-Arbitragem-520x520.jpg\" alt=\"Contencioso e Arbitragem\" width=\"520\" height=\"520\" srcset=\"https:\/\/vca2022.valadascoriel.com\/wp-content\/uploads\/2013\/04\/7-Contencioso-e-Arbitragem-520x520.jpg 520w, https:\/\/vca2022.valadascoriel.com\/wp-content\/uploads\/2013\/04\/7-Contencioso-e-Arbitragem-150x150.jpg 150w, https:\/\/vca2022.valadascoriel.com\/wp-content\/uploads\/2013\/04\/7-Contencioso-e-Arbitragem-300x300.jpg 300w, https:\/\/vca2022.valadascoriel.com\/wp-content\/uploads\/2013\/04\/7-Contencioso-e-Arbitragem.jpg 980w\" sizes=\"(max-width: 520px) 100vw, 520px\" \/><\/h1>\n<p>[\/two_fifth][three_fifth_last]<\/p>\n<p><img decoding=\"async\" loading=\"lazy\" class=\"alignnone size-full wp-image-78\" src=\"http:\/\/www.valadascoriel.com\/wp-content\/uploads\/2013\/03\/arabescos.png\" alt=\"arabescos\" width=\"41\" height=\"24\" \/><\/p>\n<h1>Contentieux et arbitrage<\/h1>\n<p>Chez Valadas Coriel &amp; Associados, nous croyons qu&rsquo;il n&rsquo;y a pas de travail d&rsquo;avocat de qualit\u00e9 sans contentieux de qualit\u00e9. Un contentieux d&rsquo;excellence exige de l&rsquo;exp\u00e9rience et de la sp\u00e9cialisation, des \u00e9quipes multidisciplinaires, la concentration et la pratique de contentieux complexes et innovateurs, la connaissance aupr\u00e8s des tribunaux, l&rsquo;\u00e9thique et une vraie tradition et passion institutionnelle pour le contentieux, toujours orient\u00e9s pour la r\u00e9solution de litiges de forme exp\u00e9ditive et <em>cost-effective<\/em>.<\/p>\n<p>Le d\u00e9partement du contentieux contribue \u00e0 consolider la r\u00e9putation de la soci\u00e9t\u00e9 comme leader du march\u00e9 dans son secteur. La diversit\u00e9 des cas \u00e0 laquelle elle est confront\u00e9e quotidiennement lui assure des niveaux de sp\u00e9cialisation \u00e9lev\u00e9s dans divers domaines:<\/p>\n<p>[list style=\u00a0\u00bbarrow3&Prime; color=\u00a0\u00bbblack\u00a0\u00bb]<\/p>\n<ul>\n<li>Contentieux civil ;<\/li>\n<li>Commercial ;<\/li>\n<li>Droit des soci\u00e9t\u00e9s ;<\/li>\n<li>Fiscal ;<\/li>\n<li>Droit du travail ;<\/li>\n<li>Criminel ;<\/li>\n<li>Administratif ;<\/li>\n<li>R\u00e9glementaires ;<\/li>\n<li>Infractions ;<\/li>\n<li>Propri\u00e9t\u00e9 ;<\/li>\n<li>Droits de l&rsquo;homme ;<\/li>\n<\/ul>\n<p>[\/list]<\/p>\n<p>Un des secteurs d&rsquo;intervention de la soci\u00e9t\u00e9 ayant le plus de succ\u00e8s, dans le domaine du contentieux, correspond aux cas d&rsquo;insolvabilit\u00e9 et de faillite, ainsi que des litiges de masses et des cas de conflits avec les consommateurs, dans lesquels la soci\u00e9t\u00e9 repr\u00e9sente de grandes entreprises de service public portugaises cot\u00e9es au PSI-20.<\/p>\n<p>Chez VCA, nous avons obtenu des taux de succ\u00e8s \u00e9lev\u00e9s dans le recouvrement de cr\u00e9ances et dans le cadre l\u00e9gal en vigueur, nous avons impl\u00e9ment\u00e9 des solutions innovatrices pour raccourcir la dur\u00e9e des litiges.<\/p>\n<p>Nous garantissons des niveaux de sp\u00e9cialisation \u00e9lev\u00e9s dans divers domaines du contentieux pr\u00e9sents dans tous les secteurs importants de l&rsquo;\u00e9conomie, notamment au service d&rsquo;entreprises nationales et \u00e9trang\u00e8res.<\/p>\n<p>Nos clients reconnaissent la priorit\u00e9 et l&rsquo;effort que VCA montre pour obtenir toujours la meilleure solution concernant les int\u00e9r\u00eats commerciaux respectifs. Nous sommes habitu\u00e9s \u00e0 chercher des solutions innovatrices et \u00e0 d\u00e9finir des strat\u00e9gies visant une seule chose : la r\u00e9ponse rapide et la moins on\u00e9reuse possible des objectifs des clients.\u00a0 De pr\u00e9f\u00e9rence en \u00e9vitant le propre contentieux, en sachant que la meilleure forme d&rsquo;\u00e9viter un litige est de savoir le pr\u00e9parer.<\/p>\n<p>[\/three_fifth_last]<\/p>\n","protected":false},"excerpt":{"rendered":"<p>[two_fifth] [\/two_fifth][three_fifth_last] Contentieux et arbitrage Chez Valadas Coriel &amp; Associados, nous croyons qu&rsquo;il n&rsquo;y a pas de travail d&rsquo;avocat de qualit\u00e9 sans contentieux de qualit\u00e9. Un contentieux d&rsquo;excellence exige de l&rsquo;exp\u00e9rience et de la sp\u00e9cialisation, des \u00e9quipes multidisciplinaires, la concentration et la pratique de contentieux complexes et innovateurs, la connaissance aupr\u00e8s des tribunaux, l&rsquo;\u00e9thique et [&hellip;]<\/p>\n","protected":false},"author":1,"featured_media":0,"parent":1591,"menu_order":0,"comment_status":"open","ping_status":"closed","template":"","meta":[],"yoast_head":"<!-- This site is optimized with the Yoast SEO plugin v20.10 - https:\/\/yoast.com\/wordpress\/plugins\/seo\/ -->\n<title>Contentieux et arbitrage - Valadas Coriel &amp; Associados<\/title>\n<meta name=\"robots\" content=\"index, follow, max-snippet:-1, max-image-preview:large, max-video-preview:-1\" \/>\n<link rel=\"canonical\" href=\"https:\/\/vca2022.valadascoriel.com\/fr\/domaines-dactivite\/contentieux-et-arbitrage\/\" \/>\n<meta property=\"og:locale\" content=\"fr_FR\" \/>\n<meta property=\"og:type\" content=\"article\" \/>\n<meta property=\"og:title\" content=\"Contentieux et arbitrage - Valadas Coriel &amp; Associados\" \/>\n<meta property=\"og:description\" content=\"[two_fifth] [\/two_fifth][three_fifth_last] Contentieux et arbitrage Chez Valadas Coriel &amp; Associados, nous croyons qu&rsquo;il n&rsquo;y a pas de travail d&rsquo;avocat de qualit\u00e9 sans contentieux de qualit\u00e9. Un contentieux d&rsquo;excellence exige de l&rsquo;exp\u00e9rience et de la sp\u00e9cialisation, des \u00e9quipes multidisciplinaires, la concentration et la pratique de contentieux complexes et innovateurs, la connaissance aupr\u00e8s des tribunaux, l&rsquo;\u00e9thique et [&hellip;]\" \/>\n<meta property=\"og:url\" content=\"https:\/\/vca2022.valadascoriel.com\/fr\/domaines-dactivite\/contentieux-et-arbitrage\/\" \/>\n<meta property=\"og:site_name\" content=\"Valadas Coriel &amp; Associados\" \/>\n<meta property=\"og:image\" content=\"http:\/\/www.valadascoriel.com\/wp-content\/uploads\/2013\/04\/7-Contencioso-e-Arbitragem-520x520.jpg\" \/>\n<meta name=\"twitter:label1\" content=\"Dur\u00e9e de lecture estim\u00e9e\" \/>\n\t<meta name=\"twitter:data1\" content=\"2 minutes\" \/>\n<script type=\"application\/ld+json\" class=\"yoast-schema-graph\">{\"@context\":\"https:\/\/schema.org\",\"@graph\":[{\"@type\":\"WebPage\",\"@id\":\"https:\/\/vca2022.valadascoriel.com\/fr\/domaines-dactivite\/contentieux-et-arbitrage\/\",\"url\":\"https:\/\/vca2022.valadascoriel.com\/fr\/domaines-dactivite\/contentieux-et-arbitrage\/\",\"name\":\"Contentieux et arbitrage - Valadas Coriel &amp; Associados\",\"isPartOf\":{\"@id\":\"https:\/\/vca2022.valadascoriel.com\/#website\"},\"datePublished\":\"2014-10-21T15:24:24+00:00\",\"dateModified\":\"2014-10-21T15:24:24+00:00\",\"breadcrumb\":{\"@id\":\"https:\/\/vca2022.valadascoriel.com\/fr\/domaines-dactivite\/contentieux-et-arbitrage\/#breadcrumb\"},\"inLanguage\":\"fr-FR\",\"potentialAction\":[{\"@type\":\"ReadAction\",\"target\":[\"https:\/\/vca2022.valadascoriel.com\/fr\/domaines-dactivite\/contentieux-et-arbitrage\/\"]}]},{\"@type\":\"BreadcrumbList\",\"@id\":\"https:\/\/vca2022.valadascoriel.com\/fr\/domaines-dactivite\/contentieux-et-arbitrage\/#breadcrumb\",\"itemListElement\":[{\"@type\":\"ListItem\",\"position\":1,\"name\":\"Home\",\"item\":\"https:\/\/vca2022.valadascoriel.com\/fr\/\"},{\"@type\":\"ListItem\",\"position\":2,\"name\":\"Domaines d&rsquo;Activit\u00e9\",\"item\":\"https:\/\/vca2022.valadascoriel.com\/fr\/domaines-dactivite\/\"},{\"@type\":\"ListItem\",\"position\":3,\"name\":\"Contentieux et arbitrage\"}]},{\"@type\":\"WebSite\",\"@id\":\"https:\/\/vca2022.valadascoriel.com\/#website\",\"url\":\"https:\/\/vca2022.valadascoriel.com\/\",\"name\":\"Valadas Coriel &amp; Associados\",\"description\":\"Sociedade de Advogados RL\",\"potentialAction\":[{\"@type\":\"SearchAction\",\"target\":{\"@type\":\"EntryPoint\",\"urlTemplate\":\"https:\/\/vca2022.valadascoriel.com\/?s={search_term_string}\"},\"query-input\":\"required name=search_term_string\"}],\"inLanguage\":\"fr-FR\"}]}<\/script>\n<!-- \/ Yoast SEO plugin. -->","yoast_head_json":{"title":"Contentieux et arbitrage - Valadas Coriel &amp; Associados","robots":{"index":"index","follow":"follow","max-snippet":"max-snippet:-1","max-image-preview":"max-image-preview:large","max-video-preview":"max-video-preview:-1"},"canonical":"https:\/\/vca2022.valadascoriel.com\/fr\/domaines-dactivite\/contentieux-et-arbitrage\/","og_locale":"fr_FR","og_type":"article","og_title":"Contentieux et arbitrage - Valadas Coriel &amp; Associados","og_description":"[two_fifth] [\/two_fifth][three_fifth_last] Contentieux et arbitrage Chez Valadas Coriel &amp; Associados, nous croyons qu&rsquo;il n&rsquo;y a pas de travail d&rsquo;avocat de qualit\u00e9 sans contentieux de qualit\u00e9. Un contentieux d&rsquo;excellence exige de l&rsquo;exp\u00e9rience et de la sp\u00e9cialisation, des \u00e9quipes multidisciplinaires, la concentration et la pratique de contentieux complexes et innovateurs, la connaissance aupr\u00e8s des tribunaux, l&rsquo;\u00e9thique et [&hellip;]","og_url":"https:\/\/vca2022.valadascoriel.com\/fr\/domaines-dactivite\/contentieux-et-arbitrage\/","og_site_name":"Valadas Coriel &amp; Associados","og_image":[{"url":"http:\/\/www.valadascoriel.com\/wp-content\/uploads\/2013\/04\/7-Contencioso-e-Arbitragem-520x520.jpg"}],"twitter_misc":{"Dur\u00e9e de lecture estim\u00e9e":"2 minutes"},"schema":{"@context":"https:\/\/schema.org","@graph":[{"@type":"WebPage","@id":"https:\/\/vca2022.valadascoriel.com\/fr\/domaines-dactivite\/contentieux-et-arbitrage\/","url":"https:\/\/vca2022.valadascoriel.com\/fr\/domaines-dactivite\/contentieux-et-arbitrage\/","name":"Contentieux et arbitrage - Valadas Coriel &amp; Associados","isPartOf":{"@id":"https:\/\/vca2022.valadascoriel.com\/#website"},"datePublished":"2014-10-21T15:24:24+00:00","dateModified":"2014-10-21T15:24:24+00:00","breadcrumb":{"@id":"https:\/\/vca2022.valadascoriel.com\/fr\/domaines-dactivite\/contentieux-et-arbitrage\/#breadcrumb"},"inLanguage":"fr-FR","potentialAction":[{"@type":"ReadAction","target":["https:\/\/vca2022.valadascoriel.com\/fr\/domaines-dactivite\/contentieux-et-arbitrage\/"]}]},{"@type":"BreadcrumbList","@id":"https:\/\/vca2022.valadascoriel.com\/fr\/domaines-dactivite\/contentieux-et-arbitrage\/#breadcrumb","itemListElement":[{"@type":"ListItem","position":1,"name":"Home","item":"https:\/\/vca2022.valadascoriel.com\/fr\/"},{"@type":"ListItem","position":2,"name":"Domaines d&rsquo;Activit\u00e9","item":"https:\/\/vca2022.valadascoriel.com\/fr\/domaines-dactivite\/"},{"@type":"ListItem","position":3,"name":"Contentieux et arbitrage"}]},{"@type":"WebSite","@id":"https:\/\/vca2022.valadascoriel.com\/#website","url":"https:\/\/vca2022.valadascoriel.com\/","name":"Valadas Coriel &amp; Associados","description":"Sociedade de Advogados RL","potentialAction":[{"@type":"SearchAction","target":{"@type":"EntryPoint","urlTemplate":"https:\/\/vca2022.valadascoriel.com\/?s={search_term_string}"},"query-input":"required name=search_term_string"}],"inLanguage":"fr-FR"}]}},"_links":{"self":[{"href":"https:\/\/vca2022.valadascoriel.com\/fr\/wp-json\/wp\/v2\/pages\/1598"}],"collection":[{"href":"https:\/\/vca2022.valadascoriel.com\/fr\/wp-json\/wp\/v2\/pages"}],"about":[{"href":"https:\/\/vca2022.valadascoriel.com\/fr\/wp-json\/wp\/v2\/types\/page"}],"author":[{"embeddable":true,"href":"https:\/\/vca2022.valadascoriel.com\/fr\/wp-json\/wp\/v2\/users\/1"}],"replies":[{"embeddable":true,"href":"https:\/\/vca2022.valadascoriel.com\/fr\/wp-json\/wp\/v2\/comments?post=1598"}],"version-history":[{"count":1,"href":"https:\/\/vca2022.valadascoriel.com\/fr\/wp-json\/wp\/v2\/pages\/1598\/revisions"}],"predecessor-version":[{"id":1599,"href":"https:\/\/vca2022.valadascoriel.com\/fr\/wp-json\/wp\/v2\/pages\/1598\/revisions\/1599"}],"up":[{"embeddable":true,"href":"https:\/\/vca2022.valadascoriel.com\/fr\/wp-json\/wp\/v2\/pages\/1591"}],"wp:attachment":[{"href":"https:\/\/vca2022.valadascoriel.com\/fr\/wp-json\/wp\/v2\/media?parent=1598"}],"curies":[{"name":"wp","href":"https:\/\/api.w.org\/{rel}","templated":true}]}}