{"id":1593,"date":"2013-04-04T18:14:58","date_gmt":"2013-04-04T18:14:58","guid":{"rendered":"http:\/\/www.valadascoriel.com\/domaines-dactivite\/direito-societario\/"},"modified":"2014-10-22T15:46:43","modified_gmt":"2014-10-22T15:46:43","slug":"droit-des-societes","status":"publish","type":"page","link":"https:\/\/vca2022.valadascoriel.com\/fr\/domaines-dactivite\/droit-des-societes\/","title":{"rendered":"Droit des soci\u00e9t\u00e9s"},"content":{"rendered":"<p>[two_fifth]<\/p>\n<h1><img decoding=\"async\" loading=\"lazy\" class=\"alignnone size-large wp-image-100\" src=\"http:\/\/www.valadascoriel.com\/wp-content\/uploads\/2013\/04\/6-Direito-Societa\u0301rio-520x520.jpg\" alt=\"Direito Societa\u0301rio\" width=\"520\" height=\"520\" srcset=\"https:\/\/vca2022.valadascoriel.com\/wp-content\/uploads\/2013\/04\/6-Direito-Societa\u0301rio-520x520.jpg 520w, https:\/\/vca2022.valadascoriel.com\/wp-content\/uploads\/2013\/04\/6-Direito-Societa\u0301rio-150x150.jpg 150w, https:\/\/vca2022.valadascoriel.com\/wp-content\/uploads\/2013\/04\/6-Direito-Societa\u0301rio-300x300.jpg 300w, https:\/\/vca2022.valadascoriel.com\/wp-content\/uploads\/2013\/04\/6-Direito-Societa\u0301rio.jpg 980w\" sizes=\"(max-width: 520px) 100vw, 520px\" \/><\/h1>\n<p>[\/two_fifth][three_fifth_last]<\/p>\n<p><img decoding=\"async\" loading=\"lazy\" class=\"alignnone size-full wp-image-78\" src=\"http:\/\/www.valadascoriel.com\/wp-content\/uploads\/2013\/03\/arabescos.png\" alt=\"arabescos\" width=\"41\" height=\"24\" \/><\/p>\n<h1>Droit des soci\u00e9t\u00e9s \/ Support \u00e0 l&rsquo;investissement<\/h1>\n<p>Chez Valadas Coriel &amp; Associados, nous disposons d&rsquo;une \u00e9quipe avec une vaste exp\u00e9rience dans le suivi de l&rsquo;activit\u00e9 de soci\u00e9t\u00e9s commerciales, garantissant la r\u00e9alisation des objectifs strat\u00e9giques respectifs avec un risque juridique minimal, car nous intervenons dans toutes les questions li\u00e9es au droit des soci\u00e9t\u00e9s, comme:<\/p>\n<p>[list style=\u00a0\u00bbarrow3&Prime; color=\u00a0\u00bbblack\u00a0\u00bb]<\/p>\n<ul>\n<li>Constitution de soci\u00e9t\u00e9s;<\/li>\n<li>Autorisations et permis;<\/li>\n<li>Fusions;<\/li>\n<li>Acquisitions;<\/li>\n<li>Scissions;<\/li>\n<li>Processus de<em> due diligence<\/em> pr\u00e9alables \u00e0 l&rsquo;acquisition ou \u00e0 la fusion de soci\u00e9t\u00e9s et aux groupes de soci\u00e9t\u00e9s;<\/li>\n<li>Transmissions de participations sociales, \u00e9tablissements ou actifs;<\/li>\n<li>Restructurations d&rsquo;entreprises (insolvabilit\u00e9s et redressement);<\/li>\n<li><em>Corporate finance<\/em>;<\/li>\n<li><em>Joint-Ventures<\/em> et alliances strat\u00e9giques;<\/li>\n<\/ul>\n<p>[\/list]<\/p>\n<p>Lors de notre parcours, nous avons conseill\u00e9 des entreprises nationales et internationales lors de leurs op\u00e9rations de croissance les plus importantes, en \u00e9troite collaboration avec les \u00e9quipes internes des clients et leurs consultants externes, avec des \u00e9quipes multidisciplinaires qui int\u00e9graient des comp\u00e9tences d&rsquo;autres domaines de pratique de VCA, comme le sont le domaine fiscal, du droit du travail ou du contentieux, ce qui nous a permis de fournir un service global et complet, offrant une haute valeur ajout\u00e9e pour le client.<\/p>\n<p>[\/three_fifth_last]<\/p>\n","protected":false},"excerpt":{"rendered":"<p>[two_fifth] [\/two_fifth][three_fifth_last] Droit des soci\u00e9t\u00e9s \/ Support \u00e0 l&rsquo;investissement Chez Valadas Coriel &amp; Associados, nous disposons d&rsquo;une \u00e9quipe avec une vaste exp\u00e9rience dans le suivi de l&rsquo;activit\u00e9 de soci\u00e9t\u00e9s commerciales, garantissant la r\u00e9alisation des objectifs strat\u00e9giques respectifs avec un risque juridique minimal, car nous intervenons dans toutes les questions li\u00e9es au droit des soci\u00e9t\u00e9s, comme: [&hellip;]<\/p>\n","protected":false},"author":1,"featured_media":0,"parent":1591,"menu_order":0,"comment_status":"open","ping_status":"closed","template":"","meta":[],"yoast_head":"<!-- This site is optimized with the Yoast SEO plugin v20.10 - https:\/\/yoast.com\/wordpress\/plugins\/seo\/ -->\n<title>Droit des soci\u00e9t\u00e9s - Valadas Coriel &amp; Associados<\/title>\n<meta name=\"robots\" content=\"index, follow, max-snippet:-1, max-image-preview:large, max-video-preview:-1\" \/>\n<link rel=\"canonical\" href=\"https:\/\/vca2022.valadascoriel.com\/fr\/domaines-dactivite\/droit-des-societes\/\" \/>\n<meta property=\"og:locale\" content=\"fr_FR\" \/>\n<meta property=\"og:type\" content=\"article\" \/>\n<meta property=\"og:title\" content=\"Droit des soci\u00e9t\u00e9s - Valadas Coriel &amp; Associados\" \/>\n<meta property=\"og:description\" content=\"[two_fifth] [\/two_fifth][three_fifth_last] Droit des soci\u00e9t\u00e9s \/ Support \u00e0 l&rsquo;investissement Chez Valadas Coriel &amp; Associados, nous disposons d&rsquo;une \u00e9quipe avec une vaste exp\u00e9rience dans le suivi de l&rsquo;activit\u00e9 de soci\u00e9t\u00e9s commerciales, garantissant la r\u00e9alisation des objectifs strat\u00e9giques respectifs avec un risque juridique minimal, car nous intervenons dans toutes les questions li\u00e9es au droit des soci\u00e9t\u00e9s, comme: [&hellip;]\" \/>\n<meta property=\"og:url\" content=\"https:\/\/vca2022.valadascoriel.com\/fr\/domaines-dactivite\/droit-des-societes\/\" \/>\n<meta property=\"og:site_name\" content=\"Valadas Coriel &amp; Associados\" \/>\n<meta property=\"article:modified_time\" content=\"2014-10-22T15:46:43+00:00\" \/>\n<meta property=\"og:image\" content=\"http:\/\/www.valadascoriel.com\/wp-content\/uploads\/2013\/03\/arabescos.png\" \/>\n<meta name=\"twitter:label1\" content=\"Dur\u00e9e de lecture estim\u00e9e\" \/>\n\t<meta name=\"twitter:data1\" content=\"1 minute\" \/>\n<script type=\"application\/ld+json\" class=\"yoast-schema-graph\">{\"@context\":\"https:\/\/schema.org\",\"@graph\":[{\"@type\":\"WebPage\",\"@id\":\"https:\/\/vca2022.valadascoriel.com\/fr\/domaines-dactivite\/droit-des-societes\/\",\"url\":\"https:\/\/vca2022.valadascoriel.com\/fr\/domaines-dactivite\/droit-des-societes\/\",\"name\":\"Droit des soci\u00e9t\u00e9s - Valadas Coriel &amp; Associados\",\"isPartOf\":{\"@id\":\"https:\/\/vca2022.valadascoriel.com\/#website\"},\"datePublished\":\"2013-04-04T18:14:58+00:00\",\"dateModified\":\"2014-10-22T15:46:43+00:00\",\"breadcrumb\":{\"@id\":\"https:\/\/vca2022.valadascoriel.com\/fr\/domaines-dactivite\/droit-des-societes\/#breadcrumb\"},\"inLanguage\":\"fr-FR\",\"potentialAction\":[{\"@type\":\"ReadAction\",\"target\":[\"https:\/\/vca2022.valadascoriel.com\/fr\/domaines-dactivite\/droit-des-societes\/\"]}]},{\"@type\":\"BreadcrumbList\",\"@id\":\"https:\/\/vca2022.valadascoriel.com\/fr\/domaines-dactivite\/droit-des-societes\/#breadcrumb\",\"itemListElement\":[{\"@type\":\"ListItem\",\"position\":1,\"name\":\"Home\",\"item\":\"https:\/\/vca2022.valadascoriel.com\/fr\/\"},{\"@type\":\"ListItem\",\"position\":2,\"name\":\"Domaines d&rsquo;Activit\u00e9\",\"item\":\"https:\/\/vca2022.valadascoriel.com\/fr\/domaines-dactivite\/\"},{\"@type\":\"ListItem\",\"position\":3,\"name\":\"Droit des soci\u00e9t\u00e9s\"}]},{\"@type\":\"WebSite\",\"@id\":\"https:\/\/vca2022.valadascoriel.com\/#website\",\"url\":\"https:\/\/vca2022.valadascoriel.com\/\",\"name\":\"Valadas Coriel &amp; Associados\",\"description\":\"Sociedade de Advogados RL\",\"potentialAction\":[{\"@type\":\"SearchAction\",\"target\":{\"@type\":\"EntryPoint\",\"urlTemplate\":\"https:\/\/vca2022.valadascoriel.com\/?s={search_term_string}\"},\"query-input\":\"required name=search_term_string\"}],\"inLanguage\":\"fr-FR\"}]}<\/script>\n<!-- \/ Yoast SEO plugin. -->","yoast_head_json":{"title":"Droit des soci\u00e9t\u00e9s - Valadas Coriel &amp; Associados","robots":{"index":"index","follow":"follow","max-snippet":"max-snippet:-1","max-image-preview":"max-image-preview:large","max-video-preview":"max-video-preview:-1"},"canonical":"https:\/\/vca2022.valadascoriel.com\/fr\/domaines-dactivite\/droit-des-societes\/","og_locale":"fr_FR","og_type":"article","og_title":"Droit des soci\u00e9t\u00e9s - Valadas Coriel &amp; Associados","og_description":"[two_fifth] [\/two_fifth][three_fifth_last] Droit des soci\u00e9t\u00e9s \/ Support \u00e0 l&rsquo;investissement Chez Valadas Coriel &amp; Associados, nous disposons d&rsquo;une \u00e9quipe avec une vaste exp\u00e9rience dans le suivi de l&rsquo;activit\u00e9 de soci\u00e9t\u00e9s commerciales, garantissant la r\u00e9alisation des objectifs strat\u00e9giques respectifs avec un risque juridique minimal, car nous intervenons dans toutes les questions li\u00e9es au droit des soci\u00e9t\u00e9s, comme: [&hellip;]","og_url":"https:\/\/vca2022.valadascoriel.com\/fr\/domaines-dactivite\/droit-des-societes\/","og_site_name":"Valadas Coriel &amp; Associados","article_modified_time":"2014-10-22T15:46:43+00:00","og_image":[{"url":"http:\/\/www.valadascoriel.com\/wp-content\/uploads\/2013\/03\/arabescos.png"}],"twitter_misc":{"Dur\u00e9e de lecture estim\u00e9e":"1 minute"},"schema":{"@context":"https:\/\/schema.org","@graph":[{"@type":"WebPage","@id":"https:\/\/vca2022.valadascoriel.com\/fr\/domaines-dactivite\/droit-des-societes\/","url":"https:\/\/vca2022.valadascoriel.com\/fr\/domaines-dactivite\/droit-des-societes\/","name":"Droit des soci\u00e9t\u00e9s - Valadas Coriel &amp; Associados","isPartOf":{"@id":"https:\/\/vca2022.valadascoriel.com\/#website"},"datePublished":"2013-04-04T18:14:58+00:00","dateModified":"2014-10-22T15:46:43+00:00","breadcrumb":{"@id":"https:\/\/vca2022.valadascoriel.com\/fr\/domaines-dactivite\/droit-des-societes\/#breadcrumb"},"inLanguage":"fr-FR","potentialAction":[{"@type":"ReadAction","target":["https:\/\/vca2022.valadascoriel.com\/fr\/domaines-dactivite\/droit-des-societes\/"]}]},{"@type":"BreadcrumbList","@id":"https:\/\/vca2022.valadascoriel.com\/fr\/domaines-dactivite\/droit-des-societes\/#breadcrumb","itemListElement":[{"@type":"ListItem","position":1,"name":"Home","item":"https:\/\/vca2022.valadascoriel.com\/fr\/"},{"@type":"ListItem","position":2,"name":"Domaines d&rsquo;Activit\u00e9","item":"https:\/\/vca2022.valadascoriel.com\/fr\/domaines-dactivite\/"},{"@type":"ListItem","position":3,"name":"Droit des soci\u00e9t\u00e9s"}]},{"@type":"WebSite","@id":"https:\/\/vca2022.valadascoriel.com\/#website","url":"https:\/\/vca2022.valadascoriel.com\/","name":"Valadas Coriel &amp; Associados","description":"Sociedade de Advogados RL","potentialAction":[{"@type":"SearchAction","target":{"@type":"EntryPoint","urlTemplate":"https:\/\/vca2022.valadascoriel.com\/?s={search_term_string}"},"query-input":"required name=search_term_string"}],"inLanguage":"fr-FR"}]}},"_links":{"self":[{"href":"https:\/\/vca2022.valadascoriel.com\/fr\/wp-json\/wp\/v2\/pages\/1593"}],"collection":[{"href":"https:\/\/vca2022.valadascoriel.com\/fr\/wp-json\/wp\/v2\/pages"}],"about":[{"href":"https:\/\/vca2022.valadascoriel.com\/fr\/wp-json\/wp\/v2\/types\/page"}],"author":[{"embeddable":true,"href":"https:\/\/vca2022.valadascoriel.com\/fr\/wp-json\/wp\/v2\/users\/1"}],"replies":[{"embeddable":true,"href":"https:\/\/vca2022.valadascoriel.com\/fr\/wp-json\/wp\/v2\/comments?post=1593"}],"version-history":[{"count":3,"href":"https:\/\/vca2022.valadascoriel.com\/fr\/wp-json\/wp\/v2\/pages\/1593\/revisions"}],"predecessor-version":[{"id":1673,"href":"https:\/\/vca2022.valadascoriel.com\/fr\/wp-json\/wp\/v2\/pages\/1593\/revisions\/1673"}],"up":[{"embeddable":true,"href":"https:\/\/vca2022.valadascoriel.com\/fr\/wp-json\/wp\/v2\/pages\/1591"}],"wp:attachment":[{"href":"https:\/\/vca2022.valadascoriel.com\/fr\/wp-json\/wp\/v2\/media?parent=1593"}],"curies":[{"name":"wp","href":"https:\/\/api.w.org\/{rel}","templated":true}]}}