{"id":1586,"date":"2013-04-04T17:21:25","date_gmt":"2013-04-04T17:21:25","guid":{"rendered":"http:\/\/www.valadascoriel.com\/la-societe\/valores\/"},"modified":"2014-10-22T15:38:04","modified_gmt":"2014-10-22T15:38:04","slug":"valeurs","status":"publish","type":"page","link":"https:\/\/vca2022.valadascoriel.com\/fr\/la-societe\/valeurs\/","title":{"rendered":"Valeurs"},"content":{"rendered":"<p>[two_fifth]<\/p>\n<p><img decoding=\"async\" loading=\"lazy\" class=\"alignnone size-large wp-image-98\" src=\"http:\/\/www.valadascoriel.com\/wp-content\/uploads\/2013\/04\/4-Valores-520x520.jpg\" alt=\"Valores\" width=\"520\" height=\"520\" srcset=\"https:\/\/vca2022.valadascoriel.com\/wp-content\/uploads\/2013\/04\/4-Valores-520x520.jpg 520w, https:\/\/vca2022.valadascoriel.com\/wp-content\/uploads\/2013\/04\/4-Valores-150x150.jpg 150w, https:\/\/vca2022.valadascoriel.com\/wp-content\/uploads\/2013\/04\/4-Valores-300x300.jpg 300w, https:\/\/vca2022.valadascoriel.com\/wp-content\/uploads\/2013\/04\/4-Valores.jpg 980w\" sizes=\"(max-width: 520px) 100vw, 520px\" \/><\/p>\n<p>[\/two_fifth][three_fifth_last]<\/p>\n<p><img decoding=\"async\" loading=\"lazy\" class=\"alignnone size-full wp-image-78\" src=\"http:\/\/www.valadascoriel.com\/wp-content\/uploads\/2013\/03\/arabescos.png\" alt=\"arabescos\" width=\"41\" height=\"24\" \/><\/p>\n<h1>VALEURS<\/h1>\n<h2>Qualit\u00e9<\/h2>\n<p>Chez Valadas Coriel &amp; Associados, nous privil\u00e9gions la relation avec le client, et cherchons \u00e0 comprendre, anticiper et satisfaire ses n\u00e9cessit\u00e9s. Atteindre l&rsquo;excellence dans tout ce que nous faisons ; exiger le meilleur de nous-m\u00eames ; ajouter de la valeur \u00e0 nos clients ; am\u00e9liorer nos normes \u00e0 chaque opportunit\u00e9 ; avoir du plaisir dans notre travail ; \u00eatre \u00e9thique envers les clients et les coll\u00e8gues : plus que des valeurs, ce sont notre identit\u00e9.<\/p>\n<h2>\u00c9quipe<\/h2>\n<p>Nous croyons que notre plus grande plus-value correspond \u00e0 nos avocats et nos collaborateurs, partager les succ\u00e8s et les difficult\u00e9s de chacun ; travailler comme un groupe, en respectant l&rsquo;individualit\u00e9 de chacun ; former une \u00e9quipe avec le client ; nommer, dans chaque cas, les bons avocats ; r\u00e9compenser le m\u00e9rite, l&rsquo;effort et l&rsquo;innovation ; proposer des opportunit\u00e9s de formation et de d\u00e9veloppement \u00e0 chaque collaborateur.<\/p>\n<p>Nous savons que des professionnels tr\u00e8s motiv\u00e9s, entra\u00een\u00e9s et instruits, avec une bonne gestion du temps et un \u00e9quilibre appropri\u00e9 entre la comp\u00e9tence, le compromis, l&rsquo;engagement, la responsabilit\u00e9 professionnelle et le respect de l&rsquo;espace de leur vie personnelle, se traduisent par un meilleur service \u00e0 tous nos clients.<\/p>\n<h2>Ind\u00e9pendance<\/h2>\n<p>Chez Valadas Coriel &amp; Associados, nous sommes totalement ind\u00e9pendants. Nous \u00e9tablissons des partenariats avec les meilleures entreprises internationales capables de donner la meilleure r\u00e9ponse aux besoins du client. Nous souhaitons \u00eatre toujours impliqu\u00e9 dans la r\u00e9alit\u00e9 locale, donner toujours notre meilleur avis, sans un quelconque int\u00e9r\u00eat. Nous nous consacrons \u00e0 la pratique du m\u00e9tier d&rsquo;avocat en totale exclusivit\u00e9, ce qui garantit l\u2019inexistence de conflits d&rsquo;int\u00e9r\u00eats.<\/p>\n<h2>Excellence<\/h2>\n<p>Chez Valadas Coriel &amp; Associados, nous offrons un service sp\u00e9cialis\u00e9 dans les principales branches du droit. Notre organisation nous permet de pouvoir constituer des \u00e9quipes multidisciplinaires, ce qui contribue continuellement \u00e0 la qualit\u00e9 de notre exercice de la profession d&rsquo;avocat et de placer toutes les ressources n\u00e9cessaires au traitement de chaque projet, permettant ainsi de mieux servir nos clients. Nous fournissons des services conformes aux normes internationales les plus exigeantes et nous partageons et accumulons de l&rsquo;exp\u00e9rience.<\/p>\n<h2>\u00c9thique professionnelle et transparence<\/h2>\n<p>Chez Valadas Coriel &amp; Associados, toute l&rsquo;activit\u00e9 repose sur un respect scrupuleux des principes d&rsquo;\u00e9thique, allant du secret professionnel jusqu&rsquo;au respect des conflits d&rsquo;int\u00e9r\u00eats, ce qui constitue une s\u00e9curit\u00e9 et une garantie de la d\u00e9fense des droits et des attentes de nos clients, assur\u00e9e par une planification du travail appropri\u00e9e, r\u00e9vis\u00e9e p\u00e9riodiquement et, lorsque cela est n\u00e9cessaire ou opportun, par l&rsquo;interm\u00e9diaire de rapports clairs et p\u00e9riodiques du travail, accompagn\u00e9 d&rsquo;un syst\u00e8me de devis, de facturation transparente des honoraires et des d\u00e9penses, dont le client est inform\u00e9 d\u00e8s le d\u00e9part.<\/p>\n<p>Inexistence de conflits d&rsquo;int\u00e9r\u00eats -Atteinte gr\u00e2ce \u00e0 une proc\u00e9dure interne de v\u00e9rification pr\u00e9alable et permanente, mais aussi en raison de l&rsquo;absence de tous int\u00e9r\u00eats commerciaux, en particulier gr\u00e2ce \u00e0 la non-participation \u00e9conomique de la soci\u00e9t\u00e9 dans les affaires de nos clients ou de tiers.<\/p>\n<h2>Innovation et comp\u00e9tence<\/h2>\n<p>Bas\u00e9es sur le savoir-faire et la comp\u00e9tence technique ; remettre en question et affronter, au lieu de pr\u00e9supposer ; explorer toutes les hypoth\u00e8ses et avoir une approche constructive ; poursuivre des solutions d&rsquo;avant-garde et \u00ab <em>out of the box<\/em> \u00bb ; promouvoir l&rsquo;am\u00e9lioration constante de la relation avec le client ; \u00eatre conservateur mais innovateur.<\/p>\n<p>[\/three_fifth_last]<\/p>\n","protected":false},"excerpt":{"rendered":"<p>[two_fifth] [\/two_fifth][three_fifth_last] VALEURS Qualit\u00e9 Chez Valadas Coriel &amp; Associados, nous privil\u00e9gions la relation avec le client, et cherchons \u00e0 comprendre, anticiper et satisfaire ses n\u00e9cessit\u00e9s. Atteindre l&rsquo;excellence dans tout ce que nous faisons ; exiger le meilleur de nous-m\u00eames ; ajouter de la valeur \u00e0 nos clients ; am\u00e9liorer nos normes \u00e0 chaque opportunit\u00e9 ; [&hellip;]<\/p>\n","protected":false},"author":1,"featured_media":0,"parent":1579,"menu_order":0,"comment_status":"open","ping_status":"closed","template":"","meta":[],"yoast_head":"<!-- This site is optimized with the Yoast SEO plugin v20.10 - https:\/\/yoast.com\/wordpress\/plugins\/seo\/ -->\n<title>Valeurs - Valadas Coriel &amp; Associados<\/title>\n<meta name=\"robots\" content=\"index, follow, max-snippet:-1, max-image-preview:large, max-video-preview:-1\" \/>\n<link rel=\"canonical\" href=\"https:\/\/vca2022.valadascoriel.com\/fr\/la-societe\/valeurs\/\" \/>\n<meta property=\"og:locale\" content=\"fr_FR\" \/>\n<meta property=\"og:type\" content=\"article\" \/>\n<meta property=\"og:title\" content=\"Valeurs - Valadas Coriel &amp; Associados\" \/>\n<meta property=\"og:description\" content=\"[two_fifth] [\/two_fifth][three_fifth_last] VALEURS Qualit\u00e9 Chez Valadas Coriel &amp; Associados, nous privil\u00e9gions la relation avec le client, et cherchons \u00e0 comprendre, anticiper et satisfaire ses n\u00e9cessit\u00e9s. Atteindre l&rsquo;excellence dans tout ce que nous faisons ; exiger le meilleur de nous-m\u00eames ; ajouter de la valeur \u00e0 nos clients ; am\u00e9liorer nos normes \u00e0 chaque opportunit\u00e9 ; [&hellip;]\" \/>\n<meta property=\"og:url\" content=\"https:\/\/vca2022.valadascoriel.com\/fr\/la-societe\/valeurs\/\" \/>\n<meta property=\"og:site_name\" content=\"Valadas Coriel &amp; Associados\" \/>\n<meta property=\"article:modified_time\" content=\"2014-10-22T15:38:04+00:00\" \/>\n<meta property=\"og:image\" content=\"http:\/\/www.valadascoriel.com\/wp-content\/uploads\/2013\/04\/4-Valores-520x520.jpg\" \/>\n<meta name=\"twitter:label1\" content=\"Dur\u00e9e de lecture estim\u00e9e\" \/>\n\t<meta name=\"twitter:data1\" content=\"3 minutes\" \/>\n<script type=\"application\/ld+json\" class=\"yoast-schema-graph\">{\"@context\":\"https:\/\/schema.org\",\"@graph\":[{\"@type\":\"WebPage\",\"@id\":\"https:\/\/vca2022.valadascoriel.com\/fr\/la-societe\/valeurs\/\",\"url\":\"https:\/\/vca2022.valadascoriel.com\/fr\/la-societe\/valeurs\/\",\"name\":\"Valeurs - Valadas Coriel &amp; Associados\",\"isPartOf\":{\"@id\":\"https:\/\/vca2022.valadascoriel.com\/#website\"},\"datePublished\":\"2013-04-04T17:21:25+00:00\",\"dateModified\":\"2014-10-22T15:38:04+00:00\",\"breadcrumb\":{\"@id\":\"https:\/\/vca2022.valadascoriel.com\/fr\/la-societe\/valeurs\/#breadcrumb\"},\"inLanguage\":\"fr-FR\",\"potentialAction\":[{\"@type\":\"ReadAction\",\"target\":[\"https:\/\/vca2022.valadascoriel.com\/fr\/la-societe\/valeurs\/\"]}]},{\"@type\":\"BreadcrumbList\",\"@id\":\"https:\/\/vca2022.valadascoriel.com\/fr\/la-societe\/valeurs\/#breadcrumb\",\"itemListElement\":[{\"@type\":\"ListItem\",\"position\":1,\"name\":\"Home\",\"item\":\"https:\/\/vca2022.valadascoriel.com\/fr\/\"},{\"@type\":\"ListItem\",\"position\":2,\"name\":\"La soci\u00e9t\u00e9\",\"item\":\"https:\/\/vca2022.valadascoriel.com\/fr\/la-societe\/\"},{\"@type\":\"ListItem\",\"position\":3,\"name\":\"Valeurs\"}]},{\"@type\":\"WebSite\",\"@id\":\"https:\/\/vca2022.valadascoriel.com\/#website\",\"url\":\"https:\/\/vca2022.valadascoriel.com\/\",\"name\":\"Valadas Coriel &amp; Associados\",\"description\":\"Sociedade de Advogados RL\",\"potentialAction\":[{\"@type\":\"SearchAction\",\"target\":{\"@type\":\"EntryPoint\",\"urlTemplate\":\"https:\/\/vca2022.valadascoriel.com\/?s={search_term_string}\"},\"query-input\":\"required name=search_term_string\"}],\"inLanguage\":\"fr-FR\"}]}<\/script>\n<!-- \/ Yoast SEO plugin. -->","yoast_head_json":{"title":"Valeurs - Valadas Coriel &amp; Associados","robots":{"index":"index","follow":"follow","max-snippet":"max-snippet:-1","max-image-preview":"max-image-preview:large","max-video-preview":"max-video-preview:-1"},"canonical":"https:\/\/vca2022.valadascoriel.com\/fr\/la-societe\/valeurs\/","og_locale":"fr_FR","og_type":"article","og_title":"Valeurs - Valadas Coriel &amp; Associados","og_description":"[two_fifth] [\/two_fifth][three_fifth_last] VALEURS Qualit\u00e9 Chez Valadas Coriel &amp; Associados, nous privil\u00e9gions la relation avec le client, et cherchons \u00e0 comprendre, anticiper et satisfaire ses n\u00e9cessit\u00e9s. Atteindre l&rsquo;excellence dans tout ce que nous faisons ; exiger le meilleur de nous-m\u00eames ; ajouter de la valeur \u00e0 nos clients ; am\u00e9liorer nos normes \u00e0 chaque opportunit\u00e9 ; [&hellip;]","og_url":"https:\/\/vca2022.valadascoriel.com\/fr\/la-societe\/valeurs\/","og_site_name":"Valadas Coriel &amp; Associados","article_modified_time":"2014-10-22T15:38:04+00:00","og_image":[{"url":"http:\/\/www.valadascoriel.com\/wp-content\/uploads\/2013\/04\/4-Valores-520x520.jpg"}],"twitter_misc":{"Dur\u00e9e de lecture estim\u00e9e":"3 minutes"},"schema":{"@context":"https:\/\/schema.org","@graph":[{"@type":"WebPage","@id":"https:\/\/vca2022.valadascoriel.com\/fr\/la-societe\/valeurs\/","url":"https:\/\/vca2022.valadascoriel.com\/fr\/la-societe\/valeurs\/","name":"Valeurs - Valadas Coriel &amp; Associados","isPartOf":{"@id":"https:\/\/vca2022.valadascoriel.com\/#website"},"datePublished":"2013-04-04T17:21:25+00:00","dateModified":"2014-10-22T15:38:04+00:00","breadcrumb":{"@id":"https:\/\/vca2022.valadascoriel.com\/fr\/la-societe\/valeurs\/#breadcrumb"},"inLanguage":"fr-FR","potentialAction":[{"@type":"ReadAction","target":["https:\/\/vca2022.valadascoriel.com\/fr\/la-societe\/valeurs\/"]}]},{"@type":"BreadcrumbList","@id":"https:\/\/vca2022.valadascoriel.com\/fr\/la-societe\/valeurs\/#breadcrumb","itemListElement":[{"@type":"ListItem","position":1,"name":"Home","item":"https:\/\/vca2022.valadascoriel.com\/fr\/"},{"@type":"ListItem","position":2,"name":"La soci\u00e9t\u00e9","item":"https:\/\/vca2022.valadascoriel.com\/fr\/la-societe\/"},{"@type":"ListItem","position":3,"name":"Valeurs"}]},{"@type":"WebSite","@id":"https:\/\/vca2022.valadascoriel.com\/#website","url":"https:\/\/vca2022.valadascoriel.com\/","name":"Valadas Coriel &amp; Associados","description":"Sociedade de Advogados RL","potentialAction":[{"@type":"SearchAction","target":{"@type":"EntryPoint","urlTemplate":"https:\/\/vca2022.valadascoriel.com\/?s={search_term_string}"},"query-input":"required name=search_term_string"}],"inLanguage":"fr-FR"}]}},"_links":{"self":[{"href":"https:\/\/vca2022.valadascoriel.com\/fr\/wp-json\/wp\/v2\/pages\/1586"}],"collection":[{"href":"https:\/\/vca2022.valadascoriel.com\/fr\/wp-json\/wp\/v2\/pages"}],"about":[{"href":"https:\/\/vca2022.valadascoriel.com\/fr\/wp-json\/wp\/v2\/types\/page"}],"author":[{"embeddable":true,"href":"https:\/\/vca2022.valadascoriel.com\/fr\/wp-json\/wp\/v2\/users\/1"}],"replies":[{"embeddable":true,"href":"https:\/\/vca2022.valadascoriel.com\/fr\/wp-json\/wp\/v2\/comments?post=1586"}],"version-history":[{"count":4,"href":"https:\/\/vca2022.valadascoriel.com\/fr\/wp-json\/wp\/v2\/pages\/1586\/revisions"}],"predecessor-version":[{"id":1671,"href":"https:\/\/vca2022.valadascoriel.com\/fr\/wp-json\/wp\/v2\/pages\/1586\/revisions\/1671"}],"up":[{"embeddable":true,"href":"https:\/\/vca2022.valadascoriel.com\/fr\/wp-json\/wp\/v2\/pages\/1579"}],"wp:attachment":[{"href":"https:\/\/vca2022.valadascoriel.com\/fr\/wp-json\/wp\/v2\/media?parent=1586"}],"curies":[{"name":"wp","href":"https:\/\/api.w.org\/{rel}","templated":true}]}}