{"id":1582,"date":"2013-04-04T17:13:44","date_gmt":"2013-04-04T17:13:44","guid":{"rendered":"http:\/\/www.valadascoriel.com\/la-societe\/historia\/"},"modified":"2014-10-17T15:15:33","modified_gmt":"2014-10-17T15:15:33","slug":"histoire","status":"publish","type":"page","link":"https:\/\/vca2022.valadascoriel.com\/fr\/la-societe\/histoire\/","title":{"rendered":"Histoire"},"content":{"rendered":"<p>[two_fifth]<\/p>\n<p><img decoding=\"async\" loading=\"lazy\" class=\"alignnone size-large wp-image-97\" alt=\"Histo\u0301ria\" src=\"http:\/\/www.valadascoriel.com\/wp-content\/uploads\/2013\/04\/3-Histo\u0301ria-520x520.jpg\" width=\"520\" height=\"520\" srcset=\"https:\/\/vca2022.valadascoriel.com\/wp-content\/uploads\/2013\/04\/3-Histo\u0301ria-520x520.jpg 520w, https:\/\/vca2022.valadascoriel.com\/wp-content\/uploads\/2013\/04\/3-Histo\u0301ria-150x150.jpg 150w, https:\/\/vca2022.valadascoriel.com\/wp-content\/uploads\/2013\/04\/3-Histo\u0301ria-300x300.jpg 300w, https:\/\/vca2022.valadascoriel.com\/wp-content\/uploads\/2013\/04\/3-Histo\u0301ria.jpg 980w\" sizes=\"(max-width: 520px) 100vw, 520px\" \/><\/p>\n<p>[\/two_fifth][three_fifth_last]<\/p>\n<p><img decoding=\"async\" loading=\"lazy\" class=\"alignnone size-full wp-image-78\" alt=\"arabescos\" src=\"http:\/\/www.valadascoriel.com\/wp-content\/uploads\/2013\/03\/arabescos.png\" width=\"41\" height=\"24\" \/><\/p>\n<h1>HISTORIQUE<\/h1>\n<p><strong>Valadas Coriel &amp; Associados<\/strong> a \u00e9t\u00e9 fond\u00e9e en 2001. \u00c0 l&rsquo;heure actuelle, nous r\u00e9unissons un groupe de partenaires et associ\u00e9s disposant d&rsquo;une vaste exp\u00e9rience professionnelle, allant du droit \u00e0 l&rsquo;\u00e9conomie et \u00e0 la gestion.<\/p>\n<p>L&rsquo;environnement dynamique et informel a attir\u00e9 des avocats qui sont pass\u00e9s par de grandes soci\u00e9t\u00e9s d&rsquo;avocats, nationales et internationales.<\/p>\n<p>&nbsp;<\/p>\n<h2>Nos convictions<\/h2>\n<p>Nous sommes dans le m\u00e9tier d&rsquo;avocat pour r\u00e9soudre des probl\u00e8mes et proposer des solutions. Les lois peuvent n\u2019\u00eatre que papiers peints avec de l&rsquo;encre. Souvent, la meilleure solution n&rsquo;est pas la meilleure solution juridiquement la plus pure et complexe.<\/p>\n<p>Nous sommes des \u00ab avocats de combat \u00bb. Chaque cas est une bataille pour laquelle sont d\u00e9finis une strat\u00e9gie et des objectifs sp\u00e9cifiques et mesurables qui doivent \u00eatre atteints dans un d\u00e9lai pr\u00e9d\u00e9fini.<\/p>\n<p>[\/three_fifth_last]<\/p>\n","protected":false},"excerpt":{"rendered":"<p>[two_fifth] [\/two_fifth][three_fifth_last] HISTORIQUE Valadas Coriel &amp; Associados a \u00e9t\u00e9 fond\u00e9e en 2001. \u00c0 l&rsquo;heure actuelle, nous r\u00e9unissons un groupe de partenaires et associ\u00e9s disposant d&rsquo;une vaste exp\u00e9rience professionnelle, allant du droit \u00e0 l&rsquo;\u00e9conomie et \u00e0 la gestion. L&rsquo;environnement dynamique et informel a attir\u00e9 des avocats qui sont pass\u00e9s par de grandes soci\u00e9t\u00e9s d&rsquo;avocats, nationales et [&hellip;]<\/p>\n","protected":false},"author":1,"featured_media":0,"parent":1579,"menu_order":0,"comment_status":"open","ping_status":"closed","template":"","meta":[],"yoast_head":"<!-- This site is optimized with the Yoast SEO plugin v20.10 - https:\/\/yoast.com\/wordpress\/plugins\/seo\/ -->\n<title>Histoire - Valadas Coriel &amp; Associados<\/title>\n<meta name=\"robots\" content=\"index, follow, max-snippet:-1, max-image-preview:large, max-video-preview:-1\" \/>\n<link rel=\"canonical\" href=\"https:\/\/vca2022.valadascoriel.com\/fr\/la-societe\/histoire\/\" \/>\n<meta property=\"og:locale\" content=\"fr_FR\" \/>\n<meta property=\"og:type\" content=\"article\" \/>\n<meta property=\"og:title\" content=\"Histoire - Valadas Coriel &amp; Associados\" \/>\n<meta property=\"og:description\" content=\"[two_fifth] [\/two_fifth][three_fifth_last] HISTORIQUE Valadas Coriel &amp; Associados a \u00e9t\u00e9 fond\u00e9e en 2001. \u00c0 l&rsquo;heure actuelle, nous r\u00e9unissons un groupe de partenaires et associ\u00e9s disposant d&rsquo;une vaste exp\u00e9rience professionnelle, allant du droit \u00e0 l&rsquo;\u00e9conomie et \u00e0 la gestion. L&rsquo;environnement dynamique et informel a attir\u00e9 des avocats qui sont pass\u00e9s par de grandes soci\u00e9t\u00e9s d&rsquo;avocats, nationales et [&hellip;]\" \/>\n<meta property=\"og:url\" content=\"https:\/\/vca2022.valadascoriel.com\/fr\/la-societe\/histoire\/\" \/>\n<meta property=\"og:site_name\" content=\"Valadas Coriel &amp; Associados\" \/>\n<meta property=\"article:modified_time\" content=\"2014-10-17T15:15:33+00:00\" \/>\n<meta property=\"og:image\" content=\"http:\/\/www.valadascoriel.com\/wp-content\/uploads\/2013\/03\/arabescos.png\" \/>\n<meta name=\"twitter:label1\" content=\"Dur\u00e9e de lecture estim\u00e9e\" \/>\n\t<meta name=\"twitter:data1\" content=\"1 minute\" \/>\n<script type=\"application\/ld+json\" class=\"yoast-schema-graph\">{\"@context\":\"https:\/\/schema.org\",\"@graph\":[{\"@type\":\"WebPage\",\"@id\":\"https:\/\/vca2022.valadascoriel.com\/fr\/la-societe\/histoire\/\",\"url\":\"https:\/\/vca2022.valadascoriel.com\/fr\/la-societe\/histoire\/\",\"name\":\"Histoire - Valadas Coriel &amp; Associados\",\"isPartOf\":{\"@id\":\"https:\/\/vca2022.valadascoriel.com\/#website\"},\"datePublished\":\"2013-04-04T17:13:44+00:00\",\"dateModified\":\"2014-10-17T15:15:33+00:00\",\"breadcrumb\":{\"@id\":\"https:\/\/vca2022.valadascoriel.com\/fr\/la-societe\/histoire\/#breadcrumb\"},\"inLanguage\":\"fr-FR\",\"potentialAction\":[{\"@type\":\"ReadAction\",\"target\":[\"https:\/\/vca2022.valadascoriel.com\/fr\/la-societe\/histoire\/\"]}]},{\"@type\":\"BreadcrumbList\",\"@id\":\"https:\/\/vca2022.valadascoriel.com\/fr\/la-societe\/histoire\/#breadcrumb\",\"itemListElement\":[{\"@type\":\"ListItem\",\"position\":1,\"name\":\"Home\",\"item\":\"https:\/\/vca2022.valadascoriel.com\/fr\/\"},{\"@type\":\"ListItem\",\"position\":2,\"name\":\"La soci\u00e9t\u00e9\",\"item\":\"https:\/\/vca2022.valadascoriel.com\/fr\/la-societe\/\"},{\"@type\":\"ListItem\",\"position\":3,\"name\":\"Histoire\"}]},{\"@type\":\"WebSite\",\"@id\":\"https:\/\/vca2022.valadascoriel.com\/#website\",\"url\":\"https:\/\/vca2022.valadascoriel.com\/\",\"name\":\"Valadas Coriel &amp; Associados\",\"description\":\"Sociedade de Advogados RL\",\"potentialAction\":[{\"@type\":\"SearchAction\",\"target\":{\"@type\":\"EntryPoint\",\"urlTemplate\":\"https:\/\/vca2022.valadascoriel.com\/?s={search_term_string}\"},\"query-input\":\"required name=search_term_string\"}],\"inLanguage\":\"fr-FR\"}]}<\/script>\n<!-- \/ Yoast SEO plugin. -->","yoast_head_json":{"title":"Histoire - Valadas Coriel &amp; Associados","robots":{"index":"index","follow":"follow","max-snippet":"max-snippet:-1","max-image-preview":"max-image-preview:large","max-video-preview":"max-video-preview:-1"},"canonical":"https:\/\/vca2022.valadascoriel.com\/fr\/la-societe\/histoire\/","og_locale":"fr_FR","og_type":"article","og_title":"Histoire - Valadas Coriel &amp; Associados","og_description":"[two_fifth] [\/two_fifth][three_fifth_last] HISTORIQUE Valadas Coriel &amp; Associados a \u00e9t\u00e9 fond\u00e9e en 2001. \u00c0 l&rsquo;heure actuelle, nous r\u00e9unissons un groupe de partenaires et associ\u00e9s disposant d&rsquo;une vaste exp\u00e9rience professionnelle, allant du droit \u00e0 l&rsquo;\u00e9conomie et \u00e0 la gestion. L&rsquo;environnement dynamique et informel a attir\u00e9 des avocats qui sont pass\u00e9s par de grandes soci\u00e9t\u00e9s d&rsquo;avocats, nationales et [&hellip;]","og_url":"https:\/\/vca2022.valadascoriel.com\/fr\/la-societe\/histoire\/","og_site_name":"Valadas Coriel &amp; Associados","article_modified_time":"2014-10-17T15:15:33+00:00","og_image":[{"url":"http:\/\/www.valadascoriel.com\/wp-content\/uploads\/2013\/03\/arabescos.png"}],"twitter_misc":{"Dur\u00e9e de lecture estim\u00e9e":"1 minute"},"schema":{"@context":"https:\/\/schema.org","@graph":[{"@type":"WebPage","@id":"https:\/\/vca2022.valadascoriel.com\/fr\/la-societe\/histoire\/","url":"https:\/\/vca2022.valadascoriel.com\/fr\/la-societe\/histoire\/","name":"Histoire - Valadas Coriel &amp; Associados","isPartOf":{"@id":"https:\/\/vca2022.valadascoriel.com\/#website"},"datePublished":"2013-04-04T17:13:44+00:00","dateModified":"2014-10-17T15:15:33+00:00","breadcrumb":{"@id":"https:\/\/vca2022.valadascoriel.com\/fr\/la-societe\/histoire\/#breadcrumb"},"inLanguage":"fr-FR","potentialAction":[{"@type":"ReadAction","target":["https:\/\/vca2022.valadascoriel.com\/fr\/la-societe\/histoire\/"]}]},{"@type":"BreadcrumbList","@id":"https:\/\/vca2022.valadascoriel.com\/fr\/la-societe\/histoire\/#breadcrumb","itemListElement":[{"@type":"ListItem","position":1,"name":"Home","item":"https:\/\/vca2022.valadascoriel.com\/fr\/"},{"@type":"ListItem","position":2,"name":"La soci\u00e9t\u00e9","item":"https:\/\/vca2022.valadascoriel.com\/fr\/la-societe\/"},{"@type":"ListItem","position":3,"name":"Histoire"}]},{"@type":"WebSite","@id":"https:\/\/vca2022.valadascoriel.com\/#website","url":"https:\/\/vca2022.valadascoriel.com\/","name":"Valadas Coriel &amp; Associados","description":"Sociedade de Advogados RL","potentialAction":[{"@type":"SearchAction","target":{"@type":"EntryPoint","urlTemplate":"https:\/\/vca2022.valadascoriel.com\/?s={search_term_string}"},"query-input":"required name=search_term_string"}],"inLanguage":"fr-FR"}]}},"_links":{"self":[{"href":"https:\/\/vca2022.valadascoriel.com\/fr\/wp-json\/wp\/v2\/pages\/1582"}],"collection":[{"href":"https:\/\/vca2022.valadascoriel.com\/fr\/wp-json\/wp\/v2\/pages"}],"about":[{"href":"https:\/\/vca2022.valadascoriel.com\/fr\/wp-json\/wp\/v2\/types\/page"}],"author":[{"embeddable":true,"href":"https:\/\/vca2022.valadascoriel.com\/fr\/wp-json\/wp\/v2\/users\/1"}],"replies":[{"embeddable":true,"href":"https:\/\/vca2022.valadascoriel.com\/fr\/wp-json\/wp\/v2\/comments?post=1582"}],"version-history":[{"count":3,"href":"https:\/\/vca2022.valadascoriel.com\/fr\/wp-json\/wp\/v2\/pages\/1582\/revisions"}],"predecessor-version":[{"id":1585,"href":"https:\/\/vca2022.valadascoriel.com\/fr\/wp-json\/wp\/v2\/pages\/1582\/revisions\/1585"}],"up":[{"embeddable":true,"href":"https:\/\/vca2022.valadascoriel.com\/fr\/wp-json\/wp\/v2\/pages\/1579"}],"wp:attachment":[{"href":"https:\/\/vca2022.valadascoriel.com\/fr\/wp-json\/wp\/v2\/media?parent=1582"}],"curies":[{"name":"wp","href":"https:\/\/api.w.org\/{rel}","templated":true}]}}