{"id":1575,"date":"2013-03-27T15:53:02","date_gmt":"2013-03-27T15:53:02","guid":{"rendered":"http:\/\/www.valadascoriel.com\/inicio-2\/"},"modified":"2014-10-13T16:54:24","modified_gmt":"2014-10-13T16:54:24","slug":"inicio","status":"publish","type":"page","link":"https:\/\/vca2022.valadascoriel.com\/fr\/","title":{"rendered":"Accueil"},"content":{"rendered":"<p>&nbsp;<\/p>\n<p>[two_fifth]<\/p>\n<p><img decoding=\"async\" loading=\"lazy\" class=\"alignnone size-large wp-image-942\" alt=\"JANELA\" src=\"http:\/\/www.valadascoriel.com\/wp-content\/uploads\/2013\/03\/JANELA-520x520.jpg\" width=\"520\" height=\"520\" srcset=\"https:\/\/vca2022.valadascoriel.com\/wp-content\/uploads\/2013\/03\/JANELA-520x520.jpg 520w, https:\/\/vca2022.valadascoriel.com\/wp-content\/uploads\/2013\/03\/JANELA-150x150.jpg 150w, https:\/\/vca2022.valadascoriel.com\/wp-content\/uploads\/2013\/03\/JANELA-300x300.jpg 300w, https:\/\/vca2022.valadascoriel.com\/wp-content\/uploads\/2013\/03\/JANELA.jpg 2000w\" sizes=\"(max-width: 520px) 100vw, 520px\" \/><\/p>\n<p>[\/two_fifth][three_fifth_last]<\/p>\n<p><img decoding=\"async\" alt=\"\" src=\"http:\/\/www.valadascoriel.com\/wp-content\/uploads\/2013\/03\/arabescos.png\" \/><\/p>\n<h3>PLUS POUR MOINS<\/h3>\n<p>Nous sommes des avocats du XXI\u00e8me si\u00e8cle. En premier lieu, nous voulons aider nos clients \u00e0 comprendre tous les co\u00fbts l\u00e9gaux.<\/p>\n<p>Nous ne sommes pas prisonniers de l&rsquo;\u00e9quation valeur\/heure ni aux budgets sans limite. Nous sommes en harmonie avec la n\u00e9cessit\u00e9 d&rsquo;adapter les budgets \u00e0 la conjoncture \u00e9conomique actuelle et \u00e0 arriver \u00e0 plus pour moins.<\/p>\n<p>Nous sommes habitu\u00e9s \u00e0 partager les risques et les succ\u00e8s, au sein d&rsquo;une vraie relation de partenariat.<\/p>\n<p>Nos avocats s&rsquo;appuient sur les solutions technologiques les plus modernes, avec des gains de productivit\u00e9 et d&rsquo;efficacit\u00e9 qui sont partag\u00e9s avec nos clients.<\/p>\n<p>La qualit\u00e9 de notre \u00e9quipe, combin\u00e9e avec notre structure de tarif innovatrice, permet de fournir une solution tr\u00e8s rentable pour le client, qui profite de la flexibilit\u00e9 inh\u00e9rente \u00e0 tout service d&rsquo;outsourcing.<\/p>\n<p>[\/three_fifth_last]<\/p>\n","protected":false},"excerpt":{"rendered":"<p>&nbsp; [two_fifth] [\/two_fifth][three_fifth_last] PLUS POUR MOINS Nous sommes des avocats du XXI\u00e8me si\u00e8cle. En premier lieu, nous voulons aider nos clients \u00e0 comprendre tous les co\u00fbts l\u00e9gaux. Nous ne sommes pas prisonniers de l&rsquo;\u00e9quation valeur\/heure ni aux budgets sans limite. Nous sommes en harmonie avec la n\u00e9cessit\u00e9 d&rsquo;adapter les budgets \u00e0 la conjoncture \u00e9conomique actuelle [&hellip;]<\/p>\n","protected":false},"author":1,"featured_media":0,"parent":0,"menu_order":0,"comment_status":"open","ping_status":"closed","template":"","meta":[],"yoast_head":"<!-- This site is optimized with the Yoast SEO plugin v20.10 - https:\/\/yoast.com\/wordpress\/plugins\/seo\/ -->\n<title>Valadas Coriel &amp; Associados - Sociedade de Advogados<\/title>\n<meta name=\"description\" content=\"A VCA est\u00e1 na advocacia do Sec. XXI. Compreendemos a necessidade dos nossos Clientes or\u00e7amentarem e perceberem os custos legais.\" \/>\n<meta name=\"robots\" content=\"index, follow, max-snippet:-1, max-image-preview:large, max-video-preview:-1\" \/>\n<link rel=\"canonical\" href=\"https:\/\/vca2022.valadascoriel.com\/fr\/\" \/>\n<meta property=\"og:locale\" content=\"fr_FR\" \/>\n<meta property=\"og:type\" content=\"article\" \/>\n<meta property=\"og:title\" content=\"Valadas Coriel &amp; Associados - Sociedade de Advogados\" \/>\n<meta property=\"og:description\" content=\"A VCA est\u00e1 na advocacia do Sec. XXI. Compreendemos a necessidade dos nossos Clientes or\u00e7amentarem e perceberem os custos legais.\" \/>\n<meta property=\"og:url\" content=\"https:\/\/vca2022.valadascoriel.com\/fr\/\" \/>\n<meta property=\"og:site_name\" content=\"Valadas Coriel &amp; Associados\" \/>\n<meta property=\"article:modified_time\" content=\"2014-10-13T16:54:24+00:00\" \/>\n<meta property=\"og:image\" content=\"http:\/\/www.valadascoriel.com\/wp-content\/uploads\/2013\/03\/JANELA-520x520.jpg\" \/>\n<meta name=\"twitter:label1\" content=\"Dur\u00e9e de lecture estim\u00e9e\" \/>\n\t<meta name=\"twitter:data1\" content=\"1 minute\" \/>\n<script type=\"application\/ld+json\" class=\"yoast-schema-graph\">{\"@context\":\"https:\/\/schema.org\",\"@graph\":[{\"@type\":\"WebPage\",\"@id\":\"https:\/\/vca2022.valadascoriel.com\/fr\/\",\"url\":\"https:\/\/vca2022.valadascoriel.com\/fr\/\",\"name\":\"Valadas Coriel & Associados - Sociedade de Advogados\",\"isPartOf\":{\"@id\":\"https:\/\/vca2022.valadascoriel.com\/#website\"},\"datePublished\":\"2013-03-27T15:53:02+00:00\",\"dateModified\":\"2014-10-13T16:54:24+00:00\",\"description\":\"A VCA est\u00e1 na advocacia do Sec. XXI. Compreendemos a necessidade dos nossos Clientes or\u00e7amentarem e perceberem os custos legais.\",\"breadcrumb\":{\"@id\":\"https:\/\/vca2022.valadascoriel.com\/fr\/#breadcrumb\"},\"inLanguage\":\"fr-FR\",\"potentialAction\":[{\"@type\":\"ReadAction\",\"target\":[\"https:\/\/vca2022.valadascoriel.com\/fr\/\"]}]},{\"@type\":\"BreadcrumbList\",\"@id\":\"https:\/\/vca2022.valadascoriel.com\/fr\/#breadcrumb\",\"itemListElement\":[{\"@type\":\"ListItem\",\"position\":1,\"name\":\"Home\",\"item\":\"https:\/\/vca2022.valadascoriel.com\/fr\/\"},{\"@type\":\"ListItem\",\"position\":2,\"name\":\"Accueil\"}]},{\"@type\":\"WebSite\",\"@id\":\"https:\/\/vca2022.valadascoriel.com\/#website\",\"url\":\"https:\/\/vca2022.valadascoriel.com\/\",\"name\":\"Valadas Coriel &amp; Associados\",\"description\":\"Sociedade de Advogados RL\",\"potentialAction\":[{\"@type\":\"SearchAction\",\"target\":{\"@type\":\"EntryPoint\",\"urlTemplate\":\"https:\/\/vca2022.valadascoriel.com\/?s={search_term_string}\"},\"query-input\":\"required name=search_term_string\"}],\"inLanguage\":\"fr-FR\"}]}<\/script>\n<!-- \/ Yoast SEO plugin. -->","yoast_head_json":{"title":"Valadas Coriel & Associados - Sociedade de Advogados","description":"A VCA est\u00e1 na advocacia do Sec. XXI. Compreendemos a necessidade dos nossos Clientes or\u00e7amentarem e perceberem os custos legais.","robots":{"index":"index","follow":"follow","max-snippet":"max-snippet:-1","max-image-preview":"max-image-preview:large","max-video-preview":"max-video-preview:-1"},"canonical":"https:\/\/vca2022.valadascoriel.com\/fr\/","og_locale":"fr_FR","og_type":"article","og_title":"Valadas Coriel & Associados - Sociedade de Advogados","og_description":"A VCA est\u00e1 na advocacia do Sec. XXI. Compreendemos a necessidade dos nossos Clientes or\u00e7amentarem e perceberem os custos legais.","og_url":"https:\/\/vca2022.valadascoriel.com\/fr\/","og_site_name":"Valadas Coriel &amp; Associados","article_modified_time":"2014-10-13T16:54:24+00:00","og_image":[{"url":"http:\/\/www.valadascoriel.com\/wp-content\/uploads\/2013\/03\/JANELA-520x520.jpg"}],"twitter_misc":{"Dur\u00e9e de lecture estim\u00e9e":"1 minute"},"schema":{"@context":"https:\/\/schema.org","@graph":[{"@type":"WebPage","@id":"https:\/\/vca2022.valadascoriel.com\/fr\/","url":"https:\/\/vca2022.valadascoriel.com\/fr\/","name":"Valadas Coriel & Associados - Sociedade de Advogados","isPartOf":{"@id":"https:\/\/vca2022.valadascoriel.com\/#website"},"datePublished":"2013-03-27T15:53:02+00:00","dateModified":"2014-10-13T16:54:24+00:00","description":"A VCA est\u00e1 na advocacia do Sec. XXI. Compreendemos a necessidade dos nossos Clientes or\u00e7amentarem e perceberem os custos legais.","breadcrumb":{"@id":"https:\/\/vca2022.valadascoriel.com\/fr\/#breadcrumb"},"inLanguage":"fr-FR","potentialAction":[{"@type":"ReadAction","target":["https:\/\/vca2022.valadascoriel.com\/fr\/"]}]},{"@type":"BreadcrumbList","@id":"https:\/\/vca2022.valadascoriel.com\/fr\/#breadcrumb","itemListElement":[{"@type":"ListItem","position":1,"name":"Home","item":"https:\/\/vca2022.valadascoriel.com\/fr\/"},{"@type":"ListItem","position":2,"name":"Accueil"}]},{"@type":"WebSite","@id":"https:\/\/vca2022.valadascoriel.com\/#website","url":"https:\/\/vca2022.valadascoriel.com\/","name":"Valadas Coriel &amp; Associados","description":"Sociedade de Advogados RL","potentialAction":[{"@type":"SearchAction","target":{"@type":"EntryPoint","urlTemplate":"https:\/\/vca2022.valadascoriel.com\/?s={search_term_string}"},"query-input":"required name=search_term_string"}],"inLanguage":"fr-FR"}]}},"_links":{"self":[{"href":"https:\/\/vca2022.valadascoriel.com\/fr\/wp-json\/wp\/v2\/pages\/1575"}],"collection":[{"href":"https:\/\/vca2022.valadascoriel.com\/fr\/wp-json\/wp\/v2\/pages"}],"about":[{"href":"https:\/\/vca2022.valadascoriel.com\/fr\/wp-json\/wp\/v2\/types\/page"}],"author":[{"embeddable":true,"href":"https:\/\/vca2022.valadascoriel.com\/fr\/wp-json\/wp\/v2\/users\/1"}],"replies":[{"embeddable":true,"href":"https:\/\/vca2022.valadascoriel.com\/fr\/wp-json\/wp\/v2\/comments?post=1575"}],"version-history":[{"count":3,"href":"https:\/\/vca2022.valadascoriel.com\/fr\/wp-json\/wp\/v2\/pages\/1575\/revisions"}],"predecessor-version":[{"id":1576,"href":"https:\/\/vca2022.valadascoriel.com\/fr\/wp-json\/wp\/v2\/pages\/1575\/revisions\/1576"}],"wp:attachment":[{"href":"https:\/\/vca2022.valadascoriel.com\/fr\/wp-json\/wp\/v2\/media?parent=1575"}],"curies":[{"name":"wp","href":"https:\/\/api.w.org\/{rel}","templated":true}]}}