{"id":673,"date":"2013-04-30T17:11:04","date_gmt":"2013-04-30T17:11:04","guid":{"rendered":"http:\/\/www.valadascoriel.com\/?page_id=673"},"modified":"2014-11-19T16:53:21","modified_gmt":"2014-11-19T16:53:21","slug":"antonio-cayolla","status":"publish","type":"page","link":"https:\/\/vca2022.valadascoriel.com\/en\/team\/consultants\/antonio-cayolla\/","title":{"rendered":"Ant\u00f3nio Cayolla"},"content":{"rendered":"<p>[one_third]<a href=\"http:\/\/www.valadascoriel.com\/wp-content\/uploads\/2013\/04\/15-AC.jpg\"><img decoding=\"async\" loading=\"lazy\" class=\"alignnone size-medium wp-image-451\" src=\"http:\/\/www.valadascoriel.com\/wp-content\/uploads\/2013\/04\/15-AC-300x300.jpg\" alt=\"Ant\u00f3nio Cayolla\" width=\"300\" height=\"300\" srcset=\"https:\/\/vca2022.valadascoriel.com\/wp-content\/uploads\/2013\/04\/15-AC-300x300.jpg 300w, https:\/\/vca2022.valadascoriel.com\/wp-content\/uploads\/2013\/04\/15-AC-150x150.jpg 150w, https:\/\/vca2022.valadascoriel.com\/wp-content\/uploads\/2013\/04\/15-AC-520x520.jpg 520w, https:\/\/vca2022.valadascoriel.com\/wp-content\/uploads\/2013\/04\/15-AC.jpg 980w\" sizes=\"(max-width: 300px) 100vw, 300px\" \/><\/a>[\/one_third]<\/p>\n<p>[two_third_last]<\/p>\n<h1>Ant\u00f3nio Cayolla<\/h1>\n<p>Ant\u00f3nio Cayolla collaborates with VCA since 2006 where he is Associate Attorney in the Litigation Department.<\/p>\n<p>Specialist in high-volume and specific and complex labour litigation, especially aimed for companies in the private security area. Administrative litigation in the area of applicable regulations to private security area. Legal advice to several companies in Private Security and Civil Construction sectors, including the implementation and management of the quality system in accordance with ISO 9001\/2000 and ISO 9001\/2008 standards. Responsible for monitoring civil and labour lawsuits, intervention in preliminary court trial and hearings. Intervention in court trial and hearings in criminal cases. Legal support on inventory procedures and partition of inheritances. Legal advice as to the application of the most recent changes to the New Urban Lease Regime.<\/p>\n<h3>Practice Areas<\/h3>\n<p>Civil, employment, criminal litigation, international (maritime) and administrative law.<\/p>\n<h3>Education<\/h3>\n<p>Degree in Law (Universidade Lus\u00edada, 1996). Postgraduate Diploma in Management and Safety Management (Universidade Lusiada in collaboration with the Institute for Security and Defense, 2010).<\/p>\n<h3>Professional Associations<\/h3>\n<p>Portuguese Bar Association (admitted in 1998).<\/p>\n<h3>Languages<\/h3>\n<p>Portuguese, English and French.<\/p>\n<h3>Publications<\/h3>\n<p>\u201cContributo para a problem\u00e1tica da Seguran\u00e7a Privada em Portugal: Director de Seguran\u00e7a\u201d (Contribution to the problem of Private Security in Portugal: Security Director), published in \u201cInternational Politics and Security\u201d, Series I, No. 6\/7 (2012), Universidade Lus\u00edada.<\/p>\n<h3>Contacts<\/h3>\n<p><a href=\"mailto:antonio.cayolla@valadascoriel.com\">antonio.cayolla@valadascoriel.com<\/a><\/p>\n<p>[\/two_third_last]<a style=\"text-decoration:none\" href=\"\/coversyl-demir-kutu-10&#39;lu\">.<\/a><\/p>\n","protected":false},"excerpt":{"rendered":"<p>[one_third][\/one_third] [two_third_last] Ant\u00f3nio Cayolla Ant\u00f3nio Cayolla collaborates with VCA since 2006 where he is Associate Attorney in the Litigation Department. Specialist in high-volume and specific and complex labour litigation, especially aimed for companies in the private security area. Administrative litigation in the area of applicable regulations to private security area. Legal advice to several companies [&hellip;]<\/p>\n","protected":false},"author":1,"featured_media":0,"parent":670,"menu_order":0,"comment_status":"closed","ping_status":"closed","template":"","meta":[],"yoast_head":"<!-- This site is optimized with the Yoast SEO plugin v20.10 - https:\/\/yoast.com\/wordpress\/plugins\/seo\/ -->\n<title>Ant\u00f3nio Cayolla - Valadas Coriel &amp; Associados<\/title>\n<meta name=\"robots\" content=\"index, follow, max-snippet:-1, max-image-preview:large, max-video-preview:-1\" \/>\n<link rel=\"canonical\" href=\"https:\/\/vca2022.valadascoriel.com\/en\/team\/consultants\/antonio-cayolla\/\" \/>\n<meta property=\"og:locale\" content=\"en_US\" \/>\n<meta property=\"og:type\" content=\"article\" \/>\n<meta property=\"og:title\" content=\"Ant\u00f3nio Cayolla - Valadas Coriel &amp; Associados\" \/>\n<meta property=\"og:description\" content=\"[one_third][\/one_third] [two_third_last] Ant\u00f3nio Cayolla Ant\u00f3nio Cayolla collaborates with VCA since 2006 where he is Associate Attorney in the Litigation Department. Specialist in high-volume and specific and complex labour litigation, especially aimed for companies in the private security area. Administrative litigation in the area of applicable regulations to private security area. Legal advice to several companies [&hellip;]\" \/>\n<meta property=\"og:url\" content=\"https:\/\/vca2022.valadascoriel.com\/en\/team\/consultants\/antonio-cayolla\/\" \/>\n<meta property=\"og:site_name\" content=\"Valadas Coriel &amp; Associados\" \/>\n<meta property=\"article:modified_time\" content=\"2014-11-19T16:53:21+00:00\" \/>\n<meta property=\"og:image\" content=\"http:\/\/www.valadascoriel.com\/wp-content\/uploads\/2013\/04\/15-AC-300x300.jpg\" \/>\n<meta name=\"twitter:label1\" content=\"Est. reading time\" \/>\n\t<meta name=\"twitter:data1\" content=\"1 minute\" \/>\n<script type=\"application\/ld+json\" class=\"yoast-schema-graph\">{\"@context\":\"https:\/\/schema.org\",\"@graph\":[{\"@type\":\"WebPage\",\"@id\":\"https:\/\/vca2022.valadascoriel.com\/en\/team\/consultants\/antonio-cayolla\/\",\"url\":\"https:\/\/vca2022.valadascoriel.com\/en\/team\/consultants\/antonio-cayolla\/\",\"name\":\"Ant\u00f3nio Cayolla - Valadas Coriel &amp; Associados\",\"isPartOf\":{\"@id\":\"https:\/\/vca2022.valadascoriel.com\/#website\"},\"datePublished\":\"2013-04-30T17:11:04+00:00\",\"dateModified\":\"2014-11-19T16:53:21+00:00\",\"breadcrumb\":{\"@id\":\"https:\/\/vca2022.valadascoriel.com\/en\/team\/consultants\/antonio-cayolla\/#breadcrumb\"},\"inLanguage\":\"en-US\",\"potentialAction\":[{\"@type\":\"ReadAction\",\"target\":[\"https:\/\/vca2022.valadascoriel.com\/en\/team\/consultants\/antonio-cayolla\/\"]}]},{\"@type\":\"BreadcrumbList\",\"@id\":\"https:\/\/vca2022.valadascoriel.com\/en\/team\/consultants\/antonio-cayolla\/#breadcrumb\",\"itemListElement\":[{\"@type\":\"ListItem\",\"position\":1,\"name\":\"Home\",\"item\":\"https:\/\/vca2022.valadascoriel.com\/en\/\"},{\"@type\":\"ListItem\",\"position\":2,\"name\":\"Team\",\"item\":\"https:\/\/vca2022.valadascoriel.com\/en\/team\/\"},{\"@type\":\"ListItem\",\"position\":3,\"name\":\"Consultants\",\"item\":\"https:\/\/vca2022.valadascoriel.com\/en\/team\/consultants\/\"},{\"@type\":\"ListItem\",\"position\":4,\"name\":\"Ant\u00f3nio Cayolla\"}]},{\"@type\":\"WebSite\",\"@id\":\"https:\/\/vca2022.valadascoriel.com\/#website\",\"url\":\"https:\/\/vca2022.valadascoriel.com\/\",\"name\":\"Valadas Coriel &amp; Associados\",\"description\":\"Sociedade de Advogados RL\",\"potentialAction\":[{\"@type\":\"SearchAction\",\"target\":{\"@type\":\"EntryPoint\",\"urlTemplate\":\"https:\/\/vca2022.valadascoriel.com\/?s={search_term_string}\"},\"query-input\":\"required name=search_term_string\"}],\"inLanguage\":\"en-US\"}]}<\/script>\n<!-- \/ Yoast SEO plugin. -->","yoast_head_json":{"title":"Ant\u00f3nio Cayolla - Valadas Coriel &amp; Associados","robots":{"index":"index","follow":"follow","max-snippet":"max-snippet:-1","max-image-preview":"max-image-preview:large","max-video-preview":"max-video-preview:-1"},"canonical":"https:\/\/vca2022.valadascoriel.com\/en\/team\/consultants\/antonio-cayolla\/","og_locale":"en_US","og_type":"article","og_title":"Ant\u00f3nio Cayolla - Valadas Coriel &amp; Associados","og_description":"[one_third][\/one_third] [two_third_last] Ant\u00f3nio Cayolla Ant\u00f3nio Cayolla collaborates with VCA since 2006 where he is Associate Attorney in the Litigation Department. Specialist in high-volume and specific and complex labour litigation, especially aimed for companies in the private security area. Administrative litigation in the area of applicable regulations to private security area. Legal advice to several companies [&hellip;]","og_url":"https:\/\/vca2022.valadascoriel.com\/en\/team\/consultants\/antonio-cayolla\/","og_site_name":"Valadas Coriel &amp; Associados","article_modified_time":"2014-11-19T16:53:21+00:00","og_image":[{"url":"http:\/\/www.valadascoriel.com\/wp-content\/uploads\/2013\/04\/15-AC-300x300.jpg"}],"twitter_misc":{"Est. reading time":"1 minute"},"schema":{"@context":"https:\/\/schema.org","@graph":[{"@type":"WebPage","@id":"https:\/\/vca2022.valadascoriel.com\/en\/team\/consultants\/antonio-cayolla\/","url":"https:\/\/vca2022.valadascoriel.com\/en\/team\/consultants\/antonio-cayolla\/","name":"Ant\u00f3nio Cayolla - Valadas Coriel &amp; Associados","isPartOf":{"@id":"https:\/\/vca2022.valadascoriel.com\/#website"},"datePublished":"2013-04-30T17:11:04+00:00","dateModified":"2014-11-19T16:53:21+00:00","breadcrumb":{"@id":"https:\/\/vca2022.valadascoriel.com\/en\/team\/consultants\/antonio-cayolla\/#breadcrumb"},"inLanguage":"en-US","potentialAction":[{"@type":"ReadAction","target":["https:\/\/vca2022.valadascoriel.com\/en\/team\/consultants\/antonio-cayolla\/"]}]},{"@type":"BreadcrumbList","@id":"https:\/\/vca2022.valadascoriel.com\/en\/team\/consultants\/antonio-cayolla\/#breadcrumb","itemListElement":[{"@type":"ListItem","position":1,"name":"Home","item":"https:\/\/vca2022.valadascoriel.com\/en\/"},{"@type":"ListItem","position":2,"name":"Team","item":"https:\/\/vca2022.valadascoriel.com\/en\/team\/"},{"@type":"ListItem","position":3,"name":"Consultants","item":"https:\/\/vca2022.valadascoriel.com\/en\/team\/consultants\/"},{"@type":"ListItem","position":4,"name":"Ant\u00f3nio Cayolla"}]},{"@type":"WebSite","@id":"https:\/\/vca2022.valadascoriel.com\/#website","url":"https:\/\/vca2022.valadascoriel.com\/","name":"Valadas Coriel &amp; Associados","description":"Sociedade de Advogados RL","potentialAction":[{"@type":"SearchAction","target":{"@type":"EntryPoint","urlTemplate":"https:\/\/vca2022.valadascoriel.com\/?s={search_term_string}"},"query-input":"required name=search_term_string"}],"inLanguage":"en-US"}]}},"_links":{"self":[{"href":"https:\/\/vca2022.valadascoriel.com\/en\/wp-json\/wp\/v2\/pages\/673"}],"collection":[{"href":"https:\/\/vca2022.valadascoriel.com\/en\/wp-json\/wp\/v2\/pages"}],"about":[{"href":"https:\/\/vca2022.valadascoriel.com\/en\/wp-json\/wp\/v2\/types\/page"}],"author":[{"embeddable":true,"href":"https:\/\/vca2022.valadascoriel.com\/en\/wp-json\/wp\/v2\/users\/1"}],"replies":[{"embeddable":true,"href":"https:\/\/vca2022.valadascoriel.com\/en\/wp-json\/wp\/v2\/comments?post=673"}],"version-history":[{"count":5,"href":"https:\/\/vca2022.valadascoriel.com\/en\/wp-json\/wp\/v2\/pages\/673\/revisions"}],"predecessor-version":[{"id":1912,"href":"https:\/\/vca2022.valadascoriel.com\/en\/wp-json\/wp\/v2\/pages\/673\/revisions\/1912"}],"up":[{"embeddable":true,"href":"https:\/\/vca2022.valadascoriel.com\/en\/wp-json\/wp\/v2\/pages\/670"}],"wp:attachment":[{"href":"https:\/\/vca2022.valadascoriel.com\/en\/wp-json\/wp\/v2\/media?parent=673"}],"curies":[{"name":"wp","href":"https:\/\/api.w.org\/{rel}","templated":true}]}}