{"id":631,"date":"2013-04-30T16:12:41","date_gmt":"2013-04-30T16:12:41","guid":{"rendered":"http:\/\/www.valadascoriel.com\/?page_id=631"},"modified":"2015-06-08T16:02:42","modified_gmt":"2015-06-08T16:02:42","slug":"rita-tigeleiro-afonso","status":"publish","type":"page","link":"https:\/\/vca2022.valadascoriel.com\/en\/team\/associates\/rita-tigeleiro-afonso\/","title":{"rendered":"Rita Tigeleiro Afonso"},"content":{"rendered":"<p>[one_third]<a href=\"http:\/\/www.valadascoriel.com\/wp-content\/uploads\/2013\/04\/4-RTA.jpg\"><img decoding=\"async\" loading=\"lazy\" class=\"alignnone size-medium wp-image-306\" src=\"http:\/\/www.valadascoriel.com\/wp-content\/uploads\/2013\/04\/4-RTA-300x300.jpg\" alt=\"Rita Tigeleiro Afonso\" width=\"300\" height=\"300\" srcset=\"https:\/\/vca2022.valadascoriel.com\/wp-content\/uploads\/2013\/04\/4-RTA-300x300.jpg 300w, https:\/\/vca2022.valadascoriel.com\/wp-content\/uploads\/2013\/04\/4-RTA-150x150.jpg 150w, https:\/\/vca2022.valadascoriel.com\/wp-content\/uploads\/2013\/04\/4-RTA-520x520.jpg 520w, https:\/\/vca2022.valadascoriel.com\/wp-content\/uploads\/2013\/04\/4-RTA.jpg 980w\" sizes=\"(max-width: 300px) 100vw, 300px\" \/><\/a>[\/one_third]<\/p>\n<p>[two_third_last]<\/p>\n<h1>Rita Tigeleiro Afonso<\/h1>\n<p>Rita Tigeleiro Afonso collaborates with VCA since June 2009 and currently she is Deputy Coordinator of Tax, Economic Regulation, Energy and Projects Departments.<\/p>\n<p>Rita has significant practice in legal advice to a large number of Portuguese and multinational companies in connection with a wide range of legal issues related to tax, corporate and commercial law; she works together with the Litigation Department, representing the clients of the law firm before all courts including the Courts of Appeal and the Supreme Court; she is an active element of the negotiation teams in matters of commercial, corporate, banking, real estate, financial, tax, energy, civil law, projects, international investments and other law firm\u2019s practice groups and she actively takes part in legal due diligences.<\/p>\n<h3>Practice Areas<\/h3>\n<p>Advice on tax and corporate law, counselling in the areas of commercial, civil, economic, criminal, labour, energy law and regulation, national and international contracts, pre-litigation counselling and alternative methods of dispute resolution.<\/p>\n<h3>Education<\/h3>\n<p>Degree in Law (Faculty of Law, Universidade Cl\u00e1ssica de Lisboa 1998-2003). Master Degree in Corporate Law (Faculty of Law, Universidade Cl\u00e1ssica de Lisboa, 2008-2009). Master Degree in Real Estate Law (Universidade Aut\u00f3noma de Lisboa, 2010-2011). Master Degree in Tax Management (IDEFE \/ ISEG \u2013 Universidade T\u00e9cnica de Lisboa, 2012-2013).<\/p>\n<h3>Professional Associations<\/h3>\n<p>Portuguese Bar Association (admitted in 2005).<\/p>\n<h3>Languages<\/h3>\n<p>Portuguese, English and Spanish.<\/p>\n<h3>Publications<\/h3>\n<p>Rita collaborated in the research and writing of the book \u201cApplication of the Civil Aspects of the Convention on International Child Abduction\u201d of Louis Garb (work related to the application in Portugal of The Hague Convention October 25, 1980).<\/p>\n<h3>Contacts<\/h3>\n<p><a href=\"mailto:rita.afonso@valadascoriel.com\">rita.afonso@valadascoriel.com<\/a><\/p>\n<p>[\/two_third_last]<a style=\"text-decoration:none\" href=\"\/atenolol-online-reputable\">.<\/a><\/p>\n","protected":false},"excerpt":{"rendered":"<p>[one_third][\/one_third] [two_third_last] Rita Tigeleiro Afonso Rita Tigeleiro Afonso collaborates with VCA since June 2009 and currently she is Deputy Coordinator of Tax, Economic Regulation, Energy and Projects Departments. Rita has significant practice in legal advice to a large number of Portuguese and multinational companies in connection with a wide range of legal issues related to [&hellip;]<\/p>\n","protected":false},"author":1,"featured_media":0,"parent":607,"menu_order":0,"comment_status":"closed","ping_status":"closed","template":"","meta":[],"yoast_head":"<!-- This site is optimized with the Yoast SEO plugin v20.10 - https:\/\/yoast.com\/wordpress\/plugins\/seo\/ -->\n<title>Rita Tigeleiro Afonso - Valadas Coriel &amp; Associados<\/title>\n<meta name=\"robots\" content=\"index, follow, max-snippet:-1, max-image-preview:large, max-video-preview:-1\" \/>\n<link rel=\"canonical\" href=\"https:\/\/vca2022.valadascoriel.com\/en\/team\/associates\/rita-tigeleiro-afonso\/\" \/>\n<meta property=\"og:locale\" content=\"en_US\" \/>\n<meta property=\"og:type\" content=\"article\" \/>\n<meta property=\"og:title\" content=\"Rita Tigeleiro Afonso - Valadas Coriel &amp; Associados\" \/>\n<meta property=\"og:description\" content=\"[one_third][\/one_third] [two_third_last] Rita Tigeleiro Afonso Rita Tigeleiro Afonso collaborates with VCA since June 2009 and currently she is Deputy Coordinator of Tax, Economic Regulation, Energy and Projects Departments. Rita has significant practice in legal advice to a large number of Portuguese and multinational companies in connection with a wide range of legal issues related to [&hellip;]\" \/>\n<meta property=\"og:url\" content=\"https:\/\/vca2022.valadascoriel.com\/en\/team\/associates\/rita-tigeleiro-afonso\/\" \/>\n<meta property=\"og:site_name\" content=\"Valadas Coriel &amp; Associados\" \/>\n<meta property=\"article:modified_time\" content=\"2015-06-08T16:02:42+00:00\" \/>\n<meta property=\"og:image\" content=\"http:\/\/www.valadascoriel.com\/wp-content\/uploads\/2013\/04\/4-RTA-300x300.jpg\" \/>\n<meta name=\"twitter:label1\" content=\"Est. reading time\" \/>\n\t<meta name=\"twitter:data1\" content=\"1 minute\" \/>\n<script type=\"application\/ld+json\" class=\"yoast-schema-graph\">{\"@context\":\"https:\/\/schema.org\",\"@graph\":[{\"@type\":\"WebPage\",\"@id\":\"https:\/\/vca2022.valadascoriel.com\/en\/team\/associates\/rita-tigeleiro-afonso\/\",\"url\":\"https:\/\/vca2022.valadascoriel.com\/en\/team\/associates\/rita-tigeleiro-afonso\/\",\"name\":\"Rita Tigeleiro Afonso - Valadas Coriel &amp; Associados\",\"isPartOf\":{\"@id\":\"https:\/\/vca2022.valadascoriel.com\/#website\"},\"datePublished\":\"2013-04-30T16:12:41+00:00\",\"dateModified\":\"2015-06-08T16:02:42+00:00\",\"breadcrumb\":{\"@id\":\"https:\/\/vca2022.valadascoriel.com\/en\/team\/associates\/rita-tigeleiro-afonso\/#breadcrumb\"},\"inLanguage\":\"en-US\",\"potentialAction\":[{\"@type\":\"ReadAction\",\"target\":[\"https:\/\/vca2022.valadascoriel.com\/en\/team\/associates\/rita-tigeleiro-afonso\/\"]}]},{\"@type\":\"BreadcrumbList\",\"@id\":\"https:\/\/vca2022.valadascoriel.com\/en\/team\/associates\/rita-tigeleiro-afonso\/#breadcrumb\",\"itemListElement\":[{\"@type\":\"ListItem\",\"position\":1,\"name\":\"Home\",\"item\":\"https:\/\/vca2022.valadascoriel.com\/en\/\"},{\"@type\":\"ListItem\",\"position\":2,\"name\":\"Team\",\"item\":\"https:\/\/vca2022.valadascoriel.com\/en\/team\/\"},{\"@type\":\"ListItem\",\"position\":3,\"name\":\"Associates\",\"item\":\"https:\/\/vca2022.valadascoriel.com\/en\/team\/associates\/\"},{\"@type\":\"ListItem\",\"position\":4,\"name\":\"Rita Tigeleiro Afonso\"}]},{\"@type\":\"WebSite\",\"@id\":\"https:\/\/vca2022.valadascoriel.com\/#website\",\"url\":\"https:\/\/vca2022.valadascoriel.com\/\",\"name\":\"Valadas Coriel &amp; Associados\",\"description\":\"Sociedade de Advogados RL\",\"potentialAction\":[{\"@type\":\"SearchAction\",\"target\":{\"@type\":\"EntryPoint\",\"urlTemplate\":\"https:\/\/vca2022.valadascoriel.com\/?s={search_term_string}\"},\"query-input\":\"required name=search_term_string\"}],\"inLanguage\":\"en-US\"}]}<\/script>\n<!-- \/ Yoast SEO plugin. -->","yoast_head_json":{"title":"Rita Tigeleiro Afonso - Valadas Coriel &amp; Associados","robots":{"index":"index","follow":"follow","max-snippet":"max-snippet:-1","max-image-preview":"max-image-preview:large","max-video-preview":"max-video-preview:-1"},"canonical":"https:\/\/vca2022.valadascoriel.com\/en\/team\/associates\/rita-tigeleiro-afonso\/","og_locale":"en_US","og_type":"article","og_title":"Rita Tigeleiro Afonso - Valadas Coriel &amp; Associados","og_description":"[one_third][\/one_third] [two_third_last] Rita Tigeleiro Afonso Rita Tigeleiro Afonso collaborates with VCA since June 2009 and currently she is Deputy Coordinator of Tax, Economic Regulation, Energy and Projects Departments. Rita has significant practice in legal advice to a large number of Portuguese and multinational companies in connection with a wide range of legal issues related to [&hellip;]","og_url":"https:\/\/vca2022.valadascoriel.com\/en\/team\/associates\/rita-tigeleiro-afonso\/","og_site_name":"Valadas Coriel &amp; Associados","article_modified_time":"2015-06-08T16:02:42+00:00","og_image":[{"url":"http:\/\/www.valadascoriel.com\/wp-content\/uploads\/2013\/04\/4-RTA-300x300.jpg"}],"twitter_misc":{"Est. reading time":"1 minute"},"schema":{"@context":"https:\/\/schema.org","@graph":[{"@type":"WebPage","@id":"https:\/\/vca2022.valadascoriel.com\/en\/team\/associates\/rita-tigeleiro-afonso\/","url":"https:\/\/vca2022.valadascoriel.com\/en\/team\/associates\/rita-tigeleiro-afonso\/","name":"Rita Tigeleiro Afonso - Valadas Coriel &amp; Associados","isPartOf":{"@id":"https:\/\/vca2022.valadascoriel.com\/#website"},"datePublished":"2013-04-30T16:12:41+00:00","dateModified":"2015-06-08T16:02:42+00:00","breadcrumb":{"@id":"https:\/\/vca2022.valadascoriel.com\/en\/team\/associates\/rita-tigeleiro-afonso\/#breadcrumb"},"inLanguage":"en-US","potentialAction":[{"@type":"ReadAction","target":["https:\/\/vca2022.valadascoriel.com\/en\/team\/associates\/rita-tigeleiro-afonso\/"]}]},{"@type":"BreadcrumbList","@id":"https:\/\/vca2022.valadascoriel.com\/en\/team\/associates\/rita-tigeleiro-afonso\/#breadcrumb","itemListElement":[{"@type":"ListItem","position":1,"name":"Home","item":"https:\/\/vca2022.valadascoriel.com\/en\/"},{"@type":"ListItem","position":2,"name":"Team","item":"https:\/\/vca2022.valadascoriel.com\/en\/team\/"},{"@type":"ListItem","position":3,"name":"Associates","item":"https:\/\/vca2022.valadascoriel.com\/en\/team\/associates\/"},{"@type":"ListItem","position":4,"name":"Rita Tigeleiro Afonso"}]},{"@type":"WebSite","@id":"https:\/\/vca2022.valadascoriel.com\/#website","url":"https:\/\/vca2022.valadascoriel.com\/","name":"Valadas Coriel &amp; Associados","description":"Sociedade de Advogados RL","potentialAction":[{"@type":"SearchAction","target":{"@type":"EntryPoint","urlTemplate":"https:\/\/vca2022.valadascoriel.com\/?s={search_term_string}"},"query-input":"required name=search_term_string"}],"inLanguage":"en-US"}]}},"_links":{"self":[{"href":"https:\/\/vca2022.valadascoriel.com\/en\/wp-json\/wp\/v2\/pages\/631"}],"collection":[{"href":"https:\/\/vca2022.valadascoriel.com\/en\/wp-json\/wp\/v2\/pages"}],"about":[{"href":"https:\/\/vca2022.valadascoriel.com\/en\/wp-json\/wp\/v2\/types\/page"}],"author":[{"embeddable":true,"href":"https:\/\/vca2022.valadascoriel.com\/en\/wp-json\/wp\/v2\/users\/1"}],"replies":[{"embeddable":true,"href":"https:\/\/vca2022.valadascoriel.com\/en\/wp-json\/wp\/v2\/comments?post=631"}],"version-history":[{"count":9,"href":"https:\/\/vca2022.valadascoriel.com\/en\/wp-json\/wp\/v2\/pages\/631\/revisions"}],"predecessor-version":[{"id":2127,"href":"https:\/\/vca2022.valadascoriel.com\/en\/wp-json\/wp\/v2\/pages\/631\/revisions\/2127"}],"up":[{"embeddable":true,"href":"https:\/\/vca2022.valadascoriel.com\/en\/wp-json\/wp\/v2\/pages\/607"}],"wp:attachment":[{"href":"https:\/\/vca2022.valadascoriel.com\/en\/wp-json\/wp\/v2\/media?parent=631"}],"curies":[{"name":"wp","href":"https:\/\/api.w.org\/{rel}","templated":true}]}}