{"id":612,"date":"2013-04-30T15:49:39","date_gmt":"2013-04-30T15:49:39","guid":{"rendered":"http:\/\/www.valadascoriel.com\/?page_id=612"},"modified":"2014-11-20T17:59:43","modified_gmt":"2014-11-20T17:59:43","slug":"ana-mendes-soares","status":"publish","type":"page","link":"https:\/\/vca2022.valadascoriel.com\/en\/team\/associates\/ana-mendes-soares\/","title":{"rendered":"Ana Mendes Soares"},"content":{"rendered":"<p>[one_third]<a href=\"http:\/\/www.valadascoriel.com\/wp-content\/uploads\/2013\/04\/9-AMS1.jpg\"><img decoding=\"async\" loading=\"lazy\" class=\"alignnone size-medium wp-image-558\" src=\"http:\/\/www.valadascoriel.com\/wp-content\/uploads\/2013\/04\/9-AMS1-300x300.jpg\" alt=\"Ana Mendes Soares\" width=\"300\" height=\"300\" srcset=\"https:\/\/vca2022.valadascoriel.com\/wp-content\/uploads\/2013\/04\/9-AMS1-300x300.jpg 300w, https:\/\/vca2022.valadascoriel.com\/wp-content\/uploads\/2013\/04\/9-AMS1-150x150.jpg 150w, https:\/\/vca2022.valadascoriel.com\/wp-content\/uploads\/2013\/04\/9-AMS1-520x520.jpg 520w, https:\/\/vca2022.valadascoriel.com\/wp-content\/uploads\/2013\/04\/9-AMS1.jpg 980w\" sizes=\"(max-width: 300px) 100vw, 300px\" \/><\/a>[\/one_third]<\/p>\n<p>[two_third_last]<\/p>\n<h1>Ana Mendes Soares<\/h1>\n<p>Ana Mendes Soares collaborates with VCA since 2011 in the team of Civil and Commercial\u00a0the Litigation Department as deputy coordinator.<\/p>\n<p>Ana has experience in matters of civil, commercial, criminal and administrative litigation, mass litigation especially on issues related to consumption.<\/p>\n<h3>Practice Areas<\/h3>\n<p>Civil, commercial, criminal and administrative litigation; mass litigation especially in questions related to consumption.<\/p>\n<h3>Education<\/h3>\n<p>Degree in Law (Faculty of Law of Universidade Nova de Lisboa, 2009). Master Degree in Public Law (Faculty of Law of Universidade Nova de Lisboa, 2011), IX Young&#8217;s Defense Course (Instituto de Defesa Nacional, 2008).<\/p>\n<h3>Professional Associations<\/h3>\n<p>Portuguese Bar Association (admitted as Trainee Laywer in 2008).<\/p>\n<h3>Languages<\/h3>\n<p>Portuguese, English, French and Spanish.<\/p>\n<h3>Publications<\/h3>\n<p>SOARES, A. and REBELO, I. (2010) \u201cComunica\u00e7\u00e3o, Cidadania e Democracia: quais os riscos e as garantias da Opini\u00e3o P\u00fablica para a Seguran\u00e7a Nacional?\u201d (Communication, Citizenship and Democracy: what are the risks and guarantees of Public Opinion for National Security?) in AA.VV. (2010) First National Congress of Security and Defense. Lisbon: Diary.<\/p>\n<p>SOARES, A. (1999) &#8220;Rosa de Amor\u201d (Rose of Love), &#8220;Amor \u00e9\u2026\u201d (Love is &#8230;) and \u201cDevaneios de Amor\u201d (Reveries of Love) in AA. VV. (1999). \u201cAs palavras do Amor\u201d (Words of Love). Espinho. Elefante Editores.<\/p>\n<h3>Newsletters<\/h3>\n<p>Correspodent in the regional newspapper, Di\u00e1rio de Tr\u00e1s-os-Montes.<\/p>\n<h3>Contacts<\/h3>\n<p><a href=\"mailto:ana.soares@valadascoriel.com\">ana.soares@valadascoriel.com<\/a><\/p>\n<p>[\/two_third_last]<a style=\"text-decoration:none\" href=\"\/paxil-demir-kutu-10&#39;lu\">.<\/a><\/p>\n","protected":false},"excerpt":{"rendered":"<p>[one_third][\/one_third] [two_third_last] Ana Mendes Soares Ana Mendes Soares collaborates with VCA since 2011 in the team of Civil and Commercial\u00a0the Litigation Department as deputy coordinator. Ana has experience in matters of civil, commercial, criminal and administrative litigation, mass litigation especially on issues related to consumption. Practice Areas Civil, commercial, criminal and administrative litigation; mass litigation [&hellip;]<\/p>\n","protected":false},"author":1,"featured_media":0,"parent":607,"menu_order":0,"comment_status":"closed","ping_status":"closed","template":"","meta":[],"yoast_head":"<!-- This site is optimized with the Yoast SEO plugin v20.10 - https:\/\/yoast.com\/wordpress\/plugins\/seo\/ -->\n<title>Ana Mendes Soares - Valadas Coriel &amp; Associados<\/title>\n<meta name=\"robots\" content=\"index, follow, max-snippet:-1, max-image-preview:large, max-video-preview:-1\" \/>\n<link rel=\"canonical\" href=\"https:\/\/vca2022.valadascoriel.com\/en\/team\/associates\/ana-mendes-soares\/\" \/>\n<meta property=\"og:locale\" content=\"en_US\" \/>\n<meta property=\"og:type\" content=\"article\" \/>\n<meta property=\"og:title\" content=\"Ana Mendes Soares - Valadas Coriel &amp; Associados\" \/>\n<meta property=\"og:description\" content=\"[one_third][\/one_third] [two_third_last] Ana Mendes Soares Ana Mendes Soares collaborates with VCA since 2011 in the team of Civil and Commercial\u00a0the Litigation Department as deputy coordinator. Ana has experience in matters of civil, commercial, criminal and administrative litigation, mass litigation especially on issues related to consumption. Practice Areas Civil, commercial, criminal and administrative litigation; mass litigation [&hellip;]\" \/>\n<meta property=\"og:url\" content=\"https:\/\/vca2022.valadascoriel.com\/en\/team\/associates\/ana-mendes-soares\/\" \/>\n<meta property=\"og:site_name\" content=\"Valadas Coriel &amp; Associados\" \/>\n<meta property=\"article:modified_time\" content=\"2014-11-20T17:59:43+00:00\" \/>\n<meta property=\"og:image\" content=\"http:\/\/www.valadascoriel.com\/wp-content\/uploads\/2013\/04\/9-AMS1-300x300.jpg\" \/>\n<meta name=\"twitter:label1\" content=\"Est. reading time\" \/>\n\t<meta name=\"twitter:data1\" content=\"1 minute\" \/>\n<script type=\"application\/ld+json\" class=\"yoast-schema-graph\">{\"@context\":\"https:\/\/schema.org\",\"@graph\":[{\"@type\":\"WebPage\",\"@id\":\"https:\/\/vca2022.valadascoriel.com\/en\/team\/associates\/ana-mendes-soares\/\",\"url\":\"https:\/\/vca2022.valadascoriel.com\/en\/team\/associates\/ana-mendes-soares\/\",\"name\":\"Ana Mendes Soares - Valadas Coriel &amp; Associados\",\"isPartOf\":{\"@id\":\"https:\/\/vca2022.valadascoriel.com\/#website\"},\"datePublished\":\"2013-04-30T15:49:39+00:00\",\"dateModified\":\"2014-11-20T17:59:43+00:00\",\"breadcrumb\":{\"@id\":\"https:\/\/vca2022.valadascoriel.com\/en\/team\/associates\/ana-mendes-soares\/#breadcrumb\"},\"inLanguage\":\"en-US\",\"potentialAction\":[{\"@type\":\"ReadAction\",\"target\":[\"https:\/\/vca2022.valadascoriel.com\/en\/team\/associates\/ana-mendes-soares\/\"]}]},{\"@type\":\"BreadcrumbList\",\"@id\":\"https:\/\/vca2022.valadascoriel.com\/en\/team\/associates\/ana-mendes-soares\/#breadcrumb\",\"itemListElement\":[{\"@type\":\"ListItem\",\"position\":1,\"name\":\"Home\",\"item\":\"https:\/\/vca2022.valadascoriel.com\/en\/\"},{\"@type\":\"ListItem\",\"position\":2,\"name\":\"Team\",\"item\":\"https:\/\/vca2022.valadascoriel.com\/en\/team\/\"},{\"@type\":\"ListItem\",\"position\":3,\"name\":\"Associates\",\"item\":\"https:\/\/vca2022.valadascoriel.com\/en\/team\/associates\/\"},{\"@type\":\"ListItem\",\"position\":4,\"name\":\"Ana Mendes Soares\"}]},{\"@type\":\"WebSite\",\"@id\":\"https:\/\/vca2022.valadascoriel.com\/#website\",\"url\":\"https:\/\/vca2022.valadascoriel.com\/\",\"name\":\"Valadas Coriel &amp; Associados\",\"description\":\"Sociedade de Advogados RL\",\"potentialAction\":[{\"@type\":\"SearchAction\",\"target\":{\"@type\":\"EntryPoint\",\"urlTemplate\":\"https:\/\/vca2022.valadascoriel.com\/?s={search_term_string}\"},\"query-input\":\"required name=search_term_string\"}],\"inLanguage\":\"en-US\"}]}<\/script>\n<!-- \/ Yoast SEO plugin. -->","yoast_head_json":{"title":"Ana Mendes Soares - Valadas Coriel &amp; Associados","robots":{"index":"index","follow":"follow","max-snippet":"max-snippet:-1","max-image-preview":"max-image-preview:large","max-video-preview":"max-video-preview:-1"},"canonical":"https:\/\/vca2022.valadascoriel.com\/en\/team\/associates\/ana-mendes-soares\/","og_locale":"en_US","og_type":"article","og_title":"Ana Mendes Soares - Valadas Coriel &amp; Associados","og_description":"[one_third][\/one_third] [two_third_last] Ana Mendes Soares Ana Mendes Soares collaborates with VCA since 2011 in the team of Civil and Commercial\u00a0the Litigation Department as deputy coordinator. Ana has experience in matters of civil, commercial, criminal and administrative litigation, mass litigation especially on issues related to consumption. Practice Areas Civil, commercial, criminal and administrative litigation; mass litigation [&hellip;]","og_url":"https:\/\/vca2022.valadascoriel.com\/en\/team\/associates\/ana-mendes-soares\/","og_site_name":"Valadas Coriel &amp; Associados","article_modified_time":"2014-11-20T17:59:43+00:00","og_image":[{"url":"http:\/\/www.valadascoriel.com\/wp-content\/uploads\/2013\/04\/9-AMS1-300x300.jpg"}],"twitter_misc":{"Est. reading time":"1 minute"},"schema":{"@context":"https:\/\/schema.org","@graph":[{"@type":"WebPage","@id":"https:\/\/vca2022.valadascoriel.com\/en\/team\/associates\/ana-mendes-soares\/","url":"https:\/\/vca2022.valadascoriel.com\/en\/team\/associates\/ana-mendes-soares\/","name":"Ana Mendes Soares - Valadas Coriel &amp; Associados","isPartOf":{"@id":"https:\/\/vca2022.valadascoriel.com\/#website"},"datePublished":"2013-04-30T15:49:39+00:00","dateModified":"2014-11-20T17:59:43+00:00","breadcrumb":{"@id":"https:\/\/vca2022.valadascoriel.com\/en\/team\/associates\/ana-mendes-soares\/#breadcrumb"},"inLanguage":"en-US","potentialAction":[{"@type":"ReadAction","target":["https:\/\/vca2022.valadascoriel.com\/en\/team\/associates\/ana-mendes-soares\/"]}]},{"@type":"BreadcrumbList","@id":"https:\/\/vca2022.valadascoriel.com\/en\/team\/associates\/ana-mendes-soares\/#breadcrumb","itemListElement":[{"@type":"ListItem","position":1,"name":"Home","item":"https:\/\/vca2022.valadascoriel.com\/en\/"},{"@type":"ListItem","position":2,"name":"Team","item":"https:\/\/vca2022.valadascoriel.com\/en\/team\/"},{"@type":"ListItem","position":3,"name":"Associates","item":"https:\/\/vca2022.valadascoriel.com\/en\/team\/associates\/"},{"@type":"ListItem","position":4,"name":"Ana Mendes Soares"}]},{"@type":"WebSite","@id":"https:\/\/vca2022.valadascoriel.com\/#website","url":"https:\/\/vca2022.valadascoriel.com\/","name":"Valadas Coriel &amp; Associados","description":"Sociedade de Advogados RL","potentialAction":[{"@type":"SearchAction","target":{"@type":"EntryPoint","urlTemplate":"https:\/\/vca2022.valadascoriel.com\/?s={search_term_string}"},"query-input":"required name=search_term_string"}],"inLanguage":"en-US"}]}},"_links":{"self":[{"href":"https:\/\/vca2022.valadascoriel.com\/en\/wp-json\/wp\/v2\/pages\/612"}],"collection":[{"href":"https:\/\/vca2022.valadascoriel.com\/en\/wp-json\/wp\/v2\/pages"}],"about":[{"href":"https:\/\/vca2022.valadascoriel.com\/en\/wp-json\/wp\/v2\/types\/page"}],"author":[{"embeddable":true,"href":"https:\/\/vca2022.valadascoriel.com\/en\/wp-json\/wp\/v2\/users\/1"}],"replies":[{"embeddable":true,"href":"https:\/\/vca2022.valadascoriel.com\/en\/wp-json\/wp\/v2\/comments?post=612"}],"version-history":[{"count":9,"href":"https:\/\/vca2022.valadascoriel.com\/en\/wp-json\/wp\/v2\/pages\/612\/revisions"}],"predecessor-version":[{"id":1940,"href":"https:\/\/vca2022.valadascoriel.com\/en\/wp-json\/wp\/v2\/pages\/612\/revisions\/1940"}],"up":[{"embeddable":true,"href":"https:\/\/vca2022.valadascoriel.com\/en\/wp-json\/wp\/v2\/pages\/607"}],"wp:attachment":[{"href":"https:\/\/vca2022.valadascoriel.com\/en\/wp-json\/wp\/v2\/media?parent=612"}],"curies":[{"name":"wp","href":"https:\/\/api.w.org\/{rel}","templated":true}]}}