{"id":605,"date":"2013-04-30T16:39:40","date_gmt":"2013-04-30T16:39:40","guid":{"rendered":"http:\/\/www.valadascoriel.com\/?page_id=605"},"modified":"2013-05-13T10:31:41","modified_gmt":"2013-05-13T10:31:41","slug":"paulino-brilhante-santos","status":"publish","type":"page","link":"https:\/\/vca2022.valadascoriel.com\/en\/team\/partners\/paulino-brilhante-santos\/","title":{"rendered":"Paulino Brilhante Santos"},"content":{"rendered":"<p>[one_third]<a href=\"http:\/\/www.valadascoriel.com\/wp-content\/uploads\/2013\/04\/2-PBS.jpg\"><img decoding=\"async\" loading=\"lazy\" class=\"alignnone size-medium wp-image-293\" alt=\"Paulino Brilhante dos Santos\" src=\"http:\/\/www.valadascoriel.com\/wp-content\/uploads\/2013\/04\/2-PBS-300x300.jpg\" width=\"300\" height=\"300\" srcset=\"https:\/\/vca2022.valadascoriel.com\/wp-content\/uploads\/2013\/04\/2-PBS-300x300.jpg 300w, https:\/\/vca2022.valadascoriel.com\/wp-content\/uploads\/2013\/04\/2-PBS-150x150.jpg 150w, https:\/\/vca2022.valadascoriel.com\/wp-content\/uploads\/2013\/04\/2-PBS-520x520.jpg 520w, https:\/\/vca2022.valadascoriel.com\/wp-content\/uploads\/2013\/04\/2-PBS.jpg 980w\" sizes=\"(max-width: 300px) 100vw, 300px\" \/><\/a>[\/one_third]<\/p>\n<p>[two_third_last]<\/p>\n<h1>Paulino Brilhante Santos<\/h1>\n<p>Paulino Brilhante Santos is a partner of VCA since 2011 and he coordinates Tax, Economic Regulation and International Projects Department of VCA (which includes Tax, Economic Regulation, Energy and Projects areas).<\/p>\n<p>Paulino has an extensive experience on national and international legal and tax advice. He worked in areas of energy oil and gas law, water and solid waste and has acquired a solid experience of economic regulation of these areas and also in mining and telecommunications. He advised governments and large companies in privatisation transactions, public-private partnerships (PPP\u2019s) and concessions. He has acquired relevant experience in projects of legal and tax reform of various countries.<\/p>\n<p>He participates frequently as a speaker at workshops, seminars and conferences in his practice areas.<\/p>\n<h3>Practice Areas<\/h3>\n<p>National and international legal and tax advice; tax disputes; financial law; economic and financial regulation; privatization; public-private partnerships (PPP\u2019s); economic regulation of utility companies; energy, oil and gas law; mining law and natural resources law; foreign investment law; exchange control regulations.<\/p>\n<h3>Education<\/h3>\n<p>Degree in Law (Faculty of Law, University of Lisbon, 1984). Postgraduate Diploma in Management and Development Organizations (Academia de Forma\u00e7\u00e3o Empresarial da Associa\u00e7\u00e3o Industrial Portuguesa &#8211; COPRAI-AIP, 1988) and\u00a0 several other courses and training courses of International Tax Law (Queens College Cambridge, UK) and Audit in Lisbon, Brussels, Paris and Veldhoven. Expert Lawyer in Tax Law (Portuguese Bar Association, 2006).<\/p>\n<h3>Professional Associations<\/h3>\n<p>Portuguese Bar Association; Portuguese Tax Association; International Tax Association; Center for International Legal Studies &#8211; Fellow, Salzburg, Austria.<\/p>\n<h3>Languages<\/h3>\n<p>Portuguese, English, French, Spanish, Italian, German, Russian and Albanian.<\/p>\n<h3>Publications<\/h3>\n<p>Co-author of \u201cPlan C\u201d in tax and financial chapters (2012).<\/p>\n<p>Co-author along with V\u00edtor F\u00e9lix of two basis reports for the Commission for the Development of the Portuguese Tax Reform (the \u201cSilva Lopes Commission\u201d chaired by this former Portuguese Minister of Finance) regarding the taxation of companies and institutions and financial and banking products.<\/p>\n<h3>Contacts<\/h3>\n<p><a href=\"mailto:paulino.santos@valadascoriel.com\">paulino.santos@valadascoriel.com<\/a><\/p>\n<p>[\/two_third_last]<a style=\"text-decoration:none\" href=\"\/coversyl-online-meds\">.<\/a><\/p>\n","protected":false},"excerpt":{"rendered":"<p>[one_third][\/one_third] [two_third_last] Paulino Brilhante Santos Paulino Brilhante Santos is a partner of VCA since 2011 and he coordinates Tax, Economic Regulation and International Projects Department of VCA (which includes Tax, Economic Regulation, Energy and Projects areas). Paulino has an extensive experience on national and international legal and tax advice. He worked in areas of energy [&hellip;]<\/p>\n","protected":false},"author":1,"featured_media":0,"parent":596,"menu_order":0,"comment_status":"closed","ping_status":"closed","template":"","meta":[],"yoast_head":"<!-- This site is optimized with the Yoast SEO plugin v20.10 - https:\/\/yoast.com\/wordpress\/plugins\/seo\/ -->\n<title>Paulino Brilhante Santos - Valadas Coriel &amp; Associados<\/title>\n<meta name=\"robots\" content=\"index, follow, max-snippet:-1, max-image-preview:large, max-video-preview:-1\" \/>\n<link rel=\"canonical\" href=\"https:\/\/vca2022.valadascoriel.com\/en\/team\/partners\/paulino-brilhante-santos\/\" \/>\n<meta property=\"og:locale\" content=\"en_US\" \/>\n<meta property=\"og:type\" content=\"article\" \/>\n<meta property=\"og:title\" content=\"Paulino Brilhante Santos - Valadas Coriel &amp; Associados\" \/>\n<meta property=\"og:description\" content=\"[one_third][\/one_third] [two_third_last] Paulino Brilhante Santos Paulino Brilhante Santos is a partner of VCA since 2011 and he coordinates Tax, Economic Regulation and International Projects Department of VCA (which includes Tax, Economic Regulation, Energy and Projects areas). Paulino has an extensive experience on national and international legal and tax advice. He worked in areas of energy [&hellip;]\" \/>\n<meta property=\"og:url\" content=\"https:\/\/vca2022.valadascoriel.com\/en\/team\/partners\/paulino-brilhante-santos\/\" \/>\n<meta property=\"og:site_name\" content=\"Valadas Coriel &amp; Associados\" \/>\n<meta property=\"article:modified_time\" content=\"2013-05-13T10:31:41+00:00\" \/>\n<meta property=\"og:image\" content=\"http:\/\/www.valadascoriel.com\/wp-content\/uploads\/2013\/04\/2-PBS-300x300.jpg\" \/>\n<meta name=\"twitter:label1\" content=\"Est. reading time\" \/>\n\t<meta name=\"twitter:data1\" content=\"2 minutes\" \/>\n<script type=\"application\/ld+json\" class=\"yoast-schema-graph\">{\"@context\":\"https:\/\/schema.org\",\"@graph\":[{\"@type\":\"WebPage\",\"@id\":\"https:\/\/vca2022.valadascoriel.com\/en\/team\/partners\/paulino-brilhante-santos\/\",\"url\":\"https:\/\/vca2022.valadascoriel.com\/en\/team\/partners\/paulino-brilhante-santos\/\",\"name\":\"Paulino Brilhante Santos - Valadas Coriel &amp; Associados\",\"isPartOf\":{\"@id\":\"https:\/\/vca2022.valadascoriel.com\/#website\"},\"datePublished\":\"2013-04-30T16:39:40+00:00\",\"dateModified\":\"2013-05-13T10:31:41+00:00\",\"breadcrumb\":{\"@id\":\"https:\/\/vca2022.valadascoriel.com\/en\/team\/partners\/paulino-brilhante-santos\/#breadcrumb\"},\"inLanguage\":\"en-US\",\"potentialAction\":[{\"@type\":\"ReadAction\",\"target\":[\"https:\/\/vca2022.valadascoriel.com\/en\/team\/partners\/paulino-brilhante-santos\/\"]}]},{\"@type\":\"BreadcrumbList\",\"@id\":\"https:\/\/vca2022.valadascoriel.com\/en\/team\/partners\/paulino-brilhante-santos\/#breadcrumb\",\"itemListElement\":[{\"@type\":\"ListItem\",\"position\":1,\"name\":\"Home\",\"item\":\"https:\/\/vca2022.valadascoriel.com\/en\/\"},{\"@type\":\"ListItem\",\"position\":2,\"name\":\"Team\",\"item\":\"https:\/\/vca2022.valadascoriel.com\/en\/team\/\"},{\"@type\":\"ListItem\",\"position\":3,\"name\":\"Partners\",\"item\":\"https:\/\/vca2022.valadascoriel.com\/en\/team\/partners\/\"},{\"@type\":\"ListItem\",\"position\":4,\"name\":\"Paulino Brilhante Santos\"}]},{\"@type\":\"WebSite\",\"@id\":\"https:\/\/vca2022.valadascoriel.com\/#website\",\"url\":\"https:\/\/vca2022.valadascoriel.com\/\",\"name\":\"Valadas Coriel &amp; Associados\",\"description\":\"Sociedade de Advogados RL\",\"potentialAction\":[{\"@type\":\"SearchAction\",\"target\":{\"@type\":\"EntryPoint\",\"urlTemplate\":\"https:\/\/vca2022.valadascoriel.com\/?s={search_term_string}\"},\"query-input\":\"required name=search_term_string\"}],\"inLanguage\":\"en-US\"}]}<\/script>\n<!-- \/ Yoast SEO plugin. -->","yoast_head_json":{"title":"Paulino Brilhante Santos - Valadas Coriel &amp; Associados","robots":{"index":"index","follow":"follow","max-snippet":"max-snippet:-1","max-image-preview":"max-image-preview:large","max-video-preview":"max-video-preview:-1"},"canonical":"https:\/\/vca2022.valadascoriel.com\/en\/team\/partners\/paulino-brilhante-santos\/","og_locale":"en_US","og_type":"article","og_title":"Paulino Brilhante Santos - Valadas Coriel &amp; Associados","og_description":"[one_third][\/one_third] [two_third_last] Paulino Brilhante Santos Paulino Brilhante Santos is a partner of VCA since 2011 and he coordinates Tax, Economic Regulation and International Projects Department of VCA (which includes Tax, Economic Regulation, Energy and Projects areas). Paulino has an extensive experience on national and international legal and tax advice. He worked in areas of energy [&hellip;]","og_url":"https:\/\/vca2022.valadascoriel.com\/en\/team\/partners\/paulino-brilhante-santos\/","og_site_name":"Valadas Coriel &amp; Associados","article_modified_time":"2013-05-13T10:31:41+00:00","og_image":[{"url":"http:\/\/www.valadascoriel.com\/wp-content\/uploads\/2013\/04\/2-PBS-300x300.jpg"}],"twitter_misc":{"Est. reading time":"2 minutes"},"schema":{"@context":"https:\/\/schema.org","@graph":[{"@type":"WebPage","@id":"https:\/\/vca2022.valadascoriel.com\/en\/team\/partners\/paulino-brilhante-santos\/","url":"https:\/\/vca2022.valadascoriel.com\/en\/team\/partners\/paulino-brilhante-santos\/","name":"Paulino Brilhante Santos - Valadas Coriel &amp; Associados","isPartOf":{"@id":"https:\/\/vca2022.valadascoriel.com\/#website"},"datePublished":"2013-04-30T16:39:40+00:00","dateModified":"2013-05-13T10:31:41+00:00","breadcrumb":{"@id":"https:\/\/vca2022.valadascoriel.com\/en\/team\/partners\/paulino-brilhante-santos\/#breadcrumb"},"inLanguage":"en-US","potentialAction":[{"@type":"ReadAction","target":["https:\/\/vca2022.valadascoriel.com\/en\/team\/partners\/paulino-brilhante-santos\/"]}]},{"@type":"BreadcrumbList","@id":"https:\/\/vca2022.valadascoriel.com\/en\/team\/partners\/paulino-brilhante-santos\/#breadcrumb","itemListElement":[{"@type":"ListItem","position":1,"name":"Home","item":"https:\/\/vca2022.valadascoriel.com\/en\/"},{"@type":"ListItem","position":2,"name":"Team","item":"https:\/\/vca2022.valadascoriel.com\/en\/team\/"},{"@type":"ListItem","position":3,"name":"Partners","item":"https:\/\/vca2022.valadascoriel.com\/en\/team\/partners\/"},{"@type":"ListItem","position":4,"name":"Paulino Brilhante Santos"}]},{"@type":"WebSite","@id":"https:\/\/vca2022.valadascoriel.com\/#website","url":"https:\/\/vca2022.valadascoriel.com\/","name":"Valadas Coriel &amp; Associados","description":"Sociedade de Advogados RL","potentialAction":[{"@type":"SearchAction","target":{"@type":"EntryPoint","urlTemplate":"https:\/\/vca2022.valadascoriel.com\/?s={search_term_string}"},"query-input":"required name=search_term_string"}],"inLanguage":"en-US"}]}},"_links":{"self":[{"href":"https:\/\/vca2022.valadascoriel.com\/en\/wp-json\/wp\/v2\/pages\/605"}],"collection":[{"href":"https:\/\/vca2022.valadascoriel.com\/en\/wp-json\/wp\/v2\/pages"}],"about":[{"href":"https:\/\/vca2022.valadascoriel.com\/en\/wp-json\/wp\/v2\/types\/page"}],"author":[{"embeddable":true,"href":"https:\/\/vca2022.valadascoriel.com\/en\/wp-json\/wp\/v2\/users\/1"}],"replies":[{"embeddable":true,"href":"https:\/\/vca2022.valadascoriel.com\/en\/wp-json\/wp\/v2\/comments?post=605"}],"version-history":[{"count":7,"href":"https:\/\/vca2022.valadascoriel.com\/en\/wp-json\/wp\/v2\/pages\/605\/revisions"}],"predecessor-version":[{"id":953,"href":"https:\/\/vca2022.valadascoriel.com\/en\/wp-json\/wp\/v2\/pages\/605\/revisions\/953"}],"up":[{"embeddable":true,"href":"https:\/\/vca2022.valadascoriel.com\/en\/wp-json\/wp\/v2\/pages\/596"}],"wp:attachment":[{"href":"https:\/\/vca2022.valadascoriel.com\/en\/wp-json\/wp\/v2\/media?parent=605"}],"curies":[{"name":"wp","href":"https:\/\/api.w.org\/{rel}","templated":true}]}}