{"id":2041,"date":"2015-04-24T14:43:40","date_gmt":"2015-04-24T14:43:40","guid":{"rendered":"http:\/\/www.valadascoriel.com\/?page_id=2041"},"modified":"2016-06-29T11:49:43","modified_gmt":"2016-06-29T11:49:43","slug":"sofia-quental","status":"publish","type":"page","link":"https:\/\/vca2022.valadascoriel.com\/en\/team\/associates\/sofia-quental\/","title":{"rendered":"Sofia Quental"},"content":{"rendered":"<p>[one_third]<\/p>\n<p><a href=\"http:\/\/www.valadascoriel.com\/wp-content\/uploads\/2013\/04\/default-woman.jpg\"><img decoding=\"async\" loading=\"lazy\" class=\"alignnone wp-image-378 size-full\" src=\"http:\/\/www.valadascoriel.com\/wp-content\/uploads\/2013\/04\/default-woman.jpg\" alt=\"Valadas Coriel &amp; Associados\" width=\"300\" height=\"300\" srcset=\"https:\/\/vca2022.valadascoriel.com\/wp-content\/uploads\/2013\/04\/default-woman.jpg 300w, https:\/\/vca2022.valadascoriel.com\/wp-content\/uploads\/2013\/04\/default-woman-150x150.jpg 150w\" sizes=\"(max-width: 300px) 100vw, 300px\" \/><\/a><\/p>\n<p>[\/one_third]<\/p>\n<p>[two_third_last]<\/p>\n<h1>Sofia Quental<\/h1>\n<p>Sofia Quental collaborates with VCA since January 2015 and she is currently Senior Associate of the Tax Department.<\/p>\n<p>Between 1999 and 2009, she was tax consultant at PricewaterhouseCoopers (PwC) where she acquired specific abilities in the tax disputes and procedures, tax planning, contingency and opportunities diagnostics areas, IVA e IEC\u00b4s matters for clients both national and international. In 2001 and 2002 she was tax consultant at PwC in Dublin, where she developed products for tax counsel and international groups, and in 2002 and 2003 she was tax consultant at PwC in Madrid, where she developed tax planning and counsel in matters of IVA and IRC for international groups. In 2010 she founded the \u201cAssocia\u00e7\u00e3o de Defesa das Crian\u00e7as e Jovens em Risco \u2013 ADCJR\u201d, in which she is President. She worked in &#8220;Silva e Sousa &amp; Associados&#8221; between 2012 and 2014 in the area of Tax and Family and Minors Law.<\/p>\n<h3>Practice Areas<\/h3>\n<p>Litigation and Arbitration tax. National and international tax advice, contingency and opportunities diagnostics areas.<\/p>\n<p>&nbsp;<\/p>\n<h3>Education<\/h3>\n<p>Degree in Law at the \u201cUniversidade Lus\u00edada de Lisboa\u201d (1999) and postgraduate in Tax Law at the \u201cInstituto Superior de Gest\u00e3o en Lisboa\u201d (2000).<\/p>\n<h3>Professional Associations<\/h3>\n<p>Portuguese Bar Association (admitted in 2005). Portuguese Tax Association.<\/p>\n<h3>Languages<\/h3>\n<p>Portuguese, English and Spanish<\/p>\n<h3>Contacts<\/h3>\n<p><a href=\"mailto:sofia.quental@valadascoriel.com\">sofia.quental@valadascoriel.com<\/a><\/p>\n<p>[\/two_third_last]<\/p>\n","protected":false},"excerpt":{"rendered":"<p>[one_third] [\/one_third] [two_third_last] Sofia Quental Sofia Quental collaborates with VCA since January 2015 and she is currently Senior Associate of the Tax Department. Between 1999 and 2009, she was tax consultant at PricewaterhouseCoopers (PwC) where she acquired specific abilities in the tax disputes and procedures, tax planning, contingency and opportunities diagnostics areas, IVA e IEC\u00b4s [&hellip;]<\/p>\n","protected":false},"author":6,"featured_media":0,"parent":607,"menu_order":0,"comment_status":"closed","ping_status":"closed","template":"","meta":[],"yoast_head":"<!-- This site is optimized with the Yoast SEO plugin v20.10 - https:\/\/yoast.com\/wordpress\/plugins\/seo\/ -->\n<title>Sofia Quental - Valadas Coriel &amp; Associados<\/title>\n<meta name=\"robots\" content=\"index, follow, max-snippet:-1, max-image-preview:large, max-video-preview:-1\" \/>\n<link rel=\"canonical\" href=\"https:\/\/vca2022.valadascoriel.com\/en\/team\/associates\/sofia-quental\/\" \/>\n<meta property=\"og:locale\" content=\"en_US\" \/>\n<meta property=\"og:type\" content=\"article\" \/>\n<meta property=\"og:title\" content=\"Sofia Quental - Valadas Coriel &amp; Associados\" \/>\n<meta property=\"og:description\" content=\"[one_third] [\/one_third] [two_third_last] Sofia Quental Sofia Quental collaborates with VCA since January 2015 and she is currently Senior Associate of the Tax Department. Between 1999 and 2009, she was tax consultant at PricewaterhouseCoopers (PwC) where she acquired specific abilities in the tax disputes and procedures, tax planning, contingency and opportunities diagnostics areas, IVA e IEC\u00b4s [&hellip;]\" \/>\n<meta property=\"og:url\" content=\"https:\/\/vca2022.valadascoriel.com\/en\/team\/associates\/sofia-quental\/\" \/>\n<meta property=\"og:site_name\" content=\"Valadas Coriel &amp; Associados\" \/>\n<meta property=\"article:modified_time\" content=\"2016-06-29T11:49:43+00:00\" \/>\n<meta property=\"og:image\" content=\"http:\/\/www.valadascoriel.com\/wp-content\/uploads\/2013\/04\/default-woman.jpg\" \/>\n<meta name=\"twitter:label1\" content=\"Est. reading time\" \/>\n\t<meta name=\"twitter:data1\" content=\"1 minute\" \/>\n<script type=\"application\/ld+json\" class=\"yoast-schema-graph\">{\"@context\":\"https:\/\/schema.org\",\"@graph\":[{\"@type\":\"WebPage\",\"@id\":\"https:\/\/vca2022.valadascoriel.com\/en\/team\/associates\/sofia-quental\/\",\"url\":\"https:\/\/vca2022.valadascoriel.com\/en\/team\/associates\/sofia-quental\/\",\"name\":\"Sofia Quental - Valadas Coriel &amp; Associados\",\"isPartOf\":{\"@id\":\"https:\/\/vca2022.valadascoriel.com\/#website\"},\"datePublished\":\"2015-04-24T14:43:40+00:00\",\"dateModified\":\"2016-06-29T11:49:43+00:00\",\"breadcrumb\":{\"@id\":\"https:\/\/vca2022.valadascoriel.com\/en\/team\/associates\/sofia-quental\/#breadcrumb\"},\"inLanguage\":\"en-US\",\"potentialAction\":[{\"@type\":\"ReadAction\",\"target\":[\"https:\/\/vca2022.valadascoriel.com\/en\/team\/associates\/sofia-quental\/\"]}]},{\"@type\":\"BreadcrumbList\",\"@id\":\"https:\/\/vca2022.valadascoriel.com\/en\/team\/associates\/sofia-quental\/#breadcrumb\",\"itemListElement\":[{\"@type\":\"ListItem\",\"position\":1,\"name\":\"Home\",\"item\":\"https:\/\/vca2022.valadascoriel.com\/en\/\"},{\"@type\":\"ListItem\",\"position\":2,\"name\":\"Team\",\"item\":\"https:\/\/vca2022.valadascoriel.com\/en\/team\/\"},{\"@type\":\"ListItem\",\"position\":3,\"name\":\"Associates\",\"item\":\"https:\/\/vca2022.valadascoriel.com\/en\/team\/associates\/\"},{\"@type\":\"ListItem\",\"position\":4,\"name\":\"Sofia Quental\"}]},{\"@type\":\"WebSite\",\"@id\":\"https:\/\/vca2022.valadascoriel.com\/#website\",\"url\":\"https:\/\/vca2022.valadascoriel.com\/\",\"name\":\"Valadas Coriel &amp; Associados\",\"description\":\"Sociedade de Advogados RL\",\"potentialAction\":[{\"@type\":\"SearchAction\",\"target\":{\"@type\":\"EntryPoint\",\"urlTemplate\":\"https:\/\/vca2022.valadascoriel.com\/?s={search_term_string}\"},\"query-input\":\"required name=search_term_string\"}],\"inLanguage\":\"en-US\"}]}<\/script>\n<!-- \/ Yoast SEO plugin. -->","yoast_head_json":{"title":"Sofia Quental - Valadas Coriel &amp; Associados","robots":{"index":"index","follow":"follow","max-snippet":"max-snippet:-1","max-image-preview":"max-image-preview:large","max-video-preview":"max-video-preview:-1"},"canonical":"https:\/\/vca2022.valadascoriel.com\/en\/team\/associates\/sofia-quental\/","og_locale":"en_US","og_type":"article","og_title":"Sofia Quental - Valadas Coriel &amp; Associados","og_description":"[one_third] [\/one_third] [two_third_last] Sofia Quental Sofia Quental collaborates with VCA since January 2015 and she is currently Senior Associate of the Tax Department. Between 1999 and 2009, she was tax consultant at PricewaterhouseCoopers (PwC) where she acquired specific abilities in the tax disputes and procedures, tax planning, contingency and opportunities diagnostics areas, IVA e IEC\u00b4s [&hellip;]","og_url":"https:\/\/vca2022.valadascoriel.com\/en\/team\/associates\/sofia-quental\/","og_site_name":"Valadas Coriel &amp; Associados","article_modified_time":"2016-06-29T11:49:43+00:00","og_image":[{"url":"http:\/\/www.valadascoriel.com\/wp-content\/uploads\/2013\/04\/default-woman.jpg"}],"twitter_misc":{"Est. reading time":"1 minute"},"schema":{"@context":"https:\/\/schema.org","@graph":[{"@type":"WebPage","@id":"https:\/\/vca2022.valadascoriel.com\/en\/team\/associates\/sofia-quental\/","url":"https:\/\/vca2022.valadascoriel.com\/en\/team\/associates\/sofia-quental\/","name":"Sofia Quental - Valadas Coriel &amp; Associados","isPartOf":{"@id":"https:\/\/vca2022.valadascoriel.com\/#website"},"datePublished":"2015-04-24T14:43:40+00:00","dateModified":"2016-06-29T11:49:43+00:00","breadcrumb":{"@id":"https:\/\/vca2022.valadascoriel.com\/en\/team\/associates\/sofia-quental\/#breadcrumb"},"inLanguage":"en-US","potentialAction":[{"@type":"ReadAction","target":["https:\/\/vca2022.valadascoriel.com\/en\/team\/associates\/sofia-quental\/"]}]},{"@type":"BreadcrumbList","@id":"https:\/\/vca2022.valadascoriel.com\/en\/team\/associates\/sofia-quental\/#breadcrumb","itemListElement":[{"@type":"ListItem","position":1,"name":"Home","item":"https:\/\/vca2022.valadascoriel.com\/en\/"},{"@type":"ListItem","position":2,"name":"Team","item":"https:\/\/vca2022.valadascoriel.com\/en\/team\/"},{"@type":"ListItem","position":3,"name":"Associates","item":"https:\/\/vca2022.valadascoriel.com\/en\/team\/associates\/"},{"@type":"ListItem","position":4,"name":"Sofia Quental"}]},{"@type":"WebSite","@id":"https:\/\/vca2022.valadascoriel.com\/#website","url":"https:\/\/vca2022.valadascoriel.com\/","name":"Valadas Coriel &amp; Associados","description":"Sociedade de Advogados RL","potentialAction":[{"@type":"SearchAction","target":{"@type":"EntryPoint","urlTemplate":"https:\/\/vca2022.valadascoriel.com\/?s={search_term_string}"},"query-input":"required name=search_term_string"}],"inLanguage":"en-US"}]}},"_links":{"self":[{"href":"https:\/\/vca2022.valadascoriel.com\/en\/wp-json\/wp\/v2\/pages\/2041"}],"collection":[{"href":"https:\/\/vca2022.valadascoriel.com\/en\/wp-json\/wp\/v2\/pages"}],"about":[{"href":"https:\/\/vca2022.valadascoriel.com\/en\/wp-json\/wp\/v2\/types\/page"}],"author":[{"embeddable":true,"href":"https:\/\/vca2022.valadascoriel.com\/en\/wp-json\/wp\/v2\/users\/6"}],"replies":[{"embeddable":true,"href":"https:\/\/vca2022.valadascoriel.com\/en\/wp-json\/wp\/v2\/comments?post=2041"}],"version-history":[{"count":4,"href":"https:\/\/vca2022.valadascoriel.com\/en\/wp-json\/wp\/v2\/pages\/2041\/revisions"}],"predecessor-version":[{"id":2400,"href":"https:\/\/vca2022.valadascoriel.com\/en\/wp-json\/wp\/v2\/pages\/2041\/revisions\/2400"}],"up":[{"embeddable":true,"href":"https:\/\/vca2022.valadascoriel.com\/en\/wp-json\/wp\/v2\/pages\/607"}],"wp:attachment":[{"href":"https:\/\/vca2022.valadascoriel.com\/en\/wp-json\/wp\/v2\/media?parent=2041"}],"curies":[{"name":"wp","href":"https:\/\/api.w.org\/{rel}","templated":true}]}}