{"id":1766,"date":"2014-11-06T11:59:11","date_gmt":"2014-11-06T11:59:11","guid":{"rendered":"http:\/\/www.valadascoriel.com\/?page_id=1766"},"modified":"2014-11-06T11:59:11","modified_gmt":"2014-11-06T11:59:11","slug":"ana-catarina-monteiro","status":"publish","type":"page","link":"https:\/\/vca2022.valadascoriel.com\/en\/team\/management-and-administration\/ana-catarina-monteiro\/","title":{"rendered":"Ana Catarina Monteiro"},"content":{"rendered":"<p>[one_third]<img decoding=\"async\" loading=\"lazy\" class=\"alignnone wp-image-1512 size-medium\" src=\"http:\/\/www.valadascoriel.com\/wp-content\/uploads\/2013\/04\/Cat-2-300x300.jpg\" alt=\"\" width=\"300\" height=\"300\" srcset=\"https:\/\/vca2022.valadascoriel.com\/wp-content\/uploads\/2013\/04\/Cat-2-300x300.jpg 300w, https:\/\/vca2022.valadascoriel.com\/wp-content\/uploads\/2013\/04\/Cat-2-150x150.jpg 150w, https:\/\/vca2022.valadascoriel.com\/wp-content\/uploads\/2013\/04\/Cat-2-520x520.jpg 520w, https:\/\/vca2022.valadascoriel.com\/wp-content\/uploads\/2013\/04\/Cat-2.jpg 2000w\" sizes=\"(max-width: 300px) 100vw, 300px\" \/>[\/one_third]<\/p>\n<p>[two_third_last]<\/p>\n<h1>Ana Catarina Monteiro<\/h1>\n<p>Ana Catarina Monteiro collaborates with VCA since 2013, as Administrative Assistant to the Financial Department.<\/p>\n<p>Office Manager and PA to Cameira Law Firm, Portuguese Law Firm based in London, from 2001 to 2008; \u00a0Executive Assistant at Farinhas Branca de Neve and Raul Cesar Ferreira Herd. SA from 2008 to 2010; Newage Consulting Financial Department, from 2010 to 2011.<\/p>\n<h3>Education<\/h3>\n<p>Translators and Interpreters Licentiate Degree (English\/German), at Universade Aut\u00f3noma de Lisboa, UAL, Lisbon, Portugal.<\/p>\n<p>Primary and Middle School at Col\u00e9gio de S\u00e3o Jos\u00e9, Restelo.<\/p>\n<h3>Languages<\/h3>\n<p>Portuguese, English, French and German.<\/p>\n<h3>Contacts<\/h3>\n<p><a href=\"mailto:catarina.monteiro@valadascoriel.com\">catarina.monteiro@valadascoriel.com<\/a><\/p>\n<p>[\/two_third_last]<\/p>\n","protected":false},"excerpt":{"rendered":"<p>[one_third][\/one_third] [two_third_last] Ana Catarina Monteiro Ana Catarina Monteiro collaborates with VCA since 2013, as Administrative Assistant to the Financial Department. Office Manager and PA to Cameira Law Firm, Portuguese Law Firm based in London, from 2001 to 2008; \u00a0Executive Assistant at Farinhas Branca de Neve and Raul Cesar Ferreira Herd. SA from 2008 to 2010; [&hellip;]<\/p>\n","protected":false},"author":1,"featured_media":0,"parent":679,"menu_order":0,"comment_status":"closed","ping_status":"closed","template":"","meta":[],"yoast_head":"<!-- This site is optimized with the Yoast SEO plugin v20.10 - https:\/\/yoast.com\/wordpress\/plugins\/seo\/ -->\n<title>Ana Catarina Monteiro - Valadas Coriel &amp; Associados<\/title>\n<meta name=\"robots\" content=\"index, follow, max-snippet:-1, max-image-preview:large, max-video-preview:-1\" \/>\n<link rel=\"canonical\" href=\"https:\/\/vca2022.valadascoriel.com\/en\/team\/management-and-administration\/ana-catarina-monteiro\/\" \/>\n<meta property=\"og:locale\" content=\"en_US\" \/>\n<meta property=\"og:type\" content=\"article\" \/>\n<meta property=\"og:title\" content=\"Ana Catarina Monteiro - Valadas Coriel &amp; Associados\" \/>\n<meta property=\"og:description\" content=\"[one_third][\/one_third] [two_third_last] Ana Catarina Monteiro Ana Catarina Monteiro collaborates with VCA since 2013, as Administrative Assistant to the Financial Department. Office Manager and PA to Cameira Law Firm, Portuguese Law Firm based in London, from 2001 to 2008; \u00a0Executive Assistant at Farinhas Branca de Neve and Raul Cesar Ferreira Herd. SA from 2008 to 2010; [&hellip;]\" \/>\n<meta property=\"og:url\" content=\"https:\/\/vca2022.valadascoriel.com\/en\/team\/management-and-administration\/ana-catarina-monteiro\/\" \/>\n<meta property=\"og:site_name\" content=\"Valadas Coriel &amp; Associados\" \/>\n<meta property=\"og:image\" content=\"http:\/\/www.valadascoriel.com\/wp-content\/uploads\/2013\/04\/Cat-2-300x300.jpg\" \/>\n<meta name=\"twitter:label1\" content=\"Est. reading time\" \/>\n\t<meta name=\"twitter:data1\" content=\"1 minute\" \/>\n<script type=\"application\/ld+json\" class=\"yoast-schema-graph\">{\"@context\":\"https:\/\/schema.org\",\"@graph\":[{\"@type\":\"WebPage\",\"@id\":\"https:\/\/vca2022.valadascoriel.com\/en\/team\/management-and-administration\/ana-catarina-monteiro\/\",\"url\":\"https:\/\/vca2022.valadascoriel.com\/en\/team\/management-and-administration\/ana-catarina-monteiro\/\",\"name\":\"Ana Catarina Monteiro - Valadas Coriel &amp; Associados\",\"isPartOf\":{\"@id\":\"https:\/\/vca2022.valadascoriel.com\/#website\"},\"datePublished\":\"2014-11-06T11:59:11+00:00\",\"dateModified\":\"2014-11-06T11:59:11+00:00\",\"breadcrumb\":{\"@id\":\"https:\/\/vca2022.valadascoriel.com\/en\/team\/management-and-administration\/ana-catarina-monteiro\/#breadcrumb\"},\"inLanguage\":\"en-US\",\"potentialAction\":[{\"@type\":\"ReadAction\",\"target\":[\"https:\/\/vca2022.valadascoriel.com\/en\/team\/management-and-administration\/ana-catarina-monteiro\/\"]}]},{\"@type\":\"BreadcrumbList\",\"@id\":\"https:\/\/vca2022.valadascoriel.com\/en\/team\/management-and-administration\/ana-catarina-monteiro\/#breadcrumb\",\"itemListElement\":[{\"@type\":\"ListItem\",\"position\":1,\"name\":\"Home\",\"item\":\"https:\/\/vca2022.valadascoriel.com\/en\/\"},{\"@type\":\"ListItem\",\"position\":2,\"name\":\"Team\",\"item\":\"https:\/\/vca2022.valadascoriel.com\/en\/team\/\"},{\"@type\":\"ListItem\",\"position\":3,\"name\":\"Management and Administration\",\"item\":\"https:\/\/vca2022.valadascoriel.com\/en\/team\/management-and-administration\/\"},{\"@type\":\"ListItem\",\"position\":4,\"name\":\"Ana Catarina Monteiro\"}]},{\"@type\":\"WebSite\",\"@id\":\"https:\/\/vca2022.valadascoriel.com\/#website\",\"url\":\"https:\/\/vca2022.valadascoriel.com\/\",\"name\":\"Valadas Coriel &amp; Associados\",\"description\":\"Sociedade de Advogados RL\",\"potentialAction\":[{\"@type\":\"SearchAction\",\"target\":{\"@type\":\"EntryPoint\",\"urlTemplate\":\"https:\/\/vca2022.valadascoriel.com\/?s={search_term_string}\"},\"query-input\":\"required name=search_term_string\"}],\"inLanguage\":\"en-US\"}]}<\/script>\n<!-- \/ Yoast SEO plugin. -->","yoast_head_json":{"title":"Ana Catarina Monteiro - Valadas Coriel &amp; Associados","robots":{"index":"index","follow":"follow","max-snippet":"max-snippet:-1","max-image-preview":"max-image-preview:large","max-video-preview":"max-video-preview:-1"},"canonical":"https:\/\/vca2022.valadascoriel.com\/en\/team\/management-and-administration\/ana-catarina-monteiro\/","og_locale":"en_US","og_type":"article","og_title":"Ana Catarina Monteiro - Valadas Coriel &amp; Associados","og_description":"[one_third][\/one_third] [two_third_last] Ana Catarina Monteiro Ana Catarina Monteiro collaborates with VCA since 2013, as Administrative Assistant to the Financial Department. Office Manager and PA to Cameira Law Firm, Portuguese Law Firm based in London, from 2001 to 2008; \u00a0Executive Assistant at Farinhas Branca de Neve and Raul Cesar Ferreira Herd. SA from 2008 to 2010; [&hellip;]","og_url":"https:\/\/vca2022.valadascoriel.com\/en\/team\/management-and-administration\/ana-catarina-monteiro\/","og_site_name":"Valadas Coriel &amp; Associados","og_image":[{"url":"http:\/\/www.valadascoriel.com\/wp-content\/uploads\/2013\/04\/Cat-2-300x300.jpg"}],"twitter_misc":{"Est. reading time":"1 minute"},"schema":{"@context":"https:\/\/schema.org","@graph":[{"@type":"WebPage","@id":"https:\/\/vca2022.valadascoriel.com\/en\/team\/management-and-administration\/ana-catarina-monteiro\/","url":"https:\/\/vca2022.valadascoriel.com\/en\/team\/management-and-administration\/ana-catarina-monteiro\/","name":"Ana Catarina Monteiro - Valadas Coriel &amp; Associados","isPartOf":{"@id":"https:\/\/vca2022.valadascoriel.com\/#website"},"datePublished":"2014-11-06T11:59:11+00:00","dateModified":"2014-11-06T11:59:11+00:00","breadcrumb":{"@id":"https:\/\/vca2022.valadascoriel.com\/en\/team\/management-and-administration\/ana-catarina-monteiro\/#breadcrumb"},"inLanguage":"en-US","potentialAction":[{"@type":"ReadAction","target":["https:\/\/vca2022.valadascoriel.com\/en\/team\/management-and-administration\/ana-catarina-monteiro\/"]}]},{"@type":"BreadcrumbList","@id":"https:\/\/vca2022.valadascoriel.com\/en\/team\/management-and-administration\/ana-catarina-monteiro\/#breadcrumb","itemListElement":[{"@type":"ListItem","position":1,"name":"Home","item":"https:\/\/vca2022.valadascoriel.com\/en\/"},{"@type":"ListItem","position":2,"name":"Team","item":"https:\/\/vca2022.valadascoriel.com\/en\/team\/"},{"@type":"ListItem","position":3,"name":"Management and Administration","item":"https:\/\/vca2022.valadascoriel.com\/en\/team\/management-and-administration\/"},{"@type":"ListItem","position":4,"name":"Ana Catarina Monteiro"}]},{"@type":"WebSite","@id":"https:\/\/vca2022.valadascoriel.com\/#website","url":"https:\/\/vca2022.valadascoriel.com\/","name":"Valadas Coriel &amp; Associados","description":"Sociedade de Advogados RL","potentialAction":[{"@type":"SearchAction","target":{"@type":"EntryPoint","urlTemplate":"https:\/\/vca2022.valadascoriel.com\/?s={search_term_string}"},"query-input":"required name=search_term_string"}],"inLanguage":"en-US"}]}},"_links":{"self":[{"href":"https:\/\/vca2022.valadascoriel.com\/en\/wp-json\/wp\/v2\/pages\/1766"}],"collection":[{"href":"https:\/\/vca2022.valadascoriel.com\/en\/wp-json\/wp\/v2\/pages"}],"about":[{"href":"https:\/\/vca2022.valadascoriel.com\/en\/wp-json\/wp\/v2\/types\/page"}],"author":[{"embeddable":true,"href":"https:\/\/vca2022.valadascoriel.com\/en\/wp-json\/wp\/v2\/users\/1"}],"replies":[{"embeddable":true,"href":"https:\/\/vca2022.valadascoriel.com\/en\/wp-json\/wp\/v2\/comments?post=1766"}],"version-history":[{"count":1,"href":"https:\/\/vca2022.valadascoriel.com\/en\/wp-json\/wp\/v2\/pages\/1766\/revisions"}],"predecessor-version":[{"id":1767,"href":"https:\/\/vca2022.valadascoriel.com\/en\/wp-json\/wp\/v2\/pages\/1766\/revisions\/1767"}],"up":[{"embeddable":true,"href":"https:\/\/vca2022.valadascoriel.com\/en\/wp-json\/wp\/v2\/pages\/679"}],"wp:attachment":[{"href":"https:\/\/vca2022.valadascoriel.com\/en\/wp-json\/wp\/v2\/media?parent=1766"}],"curies":[{"name":"wp","href":"https:\/\/api.w.org\/{rel}","templated":true}]}}