{"id":1751,"date":"2014-11-06T11:33:47","date_gmt":"2014-11-06T11:33:47","guid":{"rendered":"http:\/\/www.valadascoriel.com\/?page_id=1751"},"modified":"2014-11-19T17:21:29","modified_gmt":"2014-11-19T17:21:29","slug":"duarte-jardine","status":"publish","type":"page","link":"https:\/\/vca2022.valadascoriel.com\/en\/team\/consultants\/duarte-jardine\/","title":{"rendered":"Duarte Jardine"},"content":{"rendered":"<p>[one_third]<a href=\"http:\/\/www.valadascoriel.com\/wp-content\/uploads\/2013\/04\/DJ.jpg\"><img decoding=\"async\" loading=\"lazy\" src=\"http:\/\/www.valadascoriel.com\/wp-content\/uploads\/2013\/04\/DJ-300x300.jpg\" alt=\"DJ\" width=\"300\" height=\"300\" \/><\/a>[\/one_third]<\/p>\n<p>[two_third_last]<\/p>\n<h1>Duarte Jardine<\/h1>\n<p>Duarte Jardine collaborates with VCA since 2012 as Consultant and Business Developer .<\/p>\n<p>Started his professional career at CB Richard Ellis where he was Asset Management \u00a0Director for 12 years, followed was Patrimony \u00a0Administrator of the Santa Casa da Misericordia de\u00a0 Lisboa \u00a0and in recent years as Expansion Director of the Jer\u00f3nimo Martins Restaura\u00e7\u00e3o e Servi\u00e7os.<\/p>\n<h3><strong>Education<\/strong><\/h3>\n<p>Degree in Political Science (Universidade Lus\u00edada). Executive Master in Finance ( ISCTE)<\/p>\n<h3><strong>Languages<\/strong><\/h3>\n<p>Portuguese, English, Spanish and French.<\/p>\n<h3>Contacts<\/h3>\n<p><a href=\"mailto:duarte.jardine@valadascoriel.com\">duarte.jardine@valadascoriel.com<\/a><\/p>\n<p>[\/two_third_last]<\/p>\n","protected":false},"excerpt":{"rendered":"<p>[one_third][\/one_third] [two_third_last] Duarte Jardine Duarte Jardine collaborates with VCA since 2012 as Consultant and Business Developer . Started his professional career at CB Richard Ellis where he was Asset Management \u00a0Director for 12 years, followed was Patrimony \u00a0Administrator of the Santa Casa da Misericordia de\u00a0 Lisboa \u00a0and in recent years as Expansion Director of the [&hellip;]<\/p>\n","protected":false},"author":1,"featured_media":0,"parent":670,"menu_order":0,"comment_status":"closed","ping_status":"closed","template":"","meta":[],"yoast_head":"<!-- This site is optimized with the Yoast SEO plugin v20.10 - https:\/\/yoast.com\/wordpress\/plugins\/seo\/ -->\n<title>Duarte Jardine - Valadas Coriel &amp; Associados<\/title>\n<meta name=\"robots\" content=\"index, follow, max-snippet:-1, max-image-preview:large, max-video-preview:-1\" \/>\n<link rel=\"canonical\" href=\"https:\/\/vca2022.valadascoriel.com\/en\/team\/consultants\/duarte-jardine\/\" \/>\n<meta property=\"og:locale\" content=\"en_US\" \/>\n<meta property=\"og:type\" content=\"article\" \/>\n<meta property=\"og:title\" content=\"Duarte Jardine - Valadas Coriel &amp; Associados\" \/>\n<meta property=\"og:description\" content=\"[one_third][\/one_third] [two_third_last] Duarte Jardine Duarte Jardine collaborates with VCA since 2012 as Consultant and Business Developer . Started his professional career at CB Richard Ellis where he was Asset Management \u00a0Director for 12 years, followed was Patrimony \u00a0Administrator of the Santa Casa da Misericordia de\u00a0 Lisboa \u00a0and in recent years as Expansion Director of the [&hellip;]\" \/>\n<meta property=\"og:url\" content=\"https:\/\/vca2022.valadascoriel.com\/en\/team\/consultants\/duarte-jardine\/\" \/>\n<meta property=\"og:site_name\" content=\"Valadas Coriel &amp; Associados\" \/>\n<meta property=\"article:modified_time\" content=\"2014-11-19T17:21:29+00:00\" \/>\n<meta property=\"og:image\" content=\"http:\/\/www.valadascoriel.com\/wp-content\/uploads\/2013\/04\/DJ-300x300.jpg\" \/>\n<script type=\"application\/ld+json\" class=\"yoast-schema-graph\">{\"@context\":\"https:\/\/schema.org\",\"@graph\":[{\"@type\":\"WebPage\",\"@id\":\"https:\/\/vca2022.valadascoriel.com\/en\/team\/consultants\/duarte-jardine\/\",\"url\":\"https:\/\/vca2022.valadascoriel.com\/en\/team\/consultants\/duarte-jardine\/\",\"name\":\"Duarte Jardine - Valadas Coriel &amp; Associados\",\"isPartOf\":{\"@id\":\"https:\/\/vca2022.valadascoriel.com\/#website\"},\"datePublished\":\"2014-11-06T11:33:47+00:00\",\"dateModified\":\"2014-11-19T17:21:29+00:00\",\"breadcrumb\":{\"@id\":\"https:\/\/vca2022.valadascoriel.com\/en\/team\/consultants\/duarte-jardine\/#breadcrumb\"},\"inLanguage\":\"en-US\",\"potentialAction\":[{\"@type\":\"ReadAction\",\"target\":[\"https:\/\/vca2022.valadascoriel.com\/en\/team\/consultants\/duarte-jardine\/\"]}]},{\"@type\":\"BreadcrumbList\",\"@id\":\"https:\/\/vca2022.valadascoriel.com\/en\/team\/consultants\/duarte-jardine\/#breadcrumb\",\"itemListElement\":[{\"@type\":\"ListItem\",\"position\":1,\"name\":\"Home\",\"item\":\"https:\/\/vca2022.valadascoriel.com\/en\/\"},{\"@type\":\"ListItem\",\"position\":2,\"name\":\"Team\",\"item\":\"https:\/\/vca2022.valadascoriel.com\/en\/team\/\"},{\"@type\":\"ListItem\",\"position\":3,\"name\":\"Consultants\",\"item\":\"https:\/\/vca2022.valadascoriel.com\/en\/team\/consultants\/\"},{\"@type\":\"ListItem\",\"position\":4,\"name\":\"Duarte Jardine\"}]},{\"@type\":\"WebSite\",\"@id\":\"https:\/\/vca2022.valadascoriel.com\/#website\",\"url\":\"https:\/\/vca2022.valadascoriel.com\/\",\"name\":\"Valadas Coriel &amp; Associados\",\"description\":\"Sociedade de Advogados RL\",\"potentialAction\":[{\"@type\":\"SearchAction\",\"target\":{\"@type\":\"EntryPoint\",\"urlTemplate\":\"https:\/\/vca2022.valadascoriel.com\/?s={search_term_string}\"},\"query-input\":\"required name=search_term_string\"}],\"inLanguage\":\"en-US\"}]}<\/script>\n<!-- \/ Yoast SEO plugin. -->","yoast_head_json":{"title":"Duarte Jardine - Valadas Coriel &amp; Associados","robots":{"index":"index","follow":"follow","max-snippet":"max-snippet:-1","max-image-preview":"max-image-preview:large","max-video-preview":"max-video-preview:-1"},"canonical":"https:\/\/vca2022.valadascoriel.com\/en\/team\/consultants\/duarte-jardine\/","og_locale":"en_US","og_type":"article","og_title":"Duarte Jardine - Valadas Coriel &amp; Associados","og_description":"[one_third][\/one_third] [two_third_last] Duarte Jardine Duarte Jardine collaborates with VCA since 2012 as Consultant and Business Developer . Started his professional career at CB Richard Ellis where he was Asset Management \u00a0Director for 12 years, followed was Patrimony \u00a0Administrator of the Santa Casa da Misericordia de\u00a0 Lisboa \u00a0and in recent years as Expansion Director of the [&hellip;]","og_url":"https:\/\/vca2022.valadascoriel.com\/en\/team\/consultants\/duarte-jardine\/","og_site_name":"Valadas Coriel &amp; Associados","article_modified_time":"2014-11-19T17:21:29+00:00","og_image":[{"url":"http:\/\/www.valadascoriel.com\/wp-content\/uploads\/2013\/04\/DJ-300x300.jpg"}],"schema":{"@context":"https:\/\/schema.org","@graph":[{"@type":"WebPage","@id":"https:\/\/vca2022.valadascoriel.com\/en\/team\/consultants\/duarte-jardine\/","url":"https:\/\/vca2022.valadascoriel.com\/en\/team\/consultants\/duarte-jardine\/","name":"Duarte Jardine - Valadas Coriel &amp; Associados","isPartOf":{"@id":"https:\/\/vca2022.valadascoriel.com\/#website"},"datePublished":"2014-11-06T11:33:47+00:00","dateModified":"2014-11-19T17:21:29+00:00","breadcrumb":{"@id":"https:\/\/vca2022.valadascoriel.com\/en\/team\/consultants\/duarte-jardine\/#breadcrumb"},"inLanguage":"en-US","potentialAction":[{"@type":"ReadAction","target":["https:\/\/vca2022.valadascoriel.com\/en\/team\/consultants\/duarte-jardine\/"]}]},{"@type":"BreadcrumbList","@id":"https:\/\/vca2022.valadascoriel.com\/en\/team\/consultants\/duarte-jardine\/#breadcrumb","itemListElement":[{"@type":"ListItem","position":1,"name":"Home","item":"https:\/\/vca2022.valadascoriel.com\/en\/"},{"@type":"ListItem","position":2,"name":"Team","item":"https:\/\/vca2022.valadascoriel.com\/en\/team\/"},{"@type":"ListItem","position":3,"name":"Consultants","item":"https:\/\/vca2022.valadascoriel.com\/en\/team\/consultants\/"},{"@type":"ListItem","position":4,"name":"Duarte Jardine"}]},{"@type":"WebSite","@id":"https:\/\/vca2022.valadascoriel.com\/#website","url":"https:\/\/vca2022.valadascoriel.com\/","name":"Valadas Coriel &amp; Associados","description":"Sociedade de Advogados RL","potentialAction":[{"@type":"SearchAction","target":{"@type":"EntryPoint","urlTemplate":"https:\/\/vca2022.valadascoriel.com\/?s={search_term_string}"},"query-input":"required name=search_term_string"}],"inLanguage":"en-US"}]}},"_links":{"self":[{"href":"https:\/\/vca2022.valadascoriel.com\/en\/wp-json\/wp\/v2\/pages\/1751"}],"collection":[{"href":"https:\/\/vca2022.valadascoriel.com\/en\/wp-json\/wp\/v2\/pages"}],"about":[{"href":"https:\/\/vca2022.valadascoriel.com\/en\/wp-json\/wp\/v2\/types\/page"}],"author":[{"embeddable":true,"href":"https:\/\/vca2022.valadascoriel.com\/en\/wp-json\/wp\/v2\/users\/1"}],"replies":[{"embeddable":true,"href":"https:\/\/vca2022.valadascoriel.com\/en\/wp-json\/wp\/v2\/comments?post=1751"}],"version-history":[{"count":3,"href":"https:\/\/vca2022.valadascoriel.com\/en\/wp-json\/wp\/v2\/pages\/1751\/revisions"}],"predecessor-version":[{"id":1914,"href":"https:\/\/vca2022.valadascoriel.com\/en\/wp-json\/wp\/v2\/pages\/1751\/revisions\/1914"}],"up":[{"embeddable":true,"href":"https:\/\/vca2022.valadascoriel.com\/en\/wp-json\/wp\/v2\/pages\/670"}],"wp:attachment":[{"href":"https:\/\/vca2022.valadascoriel.com\/en\/wp-json\/wp\/v2\/media?parent=1751"}],"curies":[{"name":"wp","href":"https:\/\/api.w.org\/{rel}","templated":true}]}}